{"id":97,"date":"2022-02-11T12:33:58","date_gmt":"2022-02-11T11:33:58","guid":{"rendered":"\/2025\/impressum\/"},"modified":"2025-08-24T14:34:37","modified_gmt":"2025-08-24T12:34:37","slug":"impressum","status":"publish","type":"page","link":"\/2025\/impressum\/","title":{"rendered":"Impressum"},"content":{"rendered":"\n<div class=\"wp-block-columns is-layout-flex wp-container-core-columns-is-layout-1 wp-block-columns-is-layout-flex\">\n<div class=\"wp-block-column is-layout-flow wp-block-column-is-layout-flow\">\n<h1 class=\"wp-block-heading pb-2\">Herausgeber <br>und Koordination 2022<\/h1>\n\n\n\n<p>zukunftsgeraeusche GbR<br>Robert K. Huber (Gesch\u00e4ftsf\u00fchrender Gesellschafter)<br>Postfach 120618, 10596 Berlin<br><a rel=\"noreferrer noopener\" href=\"https:\/\/zukunftsgeraeusche.de\" target=\"_blank\">www.zukunftsgeraeusche.de<\/a><\/p>\n\n\n\n<p class=\"pb-2\">in Kooperation mit <br>Ben Buschfeld, buschfeld.com &#8211; graphic and interface design <br><a rel=\"noreferrer noopener\" href=\"https:\/\/www.linkedin.com\/in\/benbuschfeld\/\" target=\"_blank\">Profil bei LinkedIn<\/a><\/p>\n\n\n\n<p class=\"pb-1\">Die Gesamtkoordination und Kuration erfolgen in enger Abstimmung mit den <a href=\"\/2022\/staendige-partnerinnen\/\" data-type=\"page\" data-id=\"433\">St\u00e4ndigen Partner*innen in Weimar, Dessau und Berlin<\/a> <\/p>\n\n\n\n<p class=\"pb-4\">Die Koordination des Berliner Programms erfolgt im Kontext einer <br>F\u00f6rderung  durch die LOTTO-Stiftung Berlin. Der F\u00f6rderantrag wurde gestellt durch das <a rel=\"noreferrer noopener\" href=\"http:\/\/www.gross-siedlungen.de\/de\/20_Startseite.htm\" target=\"_blank\">Kompetenzzentrum Gro\u00dfsiedlungen e.V.,<\/a> vertreten durch Vorstandsvorsitzenden Bernd Hunger und Vorstandsmitglied Robert K. Huber, und erm\u00f6glicht auf Basis einer Anschubfinanzierung durch das <a rel=\"noreferrer noopener\" href=\"https:\/\/www.berlin.de\/landesdenkmalamt\/\" target=\"_blank\">Landesdenkmalamt Berlin<\/a>.<\/p>\n\n\n\n<h1 class=\"wp-block-heading pb-2\">Lokale redaktionelle<br>Kuration und Koordination <\/h1>\n\n\n\n<ul class=\"wp-block-list\">\n<li><strong>Weimar<\/strong><br>Mark Schmidt \/ Vanessa Berger, weimar GmbH<\/li>\n\n\n\n<li><strong>Dessau<\/strong><br>Christin Irrgang, Stiftung Bauhaus Dessau<\/li>\n\n\n\n<li class=\"pb-3\"><strong>Berlin, Deutschland und Europa<\/strong><br>Robert K. Huber, zukunftsgeraeusche GbR<br>Ben Buschfeld, buschfeld.com<\/li>\n<\/ul>\n\n\n\n<h1 class=\"wp-block-heading pb-1\">Design, Layout, Social Media<\/h1>\n\n\n\n<p class=\"pb-4\">Grafisches Erscheinungsbild<br>Plakat, Flyer und Website-Design sowie <br>redaktionelle Betreuung der Social Media-Kan\u00e4le:<br>buschfeld.com &#8211; graphic and interface design<br>Ben Buschfeld, Tel.: +49 (0)30 259229-63<br><a href=\"http:\/\/www.buschfeld.com\">www.buschfeld.com<\/a> \u00b7 <a href=\"mailto:mail@buschfeld.com\">tdm<\/a><a href=\"mailto:tdm@buschfeld.com\">[<\/a><a href=\"mailto:tdm@buschfeld.com\">at]buschfeld.com<\/a><\/p>\n\n\n\n<h1 class=\"wp-block-heading pb-1\">Weitere Partner*innen<\/h1>\n\n\n\n<p>Die inhaltliche Verantwortung f\u00fcr einzelne Beitr\u00e4ge<br>liegt bei den jeweiligen Programm-Partner*innen und Netzwerk-Beteiligten in Deutschland und Europa. Eine Liste der an Planung und Durchf\u00fchrung beteiligten Organisationen finden Sie unter<\/p>\n\n\n\n<ul class=\"wp-block-list\">\n<li><a href=\"\/2022\/staendige-partnerinnen\/\" data-type=\"page\" data-id=\"433\">Adressen &amp; Links Berlin, Weimar und Dessau<\/a><\/li>\n\n\n\n<li><a href=\"\/2022\/partnerstaedte-de\/\" data-type=\"page\" data-id=\"462\">Liste der assoziierten Partnerst\u00e4tten in Deutschland<\/a><\/li>\n\n\n\n<li><a href=\"\/2022\/european-triennial-of-modernism-etom\/\" data-type=\"page\" data-id=\"654\">Liste der Partner-Organisationen auf EU-Ebene<\/a><\/li>\n<\/ul>\n<\/div>\n\n\n\n<div class=\"wp-block-column is-layout-flow wp-block-column-is-layout-flow\">\n<h1 class=\"wp-block-heading pb-2\">Hinweis zu \u00dcbersetzungen <br>und Formulierungen<\/h1>\n\n\n\n<p class=\"pb-4\">Diese Website nutzt eine automatische \u00dcbersetzungsfunktion. Einzelne Fachbegriffe oder Veranstaltungstitel k\u00f6nnen daher im Englischen geringf\u00fcgig von den sonst in der Fachwelt oder Druckpublikationen der Triennale verwendeten Termini abweichen. In Bezug auf geschlechtsneutrale Sprache nutzen die Veranstalter*innen standardm\u00e4\u00dfig das *Gendersternchen. Sollte in einzelnen Unterseiten davon abweichend das generische Maskulinum verwendet werden, sind dennoch alle Geschlechter und Identit\u00e4ten gemeint.<br><\/p>\n\n\n\n<h1 class=\"wp-block-heading pb-2\">Haftungsbeschr\u00e4nkung<\/h1>\n\n\n\n<p><strong>Inhalt des Onlineangebotes<\/strong><br>Die Betreiber dieser Website und eventuell von Ihnen beauftragte Dritte \u00fcbernehmen keinerlei Gew\u00e4hr f\u00fcr die Aktualit\u00e4t, Korrektheit, Vollst\u00e4ndigkeit oder Qualit\u00e4t der bereitgestellten Informationen. Haftungsanspr\u00fcche welche durch die Nutzung oder Nichtnutzung der dargebotenen Informationen bzw. durch die Nutzung eventuell veralteter, fehlerhafter und unvollst\u00e4ndiger Informationen verursacht wurden sind grunds\u00e4tzlich ausgeschlossen. Die Durchf\u00fchrung einzelner Veranstaltungen sowie die Weiterleitung eventuell notwendiger Aktualisierungen der dar\u00fcber verf\u00fcgbaren Information obliegt den beteiligten Partnern, Veranstaltern oder von Ihnen koordinierten und erm\u00e4chtigten Dritten. Die Betreiber dieser Website behalten sich ausdr\u00fccklich vor, Teile der dort zur Verf\u00fcgung gestellten Informationen nach eigenem Ermessen zu erg\u00e4nzen, zu reduzieren oder inhaltlich und formal zu vereinheitlichen, sofern dies der besseren Nutzbarkeit f\u00fcr potenzielle Besucher oder der Anpassung an den aktuellen Planungsstand dient. Haftungsanspr\u00fcche wegen eventuellen Missbrauchs bereitgestellter Informationen oder Kontaktdaten durch Dritte sind ausgeschlossen.<\/p>\n\n\n\n<p><strong>Haftungsbeschr\u00e4nkung f\u00fcr externe Links<\/strong><br>Trotz sorgf\u00e4ltiger inhaltlicher Kontrolle \u00fcbernehmen die Betreiber keine Haftung f\u00fcr die Inhalte externer Links. F\u00fcr den Inhalt der verlinkten Seiten sind ausschlie\u00dflich deren Betreiber verantwortlich. Bei Unstimmigkeiten bitten die Betreiber dieser Website um entsprechende Hinweise und sind bem\u00fcht, diese zeitnah zu kl\u00e4ren oder einzelne Inhalte zu deaktivieren.<\/p>\n\n\n\n<p><strong>Hinweis zu Nutzungsrechten<\/strong><br>Auf dieser Website gezeigte Fotos, Texte oder sonstige Abbildungen wurden den Betreibern sofern nicht anders vermerkt von den beteiligten Partnern, Veranstaltern oder von durch diese koordinierte und erm\u00e4chtigte Dritte zur Verf\u00fcgung gestellt. Bei Unstimmigkeiten bitten die Betreiber dieser Website um entsprechende Hinweise und sind bem\u00fcht, diese zeitnah zu kl\u00e4ren oder einzelne Inhalte zu deaktivieren. Grunds\u00e4tzlich unterliegen alle hier gezeigten Inhalte und Abbildungen dem Urheberrecht und d\u00fcrfen nicht ohne schriftlichen Genehmigung des Urhebers bzw. des Inhabers der Ver\u00f6ffentlichungs- und Verwertungsrechte anderweitig verwendet oder kopiert werden. Der Kontakt erfolgt \u00fcber die Verantwortlichen f\u00fcr Presse- und \u00d6ffentlichkeitsarbeit des jeweils zust\u00e4ndigen Veranstalters.<\/p>\n\n\n\n<p class=\"pb-5\"><strong>Hinweis zur \u00dcbersetzung ins Englische<\/strong><br>Die auf dieser Website verf\u00fcgbaren \u00dcbersetzungen erfolgen durch eine softwareseitige Erweiterung. Sie ist nicht offiziell autorisiert oder durch Muttersprachler*innen \u00fcberpr\u00fcft. Eventuelle Ungenauigkeiten oder Abweichung von branchenspezifischer Begrifflichkeit bitten wir zu entschuldigen. Sofern einzelne Programmangebote auch zweisprachig beziehungsweise auf Englisch angeboten werden, ist dies gesondert vermerkt.<\/p>\n\n\n\n<h1 class=\"wp-block-heading pb-1\">Anschubfinanzierung <\/h1>\n\n\n\n<p class=\"pb-2\">f\u00fcr Antr\u00e4ge und vorbereitende Arbeiten im Bereich Kommunikation <\/p>\n\n\n\n<figure class=\"wp-block-image size-large is-resized\"><img decoding=\"async\" src=\"\/2022\/wp-content\/uploads\/sites\/8\/2022\/03\/B_LDA_Logo_H_print_2C_rot-schwarz-1024x205.jpg\" alt=\"\" class=\"wp-image-1816\" style=\"width:256px;height:51px\"\/><\/figure>\n<\/div>\n<\/div>\n\n\n\n<p><\/p>\n","protected":false},"excerpt":{"rendered":"<p>Herausgeber und Koordination 2022 zukunftsgeraeusche GbRRobert K. Huber (Gesch\u00e4ftsf\u00fchrender Gesellschafter)Postfach 120618, 10596 Berlinwww.zukunftsgeraeusche.de in Kooperation mit Ben Buschfeld, buschfeld.com &#8211; graphic and interface design Profil bei LinkedIn Die Gesamtkoordination und Kuration erfolgen in enger Abstimmung mit den St\u00e4ndigen Partner*innen in Weimar, Dessau und Berlin Die Koordination des Berliner Programms erfolgt im Kontext einer F\u00f6rderung durch [&hellip;]<\/p>\n","protected":false},"author":1,"featured_media":0,"parent":0,"menu_order":0,"comment_status":"closed","ping_status":"closed","template":"","meta":{"_acf_changed":false,"_seopress_robots_primary_cat":"","_seopress_titles_title":"","_seopress_titles_desc":"","_seopress_robots_index":"","footnotes":""},"class_list":["post-97","page","type-page","status-publish","hentry"],"acf":[],"_links":{"self":[{"href":"https:\/\/triennale-der-moderne.de\/2025\/wp-json\/wp\/v2\/pages\/97"}],"collection":[{"href":"https:\/\/triennale-der-moderne.de\/2025\/wp-json\/wp\/v2\/pages"}],"about":[{"href":"https:\/\/triennale-der-moderne.de\/2025\/wp-json\/wp\/v2\/types\/page"}],"author":[{"embeddable":true,"href":"https:\/\/triennale-der-moderne.de\/2025\/wp-json\/wp\/v2\/users\/1"}],"replies":[{"embeddable":true,"href":"https:\/\/triennale-der-moderne.de\/2025\/wp-json\/wp\/v2\/comments?post=97"}],"version-history":[{"count":1,"href":"https:\/\/triennale-der-moderne.de\/2025\/wp-json\/wp\/v2\/pages\/97\/revisions"}],"predecessor-version":[{"id":9147,"href":"https:\/\/triennale-der-moderne.de\/2025\/wp-json\/wp\/v2\/pages\/97\/revisions\/9147"}],"wp:attachment":[{"href":"https:\/\/triennale-der-moderne.de\/2025\/wp-json\/wp\/v2\/media?parent=97"}],"curies":[{"name":"wp","href":"https:\/\/api.w.org\/{rel}","templated":true}]}}