{"id":86,"date":"2022-02-18T20:55:19","date_gmt":"2022-02-18T19:55:19","guid":{"rendered":"\/2025\/dessau-schwerpunkt\/"},"modified":"2025-08-25T19:19:47","modified_gmt":"2025-08-25T17:19:47","slug":"dessau-schwerpunkt","status":"publish","type":"page","link":"\/2025\/dessau-schwerpunkt\/","title":{"rendered":"Dessau: Schwerpunkt"},"content":{"rendered":"\n<h1 class=\"wp-block-heading\">26.-28.9.2025 in Dessau<\/h1>\n\n\n\n<h2 class=\"wp-block-heading\">Unsichtbares Bauhaus <\/h2>\n\n\n\n<h3 class=\"wp-block-heading pb-2\">Im Rahmen der Triennale der Moderne pr\u00e4sentiert das Bauhaus Dessau zwei Jubil\u00e4umsprojekte: \u201eUnsichtbares Bauhaus Dessau\u201c und in Kooperation mit dem Stadtarchiv Dessau-Ro\u00dflau \u201e1925 \u2013 Das Bauhaus kommt nach Dessau\u201c. Damals existierten Bauhausgeb\u00e4ude und Meisterh\u00e4user noch nicht, die Bauh\u00e4usler*innen arbeiteten und lebten aber bereits in der Stadt. Zu dem Programm geh\u00f6ren F\u00fchrungen sowie kostenlose verf\u00fcgbare Audio- und Videowalks f\u00fcr eigene Erkundungen.<\/h3>\n\n\n\n<figure class=\"wp-block-image size-large pb-3\"><img loading=\"lazy\" decoding=\"async\" width=\"1024\" height=\"683\" src=\"\/2025\/wp-content\/uploads\/sites\/11\/2025\/08\/TDM-2025_Visual_04_Bauhaus-Dessau-1024x683.jpg\" alt=\"\" class=\"wp-image-8233\" srcset=\"\/2025\/wp-content\/uploads\/sites\/11\/2025\/08\/TDM-2025_Visual_04_Bauhaus-Dessau-1024x683.jpg 1024w, \/2025\/wp-content\/uploads\/sites\/11\/2025\/08\/TDM-2025_Visual_04_Bauhaus-Dessau-300x200.jpg 300w, \/2025\/wp-content\/uploads\/sites\/11\/2025\/08\/TDM-2025_Visual_04_Bauhaus-Dessau-768x512.jpg 768w, \/2025\/wp-content\/uploads\/sites\/11\/2025\/08\/TDM-2025_Visual_04_Bauhaus-Dessau.jpg 1200w\" sizes=\"(max-width: 1024px) 100vw, 1024px\" \/><figcaption class=\"wp-element-caption\">Walter Gropius, Bauhausgeb\u00e4ude Dessau; Foto\/bearb: Ben Buschfeld, buschfeld.com<\/figcaption><\/figure>\n\n\n\n<h1 class=\"wp-block-heading pb-2\">Schwerpunkt in Dessau<\/h1>\n\n\n\n<div class=\"wp-block-columns is-layout-flex wp-container-core-columns-is-layout-1 wp-block-columns-is-layout-flex\">\n<div class=\"wp-block-column is-layout-flow wp-block-column-is-layout-flow\" style=\"flex-basis:66.66%\">\n<p>Das Projekt \u201eUnsichtbares Bauhaus Dessau\u201c ist eng mit der Anfangszeit des Bauhauses 1925\/26 in Dessau verkn\u00fcpft. Damals existierten Bauhausgeb\u00e4ude und Meisterh\u00e4user noch nicht, die Bauh\u00e4usler*innen arbeiteten und lebten aber bereits in der Stadt. \u201eUnsichtbares Bauhaus Dessau\u201c ist eine Kombination aus digitalem Rundgang und analogen Hinweisen zu heute nicht mehr sichtbaren Bauhaus-Orten im Dessauer Stadtgef\u00fcge. Beide Projekte stehen in engem Bezug zum <a href=\"\/2025\/motto-bdw-2025\/\" data-type=\"page\" data-id=\"48\">st\u00e4dte\u00fcbergreifenden Motto<\/a> Zerrissene Moderne(n).<\/p>\n\n\n\n<p>Individuell kann man sich mit den kostenlosen Video- und Audiowalks auf spannende Spazierg\u00e4nge durch die Innenstadt oder den Georgengarten begeben. Zu den Themen der Video- und Audiowalks werden auch F\u00fchrungen angeboten. Die Tickets f\u00fcr F\u00fchrungen (12 \u20ac pro Person \/ erm\u00e4\u00dfigt 8 \u20ac) sind in den Tourist-Informationen Dessau und Ro\u00dflau erh\u00e4ltlich.<\/p>\n\n\n\n<p class=\"pb-3\">Die Lesungen des Stadtarchivs Dessau-Ro\u00dflau widmen sich den Anf\u00e4ngen des Bauhauses am Standort Dessau. Sie beleuchten den gesellschaftlichen Kontext des Bauhauses in einer wachsenden Industriestadt, die von b\u00fcrgerlichen wie proletarischen Kr\u00e4ften gleicherma\u00dfen gepr\u00e4gt war. Am 26. September werden unter anderem Sch\u00fclerinnen des Gropius-Gymnasiums historische Texte und Protokolle aus der Zeit lesen. Als Beitrag im Rahmen der Triennale der Moderne werden die Lesetexte in Form eines Kalendariums pr\u00e4sentiert.<\/p>\n\n\n\n<h2 class=\"wp-block-heading pb-3\">Save-the-weekend<br>26.-28. September 2025<\/h2>\n<\/div>\n\n\n\n<div class=\"wp-block-column is-layout-flow wp-block-column-is-layout-flow\" style=\"flex-basis:33.33%\">\n<h1 class=\"wp-block-heading pb-2\">Weitere Informationen<\/h1>\n\n\n\n<p class=\"pb-2\"><strong>Stiftung Bauhaus Dessau<\/strong><br>Gropiusallee 38, 06846 Dessau-Ro\u00dflau<br>Tel.: 0340-6508250<br><strong><a href=\"http:\/\/www.bauhaus-dessau.de\" target=\"_blank\" rel=\"noreferrer noopener\">www.bauhaus-dessau.de<\/a><\/strong>&nbsp;<\/p>\n\n\n\n<p class=\"pb-3\"><strong>Tourist-Informationen<\/strong><br>Dessau: Ratsgasse 11, Tel.: 0340-882920-00 \u00b7 <br>Ro\u00dflau: Hauptstra\u00dfe 11, Tel.: 034901-82467<br><a href=\"mailto:post@visitdessau.com\">post@visitdessau.com<\/a><br><strong><a href=\"http:\/\/www.visitdessau.com\" target=\"_blank\" rel=\"noreferrer noopener\">www.visitdessau.com<\/a><\/strong><\/p>\n\n\n\n<h1 class=\"wp-block-heading\">Social Media<\/h1>\n\n\n\n<ul class=\"wp-block-list\">\n<li><a href=\"https:\/\/www.instagram.com\/bauhaus_dessau_foundation\/\" target=\"_blank\" rel=\"noreferrer noopener\">instagram.com\/&#8230;<\/a><\/li>\n\n\n\n<li><a href=\"https:\/\/www.facebook.com\/bauhausdessau\" target=\"_blank\" rel=\"noreferrer noopener\">facebook.com\/bauhausdessau<\/a><\/li>\n<\/ul>\n<\/div>\n<\/div>\n\n\n\n<hr class=\"wp-block-separator has-css-opacity\"\/>\n\n\n\n<h1 class=\"wp-block-heading pb-4\">Besondere Orte (Auswahl)<\/h1>\n\n\n\n<div class=\"wp-block-columns is-layout-flex wp-container-core-columns-is-layout-2 wp-block-columns-is-layout-flex\">\n<div class=\"wp-block-column is-layout-flow wp-block-column-is-layout-flow\">\n<figure class=\"wp-block-image size-large\"><img decoding=\"async\" src=\"\/2022\/wp-content\/uploads\/sites\/8\/2022\/04\/SBD_254_3zu2-1024x683.jpg\" alt=\"\" class=\"wp-image-2022\"\/><figcaption class=\"wp-element-caption\">Bauhausgeb\u00e4ude Dessau, Architekt: Walter Gropius, 1925\/26 \u00a9 Stiftung Bauhaus Dessau \/ Foto: Tenschert, Yvonne, 2011<\/figcaption><\/figure>\n<\/div>\n\n\n\n<div class=\"wp-block-column is-layout-flow wp-block-column-is-layout-flow\">\n<figure class=\"wp-block-image size-large\"><img decoding=\"async\" src=\"\/2022\/wp-content\/uploads\/sites\/8\/2022\/04\/SBD_234_3zu2-1024x683.jpg\" alt=\"\" class=\"wp-image-2024\"\/><figcaption class=\"wp-element-caption\">Bauhausgeb\u00e4ude (1925\u201326), Architekt: Walter Gropius, 2009 \u00a9 Stiftung Bauhaus Dessau \/ Foto: Tenschert, Yvonne, 2009<\/figcaption><\/figure>\n<\/div>\n\n\n\n<div class=\"wp-block-column is-layout-flow wp-block-column-is-layout-flow\">\n<figure class=\"wp-block-image size-large\"><img decoding=\"async\" src=\"\/2022\/wp-content\/uploads\/sites\/8\/2022\/04\/SBD_42350_3zu2-1024x683.jpg\" alt=\"\" class=\"wp-image-2030\"\/><figcaption class=\"wp-element-caption\">Stahlhaus, Architekten: Georg Muche und Richard Paulick, 1926\/27 \u00a9 Stiftung Bauhaus Dessau \/ Foto: G\u00fcndel, Sebastian, 2012<\/figcaption><\/figure>\n<\/div>\n<\/div>\n\n\n\n<div class=\"wp-block-columns is-layout-flex wp-container-core-columns-is-layout-3 wp-block-columns-is-layout-flex\">\n<div class=\"wp-block-column is-layout-flow wp-block-column-is-layout-flow\">\n<figure class=\"wp-block-image size-large\"><img decoding=\"async\" src=\"\/2022\/wp-content\/uploads\/sites\/8\/2022\/04\/SBD_1510_3zu2-1024x683.jpg\" alt=\"\" class=\"wp-image-2027\"\/><figcaption class=\"wp-element-caption\">Siedlung Dessau-T\u00f6rten (1926\u201328), Architekt: Walter Gropius, 2009 \u00a9 Stiftung Bauhaus Dessau \/ Foto: Ritzau, Doreen, 2009<\/figcaption><\/figure>\n<\/div>\n\n\n\n<div class=\"wp-block-column is-layout-flow wp-block-column-is-layout-flow\">\n<figure class=\"wp-block-image size-large\"><img decoding=\"async\" src=\"\/2022\/wp-content\/uploads\/sites\/8\/2022\/04\/SBD_72682_3zu2-1024x683.jpg\" alt=\"\" class=\"wp-image-2031\"\/><figcaption class=\"wp-element-caption\">Konsumgeb\u00e4ude Dessau-T\u00f6rten mit rekonstruiertem Schriftzug, 2021 \u00a9 Stiftung Bauhaus Dessau \/ Foto: Tenschert, Yvonne, 2021<\/figcaption><\/figure>\n<\/div>\n\n\n\n<div class=\"wp-block-column is-layout-flow wp-block-column-is-layout-flow\">\n<figure class=\"wp-block-image size-large\"><img decoding=\"async\" src=\"\/2022\/wp-content\/uploads\/sites\/8\/2022\/04\/SBD_25408_3zu2-1024x683.jpg\" alt=\"\" class=\"wp-image-2029\"\/><figcaption class=\"wp-element-caption\">Laubenganghaus mit Waschhaus, Architekt: Hannes Meyer, 2017 \u00a9 Stiftung Bauhaus Dessau \/ Foto: Meyer, Thomas, 2017 \/ OSTKREUZ&nbsp;&nbsp;<\/figcaption><\/figure>\n<\/div>\n<\/div>\n","protected":false},"excerpt":{"rendered":"<p>Wohnen.Arbeiten.Leben ganz der &#8222;Wasserkultur&#8220;: In den 1920er und 1930er Jahren hatte die Technisierung der h\u00e4uslichen Wasserversorgung insbesondere au\u00dferhalb von Gro\u00dfst\u00e4dten gerade erst begonnen. Nur wenige Wohnh\u00e4user waren an die Kanalisation oder an das Trinkwassernetz angeschlossen. <\/p>\n","protected":false},"author":1,"featured_media":8233,"parent":0,"menu_order":0,"comment_status":"closed","ping_status":"closed","template":"","meta":{"_acf_changed":false,"_seopress_robots_primary_cat":"","_seopress_titles_title":"","_seopress_titles_desc":"","_seopress_robots_index":"","footnotes":""},"class_list":["post-86","page","type-page","status-publish","has-post-thumbnail","hentry"],"acf":[],"_links":{"self":[{"href":"https:\/\/triennale-der-moderne.de\/2025\/wp-json\/wp\/v2\/pages\/86"}],"collection":[{"href":"https:\/\/triennale-der-moderne.de\/2025\/wp-json\/wp\/v2\/pages"}],"about":[{"href":"https:\/\/triennale-der-moderne.de\/2025\/wp-json\/wp\/v2\/types\/page"}],"author":[{"embeddable":true,"href":"https:\/\/triennale-der-moderne.de\/2025\/wp-json\/wp\/v2\/users\/1"}],"replies":[{"embeddable":true,"href":"https:\/\/triennale-der-moderne.de\/2025\/wp-json\/wp\/v2\/comments?post=86"}],"version-history":[{"count":16,"href":"https:\/\/triennale-der-moderne.de\/2025\/wp-json\/wp\/v2\/pages\/86\/revisions"}],"predecessor-version":[{"id":9490,"href":"https:\/\/triennale-der-moderne.de\/2025\/wp-json\/wp\/v2\/pages\/86\/revisions\/9490"}],"wp:featuredmedia":[{"embeddable":true,"href":"https:\/\/triennale-der-moderne.de\/2025\/wp-json\/wp\/v2\/media\/8233"}],"wp:attachment":[{"href":"https:\/\/triennale-der-moderne.de\/2025\/wp-json\/wp\/v2\/media?parent=86"}],"curies":[{"name":"wp","href":"https:\/\/api.w.org\/{rel}","templated":true}]}}