{"id":7,"date":"2022-07-15T18:43:02","date_gmt":"2022-07-15T16:43:02","guid":{"rendered":"\/2025\/auftakt-2025\/"},"modified":"2025-09-25T10:23:31","modified_gmt":"2025-09-25T08:23:31","slug":"auftakt","status":"publish","type":"page","link":"\/2025\/auftakt\/","title":{"rendered":"Auftakt-2025"},"content":{"rendered":"\n<h1 class=\"wp-block-heading\">Zerrissene Moderne(n)<\/h1>\n\n\n\n<h2 class=\"wp-block-heading\">Triennale-Auftakt am 25. September 2025<\/h2>\n\n\n\n<h3 class=\"wp-block-heading pb-2\">Die Auftakt-Veranstaltung zur diesj\u00e4hrigen Triennale der Moderne findet am Donnerstag, den 25. September 2025 in der Vertretung des Landes Sachsen-Anhalt beim Bund, in der Luisenstra\u00dfe 17 in Berlin-Mitte statt. Im Rahmen des Auftakts wird ein Ausblick auf die Programm-Schwerpunkte in Weimar, Dessau und Berlin gegeben und ihr Bezug zu dem Motto &#8222;Zerrissene Moderne(n)&#8220; erl\u00e4utert und diskutiert. Der Auftakt wird erg\u00e4nzt durch Vortr\u00e4ge und ein musikalisches Rahmenprogramm mit Werken von Kurt Weill aus den 1920er und 1940er Jahren.<\/h3>\n\n\n\n<figure class=\"wp-block-image size-large\"><img loading=\"lazy\" decoding=\"async\" width=\"1024\" height=\"682\" src=\"\/2025\/wp-content\/uploads\/sites\/11\/2025\/07\/TDM-2025_Visual_13-Orte_3zu2_LoRes-1024x682.jpg\" alt=\"\" class=\"wp-image-8062\" srcset=\"\/2025\/wp-content\/uploads\/sites\/11\/2025\/07\/TDM-2025_Visual_13-Orte_3zu2_LoRes-1024x682.jpg 1024w, \/2025\/wp-content\/uploads\/sites\/11\/2025\/07\/TDM-2025_Visual_13-Orte_3zu2_LoRes-300x200.jpg 300w, \/2025\/wp-content\/uploads\/sites\/11\/2025\/07\/TDM-2025_Visual_13-Orte_3zu2_LoRes-768x512.jpg 768w, \/2025\/wp-content\/uploads\/sites\/11\/2025\/07\/TDM-2025_Visual_13-Orte_3zu2_LoRes.jpg 1280w\" sizes=\"(max-width: 1024px) 100vw, 1024px\" \/><\/figure>\n\n\n\n<h1 class=\"wp-block-heading pt-3\">Programm<\/h1>\n\n\n\n<h2 class=\"wp-block-heading\">Auftakt-Veranstaltung am 25. September 2025<\/h2>\n\n\n\n<div class=\"wp-block-columns is-layout-flex wp-container-core-columns-is-layout-1 wp-block-columns-is-layout-flex\">\n<div class=\"wp-block-column is-layout-flow wp-block-column-is-layout-flow\" style=\"flex-basis:66.66%\">\n<p class=\"pb-3\"><strong>Der Auftakt in Berlin ist gleichzeitig der Beginn f\u00fcr das \u00fcberregionale Programm des Festivals &#8222;Triennale der Moderne&#8220; mit dem st\u00e4dte\u00fcbergreifenden Motto &#8222;Zerrissene Moderne(n)&#8220;sowie den erweiterten europ\u00e4ischen Rahmen der <a href=\"#europa-dimension\">ETOM-Aktivit\u00e4ten<\/a>. Es hebt auf die erzwungene Migration des Bauhauses von Weimar nach Dessau ab, spiegelt sich in den politischen Debatten nach den letzten Landtagswahlen und wird auch in einzelnen Programm-Beitr\u00e4gen thematisiert.&nbsp;Die Veranstaltung ist offen f\u00fcr das allgemein interessierte Publikum. Eine pers\u00f6nliche Einladung ist nicht erforderlich, die Sicherheitsbestimmungen der Landesvertretung erfordern jedoch eine vorherige Anmeldung unter&nbsp;<a href=\"mailto:veranstaltungen@lv.stk.sachsen-anhalt.de\">veranstaltungen@lv.stk.sachsen-anhalt.de<\/a>.<\/strong><\/p>\n\n\n\n<ul class=\"wp-block-list\">\n<li class=\"pb-3\">Ab 17:00 Ankunft und Registrierung<\/li>\n\n\n\n<li><strong>18:00<\/strong> <strong>Begr\u00fc\u00dfung und Gru\u00dfworte<\/strong>\n<ul class=\"wp-block-list\">\n<li>f\u00fcr Sachsen-Anhalt: Frank Smeddinck, Ministerialdirigent,<br>Dienststellenleiter der Vertretung des Landes Sachsen-Anhalt beim Bund in Berlin<\/li>\n\n\n\n<li>f\u00fcr Th\u00fcringen: Prof. Dr. Steffen Teichert, <br>Staatssekret\u00e4r im Th\u00fcringer Ministerium f\u00fcr Bildung, Wissenschaft und Kultur<\/li>\n\n\n\n<li class=\"pb-3\">f\u00fcr Berlin: Prof. Petra Kahlfeldt, <br>Senatsbaudirektorin und Staatssekret\u00e4rin f\u00fcr Stadtentwicklung<\/li>\n<\/ul>\n<\/li>\n\n\n\n<li class=\"pb-3\"><strong>18:15<\/strong> <strong>Musikalische Rahmung mit Werken von Kurt Weill<\/strong><br>Blechbl\u00e4ser der Anhaltischen Philharmonie \u2014 Posaunenquartett Dessau \/ Verweill-Ensemble (Stefano Perini, Jo\u00e3o Teixeira, Mariano Salah Esbr\u00ed Mart\u00ednez, Dietrich Schwartz) \u2014 Auftakt aus der Dreigroschenoper-Suite: <br><em>Ouvert\u00fcre, Morgenchoral des Peachum, Kanonen-Song<\/em><\/li>\n\n\n\n<li><strong>18:25<\/strong> <strong>Einf\u00fchrung<\/strong><br>zum st\u00e4dte\u00fcbergreifenden <a href=\"\/2025\/motto-zerrissene-moderne-n\/\" data-type=\"page\" data-id=\"48\">Motto \u201eZerrissene Moderne(n)\u201c<\/a> durch\n<ul class=\"wp-block-list\">\n<li>Robert K. Huber, Ko-Kurator der Triennale, Kuration Auftakt-Event, <br>BHROX bauhaus reuse \/ zukunftsgeraeusche<\/li>\n<\/ul>\n<\/li>\n\n\n\n<li class=\"pb-3\">18:35 kurze Pause<\/li>\n\n\n\n<li><strong>18:40<\/strong> <strong>Vortrag<\/strong>\n<ul class=\"wp-block-list\">\n<li class=\"pb-2\"><a href=\"#Kn\u00f6bl\">Prof. Dr. Wolfgang Kn\u00f6bl<\/a>, Direktor<br>Hamburger Institut f\u00fcr Sozialforschung:<\/li>\n\n\n\n<li class=\"pb-2\">Keynote-Vortrag: <strong style=\"font-style: italic;\">Zerrissene Moderne<\/strong><br>Die Geschichte des Epochenbegriffs der Moderne ist sehr viel k\u00fcrzer als gemeinhin angenommen. Der Begriff erlebte seinen Durchbruch erst in den sp\u00e4ten 1960er Jahren, wobei es nie gelang, Konsens \u00fcber seine genaue Bedeutung herzustellen &#8230;&nbsp;<\/li>\n<\/ul>\n<\/li>\n\n\n\n<li class=\"pb-3\">19:15 Musik von Kurt Weill: <em>Moon-Faced \u2013 Starry Eyed, My Ship<\/em><\/li>\n\n\n\n<li><strong>19:20<\/strong> <strong>Ausblick auf die Programme<\/strong><br>in den drei St\u00e4dten <a href=\"\/2025\/dessau-programm\/\" data-type=\"page\" data-id=\"56\">Dessau<\/a>, <a href=\"\/2025\/weimar-programm\/\" data-type=\"page\" data-id=\"55\">Weimar<\/a> und <a href=\"\/2025\/berlin-programm\/\" data-type=\"page\" data-id=\"41\">Berlin<\/a> sowie <br>Vorstellung einzelner exemplarischer Projekte\n<ul class=\"wp-block-list\">\n<li>Dr. Barbara Steiner, <br>Vorstand und Direktorin Stiftung Bauhaus Dessau<\/li>\n\n\n\n<li>Dr. Stephan Dahme, Kustode Klassik Stiftung Weimar, <br>Direktion Museen, Abt. Bauhaus-Museum, Moderne und Gegenwart<\/li>\n\n\n\n<li>Stephanie Otto, <br>Referentin f\u00fcr Partizipation, Landesdenkmalamt Berlin<\/li>\n\n\n\n<li>Ben Buschfeld, Gestalter + Ko-Kurator der Triennale, <br>FFHBB e.V., Organisation von <a href=\"\/2025\/100-jahre-hufeisensiedlung\/\" data-type=\"page\" data-id=\"12\" target=\"_blank\" rel=\"noreferrer noopener\">100 Jahre Hufeisensiedlung<\/a><\/li>\n<\/ul>\n<\/li>\n\n\n\n<li class=\"pb-3\">19:40 Musik von Kurt Weill: <em>The Saga of Jenny, Speak Low<\/em><\/li>\n\n\n\n<li><strong>19:50<\/strong> <strong>Podiumsdiskussion<\/strong> <br>zur heutigen Bedeutung des st\u00e4dte\u00fcbergreifenden Mottos sowie <br>Erfahrungen und Projekten vor Ort, mit Statements von <\/li>\n\n\n\n<li><a href=\"#Scherbakowa\">Dr. Irina Scherbakowa<\/a>, Mitgr\u00fcnderin und Vorstand <br>Zukunft Memorial e.V., Tr\u00e4ger Friedensnobelpreis 2022:<br>Impuls: <strong><em>Putinismus\u00a0als\u00a0zerrissene Postmoderne?<\/em><\/strong><\/li>\n\n\n\n<li><a href=\"#Bl\u00fcmm\">Dr. Anke Bl\u00fcmm<\/a>, Wissenschaftliche Koordinatorin <br>der Kollegforschungsgruppe &#8222;Religion und Urbanit\u00e4t&#8220;, Uni Erfurt \/ Max-Weber-Kolleg:<br>Impuls: <em><strong>Moderne \u2013 kurzgeschlossen<\/strong><\/em><\/li>\n\n\n\n<li><a href=\"#Gleiter\">Prof. Dr. J\u00f6rg Gleiter<\/a>, Vorstand Deutscher Werkbund Berlin \/ TU Berlin \u2013 Architekturtheorie:<br>Impuls: <strong><em>\u00d6ffnung der Zukunft<\/em><\/strong><\/li>\n\n\n\n<li>Podiusmdiskussion gemeinsam mit Prof. Dr. Wolfgang Kn\u00f6bl<\/li>\n\n\n\n<li class=\"pb-3\">Raum f\u00fcr Fragen aus dem Publikum <\/li>\n\n\n\n<li><strong>Anschlie\u00dfend: Get-together und Empfang<\/strong><\/li>\n<\/ul>\n<\/div>\n\n\n\n<div class=\"wp-block-column is-layout-flow wp-block-column-is-layout-flow\" style=\"flex-basis:33.33%\">\n<h1 class=\"wp-block-heading\">Veranstaltungsort<\/h1>\n\n\n\n<h2 class=\"wp-block-heading\">Anmeldung erforderlich<\/h2>\n\n\n\n<p>Vertretung des Landes Sachsen-Anhalt beim Bund, <br>Luisenstra\u00dfe 18, 10117 Berlin<\/p>\n\n\n\n<ul class=\"wp-block-list\">\n<li class=\"pb-3\"><strong>Anmeldung bis 22. September erforderlich<\/strong>: <a href=\"mailto:veranstaltungen@lv.stk.sachsen-anhalt.de\">veranstaltungen@lv.stk.sachsen-anhalt.de<\/a><\/li>\n<\/ul>\n\n\n\n<h1 class=\"wp-block-heading\">Organisation<\/h1>\n\n\n\n<ul class=\"wp-block-list\">\n<li>BHROX bauhaus reuse \/ zukunftsgeraeusche<\/li>\n\n\n\n<li>buschfeld.com <\/li>\n<\/ul>\n\n\n\n<p>in Kooperation mit<\/p>\n\n\n\n<ul class=\"wp-block-list\">\n<li>Vertretung des Landes <br>Sachsen-Anhalt beim Bund<\/li>\n\n\n\n<li>Stiftung Bauhaus Dessau<\/li>\n\n\n\n<li>Stadt Dessau-Ro\u00dflau<\/li>\n\n\n\n<li>Klassik-Stiftung Weimar und<\/li>\n\n\n\n<li class=\"pb-3\">Landesdenkmalamt Berlin<\/li>\n<\/ul>\n\n\n\n<p><\/p>\n\n\n\n<h1 class=\"wp-block-heading pb-2\">Programm-Brosch\u00fcre<\/h1>\n\n\n\n<figure class=\"wp-block-image size-large\"><a href=\"\/2025\/wp-content\/uploads\/sites\/11\/2025\/09\/TDM-2025_Programm-Brosch_Web.pdf\" target=\"_blank\" rel=\"noreferrer noopener\"><img loading=\"lazy\" decoding=\"async\" width=\"1024\" height=\"682\" src=\"\/2025\/wp-content\/uploads\/sites\/11\/2025\/08\/TDM-2025_Presse_Kachel-1024x682.jpg\" alt=\"\" class=\"wp-image-9043\" srcset=\"\/2025\/wp-content\/uploads\/sites\/11\/2025\/08\/TDM-2025_Presse_Kachel-1024x682.jpg 1024w, \/2025\/wp-content\/uploads\/sites\/11\/2025\/08\/TDM-2025_Presse_Kachel-300x200.jpg 300w, \/2025\/wp-content\/uploads\/sites\/11\/2025\/08\/TDM-2025_Presse_Kachel-768x512.jpg 768w, \/2025\/wp-content\/uploads\/sites\/11\/2025\/08\/TDM-2025_Presse_Kachel-1536x1024.jpg 1536w, \/2025\/wp-content\/uploads\/sites\/11\/2025\/08\/TDM-2025_Presse_Kachel.jpg 2000w\" sizes=\"(max-width: 1024px) 100vw, 1024px\" \/><\/a><\/figure>\n\n\n\n<p class=\"pt-1\">Das Programm wird laufend aktualisiert. Parallel existiert eine gedruckte Brosch\u00fcre mit zentralen Infos, die in den Tourismus-Informationen aller drei St\u00e4dte sowie den beiden Berliner <a href=\"\/2025\/berlin-programm\/#festivalzentralen\" data-type=\"page\" data-id=\"41\">Festivalzentralen<\/a> ausliegt. <\/p>\n\n\n\n<ul class=\"wp-block-list\">\n<li class=\"pb-3\"><strong><a href=\"\/2025\/wp-content\/uploads\/sites\/11\/2025\/09\/TDM-2025_Programm-Brosch_Web.pdf\" target=\"_blank\" rel=\"noreferrer noopener\">Programm-Brosch\u00fcre als PDF laden<\/a><\/strong><\/li>\n<\/ul>\n\n\n\n<h1 class=\"wp-block-heading pb-1\">Hinweis zur Dokumentation<em> <\/em><\/h1>\n\n\n\n<p><em>W\u00e4hrend der Auftakt-Veranstaltung werden Foto-, Video-<\/em> <em>und Audioaufnahmen erstellt. Diese k\u00f6nnen im Rahmen der \u00d6ffentlichkeitsarbeit (auch in den sozialen Medien) genutzt werden und dienen der Dokumentation der Triennale der Moderne 2022 (offline und online) und k\u00f6nnen auch im au\u00dfereurop\u00e4ischen Ausland abgerufen werden. Dies geschieht im Sinne von Art. 6 Abs. 1f) DSGVO.&nbsp;Mit dem Besuch der Veranstaltungen stimmen Sie einer solchen Dokumentation und Verwendung prinzipiell zu.&nbsp;Gegen die Verarbeitung steht Ihnen ein Widerspruchsrecht zu, zudem das Recht auf unentgeltliche Auskunft \u00fcber Ihre gespeicherten Daten sowie auf Berichtigung, L\u00f6schung und Einschr\u00e4nkung der Verarbeitung der Daten.&nbsp;Sollten Sie keine Ver\u00f6ffentlichung von Aufnahmen Ihrer Person w\u00fcnschen, sprechen Sie die vor Ort aktiven Foto- und\/oder Videograf*innen bitte direkt an oder wenden Sie sich&nbsp;an die <a href=\"mailto: info@triennale-der-moderne.eu\">Projektkoordinatoren<\/a> der Triennale der Moderne 2025.<\/em><\/p>\n<\/div>\n<\/div>\n\n\n\n<p class=\"pb-3\"><\/p>\n\n\n\n<h1 class=\"wp-block-heading\">Biografien <\/h1>\n\n\n\n<h2 class=\"wp-block-heading\">Teilnehmende des Podiums<\/h2>\n\n\n\n<div class=\"wp-block-columns is-layout-flex wp-container-core-columns-is-layout-2 wp-block-columns-is-layout-flex\">\n<div class=\"wp-block-column is-layout-flow wp-block-column-is-layout-flow\">\n<hr class=\"wp-block-separator has-alpha-channel-opacity\"\/>\n\n\n\n<p id=\"Kn\u00f6bl\"><strong>Prof. Dr. Wolfgang Kn\u00f6bl,<\/strong><br>Direktor Hamburger Institut f\u00fcr Sozialforschung<br>Wolfgang Kn\u00f6bl, Soziologe, war von 2002 bis 2015 Professor f\u00fcr international vergleichende Soziologie an der Georg-August-Universit\u00e4t G\u00f6ttingen. Seit 2015 ist er Direktor des Hamburger Instituts f\u00fcr Sozialforschung. Arbeitsschwerpunkte: Sozialtheorie, Geschichte der Soziologie, politische Soziologie, historisch-vergleichende Makrosoziologie mit regionalem Schwerpunkt auf den \u201eAmericas\u201c. Zu seinen Ver\u00f6ffentlichungen z\u00e4hlen unter anderem: <em>Spielr\u00e4ume der Modernisierung. Das Ende der Eindeutigkeit<\/em> (2001) und <em>Die Kontingenz der Moderne. Wege in Europa, Asien und Amerika<\/em> (2007). Seine j\u00fcngsten Monografien sind: Thomas Hoebel\/Wolfgang Kn\u00f6bl: <em>Gewalt erkl\u00e4ren! Pl\u00e4doyer f\u00fcr eine entdeckende Prozesssoziologie<\/em> (2019) und Wolfgang Kn\u00f6bl, <em>Die Soziologie vor der Geschichte. Zur Kritik der Sozialtheorie<\/em> (2022); in Vorbereitung: Wolfgang Kn\u00f6bl: <em>Gewaltgeschichte Deutschlands seit 1945.<\/em><\/p>\n<\/div>\n\n\n\n<div class=\"wp-block-column is-layout-flow wp-block-column-is-layout-flow\">\n<hr class=\"wp-block-separator has-alpha-channel-opacity\"\/>\n\n\n\n<p id=\"Scherbakowa\"><strong>Dr. Irina Scherbakowa,<\/strong><br>Mitgr\u00fcnderin und Vorstand&nbsp;Zukunft Memorial e.V., Tr\u00e4ger Friedensnobelpreis 2022<br>Irina Scherbakowa (geb. 1949 in Moskau) \u2013 Germanistin, \u00dcbersetzerin und Historikerin.Sie begann Ende der 1970er Jahre Zeitzeugeninterviews mit Opfern des Stalinismus und ehemaligen GULAG-H\u00e4ftlingen zu sammeln. Von 1999 bis 2022 leitete sie die Bildungsprogramme der Menschenrechtsorganisation Memorial in Moskau. Nach deren erzwungener Aufl\u00f6sung emigrierte sie 2022 nach Deutschland. Heute ist sie Vorstandsvorsitzende von Zukunft Memorial e. V. in Berlin.<br>Publikationen (auf Deutsch):&nbsp;<em>Zerrissene Erinnerung<\/em>&nbsp;(2010),&nbsp;<em>Vaters H\u00e4nde<\/em>&nbsp;(2017),&nbsp;<em>Erinnern ist Widerstand<\/em>&nbsp;(2025).<br>Auszeichnung: 2005 Verdienstkreuz am Bande der Bundesrepublik Deutschland. 2022 Marion D\u00f6nhoff Preis, 2024 Ehrendoktor der Universit\u00e4t Bern<\/p>\n<\/div>\n<\/div>\n\n\n\n<div class=\"wp-block-columns pb-2 is-layout-flex wp-container-core-columns-is-layout-3 wp-block-columns-is-layout-flex\">\n<div class=\"wp-block-column is-layout-flow wp-block-column-is-layout-flow\">\n<hr class=\"wp-block-separator has-alpha-channel-opacity\" id=\"Bl\u00fcmm\"\/>\n\n\n\n<p><strong>Dr. Anke Bl\u00fcmm,<\/strong><br>Wissenschaftliche Koordinatorin der Kollegforschungsgruppe &#8222;Religion und Urbanit\u00e4t&#8220;, Max-Weber-Kolleg, Universit\u00e4t Erfurt.&nbsp;<br>Studium der Germanistik und Kunstgeschichte in Heidelberg und Berlin; 2013 Promotion durch die BTU Cottbus <em>\u203aEntartete Baukunst\u2039? Zum Umgang mit dem Neuen Bauen 1933\u20131945<\/em>,&nbsp;M\u00fcnchen 2013 (Theodor-Fischer-Preis 2014); 2013\u20132016 Projektkoordinatorin des DFG-Projekts <em>Bewegte Netze. Bauhaus-Angeh\u00f6rige und ihre Beziehungsnetzwerke in den 1930er und 1940er Jahren<\/em> (Cottbus\/Erfurt), von 2016\u20132024 wissenschaftliche Mitarbeiterin am Bauhaus-Museum, Klassik Stiftung Weimar, 2019 Kuratierung der neuen Ausstellung zum Haus Am Horn; 2021 <em>Vergessene Bauhausfrauen \u2013 Lebensschicksale in den 1930er und 1940er Jahren<\/em>, 2024&nbsp;<em>Bauhaus und Nationalsozialismus<\/em> (Justus-Bier-Preis 2024). Vortr\u00e4ge und Publikationen zu Design- und&nbsp;Architekturgeschichte, zum Bauhaus, zu biografischer Netzwerkforschung und dem Ph\u00e4nomen der Moderne in der ersten H\u00e4lfte des 20. Jahrhunderts.<\/p>\n<\/div>\n\n\n\n<div class=\"wp-block-column is-layout-flow wp-block-column-is-layout-flow\">\n<hr class=\"wp-block-separator has-alpha-channel-opacity\" id=\"Gleiter\"\/>\n\n\n\n<p><strong>Prof. Dr.-Ing. J\u00f6rg H. Gleiter,<\/strong><br>Vorstand Deutscher Werkbund Berlin \/ TU Berlin \u2013 Architekturtheorie<br>Leiter des Lehrstuhls Architekturtheorie an der TU Berlin. Studium der Architektur in Berlin, Venedig und New York. Gastprofessuren in Japan, USA, Italien und Israel. Er ist Herausgeber der Reihe <em>ArchitekturDenken<\/em> im Transcript Verlag (Bielefeld). Forschungsschwerpunkt: Kritische Theorie der Nachhaltigkeit, KI und Post-Anthropoz\u00e4n, Ornament- und Utopietheorie, Semiotik, \u00c4sthetik, Architekturphilosophie und -theorie.&nbsp;<\/p>\n<\/div>\n<\/div>\n\n\n\n<hr class=\"wp-block-separator has-css-opacity\" id=\"europa-dimension\"\/>\n\n\n\n<h1 class=\"wp-block-heading pt-2\">Gesamter Festivalzeitraum<\/h1>\n\n\n\n<h2 class=\"wp-block-heading\">25. September bis 14. Dezember 2025<\/h2>\n\n\n\n<p class=\"pb-3\">Nach dem Auftakt am 25. September in Berlin, wandert der Fokus zum <a href=\"\/2025\/weimar-programm\/\" data-type=\"page\" data-id=\"55\">Programm in Weimar<\/a> und <a href=\"\/2025\/dessau-programm\/\" data-type=\"page\" data-id=\"56\">in Dessau<\/a>. Hier konzentriert sich das Programm jeweils auf das verl\u00e4ngerte Wochenende vom 26. bis 28. September, wohingegen beim <a href=\"\/2025\/berlin-programm\/\" data-type=\"page\" data-id=\"41\">Berliner Programm<\/a> bis Mitte Dezember Veranstaltungen stattfinden. <\/p>\n\n\n\n<h1 class=\"wp-block-heading\">Abschlussveranstaltung und Europ\u00e4ische Dimension<\/h1>\n\n\n\n<h2 class=\"wp-block-heading\">28. und 29.&nbsp;November 2025<\/h2>\n\n\n\n<p class=\"pb-3\">Am&nbsp;28. und 29.&nbsp;November findet in Berlin eine internationale Konferenz im Rahmen der Pilotausgabe &#8222;ETOM2025pilot-Festival&#8220; des europ\u00e4ischen Festival-Formats \u201eETOM \u2013 European Triennial of Modernism\u201c statt. Die &#8222;<a href=\"\/2025\/etom2025pilot-conference\/\" data-type=\"page\" data-id=\"9620\">ETOM2025pilot-Conference<\/a>&#8220; fungiert gleichzeitig als Abschluss-Event der &#8222;Triennale der Moderne 2025&#8220;. Das seit 2022 bestehende Netzwerk der \u201e<a href=\"\/2025\/european-triennial-of-modernism-etom\/\" data-type=\"page\" data-id=\"9\">ETOM \u2013 European Triennial of Modernism<\/a>&#8220; bildet den Rahmen f\u00fcr internationale Programm-Beitr\u00e4ge aus dem offiziellen Lab-Projekt &#8222;<a href=\"https:\/\/new-european-bauhaus.europa.eu\/inspiring-projects-and-ideas\/european-triennial-modernism-etom_en\" target=\"_blank\" rel=\"noreferrer noopener\">ETOM NEB Lab<\/a>&#8220;&nbsp;innerhalb des \u201eNew European Bauhaus\u201c (NEB).<\/p>\n\n\n\n<hr class=\"wp-block-separator has-css-opacity\"\/>\n\n\n\n<h1 class=\"wp-block-heading pb-2\">Kern-Partner*innen der Triennale der Moderne (TDM)<\/h1>\n\n\n\n<p>Die Kooperation der TDM-Kernpartner*innen aus Berlin, Dessau und Weimar stellt ein au\u00dfergew\u00f6hnliches Konsortium dar, das eine Kombination von kulturellen Organisationen und Institutionen, kommunalen Verwaltungen und zivilgesellschaftlichen Initiativen vereint, um gemeinsam diese Thematik aufzugreifen und ein besonderes \u00fcberregionales Forum anzubieten.<\/p>\n\n\n\n<p class=\"pb-4\">Das Konsortium der TDM-Kernpartner*innen besteht aus: Stiftung Bauhaus Dessau, Stadt Dessau-Ro\u00dflau \/ Kulturamt, Stadtmarketing Dessau-Ro\u00dflau, Klassik Stiftung Weimar, weimar GmbH, Architektenkammer Berlin, Bauhaus-Archiv \/ Museum f\u00fcr Gestaltung Berlin, buschfeld.com \/ Tautes Heim, Kunstbibliothek \u2013 Staatliche Museen zu Berlin \/ Preu\u00dfischer Kulturbesitz, Landesdenkmalamt Berlin, visitBerlin GmbH, zukunftsgeraeusche GbR \/ BHROX bauhaus reuse.<\/p>\n\n\n\n<figure class=\"wp-block-image size-large is-resized pb-2\"><img loading=\"lazy\" decoding=\"async\" width=\"1024\" height=\"54\" src=\"\/2025\/wp-content\/uploads\/sites\/11\/2025\/07\/TDM-2025_Logo-Leiste_BDW_frei_Teil1-1024x54.png\" alt=\"\" class=\"wp-image-8082\" style=\"width:840px;height:auto\" srcset=\"\/2025\/wp-content\/uploads\/sites\/11\/2025\/07\/TDM-2025_Logo-Leiste_BDW_frei_Teil1-1024x54.png 1024w, \/2025\/wp-content\/uploads\/sites\/11\/2025\/07\/TDM-2025_Logo-Leiste_BDW_frei_Teil1-300x16.png 300w, \/2025\/wp-content\/uploads\/sites\/11\/2025\/07\/TDM-2025_Logo-Leiste_BDW_frei_Teil1-768x41.png 768w, \/2025\/wp-content\/uploads\/sites\/11\/2025\/07\/TDM-2025_Logo-Leiste_BDW_frei_Teil1.png 1307w\" sizes=\"(max-width: 1024px) 100vw, 1024px\" \/><\/figure>\n\n\n\n<figure class=\"wp-block-image size-large is-resized pb-5\"><img loading=\"lazy\" decoding=\"async\" width=\"1024\" height=\"56\" src=\"\/2025\/wp-content\/uploads\/sites\/11\/2025\/07\/TDM-2025_Logo-Leiste_BDW_frei_Teil2-1024x56.png\" alt=\"\" class=\"wp-image-8083\" style=\"width:840px\" srcset=\"\/2025\/wp-content\/uploads\/sites\/11\/2025\/07\/TDM-2025_Logo-Leiste_BDW_frei_Teil2-1024x56.png 1024w, \/2025\/wp-content\/uploads\/sites\/11\/2025\/07\/TDM-2025_Logo-Leiste_BDW_frei_Teil2-300x17.png 300w, \/2025\/wp-content\/uploads\/sites\/11\/2025\/07\/TDM-2025_Logo-Leiste_BDW_frei_Teil2-768x42.png 768w, \/2025\/wp-content\/uploads\/sites\/11\/2025\/07\/TDM-2025_Logo-Leiste_BDW_frei_Teil2.png 1307w\" sizes=\"(max-width: 1024px) 100vw, 1024px\" \/><\/figure>\n\n\n\n<hr class=\"wp-block-separator has-alpha-channel-opacity\"\/>\n\n\n\n<h1 class=\"wp-block-heading pb-4\">Kooperations- und Medienpartner*innen<\/h1>\n\n\n\n<figure class=\"wp-block-image size-large is-resized pb-4\"><img loading=\"lazy\" decoding=\"async\" width=\"1024\" height=\"93\" src=\"\/2025\/wp-content\/uploads\/sites\/11\/2025\/09\/Medienpartner-2025_Logo-Leiste-1024x93.png\" alt=\"\" class=\"wp-image-10149\" style=\"width:450px\" srcset=\"\/2025\/wp-content\/uploads\/sites\/11\/2025\/09\/Medienpartner-2025_Logo-Leiste-1024x93.png 1024w, \/2025\/wp-content\/uploads\/sites\/11\/2025\/09\/Medienpartner-2025_Logo-Leiste-300x27.png 300w, \/2025\/wp-content\/uploads\/sites\/11\/2025\/09\/Medienpartner-2025_Logo-Leiste-768x70.png 768w, \/2025\/wp-content\/uploads\/sites\/11\/2025\/09\/Medienpartner-2025_Logo-Leiste-1536x139.png 1536w, \/2025\/wp-content\/uploads\/sites\/11\/2025\/09\/Medienpartner-2025_Logo-Leiste-2048x186.png 2048w\" sizes=\"(max-width: 1024px) 100vw, 1024px\" \/><\/figure>\n\n\n\n<p><\/p>\n\n\n\n<hr class=\"wp-block-separator has-alpha-channel-opacity\"\/>\n\n\n\n<h1 class=\"wp-block-heading\">Anmerkungen und F\u00f6rdernachweise<\/h1>\n\n\n\n<p class=\"pb-3\">Viele der oben genannten Angebote werden von Programm-Partner*innen ohne institutionelle F\u00f6rderung erbracht. Teile des Berliner Programms werden mit Mitteln des Landesdenkmalamt Berlin gef\u00f6rdert. Diese Fehlbedarfsfinanzierung wird durch Eigen- und Drittmittel einzelner Partner*innen erg\u00e4nzt. <\/p>\n\n\n\n<p class=\"pb-3\">Die Auftaktveranstaltung in der Vertretung des Landes Sachsen-Anhalt beim Bund wird mit Mitteln des Landes Sachsen-Anhalt gef\u00f6rdert.<\/p>\n\n\n\n<div class=\"wp-block-columns is-layout-flex wp-container-core-columns-is-layout-5 wp-block-columns-is-layout-flex\">\n<div class=\"wp-block-column is-layout-flow wp-block-column-is-layout-flow\" style=\"flex-basis:66.66%\">\n<p class=\"pb-2\">In Kooperation mit \/ Gef\u00f6rdert durch:<\/p>\n\n\n\n<div class=\"wp-block-columns is-layout-flex wp-container-core-columns-is-layout-4 wp-block-columns-is-layout-flex\">\n<div class=\"wp-block-column is-layout-flow wp-block-column-is-layout-flow\" style=\"flex-basis:66.66%\">\n<figure class=\"wp-block-image size-large\"><img loading=\"lazy\" decoding=\"async\" width=\"1024\" height=\"205\" src=\"\/2025\/wp-content\/uploads\/sites\/11\/2025\/07\/LSA_moderndenken_Standard_oRand-1024x205.png\" alt=\"\" class=\"wp-image-8056\" srcset=\"\/2025\/wp-content\/uploads\/sites\/11\/2025\/07\/LSA_moderndenken_Standard_oRand-1024x205.png 1024w, \/2025\/wp-content\/uploads\/sites\/11\/2025\/07\/LSA_moderndenken_Standard_oRand-300x60.png 300w, \/2025\/wp-content\/uploads\/sites\/11\/2025\/07\/LSA_moderndenken_Standard_oRand-768x153.png 768w, \/2025\/wp-content\/uploads\/sites\/11\/2025\/07\/LSA_moderndenken_Standard_oRand-1536x307.png 1536w, \/2025\/wp-content\/uploads\/sites\/11\/2025\/07\/LSA_moderndenken_Standard_oRand.png 2047w\" sizes=\"(max-width: 1024px) 100vw, 1024px\" \/><\/figure>\n<\/div>\n\n\n\n<div class=\"wp-block-column is-layout-flow wp-block-column-is-layout-flow\" style=\"flex-basis:33.33%\"><\/div>\n<\/div>\n<\/div>\n\n\n\n<div class=\"wp-block-column is-layout-flow wp-block-column-is-layout-flow\" style=\"flex-basis:33.33%\">\n<p class=\"pb-4\">Erg\u00e4nzt durch Mittel des:<\/p>\n\n\n\n<p><\/p>\n\n\n\n<figure class=\"wp-block-image size-large is-resized\"><img decoding=\"async\" src=\"\/2022\/wp-content\/uploads\/sites\/8\/2022\/03\/B_LDA_Logo_H_print_2C_rot-schwarz-1024x205.jpg\" alt=\"\" class=\"wp-image-1816\" style=\"width:256px;height:51px\"\/><\/figure>\n<\/div>\n<\/div>\n\n\n\n<p class=\"pb-2\"><\/p>\n","protected":false},"excerpt":{"rendered":"<p>Zerrissene Moderne(n) Triennale-Auftakt am 25. September 2025 Die Auftakt-Veranstaltung zur diesj\u00e4hrigen Triennale der Moderne findet am Donnerstag, den 25. September 2025 in der Vertretung des Landes Sachsen-Anhalt beim Bund, in der Luisenstra\u00dfe 17 in Berlin-Mitte statt. Im Rahmen des Auftakts wird ein Ausblick auf die Programm-Schwerpunkte in Weimar, Dessau und Berlin gegeben und ihr Bezug [&hellip;]<\/p>\n","protected":false},"author":1,"featured_media":0,"parent":0,"menu_order":0,"comment_status":"closed","ping_status":"closed","template":"","meta":{"_acf_changed":false,"_seopress_robots_primary_cat":"","_seopress_titles_title":"","_seopress_titles_desc":"","_seopress_robots_index":"","footnotes":""},"class_list":["post-7","page","type-page","status-publish","hentry"],"acf":[],"_links":{"self":[{"href":"https:\/\/triennale-der-moderne.de\/2025\/wp-json\/wp\/v2\/pages\/7"}],"collection":[{"href":"https:\/\/triennale-der-moderne.de\/2025\/wp-json\/wp\/v2\/pages"}],"about":[{"href":"https:\/\/triennale-der-moderne.de\/2025\/wp-json\/wp\/v2\/types\/page"}],"author":[{"embeddable":true,"href":"https:\/\/triennale-der-moderne.de\/2025\/wp-json\/wp\/v2\/users\/1"}],"replies":[{"embeddable":true,"href":"https:\/\/triennale-der-moderne.de\/2025\/wp-json\/wp\/v2\/comments?post=7"}],"version-history":[{"count":146,"href":"https:\/\/triennale-der-moderne.de\/2025\/wp-json\/wp\/v2\/pages\/7\/revisions"}],"predecessor-version":[{"id":10322,"href":"https:\/\/triennale-der-moderne.de\/2025\/wp-json\/wp\/v2\/pages\/7\/revisions\/10322"}],"wp:attachment":[{"href":"https:\/\/triennale-der-moderne.de\/2025\/wp-json\/wp\/v2\/media?parent=7"}],"curies":[{"name":"wp","href":"https:\/\/api.w.org\/{rel}","templated":true}]}}