{"id":65,"date":"2022-04-22T08:03:20","date_gmt":"2022-04-22T06:03:20","guid":{"rendered":"\/2025\/netzwerk-deutscher-partnerstaedte\/de-partnerstaette-mathildenhoehe-darmstadt\/"},"modified":"2022-04-22T08:03:20","modified_gmt":"2022-04-22T06:03:20","slug":"de-partnerstaette-mathildenhoehe-darmstadt","status":"publish","type":"page","link":"\/2025\/netzwerk-deutscher-partnerstaedte\/de-partnerstaette-mathildenhoehe-darmstadt\/","title":{"rendered":"DE-Partnerst\u00e4tte Mathildenh\u00f6he, Darmstadt"},"content":{"rendered":"\n<h1 class=\"wp-block-heading\">Mathildenh\u00f6he, Darmstadt<\/h1>\n\n\n\n<h2 class=\"wp-block-heading\">UNESCO-Welterbe an der Schwelle zur Moderne<\/h2>\n\n\n\n<h3 class=\"pb-2 wp-block-heading\">Die Triennale der Moderne will mittelfristig ein Netzwerk der deutschen Welterbest\u00e4tten der Moderne etablieren \u2014 Ab 2022 als assoziierte Partner*in neu dabei ist die K\u00fcnstlerkolonie Mathildenh\u00f6he: Die ikonischen Bauwerke, Kunstwerke und gestalteten Freifl\u00e4chen auf der Mathildenh\u00f6he bilden ein einzigartiges Ensemble, das zwischen 1900 und 1914 von Joseph Maria Olbrich, Peter Behrens, Albin M\u00fcller, Bernhard Hoetger sowie weiteren Mitgliedern der K\u00fcnstlerkolonie Darmstadt geschaffen worden ist.&nbsp;<\/h3>\n\n\n\n<figure class=\"wp-block-image size-large pb-3\"><img loading=\"lazy\" decoding=\"async\" width=\"1024\" height=\"683\" src=\"\/2022\/wp-content\/uploads\/sites\/8\/2022\/03\/DE-Partner_Darmstadt_Mathildenhoehe_Ensemble_Hochzeitsturm-AustHalle_RussKapelle_Lilienbecken_Foto_Nikolaus-Heis-1024x683.jpg\" alt=\"\" class=\"wp-image-1319\" srcset=\"\/2025\/wp-content\/uploads\/sites\/11\/2022\/03\/DE-Partner_Darmstadt_Mathildenhoehe_Ensemble_Hochzeitsturm-AustHalle_RussKapelle_Lilienbecken_Foto_Nikolaus-Heis-1024x683.jpg 1024w, \/2025\/wp-content\/uploads\/sites\/11\/2022\/03\/DE-Partner_Darmstadt_Mathildenhoehe_Ensemble_Hochzeitsturm-AustHalle_RussKapelle_Lilienbecken_Foto_Nikolaus-Heis-300x200.jpg 300w, \/2025\/wp-content\/uploads\/sites\/11\/2022\/03\/DE-Partner_Darmstadt_Mathildenhoehe_Ensemble_Hochzeitsturm-AustHalle_RussKapelle_Lilienbecken_Foto_Nikolaus-Heis-768x512.jpg 768w, \/2025\/wp-content\/uploads\/sites\/11\/2022\/03\/DE-Partner_Darmstadt_Mathildenhoehe_Ensemble_Hochzeitsturm-AustHalle_RussKapelle_Lilienbecken_Foto_Nikolaus-Heis.jpg 1280w\" sizes=\"(max-width: 1024px) 100vw, 1024px\" \/><figcaption>Ensemble mit Hochzeitsturm, Ausstellungshalle, Russischer Kapelle und Lilienbecken \u00a9 Foto: Nikolaus Heiss<\/figcaption><\/figure>\n\n\n\n<h1 class=\"pb-2 wp-block-heading\">Architektur und Angebote<\/h1>\n\n\n\n<div class=\"wp-block-columns is-layout-flex wp-container-core-columns-is-layout-1 wp-block-columns-is-layout-flex\">\n<div class=\"wp-block-column is-layout-flow wp-block-column-is-layout-flow\" style=\"flex-basis:66.66%\">\n<p>Die einzelnen Elemente dieser &#8222;Stadtkrone&#8220; entstanden als Beitr\u00e4ge zu den vier von Gro\u00dfherzog Ernst Ludwig von Hessen und bei Rhein initiierten Bauausstellungen auf der Mathildenh\u00f6he in den Jahren 1901, 1904, 1908 und 1914. Ausgehend von europ\u00e4ischen Lebensreformbewegungen des 19. Jahrhunderts galt es, in Zusammenarbeit mit spezialisierten Firmen qualitativ hochwertige moderne Architektur und Raumkunst zu pr\u00e4sentieren. Im Gegensatz zu bisherigen Bauausstellungen war erstmals ein Gro\u00dfteil der Geb\u00e4ude als dauerhaftes st\u00e4dtebauliches Ensemble angelegt. Die Ausstellungen auf der Mathildenh\u00f6he entfalteten hiermit eine internationale Strahlkraft und setzten wichtige Impulse f\u00fcr die Gr\u00fcndung des Werkbunds und des Bauhauses. Noch heute ist auf der Mathildenh\u00f6he der \u00dcbergang der modernen Architektur und Freiraumgestaltung von der Arts-and-Crafts-Bewegung und dem Jugendstil hin zum Internationalen Stil des 20. Jahrhunderts sichtbar.Die zwei Ausstellungsh\u00e4user von Olbrich auf der Mathildenh\u00f6he, das Ernst Ludwig-Haus von 1901 und das gro\u00dfe Ausstellungsgeb\u00e4ude von 1908, werden vom Institut Mathildenh\u00f6he mit wechselnden Ausstellungen und Veranstaltungen bespielt. Im Museum K\u00fcnstlerkolonie ist zudem eine Dauerausstellung \u00fcber die Leistungen der K\u00fcnstlerkolonie Darmstadt zu sehen.<\/p>\n\n\n\n<p>Weitere Infos und Programmangebote:<\/p>\n\n\n\n<ul class=\"wp-block-list\"><li><a href=\"http:\/\/www.mathildenhoehe.eu\" target=\"_blank\" rel=\"noreferrer noopener\">www.mathildenhoehe.eu<\/a><\/li><\/ul>\n<\/div>\n\n\n\n<div class=\"wp-block-column is-layout-flow wp-block-column-is-layout-flow\" style=\"flex-basis:33.33%\">\n<h1 class=\"pb-1 wp-block-heading\">Ansprechpartner<\/h1>\n\n\n\n<p class=\"pb-3\">Dr. Philipp Gutbrod<br>Direktor Institut Mathildenh\u00f6he Darmstadt<br>Olbrichweg 15, 64287 Darmstadt<br>Tel : +49 (0)6151-132808<\/p>\n\n\n\n<h1 class=\"pb-1 wp-block-heading\">Social Media<\/h1>\n\n\n\n<ul class=\"wp-block-list\"><li><a rel=\"noreferrer noopener\" href=\"https:\/\/www.facebook.com\/mathildenhoehe\" target=\"_blank\">www.facebook.com\/mathildenhoehe<\/a><\/li><li><a rel=\"noreferrer noopener\" href=\"https:\/\/www.instagram.com\/mathildenhoehe\" target=\"_blank\">www.instagram.com\/mathildenhoehe<\/a><\/li><li><a href=\"https:\/\/twitter.com\/mathildenhoehe\" target=\"_blank\" rel=\"noreferrer noopener\">twitter.com\/mathildenhoehe<\/a><\/li><li><a rel=\"noreferrer noopener\" href=\"https:\/\/www.youtube.com\/user\/mathildenhoeheda\" target=\"_blank\">www.youtube.com\/user\/mathildenhoeheda<\/a><\/li><li><a rel=\"noreferrer noopener\" href=\"https:\/\/www.tiktok.com\/@mathildenhoehe\" target=\"_blank\">www.tiktok.com\/@mathildenhoehe<\/a><\/li><\/ul>\n<\/div>\n<\/div>\n","protected":false},"excerpt":{"rendered":"<p>UNESCO-Weltkulturerbe Zeche Zollverein, Schacht VII<\/p>\n","protected":false},"author":1,"featured_media":1320,"parent":59,"menu_order":2,"comment_status":"closed","ping_status":"closed","template":"","meta":{"_acf_changed":false,"_seopress_robots_primary_cat":"","_seopress_titles_title":"","_seopress_titles_desc":"","_seopress_robots_index":"","footnotes":""},"class_list":["post-65","page","type-page","status-publish","has-post-thumbnail","hentry"],"acf":[],"_links":{"self":[{"href":"https:\/\/triennale-der-moderne.de\/2025\/wp-json\/wp\/v2\/pages\/65"}],"collection":[{"href":"https:\/\/triennale-der-moderne.de\/2025\/wp-json\/wp\/v2\/pages"}],"about":[{"href":"https:\/\/triennale-der-moderne.de\/2025\/wp-json\/wp\/v2\/types\/page"}],"author":[{"embeddable":true,"href":"https:\/\/triennale-der-moderne.de\/2025\/wp-json\/wp\/v2\/users\/1"}],"replies":[{"embeddable":true,"href":"https:\/\/triennale-der-moderne.de\/2025\/wp-json\/wp\/v2\/comments?post=65"}],"version-history":[{"count":0,"href":"https:\/\/triennale-der-moderne.de\/2025\/wp-json\/wp\/v2\/pages\/65\/revisions"}],"up":[{"embeddable":true,"href":"https:\/\/triennale-der-moderne.de\/2025\/wp-json\/wp\/v2\/pages\/59"}],"wp:featuredmedia":[{"embeddable":true,"href":"https:\/\/triennale-der-moderne.de\/2025\/wp-json\/wp\/v2\/media\/1320"}],"wp:attachment":[{"href":"https:\/\/triennale-der-moderne.de\/2025\/wp-json\/wp\/v2\/media?parent=65"}],"curies":[{"name":"wp","href":"https:\/\/api.w.org\/{rel}","templated":true}]}}