{"id":60,"date":"2022-06-10T09:16:19","date_gmt":"2022-06-10T07:16:19","guid":{"rendered":"\/2025\/netzwerk-deutscher-partnerstaedte\/de-partnerstaette-bundesschule-bernau\/"},"modified":"2022-06-10T09:16:19","modified_gmt":"2022-06-10T07:16:19","slug":"de-partnerstaette-bundesschule-bernau","status":"publish","type":"page","link":"\/2025\/netzwerk-deutscher-partnerstaedte\/de-partnerstaette-bundesschule-bernau\/","title":{"rendered":"DE-Partnerst\u00e4tte Bundesschule Bernau"},"content":{"rendered":"\n<h1 class=\"wp-block-heading\">ADGB-Bundeschule Bernau<\/h1>\n\n\n\n<h2 class=\"wp-block-heading\">UNESCO-Welterbe der Moderne in Bernau bei Berlin<\/h2>\n\n\n\n<h3 class=\"pb-2 wp-block-heading\">Die Triennale der Moderne will mittelfristig ein Netzwerk der deutschen Welterbest\u00e4tten der Moderne etablieren \u2014 Ab 2022 als assoziierte Partner*in neu dabei ist das UNESCO-Welterbe Bauhaus. Besucherzentrum Bernau: Die ehemalige Bundesschule, die 1928 bis 1930 von Hannes Meyer und Hans Wittwer mit dem Bauhaus als Bildungsst\u00e4tte f\u00fcr den Allgemeinen Deutschen Gewerkschaftsbund (ADGB) erbaut wurde, ist eines der faszinierendsten Bauwerke der Moderne. Anfang 2022 er\u00f6ffnete das Besucherzentrum seine T\u00fcren.<\/h3>\n\n\n\n<figure class=\"wp-block-image size-large pb-3\"><img loading=\"lazy\" decoding=\"async\" width=\"1024\" height=\"683\" src=\"\/2022\/wp-content\/uploads\/sites\/8\/2022\/03\/DE-Partner_Bernau_Bundesschule_Waldseite_Foto-Jean-Molitor-1-1024x683.jpg\" alt=\"\" class=\"wp-image-1703\" srcset=\"\/2025\/wp-content\/uploads\/sites\/11\/2022\/03\/DE-Partner_Bernau_Bundesschule_Waldseite_Foto-Jean-Molitor-1-1024x683.jpg 1024w, \/2025\/wp-content\/uploads\/sites\/11\/2022\/03\/DE-Partner_Bernau_Bundesschule_Waldseite_Foto-Jean-Molitor-1-300x200.jpg 300w, \/2025\/wp-content\/uploads\/sites\/11\/2022\/03\/DE-Partner_Bernau_Bundesschule_Waldseite_Foto-Jean-Molitor-1-768x512.jpg 768w, \/2025\/wp-content\/uploads\/sites\/11\/2022\/03\/DE-Partner_Bernau_Bundesschule_Waldseite_Foto-Jean-Molitor-1.jpg 1500w\" sizes=\"(max-width: 1024px) 100vw, 1024px\" \/><figcaption>Bundesschule Bernau, Waldseite; Foto: Jean Molitor<\/figcaption><\/figure>\n\n\n\n<h1 class=\"pb-2 wp-block-heading\">Architektur und Angebote<\/h1>\n\n\n\n<div class=\"wp-block-columns is-layout-flex wp-container-core-columns-is-layout-1 wp-block-columns-is-layout-flex\">\n<div class=\"wp-block-column is-layout-flow wp-block-column-is-layout-flow\" style=\"flex-basis:66.66%\">\n<p>Nach den Richtlinien des Bauhauses und den Prinzipien moderner P\u00e4dagogik entworfen, passt sich die ehemalige Bundesschule des ADGB ideal in die Natur ein und den Bed\u00fcrfnissen der Menschen, die sie nutzen, an. Erstmalig setzte das Bauhaus an diesem Bauwerk um, was es sich bereits zu seiner Gr\u00fcndung im Jahr 1919 vorgenommen hatte: eine Einheit von Theorie und Praxis zu schaffen, an der Studierende aller Bauhaus-Werkst\u00e4tten teilhatten. Ein Bauwerk, das von innen wie von au\u00dfen Bauhausp\u00e4dagogik und Bauhausideale atmet.<\/p>\n\n\n\n<p>Die Bundesschule ist ein einmaliges Ensemble aus Schulgeb\u00e4uden, Lehrer- und Internatsh\u00e4usern sowie R\u00e4umen und Anlagen f\u00fcr Versorgung und Freizeit. Der Bau besticht durch technische Raffinessen, neuartige Materialien, elegante wie pragmatische L\u00f6sungen f\u00fcr Beleuchtung und Bel\u00fcftung und hat trotz seiner bewegten und bewegenden Nutzungsgeschichte nichts von seiner urspr\u00fcnglichen \u00c4sthetik eingeb\u00fc\u00dft.<\/p>\n\n\n\n<p>Nach der Sanierung wurden die einstige Bundesschule und ihre Lehrerh\u00e4user im Juli 2017 Teil der seit 1996 bestehenden Welterbest\u00e4tte \u201eDas Bauhaus und seine St\u00e4tten in Weimar, Dessau und Bernau\u201c. Bundesschule und Lehrerh\u00e4user sind heute in privater Hand und werden als Internatsunterkunft und Wohnungen genutzt.&nbsp;<\/p>\n\n\n\n<p>Im neu er\u00f6ffneten Besucherzentrum k\u00f6nnen Besucher*innen nun in einer Dauerausstellung die gesamte Geschichte des heutigen UNESCO-Welterbes Bauhaus selbst erkunden. F\u00fchrungen durch die Geb\u00e4ude und thematische Veranstaltungen runden das Programm ab.&nbsp;<\/p>\n\n\n\n<p>Weitere Infos und Programmangebote:<\/p>\n\n\n\n<ul class=\"wp-block-list\"><li><a href=\"http:\/\/www.welterbe-bernau.de\/\">www.welterbe-bernau.de<\/a><\/li><\/ul>\n<\/div>\n\n\n\n<div class=\"wp-block-column is-layout-flow wp-block-column-is-layout-flow\" style=\"flex-basis:33.33%\">\n<h1 class=\"pb-1 wp-block-heading\">Ansprechpartnerin<\/h1>\n\n\n\n<p class=\"pb-2\">Dr. Anja Guttenberger, <br>Leiterin Besucherzentrum Bernau<br>Tel: +49 (0)3338-7067879<\/p>\n\n\n\n<h1 class=\"pb-1 wp-block-heading\">Social Media<\/h1>\n\n\n\n<ul class=\"wp-block-list\"><li><a rel=\"noreferrer noopener\" href=\"https:\/\/www.instagram.com\/bauhauswelterbebernau\/\" target=\"_blank\">www.instagram.com\/bauhauswelterbebernau\/<\/a><\/li><li><a rel=\"noreferrer noopener\" href=\"https:\/\/www.facebook.com\/bauhauswelterbebernau\/\" target=\"_blank\">www.facebook.com\/bauhaus<\/a><a rel=\"noreferrer noopener\" href=\"https:\/\/www.facebook.com\/bauhauswelterbebernau\/\" target=\"_blank\">w<\/a><a rel=\"noreferrer noopener\" href=\"https:\/\/www.facebook.com\/bauhauswelterbebernau\/\" target=\"_blank\">e<\/a><a rel=\"noreferrer noopener\" href=\"https:\/\/www.facebook.com\/bauhauswelterbebernau\/\" target=\"_blank\">l<\/a><a rel=\"noreferrer noopener\" href=\"https:\/\/www.facebook.com\/bauhauswelterbebernau\/\" target=\"_blank\">t<\/a><a rel=\"noreferrer noopener\" href=\"https:\/\/www.facebook.com\/bauhauswelterbebernau\/\" target=\"_blank\">e<\/a><a rel=\"noreferrer noopener\" href=\"https:\/\/www.facebook.com\/bauhauswelterbebernau\/\" target=\"_blank\">r<\/a><a rel=\"noreferrer noopener\" href=\"https:\/\/www.facebook.com\/bauhauswelterbebernau\/\" target=\"_blank\">b<\/a><a href=\"https:\/\/www.facebook.com\/bauhauswelterbebernau\/\" target=\"_blank\" rel=\"noreferrer noopener\">e<\/a><a rel=\"noreferrer noopener\" href=\"https:\/\/www.facebook.com\/bauhauswelterbebernau\/\" target=\"_blank\">bernau\/<\/a><\/li><li><a rel=\"noreferrer noopener\" href=\"https:\/\/www.youtube.com\/channel\/UCl-HUhMq5LAMQIlsR9aVt0Q\" target=\"_blank\">www.youtube.com\/<\/a><\/li><\/ul>\n<\/div>\n<\/div>\n","protected":false},"excerpt":{"rendered":"<p>UNESCO-Weltkulturerbe &#8222;Das Bauhaus und seine Bauten in Weimar, Dessau und Bernau&#8220;, Bauhausschule Bernau<\/p>\n","protected":false},"author":1,"featured_media":1703,"parent":59,"menu_order":1,"comment_status":"closed","ping_status":"closed","template":"","meta":{"_acf_changed":false,"_seopress_robots_primary_cat":"","_seopress_titles_title":"","_seopress_titles_desc":"","_seopress_robots_index":"","footnotes":""},"class_list":["post-60","page","type-page","status-publish","has-post-thumbnail","hentry"],"acf":[],"_links":{"self":[{"href":"https:\/\/triennale-der-moderne.de\/2025\/wp-json\/wp\/v2\/pages\/60"}],"collection":[{"href":"https:\/\/triennale-der-moderne.de\/2025\/wp-json\/wp\/v2\/pages"}],"about":[{"href":"https:\/\/triennale-der-moderne.de\/2025\/wp-json\/wp\/v2\/types\/page"}],"author":[{"embeddable":true,"href":"https:\/\/triennale-der-moderne.de\/2025\/wp-json\/wp\/v2\/users\/1"}],"replies":[{"embeddable":true,"href":"https:\/\/triennale-der-moderne.de\/2025\/wp-json\/wp\/v2\/comments?post=60"}],"version-history":[{"count":0,"href":"https:\/\/triennale-der-moderne.de\/2025\/wp-json\/wp\/v2\/pages\/60\/revisions"}],"up":[{"embeddable":true,"href":"https:\/\/triennale-der-moderne.de\/2025\/wp-json\/wp\/v2\/pages\/59"}],"wp:featuredmedia":[{"embeddable":true,"href":"https:\/\/triennale-der-moderne.de\/2025\/wp-json\/wp\/v2\/media\/1703"}],"wp:attachment":[{"href":"https:\/\/triennale-der-moderne.de\/2025\/wp-json\/wp\/v2\/media?parent=60"}],"curies":[{"name":"wp","href":"https:\/\/api.w.org\/{rel}","templated":true}]}}