{"id":59,"date":"2022-02-11T15:01:38","date_gmt":"2022-02-11T14:01:38","guid":{"rendered":"\/2025\/netzwerk-deutscher-partnerstaedte\/"},"modified":"2025-08-23T07:29:53","modified_gmt":"2025-08-23T05:29:53","slug":"netzwerk-deutscher-partnerstaedte","status":"publish","type":"page","link":"\/2025\/netzwerk-deutscher-partnerstaedte\/","title":{"rendered":"Netzwerk deutscher Partnerst\u00e4dte"},"content":{"rendered":"\n<h1 class=\"wp-block-heading\">UNESCO-Welterbest\u00e4tten der Moderne<\/h1>\n\n\n\n<h2 class=\"wp-block-heading\">Partnerst\u00e4tten der Triennale der Moderne 2022 in Deutschland<\/h2>\n\n\n\n<h3 class=\"wp-block-heading pb-2\">Von den insgesamt 51 deutschen Welterbest\u00e4tten z\u00e4hlen gleich mehrere zum Erbe der Moderne des 20. Jahrhunderts und der Industrialisierung. Im Rahmen der Er\u00f6ffnungsveranstaltung der <a href=\"\/2025\/auftakt-event-detailliertes-programm\/\" data-type=\"page\" data-id=\"51\" target=\"_blank\" rel=\"noreferrer noopener\">Triennale der Moderne 2022<\/a> erfolgte ein erster Schritt der Vernetzung, bei der sich sieben weitere deutsche Welterbest\u00e4tten sowie das Neue Frankfurt als assoziierte Partnerst\u00e4tten vertreten waren. So unterschiedlich wie die St\u00e4tten, Ihre Architektur und Geschichte sind auch die Betriebsmodelle.<\/h3>\n\n\n\n<div class=\"wp-block-columns is-layout-flex wp-container-core-columns-is-layout-1 wp-block-columns-is-layout-flex\">\n<div class=\"wp-block-column is-layout-flow wp-block-column-is-layout-flow\">\n<hr class=\"wp-block-separator has-css-opacity\"\/>\n\n\n\n<h1 class=\"wp-block-heading pb-2\">ADGB-Bundesschule Bernau<\/h1>\n\n\n\n<figure class=\"wp-block-image size-large\"><a href=\"\/2025\/netzwerk-deutscher-partnerstaedte\/de-partnerstaette-bundesschule-bernau\/\"><img loading=\"lazy\" decoding=\"async\" width=\"1024\" height=\"683\" src=\"\/2022\/wp-content\/uploads\/sites\/8\/2022\/03\/DE-Partner_Bernau_Bundesschule_Waldseite_Foto-Jean-Molitor-1-1024x683.jpg\" alt=\"\" class=\"wp-image-1703\" srcset=\"\/2025\/wp-content\/uploads\/sites\/11\/2022\/03\/DE-Partner_Bernau_Bundesschule_Waldseite_Foto-Jean-Molitor-1-1024x683.jpg 1024w, \/2025\/wp-content\/uploads\/sites\/11\/2022\/03\/DE-Partner_Bernau_Bundesschule_Waldseite_Foto-Jean-Molitor-1-300x200.jpg 300w, \/2025\/wp-content\/uploads\/sites\/11\/2022\/03\/DE-Partner_Bernau_Bundesschule_Waldseite_Foto-Jean-Molitor-1-768x512.jpg 768w, \/2025\/wp-content\/uploads\/sites\/11\/2022\/03\/DE-Partner_Bernau_Bundesschule_Waldseite_Foto-Jean-Molitor-1.jpg 1500w\" sizes=\"(max-width: 1024px) 100vw, 1024px\" \/><\/a><figcaption class=\"wp-element-caption\">ADGB-Bundesschule Bernau<\/figcaption><\/figure>\n\n\n\n<p class=\"pb-2\">Seit 2017 ist das von den Hans Wittwer und Hannes Meyer entworfene Ensemble Teil des UNESCO-Welterbes &#8222;Das Bauhaus und seine St\u00e4tten in Weimar, Dessau und Bernau&#8220;. Anfang 2022 wurde das Besucherzentrum der nord\u00f6stlich von Berlin gelegenen ehemaligen Schule des Allgemeinen Deutschen Gewerkschaftsbundes (ADGB) eingeweiht.<\/p>\n<\/div>\n\n\n\n<div class=\"wp-block-column is-layout-flow wp-block-column-is-layout-flow\">\n<hr class=\"wp-block-separator has-css-opacity\"\/>\n\n\n\n<h1 class=\"wp-block-heading pb-2\">Fagus-Werk Alfeld<\/h1>\n\n\n\n<figure class=\"wp-block-image size-large\"><a href=\"\/2025\/netzwerk-deutscher-partnerstaedte\/de-partnerstaette-fagus-werk-alfeld\/\"><img loading=\"lazy\" decoding=\"async\" width=\"1024\" height=\"682\" src=\"\/2022\/wp-content\/uploads\/sites\/8\/2022\/02\/Fagus-Werk_Frontansicht_1280x853px-1024x682.jpg\" alt=\"\" class=\"wp-image-815\" srcset=\"\/2025\/wp-content\/uploads\/sites\/11\/2022\/02\/Fagus-Werk_Frontansicht_1280x853px-1024x682.jpg 1024w, \/2025\/wp-content\/uploads\/sites\/11\/2022\/02\/Fagus-Werk_Frontansicht_1280x853px-300x200.jpg 300w, \/2025\/wp-content\/uploads\/sites\/11\/2022\/02\/Fagus-Werk_Frontansicht_1280x853px-768x512.jpg 768w, \/2025\/wp-content\/uploads\/sites\/11\/2022\/02\/Fagus-Werk_Frontansicht_1280x853px.jpg 1280w\" sizes=\"(max-width: 1024px) 100vw, 1024px\" \/><\/a><figcaption class=\"wp-element-caption\">Fagus Werk Alfeld<\/figcaption><\/figure>\n\n\n\n<p class=\"pb-2\">Das Fagus-Werk liegt im nieders\u00e4chschichen Alfeld unweit von Hildesheim und weltweit als Ursprungsbau der Moderne. Das vom Architekten und Bauhaus-Gr\u00fcnder Walter Gropius errichtete Fabrikgeb\u00e4ude wurde 1911 erbaut, ist bis heute in Betrieb und wurde im Jahr 2011 als UNESCO-Weltkulturerbe ausgezeichnet. <br><\/p>\n<\/div>\n<\/div>\n\n\n\n<div class=\"wp-block-columns is-layout-flex wp-container-core-columns-is-layout-2 wp-block-columns-is-layout-flex\">\n<div class=\"wp-block-column is-layout-flow wp-block-column-is-layout-flow\">\n<hr class=\"wp-block-separator has-css-opacity\"\/>\n\n\n\n<h1 class=\"wp-block-heading pb-2\">V\u00f6lklinger H\u00fctte<\/h1>\n\n\n\n<figure class=\"wp-block-image size-large\"><a href=\"\/2025\/netzwerk-deutscher-partnerstaedte\/de-partnerstaette-voelklinger-huette\/\"><img loading=\"lazy\" decoding=\"async\" width=\"1024\" height=\"682\" src=\"\/2022\/wp-content\/uploads\/sites\/8\/2022\/02\/Voelklinger-Huette_Hochofengruppe-Rot_1280x852px-1024x682.jpg\" alt=\"\" class=\"wp-image-825\" srcset=\"\/2025\/wp-content\/uploads\/sites\/11\/2022\/02\/Voelklinger-Huette_Hochofengruppe-Rot_1280x852px-1024x682.jpg 1024w, \/2025\/wp-content\/uploads\/sites\/11\/2022\/02\/Voelklinger-Huette_Hochofengruppe-Rot_1280x852px-300x200.jpg 300w, \/2025\/wp-content\/uploads\/sites\/11\/2022\/02\/Voelklinger-Huette_Hochofengruppe-Rot_1280x852px-768x511.jpg 768w, \/2025\/wp-content\/uploads\/sites\/11\/2022\/02\/Voelklinger-Huette_Hochofengruppe-Rot_1280x852px.jpg 1280w\" sizes=\"(max-width: 1024px) 100vw, 1024px\" \/><\/a><figcaption class=\"wp-element-caption\">V\u00f6lklinger H\u00fctte<\/figcaption><\/figure>\n\n\n\n<p class=\"pb-2\">Das Weltkulturerbe V\u00f6lklinger H\u00fctte&nbsp;ist das erste Denkmal aus der Bl\u00fctezeit der Industrialisierung, das in die Welterbeliste der UNESCO aufgenommen wurde. Heute ist das ehemalige Eisenwerk ein faszinierender Ort der Industriekultur, Kunst und Natur. In der V\u00f6lklinger H\u00fctte spiegelt sich das Zeitalter der Hochindustrialisierung in einmaliger Weise. <\/p>\n<\/div>\n\n\n\n<div class=\"wp-block-column is-layout-flow wp-block-column-is-layout-flow\">\n<hr class=\"wp-block-separator has-css-opacity\"\/>\n\n\n\n<h1 class=\"wp-block-heading pb-2\">Zeche Zollverein<\/h1>\n\n\n\n<figure class=\"wp-block-image size-large\"><a href=\"\/2025\/netzwerk-deutscher-partnerstaedte\/de-partnerstaette-zeche-zollverein-essen\/\"><img loading=\"lazy\" decoding=\"async\" width=\"1024\" height=\"682\" src=\"\/2022\/wp-content\/uploads\/sites\/8\/2022\/03\/DE-Partner_Essen_20140903-zollverein-A-DB-FN-Jochen-Tack_005-ID2386-1024x682.jpg\" alt=\"\" class=\"wp-image-1320\" srcset=\"\/2025\/wp-content\/uploads\/sites\/11\/2022\/03\/DE-Partner_Essen_20140903-zollverein-A-DB-FN-Jochen-Tack_005-ID2386-1024x682.jpg 1024w, \/2025\/wp-content\/uploads\/sites\/11\/2022\/03\/DE-Partner_Essen_20140903-zollverein-A-DB-FN-Jochen-Tack_005-ID2386-300x200.jpg 300w, \/2025\/wp-content\/uploads\/sites\/11\/2022\/03\/DE-Partner_Essen_20140903-zollverein-A-DB-FN-Jochen-Tack_005-ID2386-768x512.jpg 768w, \/2025\/wp-content\/uploads\/sites\/11\/2022\/03\/DE-Partner_Essen_20140903-zollverein-A-DB-FN-Jochen-Tack_005-ID2386.jpg 1280w\" sizes=\"(max-width: 1024px) 100vw, 1024px\" \/><\/a><figcaption class=\"wp-element-caption\">Zollverein, Areal A, Schacht VII<\/figcaption><\/figure>\n\n\n\n<p>Die Zeche und Kokerei Zollverein in Essen ist nicht nur ein beeindruckendes Monument der Industriekultur, sondern auch ein Wahrzeichen des Ruhrgebiets und Symbol f\u00fcr die Transformation der einst gr\u00f6\u00dften Steinkohlenzeche der Welt zu einem Standort f\u00fcr Kultur, Freizeit, Bildung und Wirtschaft. Damit verbindet das UNESCO-Welterbe Erinnerungskultur mit Standortentwicklung.<\/p>\n\n\n\n<p><\/p>\n<\/div>\n<\/div>\n\n\n\n<div class=\"wp-block-columns is-layout-flex wp-container-core-columns-is-layout-3 wp-block-columns-is-layout-flex\">\n<div class=\"wp-block-column is-layout-flow wp-block-column-is-layout-flow\">\n<hr class=\"wp-block-separator has-css-opacity\"\/>\n\n\n\n<h1 class=\"wp-block-heading pb-2\">Mathildenh\u00f6he<\/h1>\n\n\n\n<figure class=\"wp-block-image size-large\"><a href=\"\/2025\/netzwerk-deutscher-partnerstaedte\/de-partnerstaette-mathildenhoehe-darmstadt\/\"><img loading=\"lazy\" decoding=\"async\" width=\"1024\" height=\"683\" src=\"\/2022\/wp-content\/uploads\/sites\/8\/2022\/03\/DE-Partner_Darmstadt_Mathildenhoehe_Ensemble_Hochzeitsturm-AustHalle_RussKapelle_Lilienbecken_Foto_Nikolaus-Heis-1024x683.jpg\" alt=\"\" class=\"wp-image-1319\" srcset=\"\/2025\/wp-content\/uploads\/sites\/11\/2022\/03\/DE-Partner_Darmstadt_Mathildenhoehe_Ensemble_Hochzeitsturm-AustHalle_RussKapelle_Lilienbecken_Foto_Nikolaus-Heis-1024x683.jpg 1024w, \/2025\/wp-content\/uploads\/sites\/11\/2022\/03\/DE-Partner_Darmstadt_Mathildenhoehe_Ensemble_Hochzeitsturm-AustHalle_RussKapelle_Lilienbecken_Foto_Nikolaus-Heis-300x200.jpg 300w, \/2025\/wp-content\/uploads\/sites\/11\/2022\/03\/DE-Partner_Darmstadt_Mathildenhoehe_Ensemble_Hochzeitsturm-AustHalle_RussKapelle_Lilienbecken_Foto_Nikolaus-Heis-768x512.jpg 768w, \/2025\/wp-content\/uploads\/sites\/11\/2022\/03\/DE-Partner_Darmstadt_Mathildenhoehe_Ensemble_Hochzeitsturm-AustHalle_RussKapelle_Lilienbecken_Foto_Nikolaus-Heis.jpg 1280w\" sizes=\"(max-width: 1024px) 100vw, 1024px\" \/><\/a><figcaption class=\"wp-element-caption\">Mathildenh\u00f6he Darmstadt<\/figcaption><\/figure>\n\n\n\n<p>Im Juli 2021 wurde die Mathildenh\u00f6he in die Liste des UNESCO-Welterbes eingetragen. 1899 als K\u00fcnstlerkolonie entstanden, ist sie heute ein herausragendes Beispiel f\u00fcr experimentelle Architektur des fr\u00fchen 20. Jahrhunderts bestehend aus Hochzeitsturm, Ausstellungsgeb\u00e4ude, Museum K\u00fcnstlerkolonie, Platanenhain und mehreren K\u00fcnstlerh\u00e4usern.<\/p>\n\n\n\n<p><\/p>\n<\/div>\n\n\n\n<div class=\"wp-block-column is-layout-flow wp-block-column-is-layout-flow\">\n<hr class=\"wp-block-separator has-css-opacity\"\/>\n\n\n\n<h1 class=\"wp-block-heading pb-2\">Neues Frankfurt<\/h1>\n\n\n\n<figure class=\"wp-block-image size-large\"><img loading=\"lazy\" decoding=\"async\" width=\"1024\" height=\"683\" src=\"\/2022\/wp-content\/uploads\/sites\/8\/2022\/02\/Roemerstadt_PhilippMeuser_1680px-1024x683.jpg\" alt=\"\" class=\"wp-image-1248\" srcset=\"\/2025\/wp-content\/uploads\/sites\/11\/2022\/02\/Roemerstadt_PhilippMeuser_1680px-1024x683.jpg 1024w, \/2025\/wp-content\/uploads\/sites\/11\/2022\/02\/Roemerstadt_PhilippMeuser_1680px-300x200.jpg 300w, \/2025\/wp-content\/uploads\/sites\/11\/2022\/02\/Roemerstadt_PhilippMeuser_1680px-768x512.jpg 768w, \/2025\/wp-content\/uploads\/sites\/11\/2022\/02\/Roemerstadt_PhilippMeuser_1680px-1536x1024.jpg 1536w, \/2025\/wp-content\/uploads\/sites\/11\/2022\/02\/Roemerstadt_PhilippMeuser_1680px.jpg 1680w\" sizes=\"(max-width: 1024px) 100vw, 1024px\" \/><figcaption class=\"wp-element-caption\">R\u00f6merstadt, Frankfurt am Main<\/figcaption><\/figure>\n\n\n\n<p>In den 1920er Jahren wurde in Frankfurt ein beispielloses Programm des St\u00e4dtebaus umgesetzt, das als Neues Frankfurt in die Geschichte einging. Unter dem damaligen Oberb\u00fcrgermeister Ludwig Landmann und dem Stadtbaurat Ernst May nahm die Moderne am Main Gestalt an, indem durchgr\u00fcnte Trabanten- und Gartenst\u00e4dte entstanden.<\/p>\n<\/div>\n<\/div>\n\n\n\n<div class=\"wp-block-columns is-layout-flex wp-container-core-columns-is-layout-4 wp-block-columns-is-layout-flex\">\n<div class=\"wp-block-column is-layout-flow wp-block-column-is-layout-flow\">\n<hr class=\"wp-block-separator has-css-opacity\"\/>\n\n\n\n<h1 class=\"wp-block-heading pb-2\">Bauten Le Corbusiers<\/h1>\n\n\n\n<figure class=\"wp-block-image size-large\"><a href=\"\/2025\/netzwerk-deutscher-partnerstaedte\/de-partnerstaette-weissenhof-museum\/\"><img decoding=\"async\" src=\"\/2022\/wp-content\/uploads\/sites\/8\/2022\/03\/DE-Partner_weissenhofmuseum_Einfam_u_Doppelhaus_LC_180925003_Copyright_Brigida-Gonzalez_MidRes-1024x683.jpg\" alt=\"\" class=\"wp-image-1702\"\/><\/a><figcaption class=\"wp-element-caption\">Le Corbusier H\u00e4user, Stuttgart<\/figcaption><\/figure>\n\n\n\n<p>Seit Juli 2016 geh\u00f6ren das Doppelhaus und das Einfamilienhaus von Le Corbusier in der Weissenhofsiedlung zum transnationalen UNESCO-Welterbe \u201eDas architektonische Werk von Le Corbusier\u201c. Die H\u00e4user entstanden 1927 zusammen mit 30 weiteren Bauten im Zuge einer Bauausstellung. Zur Welterbest\u00e4tte z\u00e4hlen weitere Ensembles in Frankreich, Belgien, Indien, Japan, Argentinien und der Schweiz. <br><\/p>\n<\/div>\n\n\n\n<div class=\"wp-block-column is-layout-flow wp-block-column-is-layout-flow\">\n<hr class=\"wp-block-separator has-css-opacity\"\/>\n\n\n\n<h1 class=\"wp-block-heading pb-2\">Weitere Partner*innen<\/h1>\n\n\n\n<figure class=\"wp-block-image size-large is-resized\"><a href=\"\/2025\/european-triennial-of-modernism-etom\/\"><img decoding=\"async\" src=\"\/2022\/wp-content\/uploads\/sites\/8\/2021\/12\/TdM_Logo_Europa_Karte-1024x690.jpg\" alt=\"\" class=\"wp-image-226\"\/><\/a><figcaption class=\"wp-element-caption\">  Netzwerk der Moderne in Europa<\/figcaption><\/figure>\n\n\n\n<p>Neben Partnerst\u00e4dten der Moderne in Deutschland will die Triennale l\u00e4ngerfristig auch ein Netzwerk der Moderne in Europa etablieren. Auch hierzu wurden ein erster Auftakt gemacht und insgesamt 32 Partner*innen aus insgesamt 12 zentraleurop\u00e4ischen L\u00e4ndern gewonnen wurden:<\/p>\n\n\n\n<ul class=\"wp-block-list\">\n<li><span style=\"color: initial;\"><a href=\"\/2025\/european-triennial-of-modernism-etom\/\" data-type=\"page\" data-id=\"654\">European Triennial of Modernism (ETOM)<\/a><\/span><\/li>\n<\/ul>\n<\/div>\n<\/div>\n","protected":false},"excerpt":{"rendered":"<p>UNESCO-Welterbest\u00e4tten der Moderne Partnerst\u00e4tten der Triennale der Moderne 2022 in Deutschland Von den insgesamt 51 deutschen Welterbest\u00e4tten z\u00e4hlen gleich mehrere zum Erbe der Moderne des 20. Jahrhunderts und der Industrialisierung. Im Rahmen der Er\u00f6ffnungsveranstaltung der Triennale der Moderne 2022 erfolgte ein erster Schritt der Vernetzung, bei der sich sieben weitere deutsche Welterbest\u00e4tten sowie das Neue [&hellip;]<\/p>\n","protected":false},"author":1,"featured_media":0,"parent":0,"menu_order":0,"comment_status":"closed","ping_status":"closed","template":"","meta":{"_acf_changed":false,"_seopress_robots_primary_cat":"","_seopress_titles_title":"","_seopress_titles_desc":"","_seopress_robots_index":"","footnotes":""},"class_list":["post-59","page","type-page","status-publish","hentry"],"acf":[],"_links":{"self":[{"href":"https:\/\/triennale-der-moderne.de\/2025\/wp-json\/wp\/v2\/pages\/59"}],"collection":[{"href":"https:\/\/triennale-der-moderne.de\/2025\/wp-json\/wp\/v2\/pages"}],"about":[{"href":"https:\/\/triennale-der-moderne.de\/2025\/wp-json\/wp\/v2\/types\/page"}],"author":[{"embeddable":true,"href":"https:\/\/triennale-der-moderne.de\/2025\/wp-json\/wp\/v2\/users\/1"}],"replies":[{"embeddable":true,"href":"https:\/\/triennale-der-moderne.de\/2025\/wp-json\/wp\/v2\/comments?post=59"}],"version-history":[{"count":8,"href":"https:\/\/triennale-der-moderne.de\/2025\/wp-json\/wp\/v2\/pages\/59\/revisions"}],"predecessor-version":[{"id":8785,"href":"https:\/\/triennale-der-moderne.de\/2025\/wp-json\/wp\/v2\/pages\/59\/revisions\/8785"}],"wp:attachment":[{"href":"https:\/\/triennale-der-moderne.de\/2025\/wp-json\/wp\/v2\/media?parent=59"}],"curies":[{"name":"wp","href":"https:\/\/api.w.org\/{rel}","templated":true}]}}