{"id":56,"date":"2022-09-03T13:56:57","date_gmt":"2022-09-03T11:56:57","guid":{"rendered":"\/2025\/dessau-programm-2022\/"},"modified":"2025-08-25T19:37:41","modified_gmt":"2025-08-25T17:37:41","slug":"dessau-programm","status":"publish","type":"page","link":"\/2025\/dessau-programm\/","title":{"rendered":"Dessau &#8211; Programm 2025"},"content":{"rendered":"\n<div class=\"wp-block-columns is-layout-flex wp-container-core-columns-is-layout-1 wp-block-columns-is-layout-flex\">\n<div class=\"wp-block-column is-layout-flow wp-block-column-is-layout-flow\" style=\"flex-basis:66.66%\">\n<figure class=\"wp-block-image size-large\"><img loading=\"lazy\" decoding=\"async\" width=\"1024\" height=\"683\" src=\"\/2025\/wp-content\/uploads\/sites\/11\/2025\/08\/TDM-2025_Visual_04_Bauhaus-Dessau-1024x683.jpg\" alt=\"\" class=\"wp-image-8233\" srcset=\"\/2025\/wp-content\/uploads\/sites\/11\/2025\/08\/TDM-2025_Visual_04_Bauhaus-Dessau-1024x683.jpg 1024w, \/2025\/wp-content\/uploads\/sites\/11\/2025\/08\/TDM-2025_Visual_04_Bauhaus-Dessau-300x200.jpg 300w, \/2025\/wp-content\/uploads\/sites\/11\/2025\/08\/TDM-2025_Visual_04_Bauhaus-Dessau-768x512.jpg 768w, \/2025\/wp-content\/uploads\/sites\/11\/2025\/08\/TDM-2025_Visual_04_Bauhaus-Dessau.jpg 1200w\" sizes=\"(max-width: 1024px) 100vw, 1024px\" \/><\/figure>\n<\/div>\n\n\n\n<div class=\"wp-block-column is-layout-flow wp-block-column-is-layout-flow\" style=\"flex-basis:33.33%\">\n<h2 class=\"wp-block-heading pb-2\">Service und Kontakt<\/h2>\n\n\n\n<p><strong>Stiftung Bauhaus Dessau<\/strong><br>Gropiusallee 38, 06846 Dessau-Ro\u00dflau<br>Tel.: 0340-6508250 <br><a href=\"http:\/\/www.bauhaus-dessau.de\" target=\"_blank\" rel=\"noreferrer noopener\">www.bauhaus-dessau.de<\/a>&nbsp;<\/p>\n\n\n\n<p class=\"pb-3\"><strong>Tourist-Information<\/strong><br>Dessau: Ratsgasse 11, Tel.: 0340-882920-00 <br>Ro\u00dflau: Hauptstra\u00dfe 11, Tel.: 034901-82467<br><a href=\"mailto:post@visitdessau.com\">post@visitdessau.com<\/a><br><a href=\"http:\/\/www.visitdessau.com\" target=\"_blank\" rel=\"noreferrer noopener\">www.visitdessau.com<\/a><\/p>\n\n\n\n<p class=\"pb-5\"><em>Alle Angaben ohne Gew\u00e4hr. \u00c4nderungen vorbehalten. Fehlende Angaben werden laufend erg\u00e4nzt.<\/em><\/p>\n\n\n\n<h1 class=\"wp-block-heading pb-3\">Gef\u00f6rdert durch<\/h1>\n\n\n\n<figure class=\"wp-block-image size-full\"><img loading=\"lazy\" decoding=\"async\" width=\"1024\" height=\"205\" src=\"\/2025\/wp-content\/uploads\/sites\/11\/2025\/08\/LSA_BUND_moderndenken_RGB_oRand-1024x205-1.png\" alt=\"\" class=\"wp-image-9088\" srcset=\"\/2025\/wp-content\/uploads\/sites\/11\/2025\/08\/LSA_BUND_moderndenken_RGB_oRand-1024x205-1.png 1024w, \/2025\/wp-content\/uploads\/sites\/11\/2025\/08\/LSA_BUND_moderndenken_RGB_oRand-1024x205-1-300x60.png 300w, \/2025\/wp-content\/uploads\/sites\/11\/2025\/08\/LSA_BUND_moderndenken_RGB_oRand-1024x205-1-768x154.png 768w\" sizes=\"(max-width: 1024px) 100vw, 1024px\" \/><\/figure>\n<\/div>\n<\/div>\n\n\n\n<div class=\"wp-block-columns is-layout-flex wp-container-core-columns-is-layout-2 wp-block-columns-is-layout-flex\">\n<div class=\"wp-block-column is-layout-flow wp-block-column-is-layout-flow\">\n<hr class=\"wp-block-separator has-alpha-channel-opacity\"\/>\n\n\n\n<h1 class=\"wp-block-heading pb-4\">Freitag, 26.9.2025<\/h1>\n\n\n\n<h4 class=\"wp-block-heading\">Unsichtbares Bauhaus + <br>1925 \u2013 das Bauhaus kommt nach Dessau<\/h4>\n\n\n\n<ul class=\"wp-block-list\">\n<li class=\"pb-2\"><strong>17:00 Uhr:<\/strong> Lesung&nbsp;\/ Pr\u00e4sentation: <br>Unsichtbares Bauhaus + 1925 \u2013das Bauhaus kommt nach Dessau; Veranstalterin: Stiftung Bauhaus Dessau; Ort: Bauhaus Museum Dessau, Mies-van-der-Rohe-Platz 1, 06844 Dessau-Ro\u00dflau; kostenfrei<\/li>\n\n\n\n<li><strong>Weitere Lesungen<\/strong> nach dem Triennale-Wochenende:\n<ul class=\"wp-block-list\">\n<li>28.10.2025 Bauhaus Museum Dessau<\/li>\n\n\n\n<li>25.11.2025 Museum f\u00fcr Stadtgeschichte<\/li>\n\n\n\n<li>16.12.2025 Anhaltische Gem\u00e4ldegalerie Dessau<\/li>\n<\/ul>\n<\/li>\n<\/ul>\n<\/div>\n\n\n\n<div class=\"wp-block-column is-layout-flow wp-block-column-is-layout-flow\">\n<hr class=\"wp-block-separator has-alpha-channel-opacity\"\/>\n\n\n\n<h1 class=\"wp-block-heading pb-4\">Samstag, 27.9.2025<\/h1>\n\n\n\n<h4 class=\"wp-block-heading\">Unsichtbares Bauhaus Dessau<\/h4>\n\n\n\n<ul class=\"wp-block-list\">\n<li><strong>Videowalk:<\/strong> eigene Tour im Stadtraum; Informationen: <a href=\"http:\/\/bauhaus-dessau.de\/unsichtbares-bauhaus-dessau\" data-type=\"link\" data-id=\"bauhaus-dessau.de\/unsichtbares-bauhaus-dessau\" target=\"_blank\" rel=\"noreferrer noopener\">bauhaus-dessau.de\/unsichtbares-bauhaus-dessau<\/a><\/li>\n\n\n\n<li class=\"pb-2\"><strong>F\u00fchrungen:<\/strong> 27.9., 28.9.2025, je 10:00 Uhr sowie 4.10.\/18.10.\/1.11.\/15.11.2025, je 14:00 Uhr, Start: Tourist-Information Dessau, Kosten: 12\u20ac p. P. (erm. 8\u20ac)<\/li>\n<\/ul>\n\n\n\n<h4 class=\"wp-block-heading\">Auf den Spuren von Paul Klee<\/h4>\n\n\n\n<ul class=\"wp-block-list\">\n<li><strong>Audiowalk:<\/strong> eigene Tour in Stadtraum und Parkanlagen Dessaus; Start: Meisterhaus Kandinsky&nbsp;\/ Klee, Ebertallee 69\/71, 06846 Dessau-Ro\u00dflau; Informationen: <a href=\"http:\/\/bauhaus-dessau.de\/unsichtbares-bauhaus-dessau\" data-type=\"link\" data-id=\"bauhaus-dessau.de\/unsichtbares-bauhaus-dessau\" target=\"_blank\" rel=\"noreferrer noopener\">bauhaus-dessau.de\/unsichtbares-bauhaus-dessau<\/a><\/li>\n\n\n\n<li><strong>Weitere F\u00fchrungen:<\/strong> 27.9.\/28.9.\/11.10.\/25.10.\/8.11.\/22.11.2025, je 14:00 Uhr; Start: Meisterhaus Kandinsky\u00a0\/ Klee; Kosten: 12\u20ac p. P. (erm. 8\u20ac), Informationen: Tourist-Informationen Dessau und Ro\u00dflau, <a href=\"http:\/\/visitdessau.com\/fuehrungen\/oeffentliche-fuehrungen\/\" target=\"_blank\" rel=\"noreferrer noopener\">visitdessau.com\/fuehrungen\/oeffentliche-fuehrungen\/<\/a><\/li>\n<\/ul>\n\n\n\n<p><\/p>\n<\/div>\n\n\n\n<div class=\"wp-block-column is-layout-flow wp-block-column-is-layout-flow\">\n<hr class=\"wp-block-separator has-alpha-channel-opacity\"\/>\n\n\n\n<h1 class=\"wp-block-heading pb-4\">Sonntag, 28.9.2025<\/h1>\n\n\n\n<h4 class=\"wp-block-heading\">Unsichtbares Bauhaus Dessau<\/h4>\n\n\n\n<ul class=\"wp-block-list\">\n<li><strong>Videowalk:<\/strong> eigene Tour im Stadtraum; Informationen: <a href=\"http:\/\/bauhaus-dessau.de\/unsichtbares-bauhaus-dessau\" data-type=\"link\" data-id=\"bauhaus-dessau.de\/unsichtbares-bauhaus-dessau\" target=\"_blank\" rel=\"noreferrer noopener\">bauhaus-dessau.de\/unsichtbares-bauhaus-dessau<\/a><\/li>\n\n\n\n<li class=\"pb-2\"><strong>F\u00fchrungen:<\/strong> 27.9., 28.9.2025, je 10:00 Uhr sowie 4.10.\/18.10.\/1.11.\/15.11.2025, je 14:00 Uhr, Start: Tourist-Information Dessau, Kosten: 12\u20ac p. P. (erm. 8\u20ac)<\/li>\n<\/ul>\n\n\n\n<h4 class=\"wp-block-heading\">Auf den Spuren von Paul Klee<\/h4>\n\n\n\n<ul class=\"wp-block-list\">\n<li><strong>Audiowalk:<\/strong> eigene Tour in Stadtraum und Parkanlagen Dessaus; Start: Meisterhaus Kandinsky&nbsp;\/ Klee, Ebertallee 69\/71, 06846 Dessau-Ro\u00dflau; Informationen: <a href=\"http:\/\/bauhaus-dessau.de\/unsichtbares-bauhaus-dessau\" data-type=\"link\" data-id=\"bauhaus-dessau.de\/unsichtbares-bauhaus-dessau\" target=\"_blank\" rel=\"noreferrer noopener\">bauhaus-dessau.de\/unsichtbares-bauhaus-dessau<\/a><\/li>\n\n\n\n<li><strong>Weitere F\u00fchrungen:<\/strong> 27.9.\/28.9.\/11.10.\/25.10.\/8.11.\/22.11.2025, je 14:00 Uhr; Start: Meisterhaus Kandinsky\u00a0\/ Klee; Kosten: 12\u20ac p. P. (erm. 8\u20ac), Informationen: Tourist-Informationen Dessau und Ro\u00dflau, <a href=\"https:\/\/www.visitdessau.com\/fuehrungen\/oeffentliche-fuehrungen\/.\" target=\"_blank\" rel=\"noreferrer noopener\">visitdessau.com\/fuehrungen\/oeffentliche-fuehrungen\/<\/a><\/li>\n<\/ul>\n\n\n\n<p><\/p>\n<\/div>\n<\/div>\n\n\n\n<h1 class=\"wp-block-heading pb-3\"><\/h1>\n","protected":false},"excerpt":{"rendered":"<p>Service und Kontakt Stiftung Bauhaus DessauGropiusallee 38, 06846 Dessau-Ro\u00dflauTel.: 0340-6508250 www.bauhaus-dessau.de&nbsp; Tourist-InformationDessau: Ratsgasse 11, Tel.: 0340-882920-00 Ro\u00dflau: Hauptstra\u00dfe 11, Tel.: 034901-82467post@visitdessau.comwww.visitdessau.com Alle Angaben ohne Gew\u00e4hr. \u00c4nderungen vorbehalten. Fehlende Angaben werden laufend erg\u00e4nzt. Gef\u00f6rdert durch Freitag, 26.9.2025 Unsichtbares Bauhaus + 1925 \u2013 das Bauhaus kommt nach Dessau Samstag, 27.9.2025 Unsichtbares Bauhaus Dessau Auf den Spuren von [&hellip;]<\/p>\n","protected":false},"author":1,"featured_media":0,"parent":0,"menu_order":0,"comment_status":"closed","ping_status":"closed","template":"","meta":{"_acf_changed":false,"_seopress_robots_primary_cat":"","_seopress_titles_title":"","_seopress_titles_desc":"","_seopress_robots_index":"","footnotes":""},"class_list":["post-56","page","type-page","status-publish","hentry"],"acf":[],"_links":{"self":[{"href":"https:\/\/triennale-der-moderne.de\/2025\/wp-json\/wp\/v2\/pages\/56"}],"collection":[{"href":"https:\/\/triennale-der-moderne.de\/2025\/wp-json\/wp\/v2\/pages"}],"about":[{"href":"https:\/\/triennale-der-moderne.de\/2025\/wp-json\/wp\/v2\/types\/page"}],"author":[{"embeddable":true,"href":"https:\/\/triennale-der-moderne.de\/2025\/wp-json\/wp\/v2\/users\/1"}],"replies":[{"embeddable":true,"href":"https:\/\/triennale-der-moderne.de\/2025\/wp-json\/wp\/v2\/comments?post=56"}],"version-history":[{"count":27,"href":"https:\/\/triennale-der-moderne.de\/2025\/wp-json\/wp\/v2\/pages\/56\/revisions"}],"predecessor-version":[{"id":9461,"href":"https:\/\/triennale-der-moderne.de\/2025\/wp-json\/wp\/v2\/pages\/56\/revisions\/9461"}],"wp:attachment":[{"href":"https:\/\/triennale-der-moderne.de\/2025\/wp-json\/wp\/v2\/media?parent=56"}],"curies":[{"name":"wp","href":"https:\/\/api.w.org\/{rel}","templated":true}]}}