{"id":11837,"date":"2026-04-23T08:52:33","date_gmt":"2026-04-23T06:52:33","guid":{"rendered":"\/2025\/?page_id=11837"},"modified":"2026-04-23T14:10:29","modified_gmt":"2026-04-23T12:10:29","slug":"etom-milestone-2026","status":"publish","type":"page","link":"\/2025\/etom-milestone-2026\/","title":{"rendered":"Trencin-ETOM-Milestone-2026"},"content":{"rendered":"\n<h1 class=\"wp-block-heading\">ETOM Milestone-Conference 2026<\/h1>\n\n\n\n<h2 class=\"wp-block-heading\">21\u201323 October 2026 in Tren\u010din\/Slovakia<\/h2>\n\n\n\n<h3 class=\"wp-block-heading pb-3\">The conference held within the official programme of European Capital of Culture (ECOC) Tren\u010din 2026, invites scholars, architects, planners, educators, researchers, and policymakers to reflect on how modern architecture, landscape, and planning visions can be reinterpreted and reactivated in the twenty-first century. The conference seeks an interdisciplinary dialogue across time and scale\u2014linking architectural form with territorial context, and historical experience with contemporary and future scenarios. See you on 21-23 October in Tren\u010din &#8230;<\/h3>\n\n\n\n<figure class=\"wp-block-image size-large pb-4\"><img loading=\"lazy\" decoding=\"async\" width=\"1024\" height=\"593\" src=\"\/2025\/wp-content\/uploads\/sites\/11\/2026\/01\/ETOM-Milestone-2026_Trencin_ModernismRevisted-1024x593.jpg\" alt=\"\" class=\"wp-image-11779\" srcset=\"\/2025\/wp-content\/uploads\/sites\/11\/2026\/01\/ETOM-Milestone-2026_Trencin_ModernismRevisted-1024x593.jpg 1024w, \/2025\/wp-content\/uploads\/sites\/11\/2026\/01\/ETOM-Milestone-2026_Trencin_ModernismRevisted-300x174.jpg 300w, \/2025\/wp-content\/uploads\/sites\/11\/2026\/01\/ETOM-Milestone-2026_Trencin_ModernismRevisted-768x445.jpg 768w, \/2025\/wp-content\/uploads\/sites\/11\/2026\/01\/ETOM-Milestone-2026_Trencin_ModernismRevisted.jpg 1132w\" sizes=\"(max-width: 1024px) 100vw, 1024px\" \/><\/figure>\n\n\n\n<div class=\"wp-block-columns is-layout-flex wp-container-core-columns-is-layout-1 wp-block-columns-is-layout-flex\">\n<div class=\"wp-block-column is-layout-flow wp-block-column-is-layout-flow\" style=\"flex-basis:66%\">\n<h1 class=\"wp-block-heading\">ETOM Milestone-Conference 2026<\/h1>\n\n\n\n<h2 class=\"wp-block-heading pb-3\">21\u201323 October 2026 in Tren\u010din\/Slovakia<\/h2>\n\n\n\n<h1 class=\"wp-block-heading pb-2\">Outline of the Conference<\/h1>\n\n\n\n<p>Modernism Revisited 2026, held within the official programme of European Capital of Culture (ECOC) Tren\u010din 2026, invites scholars, architects, planners, educators, researchers, and policymakers to reflect on how modern architecture, landscape, and planning visions can be reinterpreted and reactivated in the twenty-first century. The conference seeks an interdisciplinary dialogue across time and scale\u2014linking architectural form with territorial context, and historical experience with contemporary and future scenarios. This conference is organised by the Jaromir Krejcar Society and the ETOM NEB Lab partnered with DOCOMOMO Slovakia.<\/p>\n\n\n\n<p>Modernism\u2014both as a historical movement and as an continuous architectural, technological, and cultural layer\u2014continues to shape how we build, inhabit, and imagine the world. Emerging from diverse political, climatic, and cultural contexts\u2014from liberal democracies to state-planned economies\u2014in the past century generated a wide spectrum of approaches to architecture, urbanism, and life. <\/p>\n\n\n\n<p class=\"pb-3\">Today, these multiple legacies face new realities: ecological transitions, demographic shifts, and the transformation of once-public infrastructures and institutions. While mere technocratic, aesthetically formalistic and ideologically dogmatic conceptions of Modernism did not survive. The theories, practices and ideologies of modern thinking continue to shape our realities, while being constantly challenged and questioned. In order to challenge the current multicrisis, the humanist, emancipatory and social aspects need to be considered. The legacy of Modernism lives on as a structural framework to be filled in with contemporary ideas.<\/p>\n\n\n\n<hr class=\"wp-block-separator has-alpha-channel-opacity\"\/>\n\n\n\n<h2 class=\"wp-block-heading\">Call for Concepts and Registration<\/h2>\n\n\n\n<ul class=\"wp-block-list\">\n<li><a href=\"\/2025\/wp-content\/uploads\/sites\/11\/2025\/12\/ModernismRevisited2026_Call.pdf\" target=\"_blank\" rel=\"noreferrer noopener\">Further information<\/a><\/li>\n\n\n\n<li><a href=\"https:\/\/docs.google.com\/forms\/d\/e\/1FAIpQLSeFGoMT_zl33sXW6n2SgJaJpBu47iqFXnBMJIeMkRIX9zQaxg\/viewform\" target=\"_blank\" rel=\"noreferrer noopener\">Registration (via Google-Form)<\/a><\/li>\n<\/ul>\n\n\n\n<p><strong>Deadline Schedule:<\/strong><\/p>\n\n\n\n<ul class=\"wp-block-list\">\n<li>Scholarly papers<\/li>\n\n\n\n<li>Practice-based presentations<\/li>\n\n\n\n<li>Case studies (successful or unsuccessful transformations)<\/li>\n\n\n\n<li>Comparative or cross-regional analyses<\/li>\n\n\n\n<li>Theoretical, conceptual or other relevant reflections<\/li>\n<\/ul>\n\n\n\n<p><strong>Possible Formats:<\/strong><\/p>\n\n\n\n<ul class=\"wp-block-list\">\n<li>02 December 2025 \u2014 Open Call for Abstracts<\/li>\n\n\n\n<li>09 February 2026 \u2014 Call for Abstracts deadline<\/li>\n\n\n\n<li>30 April 2026 \u2014 1st version of the final Paper submission deadline<\/li>\n\n\n\n<li>15 June 2026 \u2014 2nd final version of the paper submission deadline<\/li>\n\n\n\n<li class=\"pb-4\"><strong>21\u201323 October 2026 \u2014 Conference in Tren\u010din<\/strong><\/li>\n<\/ul>\n\n\n\n<hr class=\"wp-block-separator has-alpha-channel-opacity\"\/>\n\n\n\n<h1 class=\"wp-block-heading pb-3\">Tren\u010din \u2013 European Capital of Culture<\/h1>\n\n\n\n<p class=\"pb-3\">The title&nbsp;<strong>European Capital of Culture<\/strong>&nbsp;is a prestigious award granted annually by the European Union to one or more cities with the aim of fostering cultural development, creativity, and international cooperation.&nbsp;Being proclaimed as a European Capital of Culture puts the spot on the cities cultural activities and point of interest. Taking up this opportunity, Tren\u010d\u00edn 2026 aims to transform the city and the region through culture and cooperation with Europe. The scheduled events and cooperations are designed to build long-term relationships. The widespread program will feature exhibitions and events in unexpected places that allow visitors and the cities society to experience them differently than usual.<\/p>\n\n\n\n<figure class=\"wp-block-image size-large pb-5\"><img loading=\"lazy\" decoding=\"async\" width=\"1024\" height=\"724\" src=\"\/2025\/wp-content\/uploads\/sites\/11\/2026\/04\/Milestone-2026_Trencin-EuCoC-1024x724.jpg\" alt=\"\" class=\"wp-image-11867\" srcset=\"\/2025\/wp-content\/uploads\/sites\/11\/2026\/04\/Milestone-2026_Trencin-EuCoC-1024x724.jpg 1024w, \/2025\/wp-content\/uploads\/sites\/11\/2026\/04\/Milestone-2026_Trencin-EuCoC-300x212.jpg 300w, \/2025\/wp-content\/uploads\/sites\/11\/2026\/04\/Milestone-2026_Trencin-EuCoC-768x543.jpg 768w, \/2025\/wp-content\/uploads\/sites\/11\/2026\/04\/Milestone-2026_Trencin-EuCoC-1536x1086.jpg 1536w, \/2025\/wp-content\/uploads\/sites\/11\/2026\/04\/Milestone-2026_Trencin-EuCoC-2048x1448.jpg 2048w\" sizes=\"(max-width: 1024px) 100vw, 1024px\" \/><figcaption class=\"wp-element-caption\">Screenshot \u2013 Credits and details see on the <a href=\"https:\/\/www.trencin2026.eu\/en\/for-the-media\/\" target=\"_blank\" rel=\"noreferrer noopener\">announcing website<\/a><\/figcaption><\/figure>\n\n\n\n<hr class=\"wp-block-separator has-alpha-channel-opacity\"\/>\n\n\n\n<h1 class=\"wp-block-heading pb-4\">Stay tuned via Social Media<\/h1>\n\n\n\n<figure class=\"wp-block-image size-large\"><img loading=\"lazy\" decoding=\"async\" width=\"1024\" height=\"454\" src=\"\/2022\/wp-content\/uploads\/sites\/8\/2022\/09\/TDM-2022_Visual_TDM-Web-1024x454.png\" alt=\"\" class=\"wp-image-3565\" srcset=\"\/2025\/wp-content\/uploads\/sites\/11\/2022\/09\/TDM-2022_Visual_TDM-Web-1024x454.png 1024w, \/2025\/wp-content\/uploads\/sites\/11\/2022\/09\/TDM-2022_Visual_TDM-Web-300x133.png 300w, \/2025\/wp-content\/uploads\/sites\/11\/2022\/09\/TDM-2022_Visual_TDM-Web-768x340.png 768w, \/2025\/wp-content\/uploads\/sites\/11\/2022\/09\/TDM-2022_Visual_TDM-Web-1536x680.png 1536w, \/2025\/wp-content\/uploads\/sites\/11\/2022\/09\/TDM-2022_Visual_TDM-Web-2048x907.png 2048w\" sizes=\"(max-width: 1024px) 100vw, 1024px\" \/><\/figure>\n\n\n\n<p><\/p>\n\n\n\n<ul class=\"wp-block-list\">\n<li><strong><a href=\"https:\/\/www.facebook.com\/TriennaleDerModerne\" target=\"_blank\" rel=\"noreferrer noopener\">Facebook<\/a><\/strong> (#TriennaleDerModerne)<\/li>\n\n\n\n<li><strong><a href=\"https:\/\/twitter.com\/TdModerne\/\">Twitter<\/a><\/strong> (@TdModerne)<\/li>\n\n\n\n<li><strong><a href=\"https:\/\/www.instagram.com\/triennale_der_moderne\/\">Instagram<\/a><\/strong> (@triennale_der_moderne)<\/li>\n\n\n\n<li><strong><a href=\"https:\/\/www.youtube.com\/channel\/UCSEBVtLlkQF0m28O2qE8icg\">Youtube<\/a><\/strong>&nbsp;(#Triennale-der-Moderne)<\/li>\n<\/ul>\n<\/div>\n\n\n\n<div class=\"wp-block-column is-layout-flow wp-block-column-is-layout-flow\" style=\"flex-basis:30%\">\n<h1 class=\"wp-block-heading pb-4\">About ETOM<\/h1>\n\n\n\n<figure class=\"wp-block-image size-large pb-2\"><img loading=\"lazy\" decoding=\"async\" width=\"1024\" height=\"689\" src=\"\/2022\/wp-content\/uploads\/sites\/8\/2023\/08\/ETOM-2023_Logo-Visual-1024x689.jpg\" alt=\"\" class=\"wp-image-4822\" srcset=\"\/2025\/wp-content\/uploads\/sites\/11\/2023\/08\/ETOM-2023_Logo-Visual-1024x689.jpg 1024w, \/2025\/wp-content\/uploads\/sites\/11\/2023\/08\/ETOM-2023_Logo-Visual-300x202.jpg 300w, \/2025\/wp-content\/uploads\/sites\/11\/2023\/08\/ETOM-2023_Logo-Visual-768x517.jpg 768w, \/2025\/wp-content\/uploads\/sites\/11\/2023\/08\/ETOM-2023_Logo-Visual-1536x1034.jpg 1536w, \/2025\/wp-content\/uploads\/sites\/11\/2023\/08\/ETOM-2023_Logo-Visual-2048x1378.jpg 2048w\" sizes=\"(max-width: 1024px) 100vw, 1024px\" \/><\/figure>\n\n\n\n<figure class=\"wp-block-image size-large pb-2\"><img loading=\"lazy\" decoding=\"async\" width=\"1024\" height=\"256\" src=\"\/2022\/wp-content\/uploads\/sites\/8\/2024\/10\/NEB_logo_small_horizontal-1024x256.png\" alt=\"\" class=\"wp-image-7441\" srcset=\"\/2025\/wp-content\/uploads\/sites\/11\/2024\/10\/NEB_logo_small_horizontal-1024x256.png 1024w, \/2025\/wp-content\/uploads\/sites\/11\/2024\/10\/NEB_logo_small_horizontal-300x75.png 300w, \/2025\/wp-content\/uploads\/sites\/11\/2024\/10\/NEB_logo_small_horizontal-768x192.png 768w, \/2025\/wp-content\/uploads\/sites\/11\/2024\/10\/NEB_logo_small_horizontal.png 1038w\" sizes=\"(max-width: 1024px) 100vw, 1024px\" \/><\/figure>\n\n\n\n<hr class=\"wp-block-separator has-css-opacity\"\/>\n\n\n\n<h1 class=\"wp-block-heading pb-2\">Partners of the ETOM-Initiative:<\/h1>\n\n\n\n<h3 class=\"wp-block-heading\"><\/h3>\n\n\n\n<p><strong>Initiated by<\/strong><br>\u2022 BHROX bauhaus reuse \/ zukunftsgeraeusche GbR (zkg), Robert K. Huber, Berlin<br>\u2022 buschfeld.com \/ Ben Buschfeld (BB), Berlin<\/p>\n\n\n\n<p class=\"pb-1\"><strong>Development supported by<\/strong><br>\u2022 Landesdenkmalamt Berlin (LDA)<br>\u2022 Bundesministerium f\u00fcr Wohnen, Stadtentwicklung und Bauwesen (BMWSB)<\/p>\n\n\n\n<p class=\"pb-1\"><strong>German Partners<\/strong><br>\u2022 Landesdenkmalamt Berlin (LDA)<br>\u2022 Architektenkammer Berlin (AKB)<br>\u2022 Kunstbibliothek Berlin (KUBI)<br>\u2022 since 2025: Tschechisches Zentrum Berlin (TZB)<\/p>\n\n\n\n<p class=\"pb-4\"><strong>Members of the Coordination Group<\/strong><br>\u2022 BHROX bauhaus reuse \/ zukunftsgeraeusche GbR (zkg), Berlin<br>\u2022 buschfeld.com, Berlin<br>\u2022 The Hungarian Contemporary Architecture Centre (K\u00c9K), Budapest<br>\u2022 ICOMOS International Secretariat, Paris<br>\u2022 Estonian Academy of Arts \u2013 Institute of\u00a0Art History and Visual Culture (EAA\u2013EKA), Tallinn<br>\u2022 Contineo 2020 (CONTINEO), Skopje<br><\/p>\n\n\n\n<hr class=\"wp-block-separator has-css-opacity\"\/>\n\n\n\n<h3 class=\"wp-block-heading pb-2\">European Partners <br>(by nation in alphabetical order)<\/h3>\n\n\n\n<p><strong>Czech<\/strong> <strong>Republic<\/strong><br>\u2022 National Gallery in Prague (NGP), Prague<br>\u2022 Forum for Architecture and Media (4 AM), Brno<br>\u2022 Prague 7 District Municipality (UMC7)<\/p>\n\n\n\n<p><strong>Estonia<\/strong><br>\u2022 Estonian Academy of Arts \u2013 Institute of <br>Art History and Visual Culture (EAA\u2013EKA), Tallinn<br>\u2022 Estonian Museum of Architecture (EMA), Tallinn<br>\u2022 Tallinna linn (COT), Tallinn City<\/p>\n\n\n\n<p><strong>France<\/strong><br>\u2022 ICOMOS International Secretariat, Paris<\/p>\n\n\n\n<p><strong>Hungary<\/strong><br>\u2022 Hungarian Museum of Architecture <br>(MEM-MDK), Budapest<br>\u2022 The Hungarian Contemporary<br>Architecture Centre (K\u00c9K), Budapest<br>\u2022 Budapest 13th&nbsp;District&nbsp;\u2013 city municipality (B13D)<\/p>\n\n\n\n<p><strong>Latvia<\/strong><br>\u2022 Museum of Decorative <br>Arts and Design (LNMM), Riga<br>\u2022 Latvian Design Centre (FOLD), Riga<br>\u2022 Latvian Ministry of Culture (LMOC)<\/p>\n\n\n\n<p><strong>Lithuania<\/strong><br>\u2022 Kaunas 2022 (K2022),<br>Kaunas European Capital of Culture<br>\u2022 Nematerialaus Turto Fondas (NTF)<br>\u2022 Kaunas City Municipal Administration (KCMA)<br>\u2022 Architects Association of Lithuania, Vilnius (LAS)<\/p>\n\n\n\n<p><strong>Netherlands<\/strong><br>\u2022 <a href=\"\/2025\/european-triennial-of-modernism-etom\/docomomo-international\/\" data-type=\"page\" data-id=\"77\">DOCOMOMO international<\/a><\/p>\n\n\n\n<p><strong>North Macedonia<\/strong><br>\u2022 Contineo 2020 (CONTINEO), Skopje<br>\u2022 University American College Skopje \u2013 Privatna Ustanova \u2013  Department of Architecture (UACS) <\/p>\n\n\n\n<p><strong>Poland<\/strong><br>\u2022 National Institute of Architecture and<br>Urban Planning (NIAiU), Warsaw<br>\u2022 Institut of Architecture Foundation (FIA), Cracow<br>\u2022 International Cultural Centre (ICC),&nbsp;Cracow<br>\u2022 Gmina Miejska Krak\u00f3w \u2013 Urz\u0105d Miasta Krakowa (CCK), Cracow<\/p>\n\n\n\n<p><strong>Romania<\/strong><br>\u2022 Asocia\u021bia Rom\u00e2n\u0103 pentru Cultur\u0103, <br>Educa\u021bie \u0219i Normalitate (ARCEN), Bucharest<br>\u2022 SG Studio \u2013 zeppelin magazine (SGS-ZEP), Bucharest<br>\u2022 Second District Hall of Bucharest&nbsp;(SDHB)<\/p>\n\n\n\n<p><strong>Serbia<\/strong><br>\u2022 Belgrade International Architecture Week (ABA-BINA), Belgrade<br>\u2022 ZAVOD \u2013 Zavod za zastitu spomenika kulture grada Beograda (Cultural Heritage Preservation Institute of Belgrade)<br>\u2022 Gradska opstina Novi Beograd, City Municipality (MNB), Belgrade<\/p>\n\n\n\n<p><strong>Slovakia<\/strong><br>\u2022 Slovak Design Center (SDC), Bratislava<\/p>\n\n\n\n<p><strong>Ukraine<\/strong><br>\u2022 Lviv Centre for Urban History, Lwiw (LCUH), Lviv<br>\u2022 Urban Forms Center (UFC), Kharkiv<\/p>\n<\/div>\n<\/div>\n","protected":false},"excerpt":{"rendered":"<p>ETOM Milestone-Conference 2026 21\u201323 October 2026 in Tren\u010din\/Slovakia The conference held within the official programme of European Capital of Culture (ECOC) Tren\u010din 2026, invites scholars, architects, planners, educators, researchers, and policymakers to reflect on how modern architecture, landscape, and planning visions can be reinterpreted and reactivated in the twenty-first century. The conference seeks an interdisciplinary [&hellip;]<\/p>\n","protected":false},"author":2,"featured_media":11779,"parent":0,"menu_order":0,"comment_status":"closed","ping_status":"closed","template":"","meta":{"_acf_changed":false,"_seopress_robots_primary_cat":"","_seopress_titles_title":"","_seopress_titles_desc":"","_seopress_robots_index":"","footnotes":""},"class_list":["post-11837","page","type-page","status-publish","has-post-thumbnail","hentry"],"acf":[],"_links":{"self":[{"href":"https:\/\/triennale-der-moderne.de\/2025\/wp-json\/wp\/v2\/pages\/11837"}],"collection":[{"href":"https:\/\/triennale-der-moderne.de\/2025\/wp-json\/wp\/v2\/pages"}],"about":[{"href":"https:\/\/triennale-der-moderne.de\/2025\/wp-json\/wp\/v2\/types\/page"}],"author":[{"embeddable":true,"href":"https:\/\/triennale-der-moderne.de\/2025\/wp-json\/wp\/v2\/users\/2"}],"replies":[{"embeddable":true,"href":"https:\/\/triennale-der-moderne.de\/2025\/wp-json\/wp\/v2\/comments?post=11837"}],"version-history":[{"count":40,"href":"https:\/\/triennale-der-moderne.de\/2025\/wp-json\/wp\/v2\/pages\/11837\/revisions"}],"predecessor-version":[{"id":11964,"href":"https:\/\/triennale-der-moderne.de\/2025\/wp-json\/wp\/v2\/pages\/11837\/revisions\/11964"}],"wp:featuredmedia":[{"embeddable":true,"href":"https:\/\/triennale-der-moderne.de\/2025\/wp-json\/wp\/v2\/media\/11779"}],"wp:attachment":[{"href":"https:\/\/triennale-der-moderne.de\/2025\/wp-json\/wp\/v2\/media?parent=11837"}],"curies":[{"name":"wp","href":"https:\/\/api.w.org\/{rel}","templated":true}]}}