{"id":954,"date":"2022-02-19T10:54:04","date_gmt":"2022-02-19T09:54:04","guid":{"rendered":"\/2022\/?page_id=954"},"modified":"2022-09-13T21:14:27","modified_gmt":"2022-09-13T19:14:27","slug":"schwerpunkt-in-berlin","status":"publish","type":"page","link":"\/2022\/schwerpunkt-in-berlin\/","title":{"rendered":"Berlin: Schwerpunkt"},"content":{"rendered":"\n<h1 class=\"wp-block-heading\">30.9\u20133.10.2022 in Berlin<\/h1>\n\n\n\n<h2 class=\"wp-block-heading\">Wohnen. Arbeiten. Leben. <\/h2>\n\n\n\n<h3 class=\"pb-2 wp-block-heading\">Die Baukultur und Ideale der Moderne waren eng verbunden mit der Entwicklung moderner Gesellschaften und ihren urbanen Zentren \u2013 wie etwa der erst 1920 entstandenen Einheitsgemeinde Gro\u00df-Berlin. Im Projekt der Moderne findet auch die Hoffnung der Menschen auf eine bessere Zukunft, mehr Demokratie, soziale Teilhabe, Emanzipation und Partizipation ihren Ausdruck. Mit dem Motto &#8222;Wohnen. Arbeiten. Leben.&#8220; widmet sich die Triennale den Antworten, die die Moderne zu gestalterischen, st\u00e4dtebaulichen, gesellschaftlichen, sozialen und hygienischen Fragen fand \u2013 Fragen, die auch heute wieder hoch aktuell sind.&nbsp;<\/h3>\n\n\n\n<figure class=\"wp-block-image size-full pb-3\"><img loading=\"lazy\" decoding=\"async\" width=\"1280\" height=\"853\" src=\"\/2022\/wp-content\/uploads\/sites\/8\/2022\/01\/Hansaviertel_2018_00254_FotoBenBuschfeld.jpg\" alt=\"\" class=\"wp-image-185\" srcset=\"\/2022\/wp-content\/uploads\/sites\/8\/2022\/01\/Hansaviertel_2018_00254_FotoBenBuschfeld.jpg 1280w, \/2022\/wp-content\/uploads\/sites\/8\/2022\/01\/Hansaviertel_2018_00254_FotoBenBuschfeld-600x400.jpg 600w, \/2022\/wp-content\/uploads\/sites\/8\/2022\/01\/Hansaviertel_2018_00254_FotoBenBuschfeld-1024x682.jpg 1024w, \/2022\/wp-content\/uploads\/sites\/8\/2022\/01\/Hansaviertel_2018_00254_FotoBenBuschfeld-375x250.jpg 375w, \/2022\/wp-content\/uploads\/sites\/8\/2022\/01\/Hansaviertel_2018_00254_FotoBenBuschfeld-768x512.jpg 768w\" sizes=\"(max-width: 1280px) 100vw, 1280px\" \/><figcaption>Hansaviertel, Berlin-Tiergarten, Im Zuge der IBA 57 entstandene Wohnbl\u00f6cke von W. Gropius und P. Vago, \u00a9 Foto: Ben Buschfeld, 2019<\/figcaption><\/figure>\n\n\n\n<h1 class=\"pb-2 wp-block-heading\">Schwerpunkt und Konzept<\/h1>\n\n\n\n<div class=\"wp-block-columns is-layout-flex wp-container-core-columns-is-layout-1 wp-block-columns-is-layout-flex\">\n<div class=\"wp-block-column is-layout-flow wp-block-column-is-layout-flow\" style=\"flex-basis:66.66%\">\n<p>Wie nur wenige Metropolen weltweit eignet sich Berlin zur Vermittlung eines ganzheitlichen gepr\u00e4gten Bildes der Moderne. Dieses ideengeschichtliche und kulturelle Spektrum reicht von fr\u00fchen Reformbewegungen des 19. Jahrhunderts und der Herausbildung der &#8222;Elektropolis Berlin&#8220; \u00fcber das Neuen Bauen der 1920er und 30er Jahre bis hin zur Post-Moderne der 1980er Jahre. <\/p>\n\n\n\n<p>Aber auch historisch nimmt Berlin eine Sonderrolle ein und steht exemplarisch f\u00fcr die Verwerfungen auf politischer und gesellschaftlicher Ebene. Nach der politischen und kulturellen Z\u00e4sur der NS-Zeit kn\u00fcpfte die Nachkriegsmoderne im Zuge des Wiederaufbaus wieder an Ziele und Ideale der &#8222;Klassischen Moderne&#8220; an, wie sie etwa in der Konzeption und dem Entwurf der heute als UNESCO-Welterbe gef\u00fchrten sechs &#8222;Siedlungen der Berliner Moderne&#8220; ihren Ausdruck gefunden hatten: <\/p>\n\n\n\n<p>Weithin sichtbar kulminierte die Konfrontation der politischen Systeme in Ost und West im St\u00e4dtebau. Das zeigt sich besonders eindr\u00fccklich bei der vergleichenden Gegen\u00fcberstellung von im Zuge der West-Berliner IBA 1957 errichteten Anlagen mit den in zwei Abschnitten entlang der Karl-Marx-Allee entstandenen Bauten. In den 1960er und 70er Jahren folgte der Umbau zur autogerechten Stadt. Es entstanden gro\u00df dimensionierte Wohnprojekte ebenso wie bedeutende Bauten des Brutalismus. Hierzu z\u00e4hlt auch die Tschechische Botschaft, in der die Auftaktveranstaltung zur Triennale der Moderne 2022 stattfinden wird.<\/p>\n\n\n\n<p>Diese sich in einer Vielzahl der Ans\u00e4tze, Auspr\u00e4gungen und Ambivalenzen ausdr\u00fcckende Pluralit\u00e4t der Moderne in Architektur, Kultur, St\u00e4dtebau und Ideengeschichte wird durch ein ebenso breites Spektrum an Zug\u00e4ngen, Interpretationen, Formaten und aktuellen Akteur*innen gespiegelt: <\/p>\n\n\n\n<p class=\"pb-4\">Das Berliner Programm der Triennale speist sich aus Angeboten von insgesamt 24 Partner*innen. Es wird im Rahmen einer Fehlbedarfsfinanzierung durch die LOTTO-Stiftung Berlin gef\u00f6rdert, die durch Eigen- und Drittmittel einzelner Partner*innen erg\u00e4nzt werden. Neben Touren und Architektur\u00adbesichtigungen sind Ausstellungen, Installationen, Performances, Vortr\u00e4ge, Diskussions-Veranstaltungen, Symposien, interaktive Formate, Live-Streams und digitale Medienangebote geplant.&nbsp;Eine \u00dcbersicht zentraler Programmpunkte gibt es ab Ende August.<\/p>\n\n\n\n<h2 class=\"pb-3 wp-block-heading\">Save-the-weekend<br>30.9.-3. Oktober 2022<\/h2>\n<\/div>\n\n\n\n<div class=\"wp-block-column is-layout-flow wp-block-column-is-layout-flow\" style=\"flex-basis:33.33%\">\n<h1 class=\"pb-1 wp-block-heading\">Ansprechpartner<\/h1>\n\n\n\n<p>organisatorisch vertreten<br>durch das Berliner Kuratoren-Duo<\/p>\n\n\n\n<p>Robert K. Huber<br>zukunftsgeraeusche GbR | BHROX<br><a rel=\"noreferrer noopener\" href=\"http:\/\/www.bauhaus-reuse.de\" target=\"_blank\">bauhaus-reuse.de<\/a> | <a href=\"http:\/\/www.zukunftsgeraeusche.de\" target=\"_blank\" rel=\"noreferrer noopener\">zukunftsgeraeusche.de<\/a> <br>B\u00fcro +49 (0)30-314-72202<\/p>\n\n\n\n<p class=\"pb-3\">Ben Buschfeld<br>buschfeld.com &#8211; graphic and interface design<br><a rel=\"noreferrer noopener\" href=\"http:\/\/www.tautes-heim.de\" target=\"_blank\">buschfeld.com<\/a> | <a rel=\"noreferrer noopener\" href=\"http:\/\/www.tautes-heim.de\" target=\"_blank\">tautes-heim.de<\/a> | <a rel=\"noreferrer noopener\" href=\"https:\/\/www.linkedin.com\/in\/benbuschfeld\/\" target=\"_blank\">LinkedIn<\/a><br>B\u00fcro +49 (0)30-25922963<\/p>\n\n\n\n<h1 class=\"pb-1 wp-block-heading\">Social Media<\/h1>\n\n\n\n<ul class=\"pb-3 wp-block-list\"><li><a rel=\"noreferrer noopener\" href=\"http:\/\/www.facebook.com\/TriennaleDerModerne\/\" target=\"_blank\">facebook.com\/TriennaleDerModerne\/<\/a><\/li><li><a rel=\"noreferrer noopener\" href=\"http:\/\/www.instagram.com\/triennale_der_moderne\/\" target=\"_blank\">instagram.com\/triennale_der_moderne\/<\/a><\/li><li><a rel=\"noreferrer noopener\" href=\"https:\/\/twitter.com\/TdModerne\" target=\"_blank\">https:\/\/twitter.com\/TdModerne<\/a><\/li><\/ul>\n\n\n\n<h1 class=\"pb-2 wp-block-heading\">F\u00f6rderung<\/h1>\n\n\n\n<p>Das Berliner Programm wird gef\u00f6rdert durch:<\/p>\n\n\n\n<figure class=\"wp-block-image size-large is-resized\"><img loading=\"lazy\" decoding=\"async\" src=\"\/2022\/wp-content\/uploads\/sites\/8\/2022\/02\/LOTTO-Stiftung_4c_Transparent-1024x501.jpg\" alt=\"\" class=\"wp-image-408\" width=\"200\" height=\"100\"\/><\/figure>\n<\/div>\n<\/div>\n\n\n\n<hr class=\"wp-block-separator\"\/>\n\n\n\n<h1 class=\"wp-block-heading\">Themenfelder und Bauten <\/h1>\n\n\n\n<h2 class=\"wp-block-heading\">Moderne Vielfalt | Vielfalt der Moderne <\/h2>\n\n\n\n<ul class=\"pb-4 wp-block-list\"><li>Das UNESCO-Welterbe \u201eSiedlungen der Berliner Moderne\u201c,&nbsp;sechs Berliner Siedlungen<br>die&nbsp;\u00fcberzeugende Antworten auf die damals grassierende Wohnungsnot lieferten<\/li><li>Werks-, Verkehrs- und Infrastruktur-Bauten aus der Epoche der Industrialisierung<\/li><li>Bauten und Zeugnisse der Reformbewegungen der fr\u00fchen Moderne,<br>wie etwa die Gartenstadt-, die Volkspark-, die Werkbund- und die Bauhaus-Bewegung<\/li><li>Unbekannte Perlen der Moderne im ganzen Stadtgebiet<\/li><li>Spuren und Wirkungsst\u00e4tten des Bauhaus in Berlin und der n\u00e4heren Umgebung<\/li><li>Bedeutende Stadtpl\u00e4tze, Ensembles und Gartendenkm\u00e4ler der Moderne<\/li><li>Ikonische Kultur-, Verwaltungs- Gemeinschafts- und Gewerbebauten des 20. Jahrhunderts<\/li><li>Bauten der NS-Zeit und Gedenkst\u00e4tten, die an Verbrechen des Dritten Reichs gemahnen<\/li><li>Parallele und zum Teil direkt konkurrierende Projekte des St\u00e4dtebaus in Ost und West<\/li><li>Pr\u00e4gende Wohnungsbauprojekte der Nachkriegszeit und der 1960-70er Jahre<\/li><li>Baukulturelle Wechselwirkungen&nbsp;zwischen&nbsp;der Nachkriegsmoderne in Ost und West<\/li><li>Bedeutende Sammlungen und Museen der Moderne<\/li><li>Labore der Stadtentwicklung und Partizipation, die das bauliche und kulturelle Erbe der Moderne<br>innovativ und respektvoll wiederverwenden, umnutzen oder tempor\u00e4r begleiten<\/li><\/ul>\n\n\n\n<hr class=\"wp-block-separator\"\/>\n\n\n\n<h1 class=\"pb-4 wp-block-heading\">Weitere Themen und Orte (Auswahl)<\/h1>\n\n\n\n<div class=\"wp-block-columns is-layout-flex wp-container-core-columns-is-layout-3 wp-block-columns-is-layout-flex\">\n<div class=\"wp-block-column is-layout-flow wp-block-column-is-layout-flow\">\n<div class=\"wp-block-columns is-layout-flex wp-container-core-columns-is-layout-2 wp-block-columns-is-layout-flex\">\n<div class=\"wp-block-column is-layout-flow wp-block-column-is-layout-flow\">\n<figure class=\"wp-block-image size-full\"><img loading=\"lazy\" decoding=\"async\" width=\"819\" height=\"546\" src=\"\/2022\/wp-content\/uploads\/sites\/8\/2022\/03\/Berlin_Elektropolis_AEG_Turbinenhalle_SW_bearb_Quelle-LDA-Berlin-1.jpg\" alt=\"\" class=\"wp-image-1776\" srcset=\"\/2022\/wp-content\/uploads\/sites\/8\/2022\/03\/Berlin_Elektropolis_AEG_Turbinenhalle_SW_bearb_Quelle-LDA-Berlin-1.jpg 819w, \/2022\/wp-content\/uploads\/sites\/8\/2022\/03\/Berlin_Elektropolis_AEG_Turbinenhalle_SW_bearb_Quelle-LDA-Berlin-1-600x400.jpg 600w, \/2022\/wp-content\/uploads\/sites\/8\/2022\/03\/Berlin_Elektropolis_AEG_Turbinenhalle_SW_bearb_Quelle-LDA-Berlin-1-375x250.jpg 375w, \/2022\/wp-content\/uploads\/sites\/8\/2022\/03\/Berlin_Elektropolis_AEG_Turbinenhalle_SW_bearb_Quelle-LDA-Berlin-1-768x512.jpg 768w\" sizes=\"(max-width: 819px) 100vw, 819px\" \/><figcaption>AEG Turbinenhalle von Peter Behrens; LDA<\/figcaption><\/figure>\n<\/div>\n\n\n\n<div class=\"wp-block-column is-layout-flow wp-block-column-is-layout-flow\">\n<figure class=\"wp-block-image size-large\"><img loading=\"lazy\" decoding=\"async\" width=\"1024\" height=\"683\" src=\"\/2022\/wp-content\/uploads\/sites\/8\/2022\/03\/AdK_2018_00243-1024x683.jpg\" alt=\"\" class=\"wp-image-1657\" srcset=\"\/2022\/wp-content\/uploads\/sites\/8\/2022\/03\/AdK_2018_00243-1024x683.jpg 1024w, \/2022\/wp-content\/uploads\/sites\/8\/2022\/03\/AdK_2018_00243-600x400.jpg 600w, \/2022\/wp-content\/uploads\/sites\/8\/2022\/03\/AdK_2018_00243-375x250.jpg 375w, \/2022\/wp-content\/uploads\/sites\/8\/2022\/03\/AdK_2018_00243-768x512.jpg 768w, \/2022\/wp-content\/uploads\/sites\/8\/2022\/03\/AdK_2018_00243-1536x1024.jpg 1536w, \/2022\/wp-content\/uploads\/sites\/8\/2022\/03\/AdK_2018_00243-2048x1365.jpg 2048w\" sizes=\"(max-width: 1024px) 100vw, 1024px\" \/><figcaption>Interieur der Akademie der K\u00fcnste*<\/figcaption><\/figure>\n<\/div>\n\n\n\n<div class=\"wp-block-column is-layout-flow wp-block-column-is-layout-flow\">\n<figure class=\"wp-block-image size-full\"><img loading=\"lazy\" decoding=\"async\" width=\"972\" height=\"648\" src=\"\/2022\/wp-content\/uploads\/sites\/8\/2022\/03\/WS-0X_Themen_Gesch_Karl-Marx-Allee_StrausbergerPlatz_2012_Foto_BenBuschfeld_0016-1.jpg\" alt=\"\" class=\"wp-image-1779\" srcset=\"\/2022\/wp-content\/uploads\/sites\/8\/2022\/03\/WS-0X_Themen_Gesch_Karl-Marx-Allee_StrausbergerPlatz_2012_Foto_BenBuschfeld_0016-1.jpg 972w, \/2022\/wp-content\/uploads\/sites\/8\/2022\/03\/WS-0X_Themen_Gesch_Karl-Marx-Allee_StrausbergerPlatz_2012_Foto_BenBuschfeld_0016-1-600x400.jpg 600w, \/2022\/wp-content\/uploads\/sites\/8\/2022\/03\/WS-0X_Themen_Gesch_Karl-Marx-Allee_StrausbergerPlatz_2012_Foto_BenBuschfeld_0016-1-375x250.jpg 375w, \/2022\/wp-content\/uploads\/sites\/8\/2022\/03\/WS-0X_Themen_Gesch_Karl-Marx-Allee_StrausbergerPlatz_2012_Foto_BenBuschfeld_0016-1-768x512.jpg 768w\" sizes=\"(max-width: 972px) 100vw, 972px\" \/><figcaption>Brunnenanlage am Strausberger Platz*<\/figcaption><\/figure>\n<\/div>\n<\/div>\n<\/div>\n<\/div>\n\n\n\n<figure class=\"wp-block-image size-large is-resized\"><img loading=\"lazy\" decoding=\"async\" src=\"\/2022\/wp-content\/uploads\/sites\/8\/2022\/02\/WSB-01-06-Collage_FotoBenBuschfeld-1024x454.jpg\" alt=\"\" class=\"wp-image-1012\" width=\"940\" height=\"428\"\/><figcaption>UNESCO-Welterbe &#8222;Siedlungen der Berliner Moderne&#8220; \u2013 v.l.n.r.: Gartenstadt Falkenberg, Siedlung am Schillerpark, Hufeisensiedlung Britz, <br>Wohnstadt Carl Legien, Wei\u00dfe Stadt Reinickendorf, Gro\u00dfsiedlung Siemensstadt  \u00a9 *Alle Fotos: Ben Buschfeld<\/figcaption><\/figure>\n","protected":false},"excerpt":{"rendered":"<p>Wohnen.Arbeiten.Leben ganz der &#8222;Wasserkultur&#8220;: In den 1920er und 1930er Jahren hatte die Technisierung der h\u00e4uslichen Wasserversorgung insbesondere au\u00dferhalb von Gro\u00dfst\u00e4dten gerade erst begonnen. Nur wenige Wohnh\u00e4user waren an die Kanalisation oder an das Trinkwassernetz angeschlossen. <\/p>\n","protected":false},"author":2,"featured_media":878,"parent":0,"menu_order":0,"comment_status":"closed","ping_status":"closed","template":"","meta":{"_acf_changed":false,"footnotes":""},"class_list":["post-954","page","type-page","status-publish","has-post-thumbnail","hentry"],"acf":[],"_links":{"self":[{"href":"https:\/\/triennale-der-moderne.de\/2022\/wp-json\/wp\/v2\/pages\/954"}],"collection":[{"href":"https:\/\/triennale-der-moderne.de\/2022\/wp-json\/wp\/v2\/pages"}],"about":[{"href":"https:\/\/triennale-der-moderne.de\/2022\/wp-json\/wp\/v2\/types\/page"}],"author":[{"embeddable":true,"href":"https:\/\/triennale-der-moderne.de\/2022\/wp-json\/wp\/v2\/users\/2"}],"replies":[{"embeddable":true,"href":"https:\/\/triennale-der-moderne.de\/2022\/wp-json\/wp\/v2\/comments?post=954"}],"version-history":[{"count":101,"href":"https:\/\/triennale-der-moderne.de\/2022\/wp-json\/wp\/v2\/pages\/954\/revisions"}],"predecessor-version":[{"id":3007,"href":"https:\/\/triennale-der-moderne.de\/2022\/wp-json\/wp\/v2\/pages\/954\/revisions\/3007"}],"wp:featuredmedia":[{"embeddable":true,"href":"https:\/\/triennale-der-moderne.de\/2022\/wp-json\/wp\/v2\/media\/878"}],"wp:attachment":[{"href":"https:\/\/triennale-der-moderne.de\/2022\/wp-json\/wp\/v2\/media?parent=954"}],"curies":[{"name":"wp","href":"https:\/\/api.w.org\/{rel}","templated":true}]}}