{"id":875,"date":"2022-02-18T20:55:19","date_gmt":"2022-02-18T19:55:19","guid":{"rendered":"\/2022\/?page_id=875"},"modified":"2022-09-01T10:51:51","modified_gmt":"2022-09-01T08:51:51","slug":"schwerpunkt-in-dessau","status":"publish","type":"page","link":"\/2022\/schwerpunkt-in-dessau\/","title":{"rendered":"Dessau: Schwerpunkt"},"content":{"rendered":"\n<h1 class=\"wp-block-heading\">7.\u20139.10.2022 in Dessau<\/h1>\n\n\n\n<h2 class=\"wp-block-heading\">Wohnen. Arbeiten. Leben. <\/h2>\n\n\n\n<h3 class=\"pb-2 wp-block-heading\">Das Dessauer Wochenende widmet sich 2022 passend zum Schwerpunkt &#8222;Wohnen. Arbeiten. Leben.&#8220; ganz der &#8222;Wasserkultur&#8220;: <br>In den 1920er und 1930er Jahren hatte die Technisierung der h\u00e4uslichen Wasserversorgung au\u00dferhalb von Gro\u00dfst\u00e4dten gerade erst begonnen. Nur wenige Wohnh\u00e4user waren an die Kanalisation oder an das Trinkwassernetz angeschlossen. Durch die fortschreitende sanit\u00e4re Ausstattung von Geb\u00e4uden ver\u00e4nderten sich die damit\u00a0verbundenen Lebensgewohnheiten der K\u00f6rper-, W\u00e4sche- und Wohnungspflege sowie die Wassernutzung. Neben bekannten Highlights r\u00fccken auch unbekanntere Orte in den Fokus.<\/h3>\n\n\n\n<figure class=\"wp-block-image size-large pb-3\"><img loading=\"lazy\" decoding=\"async\" width=\"1024\" height=\"682\" src=\"\/2022\/wp-content\/uploads\/sites\/8\/2022\/02\/SBD_2540_1280px-1024x682.jpg\" alt=\"\" class=\"wp-image-878\" srcset=\"\/2022\/wp-content\/uploads\/sites\/8\/2022\/02\/SBD_2540_1280px-1024x682.jpg 1024w, \/2022\/wp-content\/uploads\/sites\/8\/2022\/02\/SBD_2540_1280px-600x400.jpg 600w, \/2022\/wp-content\/uploads\/sites\/8\/2022\/02\/SBD_2540_1280px-375x250.jpg 375w, \/2022\/wp-content\/uploads\/sites\/8\/2022\/02\/SBD_2540_1280px-768x512.jpg 768w, \/2022\/wp-content\/uploads\/sites\/8\/2022\/02\/SBD_2540_1280px.jpg 1280w\" sizes=\"(max-width: 1024px) 100vw, 1024px\" \/><figcaption>Haus Anton, \u00a9 Foto: Stiftung Bauhaus Dessau \/ Yvonne Tenschert, 2012<\/figcaption><\/figure>\n\n\n\n<h1 class=\"pb-2 wp-block-heading\">Schwerpunkt und Konzept<\/h1>\n\n\n\n<div class=\"wp-block-columns is-layout-flex wp-container-core-columns-is-layout-1 wp-block-columns-is-layout-flex\">\n<div class=\"wp-block-column is-layout-flow wp-block-column-is-layout-flow\" style=\"flex-basis:66.66%\">\n<p>Exemplarisch f\u00fcr die Ver\u00e4nderung der hygienischen und st\u00e4dtebaulichen Standards stehen Dessauer Orte und Bauten der Moderne vom Bauhausgeb\u00e4ude bis zum Pumpenhaus in der Bauhaussiedlung Dessau-T\u00f6rten, aber auch das Wasserwerk Ost als Zeugnis f\u00fcr die Wasserkreislaufwirtschaft sowie das Technikmuseum \u201eHugo Junkers\u201c, benannt nach dem gro\u00dfen Pionier der Warmwasseraufbereitung. Sie stehen f\u00fcr sozialen Aufstieg und gesellschaftlichen Fortschritt im Bereich der Wasserkultur.&nbsp;<\/p>\n\n\n\n<p>Verbunden werden die unterschiedlichen Spielorte der&nbsp;Triennale der Moderne<em>&nbsp;<\/em>durch Musik. Ob Jazz im Denkmal, Musik in den G\u00e4rten oder auch unterwegs im historischen Doppeldecker-Bus: Die Wasserkultur der Stadt und des Bauhauses wird musikalisch in Szene gesetzt. Frisch saniert wird zur&nbsp;Triennale der Moderne<em>&nbsp;<\/em>auch das Stahlhaus von Georg Muche und Richard Paulick wiederer\u00f6ffnet.&nbsp;<\/p>\n\n\n\n<p class=\"pb-3\">Das Programm erstreckt sich \u00fcber das Stadtgebiet von Dessau-Ro\u00dflau<br>und umfasst Ausstellungen, Veranstaltungen, F\u00fchrungen und Musik. <br>Eine \u00dcbersicht zentraler Programmpunkte gibt es ab Ende August.<\/p>\n\n\n\n<h2 class=\"pb-3 wp-block-heading\">Save-the-weekend<br>7.-9. Oktober 2022<\/h2>\n<\/div>\n\n\n\n<div class=\"wp-block-column is-layout-flow wp-block-column-is-layout-flow\" style=\"flex-basis:33.33%\">\n<h1 class=\"pb-1 wp-block-heading\">Ansprechpartner*in<\/h1>\n\n\n\n<p class=\"pb-3\">Christin Irrgang<br>Konzept und Management, <br>Kuratorische Werkstatt&nbsp;<br>Tel. +49 (0)340-6508-333<\/p>\n\n\n\n<h1 class=\"wp-block-heading\">Social Media<\/h1>\n\n\n\n<ul class=\"wp-block-list\"><li><a rel=\"noreferrer noopener\" href=\"https:\/\/www.instagram.com\/bauhaus_dessau_foundation\/\" target=\"_blank\">instagram.com\/&#8230;<\/a><\/li><li><a rel=\"noreferrer noopener\" href=\"https:\/\/www.facebook.com\/bauhausdessau\" target=\"_blank\">facebook.com\/bauhausdessau<\/a><\/li><li><a rel=\"noreferrer noopener\" href=\"https:\/\/twitter.com\/gropiusallee\" target=\"_blank\">twitter.com\/gropiusallee<\/a><\/li><\/ul>\n<\/div>\n<\/div>\n\n\n\n<hr class=\"wp-block-separator\"\/>\n\n\n\n<h1 class=\"pb-4 wp-block-heading\">Themen und Orte (Auswahl)<\/h1>\n\n\n\n<div class=\"wp-block-columns is-layout-flex wp-container-core-columns-is-layout-2 wp-block-columns-is-layout-flex\">\n<div class=\"wp-block-column is-layout-flow wp-block-column-is-layout-flow\">\n<figure class=\"wp-block-image size-large\"><img loading=\"lazy\" decoding=\"async\" width=\"1024\" height=\"683\" src=\"\/2022\/wp-content\/uploads\/sites\/8\/2022\/04\/SBD_254_3zu2-1024x683.jpg\" alt=\"\" class=\"wp-image-2025\" srcset=\"\/2022\/wp-content\/uploads\/sites\/8\/2022\/04\/SBD_254_3zu2-1024x683.jpg 1024w, \/2022\/wp-content\/uploads\/sites\/8\/2022\/04\/SBD_254_3zu2-600x400.jpg 600w, \/2022\/wp-content\/uploads\/sites\/8\/2022\/04\/SBD_254_3zu2-375x250.jpg 375w, \/2022\/wp-content\/uploads\/sites\/8\/2022\/04\/SBD_254_3zu2-768x512.jpg 768w, \/2022\/wp-content\/uploads\/sites\/8\/2022\/04\/SBD_254_3zu2-1536x1024.jpg 1536w, \/2022\/wp-content\/uploads\/sites\/8\/2022\/04\/SBD_254_3zu2-2048x1365.jpg 2048w\" sizes=\"(max-width: 1024px) 100vw, 1024px\" \/><figcaption>Bauhausgeb\u00e4ude Dessau, Architekt: Walter Gropius, 1925\/26 \u00a9 Stiftung Bauhaus Dessau \/ Foto: Tenschert, Yvonne, 2011<\/figcaption><\/figure>\n<\/div>\n\n\n\n<div class=\"wp-block-column is-layout-flow wp-block-column-is-layout-flow\">\n<figure class=\"wp-block-image size-large\"><img loading=\"lazy\" decoding=\"async\" width=\"1024\" height=\"683\" src=\"\/2022\/wp-content\/uploads\/sites\/8\/2022\/04\/SBD_234_3zu2-1024x683.jpg\" alt=\"\" class=\"wp-image-2024\" srcset=\"\/2022\/wp-content\/uploads\/sites\/8\/2022\/04\/SBD_234_3zu2-1024x683.jpg 1024w, \/2022\/wp-content\/uploads\/sites\/8\/2022\/04\/SBD_234_3zu2-600x400.jpg 600w, \/2022\/wp-content\/uploads\/sites\/8\/2022\/04\/SBD_234_3zu2-375x250.jpg 375w, \/2022\/wp-content\/uploads\/sites\/8\/2022\/04\/SBD_234_3zu2-768x512.jpg 768w, \/2022\/wp-content\/uploads\/sites\/8\/2022\/04\/SBD_234_3zu2-1536x1024.jpg 1536w, \/2022\/wp-content\/uploads\/sites\/8\/2022\/04\/SBD_234_3zu2-2048x1365.jpg 2048w\" sizes=\"(max-width: 1024px) 100vw, 1024px\" \/><figcaption>Bauhausgeb\u00e4ude (1925\u201326), Architekt: Walter Gropius, 2009 \u00a9 Stiftung Bauhaus Dessau \/ Foto: Tenschert, Yvonne, 2009<\/figcaption><\/figure>\n<\/div>\n\n\n\n<div class=\"wp-block-column is-layout-flow wp-block-column-is-layout-flow\">\n<figure class=\"wp-block-image size-large\"><img loading=\"lazy\" decoding=\"async\" width=\"1024\" height=\"683\" src=\"\/2022\/wp-content\/uploads\/sites\/8\/2022\/04\/SBD_42350_3zu2-1024x683.jpg\" alt=\"\" class=\"wp-image-2030\" srcset=\"\/2022\/wp-content\/uploads\/sites\/8\/2022\/04\/SBD_42350_3zu2-1024x683.jpg 1024w, \/2022\/wp-content\/uploads\/sites\/8\/2022\/04\/SBD_42350_3zu2-600x400.jpg 600w, \/2022\/wp-content\/uploads\/sites\/8\/2022\/04\/SBD_42350_3zu2-375x250.jpg 375w, \/2022\/wp-content\/uploads\/sites\/8\/2022\/04\/SBD_42350_3zu2-768x512.jpg 768w, \/2022\/wp-content\/uploads\/sites\/8\/2022\/04\/SBD_42350_3zu2-1536x1024.jpg 1536w, \/2022\/wp-content\/uploads\/sites\/8\/2022\/04\/SBD_42350_3zu2-2048x1365.jpg 2048w\" sizes=\"(max-width: 1024px) 100vw, 1024px\" \/><figcaption>Stahlhaus, Architekten: Georg Muche und Richard Paulick, 1926\/27 \u00a9 Stiftung Bauhaus Dessau \/ Foto: G\u00fcndel, Sebastian, 2012<\/figcaption><\/figure>\n<\/div>\n<\/div>\n\n\n\n<div class=\"wp-block-columns is-layout-flex wp-container-core-columns-is-layout-3 wp-block-columns-is-layout-flex\">\n<div class=\"wp-block-column is-layout-flow wp-block-column-is-layout-flow\">\n<figure class=\"wp-block-image size-large\"><img loading=\"lazy\" decoding=\"async\" width=\"1024\" height=\"683\" src=\"\/2022\/wp-content\/uploads\/sites\/8\/2022\/04\/SBD_1510_3zu2-1024x683.jpg\" alt=\"\" class=\"wp-image-2027\" srcset=\"\/2022\/wp-content\/uploads\/sites\/8\/2022\/04\/SBD_1510_3zu2-1024x683.jpg 1024w, \/2022\/wp-content\/uploads\/sites\/8\/2022\/04\/SBD_1510_3zu2-600x400.jpg 600w, \/2022\/wp-content\/uploads\/sites\/8\/2022\/04\/SBD_1510_3zu2-375x250.jpg 375w, \/2022\/wp-content\/uploads\/sites\/8\/2022\/04\/SBD_1510_3zu2-768x512.jpg 768w, \/2022\/wp-content\/uploads\/sites\/8\/2022\/04\/SBD_1510_3zu2-1536x1024.jpg 1536w, \/2022\/wp-content\/uploads\/sites\/8\/2022\/04\/SBD_1510_3zu2-2048x1366.jpg 2048w\" sizes=\"(max-width: 1024px) 100vw, 1024px\" \/><figcaption>Siedlung Dessau-T\u00f6rten (1926\u201328), Architekt: Walter Gropius, 2009 \u00a9 Stiftung Bauhaus Dessau \/ Foto: Ritzau, Doreen, 2009<\/figcaption><\/figure>\n<\/div>\n\n\n\n<div class=\"wp-block-column is-layout-flow wp-block-column-is-layout-flow\">\n<figure class=\"wp-block-image size-large\"><img loading=\"lazy\" decoding=\"async\" width=\"1024\" height=\"683\" src=\"\/2022\/wp-content\/uploads\/sites\/8\/2022\/04\/SBD_72682_3zu2-1024x683.jpg\" alt=\"\" class=\"wp-image-2031\" srcset=\"\/2022\/wp-content\/uploads\/sites\/8\/2022\/04\/SBD_72682_3zu2-1024x683.jpg 1024w, \/2022\/wp-content\/uploads\/sites\/8\/2022\/04\/SBD_72682_3zu2-600x400.jpg 600w, \/2022\/wp-content\/uploads\/sites\/8\/2022\/04\/SBD_72682_3zu2-375x250.jpg 375w, \/2022\/wp-content\/uploads\/sites\/8\/2022\/04\/SBD_72682_3zu2-768x512.jpg 768w, \/2022\/wp-content\/uploads\/sites\/8\/2022\/04\/SBD_72682_3zu2-1536x1024.jpg 1536w, \/2022\/wp-content\/uploads\/sites\/8\/2022\/04\/SBD_72682_3zu2-2048x1365.jpg 2048w\" sizes=\"(max-width: 1024px) 100vw, 1024px\" \/><figcaption>Konsumgeb\u00e4ude Dessau-T\u00f6rten mit rekonstruiertem Schriftzug, 2021 \u00a9 Stiftung Bauhaus Dessau \/ Foto: Tenschert, Yvonne, 2021<\/figcaption><\/figure>\n<\/div>\n\n\n\n<div class=\"wp-block-column is-layout-flow wp-block-column-is-layout-flow\">\n<figure class=\"wp-block-image size-large\"><img loading=\"lazy\" decoding=\"async\" width=\"1024\" height=\"683\" src=\"\/2022\/wp-content\/uploads\/sites\/8\/2022\/04\/SBD_25408_3zu2-1024x683.jpg\" alt=\"\" class=\"wp-image-2029\" srcset=\"\/2022\/wp-content\/uploads\/sites\/8\/2022\/04\/SBD_25408_3zu2-1024x683.jpg 1024w, \/2022\/wp-content\/uploads\/sites\/8\/2022\/04\/SBD_25408_3zu2-600x400.jpg 600w, \/2022\/wp-content\/uploads\/sites\/8\/2022\/04\/SBD_25408_3zu2-375x250.jpg 375w, \/2022\/wp-content\/uploads\/sites\/8\/2022\/04\/SBD_25408_3zu2-768x512.jpg 768w, \/2022\/wp-content\/uploads\/sites\/8\/2022\/04\/SBD_25408_3zu2-1536x1024.jpg 1536w, \/2022\/wp-content\/uploads\/sites\/8\/2022\/04\/SBD_25408_3zu2-2048x1365.jpg 2048w\" sizes=\"(max-width: 1024px) 100vw, 1024px\" \/><figcaption>Laubenganghaus mit Waschhaus, Architekt: Hannes Meyer, 2017 \u00a9 Stiftung Bauhaus Dessau \/ Foto: Meyer, Thomas, 2017 \/ OSTKREUZ&nbsp;&nbsp;<\/figcaption><\/figure>\n<\/div>\n<\/div>\n","protected":false},"excerpt":{"rendered":"<p>Wohnen.Arbeiten.Leben ganz der &#8222;Wasserkultur&#8220;: In den 1920er und 1930er Jahren hatte die Technisierung der h\u00e4uslichen Wasserversorgung insbesondere au\u00dferhalb von Gro\u00dfst\u00e4dten gerade erst begonnen. Nur wenige Wohnh\u00e4user waren an die Kanalisation oder an das Trinkwassernetz angeschlossen. <\/p>\n","protected":false},"author":2,"featured_media":878,"parent":0,"menu_order":0,"comment_status":"closed","ping_status":"closed","template":"","meta":{"_acf_changed":false,"footnotes":""},"class_list":["post-875","page","type-page","status-publish","has-post-thumbnail","hentry"],"acf":[],"_links":{"self":[{"href":"https:\/\/triennale-der-moderne.de\/2022\/wp-json\/wp\/v2\/pages\/875"}],"collection":[{"href":"https:\/\/triennale-der-moderne.de\/2022\/wp-json\/wp\/v2\/pages"}],"about":[{"href":"https:\/\/triennale-der-moderne.de\/2022\/wp-json\/wp\/v2\/types\/page"}],"author":[{"embeddable":true,"href":"https:\/\/triennale-der-moderne.de\/2022\/wp-json\/wp\/v2\/users\/2"}],"replies":[{"embeddable":true,"href":"https:\/\/triennale-der-moderne.de\/2022\/wp-json\/wp\/v2\/comments?post=875"}],"version-history":[{"count":84,"href":"https:\/\/triennale-der-moderne.de\/2022\/wp-json\/wp\/v2\/pages\/875\/revisions"}],"predecessor-version":[{"id":2455,"href":"https:\/\/triennale-der-moderne.de\/2022\/wp-json\/wp\/v2\/pages\/875\/revisions\/2455"}],"wp:featuredmedia":[{"embeddable":true,"href":"https:\/\/triennale-der-moderne.de\/2022\/wp-json\/wp\/v2\/media\/878"}],"wp:attachment":[{"href":"https:\/\/triennale-der-moderne.de\/2022\/wp-json\/wp\/v2\/media?parent=875"}],"curies":[{"name":"wp","href":"https:\/\/api.w.org\/{rel}","templated":true}]}}