{"id":824,"date":"2022-02-17T20:23:31","date_gmt":"2022-02-17T19:23:31","guid":{"rendered":"\/2022\/?page_id=824"},"modified":"2022-03-16T11:17:33","modified_gmt":"2022-03-16T10:17:33","slug":"voelklinger-huette","status":"publish","type":"page","link":"\/2022\/partnerstaedte-de\/voelklinger-huette\/","title":{"rendered":"DE-Partnerst\u00e4tte V\u00f6lklinger H\u00fctte"},"content":{"rendered":"\n<h1 class=\"wp-block-heading\">V\u00f6lklinger H\u00fctte<\/h1>\n\n\n\n<h2 class=\"wp-block-heading\">UNESCO-Welterbe der Moderne im Saarland<\/h2>\n\n\n\n<h3 class=\"pb-2 wp-block-heading\">Die Triennale der Moderne will mittelfristig ein Netzwerk der deutschen Welterbest\u00e4tten der Moderne etablieren \u2014 Ab 2022 als assoziierte Partner*in neu dabei ist das Industriedenkmal V\u00f6lklinger H\u00fctte im Saarland unweit der Grenze zu Frankreich: Das Weltkulturerbe V\u00f6lklinger H\u00fctte ist das erste Denkmal aus der Bl\u00fctezeit der Industrialisierung, das in die Welterbeliste der UNESCO aufgenommen wurde. Heute ist das ehemalige Eisenwerk ein faszinierender Ort der Industriekultur, Kunst und Natur.<\/h3>\n\n\n\n<figure class=\"wp-block-image size-large pb-3\"><img loading=\"lazy\" decoding=\"async\" width=\"1024\" height=\"682\" src=\"\/2022\/wp-content\/uploads\/sites\/8\/2022\/02\/Voelklinger-Huette_Hochofengruppe-Rot_1280x852px-1024x682.jpg\" alt=\"\" class=\"wp-image-825\" srcset=\"\/2022\/wp-content\/uploads\/sites\/8\/2022\/02\/Voelklinger-Huette_Hochofengruppe-Rot_1280x852px-1024x682.jpg 1024w, \/2022\/wp-content\/uploads\/sites\/8\/2022\/02\/Voelklinger-Huette_Hochofengruppe-Rot_1280x852px-600x400.jpg 600w, \/2022\/wp-content\/uploads\/sites\/8\/2022\/02\/Voelklinger-Huette_Hochofengruppe-Rot_1280x852px-375x250.jpg 375w, \/2022\/wp-content\/uploads\/sites\/8\/2022\/02\/Voelklinger-Huette_Hochofengruppe-Rot_1280x852px-768x511.jpg 768w, \/2022\/wp-content\/uploads\/sites\/8\/2022\/02\/Voelklinger-Huette_Hochofengruppe-Rot_1280x852px.jpg 1280w\" sizes=\"(max-width: 1024px) 100vw, 1024px\" \/><figcaption>Die beleuchtete V\u00f6lklinger H\u00fctte, Copyright Foto: Oliver Dietze \/ Weltkulturerbe V\u00f6lklinger H\u00fctte<\/figcaption><\/figure>\n\n\n\n<h1 class=\"pb-2 wp-block-heading\">Architektur und Angebote<\/h1>\n\n\n\n<div class=\"wp-block-columns is-layout-flex wp-container-core-columns-is-layout-1 wp-block-columns-is-layout-flex\">\n<div class=\"wp-block-column is-layout-flow wp-block-column-is-layout-flow\" style=\"flex-basis:66.66%\">\n<p>In der V\u00f6lklinger H\u00fctte spiegelt sich das Zeitalter der Hochindustrialisierung in einmaliger Weise. Ihre Geschichte ist exemplarisch f\u00fcr die Geschichte Deutschlands und der Welt im 19. und 20. Jahrhundert. Mehrere Kilometer Besucherwege f\u00fchren durch das UNESCO-Weltkulturerbe \u2013 das einzige Eisenwerk dieser Epoche, das vollst\u00e4ndig erhalten ist \u2013 zu Meilensteinen der Technikgeschichte wie dem einmaligen Erzschr\u00e4gaufzug, den gewaltigen Gebl\u00e4semaschinen, der Hochofengruppe und der Sinteranlage.<br><\/p>\n\n\n\n<p>Dar\u00fcber hinaus inspiriert das Weltkulturerbe als Ort der Kultur, offen f\u00fcr alle K\u00fcnste. Das Zusammenspiel verschiedenster, auratischer Industrieschaupl\u00e4tze im Innen- wie Au\u00dfenraum mit Ausstellungen, Theater, Konzerten oder Performances macht den besonderen Reiz aus.<br>Zur Kultur gesellt sich die Natur: Das Paradies, hervorgegangen aus der einstigen \u201eH\u00f6lle\u201c der Kokerei, fasziniert durch die R\u00fcckeroberung von Teilen des Gel\u00e4ndes durch vielf\u00e4ltige Flora und Fauna.<\/p>\n\n\n\n<p>Als zentraler Ort des Anthropoz\u00e4ns \u2013 des Zeitalters, in dem der Mensch durch Technik seine Umwelt massiv ver\u00e4ndert hat \u2013 ist die V\u00f6lklinger H\u00fctte geradezu daf\u00fcr pr\u00e4destiniert, die Licht- und Schattenseiten\u00a0\u00a0dieser globalen Entwicklung in den Blick zu nehmen \u2013 als Ort der Geschichte, Gegenwart und Zukunft zugleich. Deshalb sind auch Future Labs integraler Bestandteil des vielseitigen Gesamtprogramms zwischen Technik, Kunst und Natur.<\/p>\n\n\n\n<p>Weitere Infos und Programmangebote:<\/p>\n\n\n\n<ul class=\"wp-block-list\"><li><a href=\"http:\/\/www.voelklinger-huette.org\/\" target=\"_blank\" rel=\"noreferrer noopener\">www.voelklinger-huette.org<\/a><\/li><\/ul>\n<\/div>\n\n\n\n<div class=\"wp-block-column is-layout-flow wp-block-column-is-layout-flow\" style=\"flex-basis:33.33%\">\n<h1 class=\"pb-1 wp-block-heading\">Ansprechpartner<\/h1>\n\n\n\n<p class=\"pb-3\">Dr. Armin Leidiger <br>Kommunikation \/ Presse, Medien<br>Weltkulturerbe V\u00f6lklinger H\u00fctte<br>Rathausstra\u00dfe 75-79, 66333 V\u00f6lklingen<br>Tel. +49 (0)6898-9100-151<\/p>\n\n\n\n<h1 class=\"pb-1 wp-block-heading\">Social Media<\/h1>\n\n\n\n<ul class=\"wp-block-list\"><li><a rel=\"noreferrer noopener\" href=\"http:\/\/www.instagram.com\/voelklinger_huette\/\" target=\"_blank\">www.instagram.com\/voelklinger_huette\/<\/a><\/li><li><a rel=\"noreferrer noopener\" href=\"http:\/\/www.facebook.com\/WeltkulturerbeVoelklingerHuette\/\" target=\"_blank\">www.facebook.com\/Weltkulturerbe&#8230;<\/a><\/li><li><a rel=\"noreferrer noopener\" href=\"https:\/\/www.youtube.com\/channel\/UCfBlcOVFgz7BS1OfGGPqEug\" target=\"_blank\">www.youtube.com\/&#8230;<\/a><\/li><\/ul>\n<\/div>\n<\/div>\n\n\n\n<p><\/p>\n","protected":false},"excerpt":{"rendered":"<p>UNESCO-Weltkulturerbe Fagus-Werk in Alfeld, Entwurf: Walter Gropius, 1911; Frontalansicht; Foto: Hans P. Szyszka<\/p>\n","protected":false},"author":2,"featured_media":825,"parent":462,"menu_order":3,"comment_status":"closed","ping_status":"closed","template":"","meta":{"_acf_changed":false,"footnotes":""},"class_list":["post-824","page","type-page","status-publish","has-post-thumbnail","hentry"],"acf":[],"_links":{"self":[{"href":"https:\/\/triennale-der-moderne.de\/2022\/wp-json\/wp\/v2\/pages\/824"}],"collection":[{"href":"https:\/\/triennale-der-moderne.de\/2022\/wp-json\/wp\/v2\/pages"}],"about":[{"href":"https:\/\/triennale-der-moderne.de\/2022\/wp-json\/wp\/v2\/types\/page"}],"author":[{"embeddable":true,"href":"https:\/\/triennale-der-moderne.de\/2022\/wp-json\/wp\/v2\/users\/2"}],"replies":[{"embeddable":true,"href":"https:\/\/triennale-der-moderne.de\/2022\/wp-json\/wp\/v2\/comments?post=824"}],"version-history":[{"count":17,"href":"https:\/\/triennale-der-moderne.de\/2022\/wp-json\/wp\/v2\/pages\/824\/revisions"}],"predecessor-version":[{"id":1946,"href":"https:\/\/triennale-der-moderne.de\/2022\/wp-json\/wp\/v2\/pages\/824\/revisions\/1946"}],"up":[{"embeddable":true,"href":"https:\/\/triennale-der-moderne.de\/2022\/wp-json\/wp\/v2\/pages\/462"}],"wp:featuredmedia":[{"embeddable":true,"href":"https:\/\/triennale-der-moderne.de\/2022\/wp-json\/wp\/v2\/media\/825"}],"wp:attachment":[{"href":"https:\/\/triennale-der-moderne.de\/2022\/wp-json\/wp\/v2\/media?parent=824"}],"curies":[{"name":"wp","href":"https:\/\/api.w.org\/{rel}","templated":true}]}}