{"id":4824,"date":"2023-08-28T10:06:56","date_gmt":"2023-08-28T08:06:56","guid":{"rendered":"\/2022\/?page_id=4824"},"modified":"2023-10-25T07:19:43","modified_gmt":"2023-10-25T05:19:43","slug":"conference-open-call","status":"publish","type":"page","link":"\/2022\/conference-open-call\/","title":{"rendered":"Conference &#8211; Open Call"},"content":{"rendered":"\n<div class=\"wp-block-columns is-layout-flex wp-container-core-columns-is-layout-1 wp-block-columns-is-layout-flex\">\n<div class=\"wp-block-column is-layout-flow wp-block-column-is-layout-flow\" style=\"flex-basis:66.6%\">\n<h1 class=\"wp-block-heading\">Convergences and Divergences. Modernism beyond East and West<\/h1>\n\n\n\n<h2 class=\"pb-1 wp-block-heading\">SAVE-THE-DATE: 16.11.2023\u201318.11.2023<\/h2>\n\n\n\n<h3 class=\"wp-block-heading\">The Organizers of the Berlin-based conference call for contributions that critically rethink and analyze the history of European modern architecture with reference to Central and Eastern Europe.<\/h3>\n\n\n\n<p>The conference will be held in English language. It addresses the history of modern architecture from a horizontal and non-hierarchical perspective, overcoming outdated and simplistic categories such as East and West. It will focus not only on design and urban planning issues, but also on questions related to the transformation of societies, the exchange of ideas, the building of relationships between people or the struggle for a better future. The conference approaches architecture from a broader perspective \u2013 presenting it as a &#8222;seismograph&#8220; of the visionary and at the same time ambivalent experience of Modernism, which has much to say not only about the particular moment in history but also about the present.<\/p>\n\n\n\n<p>For too long, theoretical and political constructs have contributed to a territorial or thematic marginalization of Central and Eastern Europe in European architectural historiography. Instead, the conference encourages a closer look at the dynamics between and beyond the political, geographical and cultural borders of Europe in the 20th and 21st century. The aim is not only to analyze the differences, but also to write a history of connections in modern architecture, employing a range of scales and approaches: focusing on timeframes and milestones, exploring cities, regions and borders where histories and memories meet, as well as examining architecture from the perspective of individual stories \u2013 those behind biographies or those behind particular architectural objects and ideas of Modernism.<\/p>\n\n\n\n<p class=\"pb-2\">The open call seeks to bring together various perspectives and areas of expertise represented by researchers, architects, designers, architectural historians, urban activists and civic society actors. The main goal is to critically rethink the legacy of Modernism and its associated transformations in Central and Eastern Europe in the context of international relations, dependencies, influence, and power.&nbsp;The conference builds on the five-year experience of the \u201cExercising Modernity\u201d program \u2013 an interdisciplinary intellectual exchange on art and architecture in a broader sense, exploring how ideas of modernity were reflected in various social and political spheres \u2013 and is being organized in cooperation with the initiative for a \u201cEuropean Triennial of Modernism (ETOM)\u201d.<\/p>\n\n\n\n<ul class=\"wp-block-list\">\n<li><strong><a href=\"\/2022\/wp-content\/uploads\/sites\/8\/2023\/09\/EM_OpenCall_Modernism-East-West-2023.pdf\" target=\"_blank\" rel=\"noreferrer noopener\">Load Open Call as PDF document<\/a><\/strong><\/li>\n\n\n\n<li><a rel=\"noreferrer noopener\" href=\"https:\/\/berlin.instytutpileckiego.pl\/en\/events\/open-call-convergences-and-divergences-modernism-beyond-east\" target=\"_blank\"><strong>Announcement by the Pilecki Institute<\/strong><\/a><\/li>\n\n\n\n<li class=\"pb-4\"><strong>Programme Overview: Coming soon<\/strong> &#8230;<\/li>\n<\/ul>\n\n\n\n<hr class=\"wp-block-separator has-alpha-channel-opacity\"\/>\n\n\n\n<h2 class=\"wp-block-heading\">The conference program <\/h2>\n\n\n\n<h1 class=\"pb-3 wp-block-heading\">will include two keynote-lectures (in the evenings 16.+17.11.2023) and will be shaped along the following five topic areas with up to five panelists from Central Europe presenting and discussing their projects and concerns:<\/h1>\n\n\n\n<h3 class=\"wp-block-heading\">KEYNOTE LECTURES: <\/h3>\n\n\n\n<p><strong>16.11.2023: Prof. em. Akos Moravansky<\/strong>, <br>Architectural Historian, ETH Z\u00fcrich: <br><em>Shifting Grounds: Re-Mapping the Historiography of Architectural Modernism in Europe<\/em><\/p>\n\n\n\n<p class=\"pb-3\"><strong>17.11.2023: Prof. Dr Ing. Arch. Henrieta Morav\u010d\u00edkov\u00e1<\/strong>, <br>STU Bratislava, Slovak Academy of Science, Docomomo Slovakia, <em>title TBA<\/em><\/p>\n\n\n\n<hr class=\"wp-block-separator has-alpha-channel-opacity\"\/>\n\n\n\n<h3 class=\"wp-block-heading\">TOPIC AREA \/ PANEL 1: <br>Contested architectural heritage&nbsp;<br>across Central and Eastern Europe&nbsp;<\/h3>\n\n\n\n<p>Objects, sites or typologies of compromised or ambivalent history are often referred to as contested, difficult or problematic heritage. All these terms attempt to capture the social resonance of or responsibility for our cultural legacy. This often results in that heritage being excluded from social circulation and appreciation, because from today\u2019s perspective, it is perceived as evidence of a shameful or painful past that has been successfully overcome.<\/p>\n\n\n\n<p>Both rejection of a fragment of the past and the abandonment of care can lead to a gradual decay or even invite active processes of aesthetic devaluation or de facto destruction. The reason may be that such heritage is judged unsuitable by a majority society, a defined group, or the political administration to tell a positive, unifying story about itself or is perceived as \u201calien\u201d.<\/p>\n\n\n\n<p class=\"pb-3\">The call-section asks for examples of such ambivalent heritage and for contemporary socio-cultural practices in dealing with it \u2013 in particular as regards current challenges of post-Soviet traces in modern architecture in Central and Eastern Europe.<\/p>\n\n\n\n<hr class=\"wp-block-separator has-alpha-channel-opacity\"\/>\n\n\n\n<h3 class=\"wp-block-heading\">TOPIC AREA \/ PANEL 2:&nbsp;<br>Iron curtain(s) of the 20th century.&nbsp;<br>Modernism beyond the binary of East and West&nbsp;<\/h3>\n\n\n\n<p>This section explores the reception and migration of designs and ideas across various divisions that accompanied the Iron Curtain. Rather than focusing on a one-way flow from the center to the periphery, the interest is on a \u2018moving map\u2019. Vectors of exchange between West and East are oriented in many ways and directions. The goal is to challenge unidirectional or vertical historical architectural narratives that are often based on the principle of subordination of Central and Eastern European architecture.<\/p>\n\n\n\n<p>The panel aims to trace disconnected histories and obscure biographies. Particular attention will be given to the question, how did ideological and geopolitical rifts and tensions reinforce the demarcation between the notions of Eastern and Western European Modernism? How did they contribute to the suppression or neglect of certain narratives, design principles, and individual stories? How may ideologically motivated exacerbations have hindered or re-channeled the transfer of ideas?<\/p>\n\n\n\n<p class=\"pb-3\">The call asks for examples of biographies or activities that, despite political or ideological barriers, facilitated the flow of ideas and concepts between East and West or West and East \u2013 with a particular focus on countries of Central and Eastern Europe and East and West Germany.<\/p>\n\n\n\n<hr class=\"wp-block-separator has-alpha-channel-opacity\"\/>\n\n\n\n<h3 class=\"wp-block-heading\">TOPIC AREA \/ PANEL 3:&nbsp;<br>Built narratives.&nbsp;<br>Multilayered identities of modern architecture<\/h3>\n\n\n\n<p>Architectural heritage is often used to tell stories about particular versions of the past. In geographical and cultural areas where multiple groups have lived together and various political spheres have intersected, built heritage may consist of numerous historical layers and witness many deliberate aesthetic redesigns. For various reasons, these are not \u2013 or have not been made \u2013 equally visible.&nbsp;<\/p>\n\n\n\n<p class=\"pb-3\">The call asks for examples of architectural heritage that bear witness to multicultural and multilingual histories, as well as for examples of successful policies and practices. How can plurality be expressed and made accessible through conservation, storytelling, activism, and artistic intervention?<\/p>\n\n\n\n<hr class=\"wp-block-separator has-alpha-channel-opacity\"\/>\n\n\n\n<h3 class=\"wp-block-heading\">TOPIC AREA \/ PANEL 4:&nbsp;<br>Shared heritage.&nbsp;<br>Points of contact and best practices<\/h3>\n\n\n\n<p>The notion of shared built heritage unveils the hidden networks and the potential for sharing (architectural) history by various communities, nations, regions and countries.<\/p>\n\n\n\n<p>On the other hand, this concept revives sources and risks of tension, as a result of which joint or in-depth exploration is sometimes neglected.<\/p>\n\n\n\n<p>This section is dedicated to strategies for making the public, local communities, authorities and professionals aware of the importance of shared modern history. This includes the same or similar guiding principles, roots, characteristics and design features in modern architecture in Central and Eastern Europe.<\/p>\n\n\n\n<p class=\"pb-3\">The call asks for examples of practices of revitalization, rehabilitation, conservation, documentation, communication and management pertaining to common architectural heritage, with a special focus on the collaboration between various actors involved.<\/p>\n\n\n\n<hr class=\"wp-block-separator has-alpha-channel-opacity\"\/>\n\n\n\n<h3 class=\"wp-block-heading\">TOPIC AREA \/ PANEL 5:&nbsp;<br>New Communities, New Buildings, New People:&nbsp;<br>the notion of the \u201cnew\u201d in Central and Eastern European modern architecture&nbsp;<\/h3>\n\n\n\n<p>Housing is an important part of architectural history, but it also plays a major role in the history of political, social and spatial changes of a particular era. Especially the ideas of social and communal living were labeled&nbsp;&nbsp;\u201cnew\u201d at the beginning of the 20th century, when they began to shape cities and social life in various parts of the continent. How did these ideas develop in the first and second half of the 20th century in both East and West?<\/p>\n\n\n\n<p>The panel focuses on centers of change that show diverse developments and layers based on their political history, shifts of borders, migrations and cultures of exile, to examine individual traces, shared models and differences that need to be addressed.<\/p>\n\n\n\n<p class=\"pb-3\">Based on selected case studies, the section discusses examples from polycultural cities such as Berlin, Prague, Kharkiv, Kyiv, Warsaw, Tallinn and Vilnius. Of special interest are significant examples of modern housing settlements for which the initial ideas can be juxtaposed with the present situation and contemporary challenges.<\/p>\n\n\n\n<hr class=\"wp-block-separator has-alpha-channel-opacity\"\/>\n\n\n\n<ul class=\"wp-block-list\">\n<li><strong><a href=\"\/2022\/wp-content\/uploads\/sites\/8\/2023\/09\/EM_OpenCall_Modernism-East-West-2023.pdf\" target=\"_blank\" rel=\"noreferrer noopener\">Load Open Call as a PDF-document<\/a><\/strong><\/li>\n<\/ul>\n\n\n\n<figure class=\"wp-block-image size-large pb-2\"><a href=\"\/2022\/wp-content\/uploads\/sites\/8\/2023\/09\/EM_OpenCall_Modernism-East-West-2023.pdf\" target=\"_blank\" rel=\"noreferrer noopener\"><img loading=\"lazy\" decoding=\"async\" width=\"1024\" height=\"679\" src=\"\/2022\/wp-content\/uploads\/sites\/8\/2023\/08\/Conference_Modernsim-E-W_OpenCall_FB-1024x679.jpg\" alt=\"Open Call and Conference &quot;Convergences and Divergences. Modernism beyond East and West&quot;\" class=\"wp-image-4827\" srcset=\"\/2022\/wp-content\/uploads\/sites\/8\/2023\/08\/Conference_Modernsim-E-W_OpenCall_FB-1024x679.jpg 1024w, \/2022\/wp-content\/uploads\/sites\/8\/2023\/08\/Conference_Modernsim-E-W_OpenCall_FB-600x398.jpg 600w, \/2022\/wp-content\/uploads\/sites\/8\/2023\/08\/Conference_Modernsim-E-W_OpenCall_FB-375x250.jpg 375w, \/2022\/wp-content\/uploads\/sites\/8\/2023\/08\/Conference_Modernsim-E-W_OpenCall_FB-768x509.jpg 768w, \/2022\/wp-content\/uploads\/sites\/8\/2023\/08\/Conference_Modernsim-E-W_OpenCall_FB-1536x1018.jpg 1536w, \/2022\/wp-content\/uploads\/sites\/8\/2023\/08\/Conference_Modernsim-E-W_OpenCall_FB-2048x1358.jpg 2048w\" sizes=\"(max-width: 1024px) 100vw, 1024px\" \/><\/a><\/figure>\n\n\n\n<figure class=\"wp-block-image size-large pb-4\"><img loading=\"lazy\" decoding=\"async\" width=\"1024\" height=\"131\" src=\"\/2022\/wp-content\/uploads\/sites\/8\/2023\/08\/Logo-Leiste_Open-Call_transp-1024x131.png\" alt=\"\" class=\"wp-image-4895\" srcset=\"\/2022\/wp-content\/uploads\/sites\/8\/2023\/08\/Logo-Leiste_Open-Call_transp-1024x131.png 1024w, \/2022\/wp-content\/uploads\/sites\/8\/2023\/08\/Logo-Leiste_Open-Call_transp-600x77.png 600w, \/2022\/wp-content\/uploads\/sites\/8\/2023\/08\/Logo-Leiste_Open-Call_transp-768x99.png 768w, \/2022\/wp-content\/uploads\/sites\/8\/2023\/08\/Logo-Leiste_Open-Call_transp.png 1200w\" sizes=\"(max-width: 1024px) 100vw, 1024px\" \/><\/figure>\n\n\n\n<hr class=\"wp-block-separator has-css-opacity\"\/>\n\n\n\n<h1 class=\"pb-3 wp-block-heading\">You know someone, who might be interested? <\/h1>\n\n\n\n<h2 class=\"wp-block-heading\">Please spread the News<\/h2>\n\n\n\n<ul class=\"wp-block-list\">\n<li><strong><a href=\"https:\/\/berlin.instytutpileckiego.pl\/en\" target=\"_blank\" rel=\"noreferrer noopener\">Pilecki-Institut<\/a><\/strong> (Website)<\/li>\n\n\n\n<li><strong><a rel=\"noreferrer noopener\" href=\"https:\/\/www.facebook.com\/TriennaleDerModerne\" target=\"_blank\">Facebook<\/a><\/strong> (#TriennaleDerModerne)<\/li>\n\n\n\n<li><strong><a href=\"https:\/\/twitter.com\/TdModerne\/\">Twitter<\/a><\/strong> (@TdModerne)<\/li>\n\n\n\n<li><strong><a href=\"https:\/\/www.instagram.com\/triennale_der_moderne\/\">Instagram<\/a><\/strong> (@triennale_der_moderne)<\/li>\n<\/ul>\n<\/div>\n\n\n\n<div class=\"wp-block-column is-layout-flow wp-block-column-is-layout-flow\" style=\"flex-basis:30%\">\n<h1 class=\"pb-4 wp-block-heading\">Details about this Call<\/h1>\n\n\n\n<figure class=\"wp-block-image size-large\"><a href=\"\/2022\/wp-content\/uploads\/sites\/8\/2023\/09\/EM_OpenCall_Modernism-East-West-2023.pdf\" target=\"_blank\" rel=\"noreferrer noopener\"><img loading=\"lazy\" decoding=\"async\" width=\"535\" height=\"768\" src=\"\/2022\/wp-content\/uploads\/sites\/8\/2023\/08\/Conference_Modernsim-E-W_OpenCall_HF-535x768.png\" alt=\"\" class=\"wp-image-4831\" srcset=\"\/2022\/wp-content\/uploads\/sites\/8\/2023\/08\/Conference_Modernsim-E-W_OpenCall_HF-535x768.png 535w, \/2022\/wp-content\/uploads\/sites\/8\/2023\/08\/Conference_Modernsim-E-W_OpenCall_HF-278x400.png 278w, \/2022\/wp-content\/uploads\/sites\/8\/2023\/08\/Conference_Modernsim-E-W_OpenCall_HF-768x1103.png 768w, \/2022\/wp-content\/uploads\/sites\/8\/2023\/08\/Conference_Modernsim-E-W_OpenCall_HF-1069x1536.png 1069w, \/2022\/wp-content\/uploads\/sites\/8\/2023\/08\/Conference_Modernsim-E-W_OpenCall_HF.png 1318w\" sizes=\"(max-width: 535px) 100vw, 535px\" \/><\/a><figcaption class=\"wp-element-caption\"><strong><a href=\"\/2022\/wp-content\/uploads\/sites\/8\/2023\/08\/EM_OpenCall_Modernism-East-West-2023.pdf\" target=\"_blank\" rel=\"noreferrer noopener\">Load Open Call as a PDF document<\/a><\/strong><\/figcaption><\/figure>\n\n\n\n<p class=\"pb-1\"><strong>Conference Venue<\/strong> <br>Pilecki-Institute Berlin,<br>Pariser-Platz 4a, 10117 Berlin<\/p>\n\n\n\n<p class=\"pb-3\"><strong>Save-the-Dates<\/strong><br>\u2022 Do, 16.11.2023, 9:30 \u2013 20:30 Uhr<br>\u2022 Fr, 17.11.2023, 10:00 \u2013 20:30 Uhr<br>\u2022 Sa, 18.11.2023, ca. 11:00 \u2013 12:30 Uhr: Ausstellungsf\u00fchrungen &#8222;Soft Ground&#8220; <br>im BHROX bauhaus reuse, Ernst-Reuter-Platz<br><\/p>\n\n\n\n<hr class=\"wp-block-separator has-css-opacity\"\/>\n\n\n\n<h2 class=\"pb-1 wp-block-heading\">How to submit<\/h2>\n\n\n\n<p><strong>Abstract<\/strong><br>Abstracts of 300\u2013500 words plus a short bio (max. 300 words) should be sent to <a href=\"mailto:apply@exercisingmodernity.com\">apply@exercisingmodernity.com<\/a><\/p>\n\n\n\n<p><strong>Dates and Deadlines<\/strong><br>\u2022 Abstract submission deadline:<br>17 September 2023&nbsp;<br>\u2022 Notification of acceptance: <br>10 October 2023<br>\u2022 Conference dates: <br>16\u201318 November 2023<\/p>\n\n\n\n<p><strong>Contact<\/strong><br><a href=\"mailto:contact@exercisingmodernity.com\">contact@exercisingmodernity.com<\/a><\/p>\n\n\n\n<p><strong>Organizer<\/strong><br>\u2022 Pilecki-Institut Berlin \/ Exercising Modernity<\/p>\n\n\n\n<p><strong>Cooperation<\/strong><br>\u2022 ETOM \u2013 European Triennial of Modernism &nbsp;<br>\u2022 BHROX bauhaus reuse \/ zukunftsgeraeusche GbR (BHROX \/ zkg)<br>\u2022 buschfeld.com (Ben Buschfeld)<\/p>\n\n\n\n<p><strong>Partner<\/strong><br>\u2022 Stiftung f\u00fcr Deutsch-Polnische Zusammenarbeit<\/p>\n\n\n\n<p class=\"pb-4\"><strong>Venue<\/strong><br>Pilecki-Institute Berlin,<br>Pariser-Platz 4a, 10117 Berlin&nbsp;<\/p>\n\n\n\n<hr class=\"wp-block-separator has-alpha-channel-opacity\"\/>\n\n\n\n<h2 class=\"wp-block-heading\">Associated exhibition<\/h2>\n\n\n\n<h1 class=\"pb-3 wp-block-heading\">Soft Ground \u2013 <br>5 Years of Excercising Modernity<\/h1>\n\n\n\n<figure class=\"wp-block-image size-large\"><img loading=\"lazy\" decoding=\"async\" width=\"1024\" height=\"576\" src=\"\/2022\/wp-content\/uploads\/sites\/8\/2023\/10\/EM-KV-W_TWITTER--1024x576.png\" alt=\"\" class=\"wp-image-5037\" srcset=\"\/2022\/wp-content\/uploads\/sites\/8\/2023\/10\/EM-KV-W_TWITTER--1024x576.png 1024w, \/2022\/wp-content\/uploads\/sites\/8\/2023\/10\/EM-KV-W_TWITTER--600x338.png 600w, \/2022\/wp-content\/uploads\/sites\/8\/2023\/10\/EM-KV-W_TWITTER--768x432.png 768w, \/2022\/wp-content\/uploads\/sites\/8\/2023\/10\/EM-KV-W_TWITTER--1536x864.png 1536w, \/2022\/wp-content\/uploads\/sites\/8\/2023\/10\/EM-KV-W_TWITTER-.png 1601w\" sizes=\"(max-width: 1024px) 100vw, 1024px\" \/><\/figure>\n\n\n\n<p><strong>Exhibition venue<\/strong> <br>BHROX bauhaus reuse\u00a0<br>Ernst-Reuter-Platz (Mittelinsel)<\/p>\n\n\n\n<p><strong>Exhibition dates<\/strong><br>25 October \u2013 25 November 2023<\/p>\n\n\n\n<p><strong>Organizer<\/strong><br>\u2022 Pilecki-Institut Berlin \/ Exercising Modernity<\/p>\n\n\n\n<p><strong>Partners<\/strong><br>\u2022 zukunftsgeraeusche GbR (zkg)<br>\u2022 BHROX bauhaus reuse<br>\u2022 buschfeld.com<\/p>\n\n\n\n<p><strong>Supported by<\/strong><br>\u2022 Ministry of Culture and National Heritage \u2013 Republic of Poland<br>\u2022 Culture.pl \u2013 Adam Mickiewicz Institute<br>\u2022 Co-financed by the Minister of Culture and National Heritage of the Republic of Poland<\/p>\n<\/div>\n<\/div>\n","protected":false},"excerpt":{"rendered":"<p>Convergences and Divergences. Modernism beyond East and West SAVE-THE-DATE: 16.11.2023\u201318.11.2023 The Organizers of the Berlin-based conference call for contributions that critically rethink and analyze the history of European modern architecture with reference to Central and Eastern Europe. The conference will be held in English language. It addresses the history of modern architecture from a horizontal [&hellip;]<\/p>\n","protected":false},"author":2,"featured_media":0,"parent":0,"menu_order":0,"comment_status":"closed","ping_status":"closed","template":"","meta":{"_acf_changed":false,"footnotes":""},"class_list":["post-4824","page","type-page","status-publish","hentry"],"acf":[],"_links":{"self":[{"href":"https:\/\/triennale-der-moderne.de\/2022\/wp-json\/wp\/v2\/pages\/4824"}],"collection":[{"href":"https:\/\/triennale-der-moderne.de\/2022\/wp-json\/wp\/v2\/pages"}],"about":[{"href":"https:\/\/triennale-der-moderne.de\/2022\/wp-json\/wp\/v2\/types\/page"}],"author":[{"embeddable":true,"href":"https:\/\/triennale-der-moderne.de\/2022\/wp-json\/wp\/v2\/users\/2"}],"replies":[{"embeddable":true,"href":"https:\/\/triennale-der-moderne.de\/2022\/wp-json\/wp\/v2\/comments?post=4824"}],"version-history":[{"count":103,"href":"https:\/\/triennale-der-moderne.de\/2022\/wp-json\/wp\/v2\/pages\/4824\/revisions"}],"predecessor-version":[{"id":5038,"href":"https:\/\/triennale-der-moderne.de\/2022\/wp-json\/wp\/v2\/pages\/4824\/revisions\/5038"}],"wp:attachment":[{"href":"https:\/\/triennale-der-moderne.de\/2022\/wp-json\/wp\/v2\/media?parent=4824"}],"curies":[{"name":"wp","href":"https:\/\/api.w.org\/{rel}","templated":true}]}}