{"id":4307,"date":"2022-10-18T09:14:50","date_gmt":"2022-10-18T07:14:50","guid":{"rendered":"\/2022\/?page_id=4307"},"modified":"2024-06-26T18:49:25","modified_gmt":"2024-06-26T16:49:25","slug":"berlin-welterbe-kolloquium","status":"publish","type":"page","link":"\/2022\/berlin-programm\/berlin-welterbe-kolloquium\/","title":{"rendered":"Berlin-OST-WEST-OST"},"content":{"rendered":"\n<h1 class=\"wp-block-heading\">Berlin-OST-WEST-OST<\/h1>\n\n\n\n<h2 class=\"wp-block-heading\">Internationales Kolloquium am 25. + 26.10.2022 <\/h2>\n\n\n\n<h3 class=\"pb-2 wp-block-heading\">Berlin hat vorgeschlagen, die gro\u00dfen denkmalgesch\u00fctzten Ensembles des Berliner Wiederaufbaus unter dem Titel &#8222;Karl-Marx-Allee und Interbau 1957. Architektur und St\u00e4dtebau der Berliner Nachkriegsmoderne&#8220; auf die deutsche Tentativliste zum Weltkulturerbe zu setzen und in der Folge dann der UNESCO zur Eintragung vorzuschlagen. Der erste Versuch 2014 wurde zwar gew\u00fcrdigt, es wurde jedoch um \u00dcberarbeitung gebeten. Im Herbst 2021 erfolge dann ein erneuter Antrag. Bei dem Kolloquium im Rahmen der Triennale der Moderne soll der neu eingereichte Vorschlag vorgestellt und mit externen Expert*innen er\u00f6rtert werden.<\/h3>\n\n\n\n<figure class=\"wp-block-image size-large pb-2\"><img loading=\"lazy\" decoding=\"async\" width=\"1024\" height=\"682\" src=\"\/2022\/wp-content\/uploads\/sites\/8\/2022\/01\/Strausberger-Platz_2012_Foto-BB_0016-1024x682.jpg\" alt=\"\" class=\"wp-image-192\" srcset=\"\/2022\/wp-content\/uploads\/sites\/8\/2022\/01\/Strausberger-Platz_2012_Foto-BB_0016-1024x682.jpg 1024w, \/2022\/wp-content\/uploads\/sites\/8\/2022\/01\/Strausberger-Platz_2012_Foto-BB_0016-600x400.jpg 600w, \/2022\/wp-content\/uploads\/sites\/8\/2022\/01\/Strausberger-Platz_2012_Foto-BB_0016-375x250.jpg 375w, \/2022\/wp-content\/uploads\/sites\/8\/2022\/01\/Strausberger-Platz_2012_Foto-BB_0016-768x512.jpg 768w, \/2022\/wp-content\/uploads\/sites\/8\/2022\/01\/Strausberger-Platz_2012_Foto-BB_0016.jpg 1280w\" sizes=\"(max-width: 1024px) 100vw, 1024px\" \/><figcaption class=\"wp-element-caption\">Karl-Marx-Allee, Strausberger Platz, Teil-Areal des Berliner Welterbe-Vorschlags \u00a9 Foto: Ben Buschfeld<\/figcaption><\/figure>\n\n\n\n<p>Die Er\u00f6ffnung des \u2013 von der Hermann-Henselmann-Stiftung in Kooperation mit dem Landesdenkmalamt Berlin und der Akademie der K\u00fcnste veranstalteten \u2013 Kolloquiums findet am Dienstag, den&nbsp;<strong>25.10.2022 ab 19:30 Uhr im Kino International an der Karl-Marx-Allee 33&nbsp;<\/strong>statt. Hier wird unter anderem der Architekturtheoretiker Vittorio Magnago Lampugnani einen Festvortrag zur Karl-Marx-Allee und dem Hansaviertel halten. <\/p>\n\n\n\n<p>Vor dem Vortrag Lampugnanis gibt es eine Filmpremiere, bei der der Film \u201e<a href=\"https:\/\/youtu.be\/xTVxwlsClO4?si=kQviicjNjel9zO-b\" target=\"_blank\" rel=\"noreferrer noopener\">KMA + Interbau 1957. Architektur und St\u00e4dtebau der Nachkriegsmoderne. Stimmen zum Welterbevorschlag<\/a>\u201c erstmals der \u00d6ffentlichkeit pr\u00e4sentiert wird. Unter den Interviewten sind auch einige der Berliner Programm-Partner*innen der Triennale der Moderne 2019 und 2022. Im Anschluss an die Veranstaltung findet ein Empfang des B\u00fcrgermeisters und Senators f\u00fcr Kultur und Europa statt. F\u00fcr die Er\u00f6ffnung ist keine Anmeldung erforderlich. Der Eintritt hierzu ist frei.<\/p>\n\n\n\n<p class=\"pb-3\">Die Tagung selber findet am Mittwoch, den&nbsp;<strong>26.10.2022 von 09:30 bis 22:00 Uhr in der Akademie der K\u00fcnste am Hanseatenweg<\/strong>&nbsp;statt. Verschiedene Expert*innen aus dem In- und Ausland diskutieren die spezifischen Welterbekriterien der Karl-Marx-Allee und Interbau und analysieren sie im Kontext weiterer Referenzobjekte. F\u00fcr das Kolloquium selbst f\u00e4llt ein Beitrag an in H\u00f6he von 6\u20ac, erm\u00e4\u00dfigt 4\u20ac. Tickets k\u00f6nnen vor Ort oder \u00fcber die Homepage der&nbsp;<a rel=\"noreferrer noopener\" href=\"https:\/\/www.adk.de\/de\/programm\/?we_objectID=64447\" target=\"_blank\">Ost West Ost: Karl-Marx-Allee &amp; Interbau 1957 | Akademie der K\u00fcnste, Berlin<\/a> (unter adk.de) erworben werden.<\/p>\n\n\n\n<ul class=\"wp-block-list\">\n<li><a rel=\"noreferrer noopener\" href=\"https:\/\/www.hermann-henselmann-stiftung.de\/wp-content\/uploads\/HHS-Kolloquium_Programm-fin.pdf\" target=\"_blank\"><strong>Programm und n\u00e4here Angaben zum Kolloquium<\/strong><\/a>&nbsp;(PDF)<\/li>\n<\/ul>\n\n\n\n<hr class=\"wp-block-separator has-css-opacity\"\/>\n\n\n\n<h2 class=\"pb-3 wp-block-heading\">Programm<\/h2>\n\n\n\n<h3 class=\"pb-2 wp-block-heading\">Di, 25.10.2022, 19:30\u201322:00 Uhr<br>Er\u00f6ffnung im Kino International<br>Karl-Marx-Allee 33, 10178 Berlin<br><\/h3>\n\n\n\n<ul class=\"wp-block-list\">\n<li>Begr\u00fc\u00dfung\n<ul class=\"wp-block-list\">\n<li>Christoph Rauhut, Landeskonservator Berlin<\/li>\n\n\n\n<li>Kristina Laduch, Stadtplanungsamt Berlin-Mitte<\/li>\n\n\n\n<li>Gru\u00dfwort Klaus Lederer, B\u00fcrgermeister und Senator f\u00fcr Kultur und Europa von Berlin<\/li>\n<\/ul>\n<\/li>\n\n\n\n<li>Filmpremiere &#8222;KMA + Interbau 1957. Architektur und St\u00e4dtebau der Nachkriegs\u00admoderne. <br>Stimmen zum Welterbevorschlag&#8220;\n<ul class=\"wp-block-list\">\n<li><strong>HINWEIS 26.10.2022: <\/strong>Film jetzt online abrufbar <a rel=\"noreferrer noopener\" href=\"https:\/\/www.youtube.com\/watch?v=xTVxwlsClO4\" target=\"_blank\"><strong>bei Youtube<\/strong><\/a><\/li>\n<\/ul>\n<\/li>\n\n\n\n<li>Festvortrag Vittorio Magnago Lampugnani, Z\u00fcrich<br>&#8222;Gebaute Ideologien, musterhafte Stadtelemente. Die Karl-Marx-Allee und das Hansaviertel in Berlin&#8220;<\/li>\n\n\n\n<li>Empfang des B\u00fcrgermeisters und Senators f\u00fcr Kultur und Europa. Eintritt frei<\/li>\n<\/ul>\n\n\n\n<hr class=\"wp-block-separator has-css-opacity\"\/>\n\n\n\n<h3 class=\"pb-2 wp-block-heading\">Mi, 26.10.2022, 9:30\u201319:00 Uhr:<br>Tagung: Akademie der K\u00fcnste \/ Studio<br>Hanseatenweg 10, 10557 Berlin<br><\/h3>\n\n\n\n<p><strong>Begr\u00fc\u00dfung<\/strong> <\/p>\n\n\n\n<ul class=\"wp-block-list\">\n<li>Jeanine Meerapfel, Pr\u00e4sidentin der Akademie der K\u00fcnste, Berlin<\/li>\n\n\n\n<li>Gru\u00dfwort Petra Kahlfeldt, Senatsbaudirektorin<\/li>\n\n\n\n<li>Thomas Flierl, Hermann-Henselmann-Stiftung<\/li>\n<\/ul>\n\n\n\n<p><strong>Einf\u00fchrung<\/strong><\/p>\n\n\n\n<ul class=\"wp-block-list\">\n<li>10:00 Christoph Rauhut, Berlin<br>Der Berliner Vorschlag<\/li>\n\n\n\n<li>10:15 Sabine Ambrosius, Thomas Flierl, Paul Sigel, Sandra Wagner-Conzelmann<br>Die Kriterien und Values des Berliner Vorschlags<\/li>\n<\/ul>\n\n\n\n<hr class=\"wp-block-separator has-css-opacity\"\/>\n\n\n\n<p><strong>Sektion 1 \u00b7 Values vertiefen<\/strong><\/p>\n\n\n\n<ul class=\"wp-block-list\">\n<li>10:40 Paul Sigel, Berlin \u2014 Moderation<\/li>\n\n\n\n<li>Jean-Louis Cohen [online], Paris\/New York:<br>Das einzigartige Zusammentreffen, die Rezeption, virtuose Weiterentwicklung<br>und die Vielfalt internationaler \u00adArchitekturstr\u00f6mungen im Nachkriegsberlin<\/li>\n\n\n\n<li>11:10 Diskussion<\/li>\n\n\n\n<li>11:25 Thomas Flierl, Berlin \u2014 Moderation<\/li>\n\n\n\n<li>Harald Kegler, Dessau\/Kassel:<br>Der Wiederaufbau Berlins durch umfassende Neuordnung<br>nach unterschiedlichen internationalen st\u00e4dtebaulichen Leitbildern<\/li>\n\n\n\n<li>11:55 Diskussion<\/li>\n\n\n\n<li>12:10 Sabine Ambrosius, Berlin \u2014 Moderation<\/li>\n\n\n\n<li>Sylvia Butensch\u00f6n, Berlin: <br>Herausragende Frei- und Gr\u00fcnraumgestaltungen mit gemeinschaftlich nutzbaren Angeboten<\/li>\n\n\n\n<li>12:40 Diskussion<\/li>\n\n\n\n<li>12:55 Pause<\/li>\n\n\n\n<li>13:50 Sandra Wagner-Conzelmann, Koblenz \u2014 Moderation<\/li>\n\n\n\n<li>Angela Lammert, Berlin:<br>Kunst am Bau bzw. im Stadtraum \u2013 Knotenpunkte internationaler Kunstdiskurse<\/li>\n\n\n\n<li>14:20 Diskussion<\/li>\n<\/ul>\n\n\n\n<hr class=\"wp-block-separator has-css-opacity\"\/>\n\n\n\n<p><strong>Sektion 2 \u00b7 Vergleichende Analysen<\/strong><\/p>\n\n\n\n<ul class=\"wp-block-list\">\n<li>14:35 Paul Sigel, Berlin \u2014 Moderation<\/li>\n\n\n\n<li>Marina Dmitrieva, Leipzig: <br>KMA 1 im Kontext und Referenzobjekte<\/li>\n\n\n\n<li>15:05 Diskussion<\/li>\n\n\n\n<li>15:20 Pause<\/li>\n\n\n\n<li>15:50 Sandra Wagner-Conzelmann, Koblenz \u2014 Moderation<\/li>\n\n\n\n<li>Gabi Dolff-Bonek\u00e4mper, Berlin:<br>Interbau 1957 im Kontext und Referenzobjekte<\/li>\n\n\n\n<li>16:20 Diskussion<\/li>\n\n\n\n<li>16:35 Thomas Flierl, Berlin \u2014 Moderation<\/li>\n\n\n\n<li>Andreas Butter Berlin:<br>KMA 2 im Kontext und Referenzobjekte<\/li>\n\n\n\n<li>17:05 Diskussion<\/li>\n<\/ul>\n\n\n\n<hr class=\"wp-block-separator has-css-opacity\"\/>\n\n\n\n<p><strong>Ausblick<\/strong><\/p>\n\n\n\n<ul class=\"wp-block-list\">\n<li>17:20 Christoph Rauhut, Berlin \u2014 Moderation<\/li>\n\n\n\n<li>Sabine Ambrosius, Berlin:<br>N\u00e4chste Schritte und Projekte<\/li>\n\n\n\n<li>17:40 Diskussion<br><\/li>\n<\/ul>\n\n\n\n<p><strong>Abschlussdiskussion <br>Denkmal Nachkriegsmoderne \u2013 wie gut ist Berlin aufgestellt?<\/strong><\/p>\n\n\n\n<ul class=\"wp-block-list\">\n<li>17:55 Thomas Flierl, Berlin \u2014 Moderation<\/li>\n\n\n\n<li>Klaus Lederer, B\u00fcrgermeister und Senator f\u00fcr Kultur und Europa in Berlin <\/li>\n\n\n\n<li>Andreas Otto, MdA \u00b7 Vorsitz im Ausschuss f\u00fcr Stadtentwicklung (angefragt)<\/li>\n\n\n\n<li>Gabi Dolff-Bonek\u00e4mper, TU Berlin EM.<\/li>\n\n\n\n<li>Leo Schmidt, BTU Cottbus EM.<\/li>\n\n\n\n<li>Oliver Sukrow, ICOMOS Austria \u00b7 TU Wien<\/li>\n\n\n\n<li>Franziska Bollerey, TU delft EM.<\/li>\n<\/ul>\n\n\n\n<ul class=\"wp-block-list\">\n<li>19:00 Ende der Veranstaltung<\/li>\n<\/ul>\n\n\n\n<p class=\"pb-4\">Mit freundlicher Unterst\u00fctzung des Landesdenkmalamtes Berlin, der Akademie der K\u00fcnste, Berlin, <br>der Rosa-Luxemburg-Stiftung und des Vereins Helle Panke; Eintritt: 6 \u20ac, erm\u00e4\u00dfigt 4 \u20ac<\/p>\n\n\n\n<hr class=\"wp-block-separator has-css-opacity\"\/>\n\n\n\n<h1 class=\"pb-4 wp-block-heading\">\u00dcbersicht der Nominierungsgebiete<\/h1>\n\n\n\n<figure class=\"wp-block-image size-large\"><img loading=\"lazy\" decoding=\"async\" width=\"1024\" height=\"702\" src=\"\/2022\/wp-content\/uploads\/sites\/8\/2022\/10\/LDA_KMA-IBA57_OstWestOst_Gebiete_Schwarzplan_2000px-1024x702.jpg\" alt=\"\" class=\"wp-image-4339\" srcset=\"\/2022\/wp-content\/uploads\/sites\/8\/2022\/10\/LDA_KMA-IBA57_OstWestOst_Gebiete_Schwarzplan_2000px-1024x702.jpg 1024w, \/2022\/wp-content\/uploads\/sites\/8\/2022\/10\/LDA_KMA-IBA57_OstWestOst_Gebiete_Schwarzplan_2000px-583x400.jpg 583w, \/2022\/wp-content\/uploads\/sites\/8\/2022\/10\/LDA_KMA-IBA57_OstWestOst_Gebiete_Schwarzplan_2000px-768x527.jpg 768w, \/2022\/wp-content\/uploads\/sites\/8\/2022\/10\/LDA_KMA-IBA57_OstWestOst_Gebiete_Schwarzplan_2000px-1536x1053.jpg 1536w, \/2022\/wp-content\/uploads\/sites\/8\/2022\/10\/LDA_KMA-IBA57_OstWestOst_Gebiete_Schwarzplan_2000px.jpg 1999w\" sizes=\"(max-width: 1024px) 100vw, 1024px\" \/><figcaption class=\"wp-element-caption\">Gro\u00dfr\u00e4umige Markierung und Verortung der zum Welterbe-Vorschlag z\u00e4hlenden Gebiete, Quelle: Landesdenkmalamt Berlin<\/figcaption><\/figure>\n\n\n\n<p><\/p>\n","protected":false},"excerpt":{"rendered":"<p>Internationales wissenschaftliches Kolloquium der Hermann-Henselmann-Stiftung in Kooperation mit dem Landesdenkmalamt Berlin und der Akademie der K\u00fcnste \u2013 Er\u00f6ffnung am 25.10.2022 im Kino-International + Symposium am 26.10.2022 in der AdK am Hansaviertel<\/p>\n","protected":false},"author":2,"featured_media":1773,"parent":2592,"menu_order":5,"comment_status":"closed","ping_status":"closed","template":"","meta":{"_acf_changed":false,"footnotes":""},"class_list":["post-4307","page","type-page","status-publish","has-post-thumbnail","hentry"],"acf":[],"_links":{"self":[{"href":"https:\/\/triennale-der-moderne.de\/2022\/wp-json\/wp\/v2\/pages\/4307"}],"collection":[{"href":"https:\/\/triennale-der-moderne.de\/2022\/wp-json\/wp\/v2\/pages"}],"about":[{"href":"https:\/\/triennale-der-moderne.de\/2022\/wp-json\/wp\/v2\/types\/page"}],"author":[{"embeddable":true,"href":"https:\/\/triennale-der-moderne.de\/2022\/wp-json\/wp\/v2\/users\/2"}],"replies":[{"embeddable":true,"href":"https:\/\/triennale-der-moderne.de\/2022\/wp-json\/wp\/v2\/comments?post=4307"}],"version-history":[{"count":45,"href":"https:\/\/triennale-der-moderne.de\/2022\/wp-json\/wp\/v2\/pages\/4307\/revisions"}],"predecessor-version":[{"id":5552,"href":"https:\/\/triennale-der-moderne.de\/2022\/wp-json\/wp\/v2\/pages\/4307\/revisions\/5552"}],"up":[{"embeddable":true,"href":"https:\/\/triennale-der-moderne.de\/2022\/wp-json\/wp\/v2\/pages\/2592"}],"wp:featuredmedia":[{"embeddable":true,"href":"https:\/\/triennale-der-moderne.de\/2022\/wp-json\/wp\/v2\/media\/1773"}],"wp:attachment":[{"href":"https:\/\/triennale-der-moderne.de\/2022\/wp-json\/wp\/v2\/media?parent=4307"}],"curies":[{"name":"wp","href":"https:\/\/api.w.org\/{rel}","templated":true}]}}