{"id":2999,"date":"2022-09-13T21:06:02","date_gmt":"2022-09-13T19:06:02","guid":{"rendered":"\/2022\/?page_id=2999"},"modified":"2024-12-03T17:16:49","modified_gmt":"2024-12-03T16:16:49","slug":"ukraine","status":"publish","type":"page","link":"\/2022\/ukraine\/","title":{"rendered":"Modernism in Ukraine &#8211; 2022"},"content":{"rendered":"\n<h1 class=\"wp-block-heading\">Schwerpunkt-Thema <\/h1>\n\n\n\n<h2 class=\"wp-block-heading\">Wurzeln der Moderne in der Ukraine<\/h2>\n\n\n\n<h3 class=\"wp-block-heading pb-2\">Die Bilder vom Krieg in der Ukraine und das umfassbare Leid der Menschen vor Ort sind ersch\u00fctternd. Auch die Zerst\u00f6rung der St\u00e4dte, Bauten und Kulturg\u00fcter nimmt kein Ende. Aus diesem Anlass wird es am zweiten Tag des Berliner Auftakt-Events ein Themen-Schwerpunkt zu den Wurzeln und zu der Situation der Moderne in der Ukraine am Beispiel der St\u00e4dte Kharkiv und Lviv und Ihrem baukulturellen Erbe aus verschiedene Zeitschichten der Moderne geben.&nbsp;Innerhalb des Berliner Festivalzeitraums bis Ende Dezember wird am Ernst-Reuter-Platz eine insgesamt f\u00fcnfteilige Ausstellungsserie zum Thema zu sehen sein. <\/h3>\n\n\n\n<figure class=\"wp-block-image size-large pb-2\"><img loading=\"lazy\" decoding=\"async\" width=\"1024\" height=\"682\" src=\"\/2022\/wp-content\/uploads\/sites\/8\/2022\/09\/Ukraine_Charkov_015_Derzhprom_Night-1024x682.jpg\" alt=\"Derzhprom-Ensemble am Platz der Freiheit in Charkiv, Ukraine\" class=\"wp-image-3013\" srcset=\"\/2022\/wp-content\/uploads\/sites\/8\/2022\/09\/Ukraine_Charkov_015_Derzhprom_Night-1024x682.jpg 1024w, \/2022\/wp-content\/uploads\/sites\/8\/2022\/09\/Ukraine_Charkov_015_Derzhprom_Night-600x400.jpg 600w, \/2022\/wp-content\/uploads\/sites\/8\/2022\/09\/Ukraine_Charkov_015_Derzhprom_Night-375x250.jpg 375w, \/2022\/wp-content\/uploads\/sites\/8\/2022\/09\/Ukraine_Charkov_015_Derzhprom_Night-768x512.jpg 768w, \/2022\/wp-content\/uploads\/sites\/8\/2022\/09\/Ukraine_Charkov_015_Derzhprom_Night.jpg 1280w\" sizes=\"(max-width: 1024px) 100vw, 1024px\" \/><figcaption class=\"wp-element-caption\">Derzhprom-Ensemble am Platz der Freiheit in Kharkiv bei Nacht, Foto: Ben Buschfeld, 2017<\/figcaption><\/figure>\n\n\n\n<div class=\"wp-block-columns is-layout-flex wp-container-core-columns-is-layout-1 wp-block-columns-is-layout-flex\">\n<div class=\"wp-block-column is-layout-flow wp-block-column-is-layout-flow\" style=\"flex-basis:66.66%\">\n<h1 class=\"wp-block-heading\">Modernism in Ukraine<\/h1>\n\n\n\n<h2 class=\"wp-block-heading pb-2\">Modern Roots and Heritage of Kharkiv and Lviv<\/h2>\n\n\n\n<p>Gesamt-Laufzeit: Sa, 1.10.\u2009\u2013\u200916.12.2022, 12:00\u2009\u2013\u200920:00 Uhr; <br>Hauptveranstaltungsort: BHROX bauhaus reuse, Mittelinsel Ernst-Reuter-Platz<\/p>\n\n\n\n<p class=\"pb-2\">Der Special-Focus &#8211;  zur Auftakt-Veranstaltung und zur Triennale der Moderne 2022 richtet den Blick auf die Wurzeln und das Erbe der Moderne in der Ukraine, f\u00fcr eine trans-europ\u00e4ische Betrachtung der historischen Bez\u00fcge und Protagonist*innen sowie der Frage nach dem aktuellen Zustand im Angesicht des Angriffskriegs auf die Ukraine und den Chancen und Herausforderungen f\u00fcr eine zuk\u00fcnftige europ\u00e4ische Zusammenarbeit.&nbsp;Eine f\u00fcnfteilige Ausstellungsserie am BHROX bauhaus reuse, mit vier Teilen im Pavillon auf dem Ernst-Reuter-Platz (Mittelinsel) und einem Teil im Architekturgeb\u00e4ude der TU Berlin, zeigt Bauten und Zusammenh\u00e4nge in Kharkiv und Lviv von der Zwischenkriegszeit bis zur Postmoderne.<\/p>\n\n\n\n<p>Zum Abschluss des Special-Focus finden das Release-Event zu Sonderausgabe \u201eModern Movement in Ukraine\u201c des Docomomo Journals&nbsp;sowie ein Workshop-Talk zur Moderne in der Ukraine statt. <\/p>\n\n\n\n<p class=\"pb-4\">Die Ausstellungsserie bildet den Auftakt zu einer Serie von l\u00e4nder\u00fcbergreifenden Kooperation, die im Rahmen der Initiative f\u00fcr eine <a href=\"\/2022\/european-triennial-of-modernism-etom\/\" data-type=\"page\" data-id=\"654\">&#8222;European Triennial of Modernism (ETOM)&#8220;<\/a> in den Folgejahren mit wechselnden Partner*innen und innerhalb des gemeinsam mit DOCOMO International und ICOMOS begr\u00fcndeten &#8222;Strategic Triangle for Modernism&#8220; weiter ausgebaut werden sollen.<\/p>\n\n\n\n<hr class=\"wp-block-separator has-css-opacity\"\/>\n\n\n\n<h1 class=\"wp-block-heading\">Ausstellungen<\/h1>\n\n\n\n<h2 class=\"wp-block-heading\">Modern Roots and Heritage of Kharkiv and Lviv<\/h2>\n\n\n\n<p>Gesamt-Laufzeit: Sa, 1.10.\u2009\u2013\u200916.12.2022, 12:00\u2009\u2013\u200920:00 Uhr:<br>Die f\u00fcnfteilige, am zweiten Tag des Auftakt-Events beginnende Ausstellungsserie zeigt Bauten und Zusammenh\u00e4nge in Kharkiv und Lviv von der Zwischenkriegszeit bis zur Postmoderne&nbsp;Ort: BHROX bauhaus reuse (auf der Mittelinsel des Ernst-Reuter-Platz)<\/p>\n\n\n\n<hr class=\"wp-block-separator has-css-opacity\"\/>\n\n\n\n<h3 class=\"wp-block-heading pb-3\">Die Veranstaltung gliedert sich in mehrere Ausstellungsteile<\/h3>\n\n\n\n<ul class=\"wp-block-list\">\n<li><strong>Teil #1<\/strong> (Laufzeit 2.10.2022\u2009\u2013\u200921.10.2022)<br>Sa, 1.10., 19:45 Uhr: Vernissage Foto-Ausstellung<br><strong><strong>Lviv Modernism: Let buildings speak. <\/strong><\/strong><br><strong><strong>Visual story of Lviv modern housing architecture&nbsp;<\/strong><\/strong><br>Partner*in: Lviv Centre for Urban History (LCUH); Autor*in \/ Fotograf*in: Myroslava Liakhovych Myroslava Liakhovych<strong>&nbsp;<\/strong>(assoziierte Forscherin am Zentrum f\u00fcr Stadtgeschichte, Lviv \/ zur Zeit an der ETH Z\u00fcrich \u2013 Institut f\u00fcr Geschichte und Theorie der Architektur); Termin: Er\u00f6ffnung am 01. Oktober, 19:30 Uhr, im BHROX, als Abendprogramm des zweiten Tages der  <a href=\"\/2022\/auftakt-event\/\" data-type=\"page\" data-id=\"1110\">Auftaktveranstaltung&nbsp;der Triennale der Moderne 2022<\/a><\/li>\n<\/ul>\n\n\n\n<ul class=\"wp-block-list\">\n<li><strong>Teil #2<\/strong> (Laufzeit 28.10.\u2009\u2013\u20099.11.2022) <br>Do, 27.10.\u2009, 19:30 Uhr: Vernissage Foto-Ausstellung<br><strong>City, Architecture, Modernism \u2013 <\/strong><br><strong>Public buildings of the interwar period in Lviv&nbsp;<\/strong><br>Partner*in: International Cultural Centre (ICC), Krakow in Kooperation mit Museum of Architecture in Wroc\u0142aw (MAW); Autor*in \/ Fotograf*in: Michal Wisniewski (ICC), \u017banna Komar (MAW), Andrzej Szczerski (MAW), Pawel Mazur (Fotografie); Ort: BHROX bauhaus reuse<\/li>\n<\/ul>\n\n\n\n<ul class=\"wp-block-list\">\n<li><strong>Teil #3<\/strong> (Laufzeit 14.11.\u2009\u2013\u200924.11.2022) <br>So, 13.11., ab 18:00 Uhr: Er\u00f6ffnung Tafel-Ausstellung<br><strong>Die Moderne in Lviv und der Beitrag j\u00fcdischer Architekten*innen. <\/strong><br><strong>Ferdynand Kassler \u2013 Erfinder der galizischen Moderne&nbsp;<\/strong><br>Partner*in: Lviv Polytechnic National University Autor*in \/ Fotograf*in: Bohdan Cherkes in Zusammenarbeit mit Yulia Bohdanova und Igor Kopyliak; Ort ab 20:00 Uhr: TU Architekturgeb\u00e4ude<\/li>\n<\/ul>\n\n\n\n<ul class=\"wp-block-list\">\n<li><strong>Teil #4<\/strong> (Laufzeit 14.11.\u2009\u2013\u200924.11.2022) <br>So, 13.11., ab 18:00 Uhr Er\u00f6ffnung Tafel-Ausstellung<br><strong>Svoboda (Freedom) Square Ensemble in Kharkiv&nbsp;<\/strong>[*]<br>Partner*in \/ Autor*in: Svitlana Smolenska (assoziierte Forscherin an der Kharkiv School of Architecture, Technischen Universit\u00e4t Berlin und der der Technischen Hochschule OWL, ICOMOS Ukraine); Ort: BHROX bauhaus reuse<\/li>\n<\/ul>\n\n\n\n<ul class=\"wp-block-list\">\n<li class=\"pb-3\"><strong>Teil #5<\/strong> (Laufzeit: Mo, 28.11.\u2009\u2013\u200916.12.2022, 12:00-20:00 Uhr)<br><strong>Ukrainian Socialist Postmodernism&nbsp;<\/strong><br>Partner*in: Urban Forms Center (UFC), Kharkiv Autor*in \/ Fotograf*in: Ievgeniia Gubkina und Pavlo Dorogoy (Fotografie); Ort: BHROX bauhaus reuse<\/li>\n<\/ul>\n\n\n\n<hr class=\"wp-block-separator has-css-opacity\"\/>\n\n\n\n<h1 class=\"wp-block-heading\">Sa, 1.10.2022, 13:00\u201315:00 Uhr<\/h1>\n\n\n\n<h2 class=\"wp-block-heading pb-2\">Vortr\u00e4ge am zweiten Tag der Auftakt-Veranstaltung<\/h2>\n\n\n\n<p>Ort: TU Berlin, Architekturgeb\u00e4ude, Stra\u00dfe der 17. Juni 152, Forum <br>(Foyer EG, rechts neben den Aufz\u00fcgen)<\/p>\n\n\n\n<ul class=\"wp-block-list\">\n<li><strong>Myroslava Liakhovych<\/strong><br>(affiliated researcher at Centre for Urban History, Lviv \/ presently at ETH Zurich \u2013 Institute for History and Theory of Architecture)<\/li>\n\n\n\n<li><strong>Svitlana Smolenska <\/strong>[*]<br>(affiliate researcher at Kharkiv School of Architecture, Technical University of Berlin and OWL University of Applied Sciences and Arts):&nbsp;The Freedom Square in Kharkiv&nbsp;<\/li>\n\n\n\n<li><strong>Bohdan Cherkes <\/strong><br>(Lviv Polytechnic National University):&nbsp;Die Moderne in Lviv und der Beitrag j\u00fcdischer Architekt*innen. Ferdynand Kassler \u2013 Erfinder der galizischen Moderne&nbsp;<\/li>\n\n\n\n<li><strong>Ievgeniia Gubkina<\/strong><br>(Urban Forms Center, Kharkiv):&nbsp;Flaming Ukrainian Socialist Postmodernism&nbsp;<\/li>\n<\/ul>\n\n\n\n<p class=\"pb-4\">Moderation und Section-Hosts: Uta Pottgiesser (DOCOMOMO International), Riin Alatalu (ICOMOS International) &amp; Tino Mager (ICOMOS Deutschland) &amp; Robert K. Huber \/ Ben Buschfeld&nbsp;<\/p>\n\n\n\n<hr class=\"wp-block-separator has-alpha-channel-opacity\"\/>\n\n\n\n<h1 class=\"wp-block-heading\">Erg\u00e4nzung 2024<\/h1>\n\n\n\n<h2 class=\"wp-block-heading\"><strong>Kharkiv Mass Musical Theater<\/strong><\/h2>\n\n\n\n<p>Im Nachgang zur Triennale der Moderne 2022 wurde 2024 \u2013 im Rahmen der <a href=\"\/2022\/european-triennial-of-modernism-etom\/\" data-type=\"page\" data-id=\"654\">European Triennial of Modernism<\/a> und des daraus resultierenden  ETOM NEB Labs \u2013 noch ein weiterer sechster Ausstellungsteil realisiert:<\/p>\n\n\n\n<ul class=\"wp-block-list\">\n<li><strong>Teil #6<\/strong> (Laufzeit 16.4. bis 12.5.2024, 12:00\u201320:00 Uhr)<br><strong>The International Competition for <\/strong><br><strong>Kharkiv Mass Musical Theater with 4,000 seats from 1930<\/strong> [*]<br>Partner*in \/ Autor*in: Svitlana Smolenska (ICOMOS Ukraine, assoziierte Forscherin am Department of Construction, Architecture and Design der Kherson State Agrarian and Economic University, der Technischen Universit\u00e4t Berlin und der Technischen Hochschule OWL); Ort: BHROX bauhaus reuse \u2013 Ausstellungser\u00f6ffnung kombiniert mit Pr\u00e4sentation des Docomomo Journals No. 70, Workshop-Talk und Diskussion<\/li>\n<\/ul>\n<\/div>\n\n\n\n<div class=\"wp-block-column is-layout-flow wp-block-column-is-layout-flow\" style=\"flex-basis:33.33%\">\n<h1 class=\"wp-block-heading pb-2\">Kooperationspartner*innen<\/h1>\n\n\n\n<ul class=\"wp-block-list\">\n<li>ICOMOS International<\/li>\n\n\n\n<li>DOCOMOMO International<\/li>\n\n\n\n<li>BMWSB \u2013 Bundesministerium f\u00fcr Wohnen, <br>Stadtentwicklung und Bauwesen <\/li>\n<\/ul>\n\n\n\n<h1 class=\"wp-block-heading pb-2\">Organisation und Kuration<\/h1>\n\n\n\n<ul class=\"wp-block-list\">\n<li>BHROX bauhaus reuse \/ zukunftsgeraeusche GbR \u2013Kuration und Koordination: Robert K. Huber, Produktion: Peter Winter<\/li>\n\n\n\n<li class=\"pb-3\">In Abstimmung und Co-Kuration mit:<br>Ben Buschfeld, buschfeld.com &#8211; <br>graphic and interface design<\/li>\n<\/ul>\n\n\n\n<h1 class=\"wp-block-heading\">Projektrahmen<\/h1>\n\n\n\n<ul class=\"wp-block-list\">\n<li>ein Projekt im Rahmen der Initiative &#8222;European Triennial of Modernism (ETOM)&#8220;<\/li>\n<\/ul>\n\n\n\n<figure class=\"wp-block-image size-large pb-2\"><img loading=\"lazy\" decoding=\"async\" width=\"1024\" height=\"689\" src=\"\/2022\/wp-content\/uploads\/sites\/8\/2023\/08\/ETOM-2023_Logo-Visual-1024x689.jpg\" alt=\"\" class=\"wp-image-4822\" srcset=\"\/2022\/wp-content\/uploads\/sites\/8\/2023\/08\/ETOM-2023_Logo-Visual-1024x689.jpg 1024w, \/2022\/wp-content\/uploads\/sites\/8\/2023\/08\/ETOM-2023_Logo-Visual-594x400.jpg 594w, \/2022\/wp-content\/uploads\/sites\/8\/2023\/08\/ETOM-2023_Logo-Visual-768x517.jpg 768w, \/2022\/wp-content\/uploads\/sites\/8\/2023\/08\/ETOM-2023_Logo-Visual-1536x1034.jpg 1536w, \/2022\/wp-content\/uploads\/sites\/8\/2023\/08\/ETOM-2023_Logo-Visual-2048x1378.jpg 2048w\" sizes=\"(max-width: 1024px) 100vw, 1024px\" \/><\/figure>\n\n\n\n<h1 class=\"wp-block-heading pb-2\">in Zusammenarbeit mit:<\/h1>\n\n\n\n<ul class=\"wp-block-list\">\n<li>Bezirk Charlottenburg-Wilmersdorf <\/li>\n\n\n\n<li>Centre for Urban History, Lviv (CUH)<\/li>\n\n\n\n<li>International Cultural Centre Krakow with Museum of Architecture Wroc\u0142aw<\/li>\n\n\n\n<li>Lviv Polytechnic National University<\/li>\n\n\n\n<li>Kharkiv School of Architecture<\/li>\n\n\n\n<li>Urban Forms Center Kharkiv<\/li>\n\n\n\n<li>Kharkiv National University of Civil Engineering and Architecture<\/li>\n\n\n\n<li>Gesellschaft zur Erforschung des Lebens u. Wirkens deutschsprachiger j\u00fcdischer Architekten<\/li>\n\n\n\n<li>IfA \u2013 TU Berlin<\/li>\n\n\n\n<li>Bundesinstitut f\u00fcr Kultur u. Geschichte der Deutschen im \u00f6stlichen Europa<\/li>\n\n\n\n<li>House of Arts Brno <\/li>\n<\/ul>\n\n\n\n<figure class=\"wp-block-image size-large\"><a href=\"\/2022\/wp-content\/uploads\/sites\/8\/2022\/10\/Ukraine_Lviv_Nad-Zaliznoju-vodoju-colony_Villenkolonie_Foto_Myroslava-Liakhovych_Teil-der-TDM-Ausst-Teil-1_Motiv-89_Auschnitt-scaled.jpg\" target=\"_blank\" rel=\"noopener\"><img loading=\"lazy\" decoding=\"async\" width=\"1024\" height=\"717\" src=\"\/2022\/wp-content\/uploads\/sites\/8\/2022\/10\/Ukraine_Lviv_Nad-Zaliznoju-vodoju-colony_Villenkolonie_Foto_Myroslava-Liakhovych_Teil-der-TDM-Ausst-Teil-1_Motiv-89_Auschnitt-1024x717.jpg\" alt=\"\" class=\"wp-image-4370\" srcset=\"\/2022\/wp-content\/uploads\/sites\/8\/2022\/10\/Ukraine_Lviv_Nad-Zaliznoju-vodoju-colony_Villenkolonie_Foto_Myroslava-Liakhovych_Teil-der-TDM-Ausst-Teil-1_Motiv-89_Auschnitt-1024x717.jpg 1024w, \/2022\/wp-content\/uploads\/sites\/8\/2022\/10\/Ukraine_Lviv_Nad-Zaliznoju-vodoju-colony_Villenkolonie_Foto_Myroslava-Liakhovych_Teil-der-TDM-Ausst-Teil-1_Motiv-89_Auschnitt-571x400.jpg 571w, \/2022\/wp-content\/uploads\/sites\/8\/2022\/10\/Ukraine_Lviv_Nad-Zaliznoju-vodoju-colony_Villenkolonie_Foto_Myroslava-Liakhovych_Teil-der-TDM-Ausst-Teil-1_Motiv-89_Auschnitt-768x538.jpg 768w, \/2022\/wp-content\/uploads\/sites\/8\/2022\/10\/Ukraine_Lviv_Nad-Zaliznoju-vodoju-colony_Villenkolonie_Foto_Myroslava-Liakhovych_Teil-der-TDM-Ausst-Teil-1_Motiv-89_Auschnitt-1536x1075.jpg 1536w, \/2022\/wp-content\/uploads\/sites\/8\/2022\/10\/Ukraine_Lviv_Nad-Zaliznoju-vodoju-colony_Villenkolonie_Foto_Myroslava-Liakhovych_Teil-der-TDM-Ausst-Teil-1_Motiv-89_Auschnitt-2048x1434.jpg 2048w\" sizes=\"(max-width: 1024px) 100vw, 1024px\" \/><\/a><figcaption class=\"wp-element-caption\"><strong>Teil #1: <\/strong>Lviv, Ukraine: Villenkolonie &#8222;Nad Zaliznoju vodoju colony&#8220;, Foto: Myroslava Liakhovych<\/figcaption><\/figure>\n\n\n\n<figure class=\"wp-block-image size-large\"><a href=\"\/2022\/wp-content\/uploads\/sites\/8\/2022\/10\/Ukraine_Lviv_The-Jonasz-Sprecher-Office-Building_1928\u20131929_Arch-Ferdynand-Kassler_Foto-Pawel-Mazur_ICC-Krakow_Teil-der-TDM-Aust-Teil-2_Motiv_P-9-scaled.jpg\" target=\"_blank\" rel=\"noopener\"><img loading=\"lazy\" decoding=\"async\" width=\"1024\" height=\"717\" src=\"\/2022\/wp-content\/uploads\/sites\/8\/2022\/10\/Ukraine_Lviv_The-Jonasz-Sprecher-Office-Building_1928\u20131929_Arch-Ferdynand-Kassler_Foto-Pawel-Mazur_ICC-Krakow_Teil-der-TDM-Aust-Teil-2_Motiv_P-9-1024x717.jpg\" alt=\"\" class=\"wp-image-4371\" srcset=\"\/2022\/wp-content\/uploads\/sites\/8\/2022\/10\/Ukraine_Lviv_The-Jonasz-Sprecher-Office-Building_1928\u20131929_Arch-Ferdynand-Kassler_Foto-Pawel-Mazur_ICC-Krakow_Teil-der-TDM-Aust-Teil-2_Motiv_P-9-1024x717.jpg 1024w, \/2022\/wp-content\/uploads\/sites\/8\/2022\/10\/Ukraine_Lviv_The-Jonasz-Sprecher-Office-Building_1928\u20131929_Arch-Ferdynand-Kassler_Foto-Pawel-Mazur_ICC-Krakow_Teil-der-TDM-Aust-Teil-2_Motiv_P-9-571x400.jpg 571w, \/2022\/wp-content\/uploads\/sites\/8\/2022\/10\/Ukraine_Lviv_The-Jonasz-Sprecher-Office-Building_1928\u20131929_Arch-Ferdynand-Kassler_Foto-Pawel-Mazur_ICC-Krakow_Teil-der-TDM-Aust-Teil-2_Motiv_P-9-768x538.jpg 768w, \/2022\/wp-content\/uploads\/sites\/8\/2022\/10\/Ukraine_Lviv_The-Jonasz-Sprecher-Office-Building_1928\u20131929_Arch-Ferdynand-Kassler_Foto-Pawel-Mazur_ICC-Krakow_Teil-der-TDM-Aust-Teil-2_Motiv_P-9-1536x1075.jpg 1536w, \/2022\/wp-content\/uploads\/sites\/8\/2022\/10\/Ukraine_Lviv_The-Jonasz-Sprecher-Office-Building_1928\u20131929_Arch-Ferdynand-Kassler_Foto-Pawel-Mazur_ICC-Krakow_Teil-der-TDM-Aust-Teil-2_Motiv_P-9-2048x1434.jpg 2048w\" sizes=\"(max-width: 1024px) 100vw, 1024px\" \/><\/a><figcaption class=\"wp-element-caption\"><strong>Teil #2: <\/strong>Lviv, Ukraine: The Jonasz Sprecher Office Building, 1928\u201329, Architekt: Ferdynand Kassler; Foto: Pawel Mazur, ICC-Krakow<\/figcaption><\/figure>\n\n\n\n<figure class=\"wp-block-image size-large\"><img loading=\"lazy\" decoding=\"async\" width=\"1024\" height=\"741\" src=\"\/2022\/wp-content\/uploads\/sites\/8\/2022\/10\/Ukraine_Svobody-Square_Derzhprom_15_\u0410\u0440\u0445-\u0440\u0430-\u0421\u0421\u0421\u0420-1934_2_\u043f\u0442\u0438\u04471-1024x741.jpg\" alt=\"\" class=\"wp-image-4413\" srcset=\"\/2022\/wp-content\/uploads\/sites\/8\/2022\/10\/Ukraine_Svobody-Square_Derzhprom_15_\u0410\u0440\u0445-\u0440\u0430-\u0421\u0421\u0421\u0420-1934_2_\u043f\u0442\u0438\u04471-1024x741.jpg 1024w, \/2022\/wp-content\/uploads\/sites\/8\/2022\/10\/Ukraine_Svobody-Square_Derzhprom_15_\u0410\u0440\u0445-\u0440\u0430-\u0421\u0421\u0421\u0420-1934_2_\u043f\u0442\u0438\u04471-553x400.jpg 553w, \/2022\/wp-content\/uploads\/sites\/8\/2022\/10\/Ukraine_Svobody-Square_Derzhprom_15_\u0410\u0440\u0445-\u0440\u0430-\u0421\u0421\u0421\u0420-1934_2_\u043f\u0442\u0438\u04471-768x556.jpg 768w, \/2022\/wp-content\/uploads\/sites\/8\/2022\/10\/Ukraine_Svobody-Square_Derzhprom_15_\u0410\u0440\u0445-\u0440\u0430-\u0421\u0421\u0421\u0420-1934_2_\u043f\u0442\u0438\u04471.jpg 1280w\" sizes=\"(max-width: 1024px) 100vw, 1024px\" \/><figcaption class=\"wp-element-caption\"><strong>Teil #4: <\/strong>Ukraine, Kharkiv: Svoboda\/Freedom Square, Derzhprom, Luftbild 1934<\/figcaption><\/figure>\n\n\n\n<figure class=\"wp-block-image size-large\"><img loading=\"lazy\" decoding=\"async\" width=\"1024\" height=\"686\" src=\"\/2022\/wp-content\/uploads\/sites\/8\/2024\/02\/MIU-5_TDM-2025_Post-Modernism_Gubkina-1024x686.jpg\" alt=\"\" class=\"wp-image-5527\" srcset=\"\/2022\/wp-content\/uploads\/sites\/8\/2024\/02\/MIU-5_TDM-2025_Post-Modernism_Gubkina-1024x686.jpg 1024w, \/2022\/wp-content\/uploads\/sites\/8\/2024\/02\/MIU-5_TDM-2025_Post-Modernism_Gubkina-597x400.jpg 597w, \/2022\/wp-content\/uploads\/sites\/8\/2024\/02\/MIU-5_TDM-2025_Post-Modernism_Gubkina-375x250.jpg 375w, \/2022\/wp-content\/uploads\/sites\/8\/2024\/02\/MIU-5_TDM-2025_Post-Modernism_Gubkina-768x514.jpg 768w, \/2022\/wp-content\/uploads\/sites\/8\/2024\/02\/MIU-5_TDM-2025_Post-Modernism_Gubkina.jpg 1174w\" sizes=\"(max-width: 1024px) 100vw, 1024px\" \/><figcaption class=\"wp-element-caption\"><strong>Teil #5: <\/strong>Ukraine, Kyiv: Vernadsky National Library of Ukraine \u00a9 Foto: Pavlo Dorogoy 2022<\/figcaption><\/figure>\n\n\n\n<hr class=\"wp-block-separator has-alpha-channel-opacity\"\/>\n\n\n\n<p class=\"pb-2\">Sowie als sp\u00e4tere Erg\u00e4nzung:<\/p>\n\n\n\n<figure class=\"wp-block-image size-large\"><img loading=\"lazy\" decoding=\"async\" width=\"1024\" height=\"744\" src=\"\/2022\/wp-content\/uploads\/sites\/8\/2024\/11\/Mass-Theatre_3zu2-1024x744.jpg\" alt=\"\" class=\"wp-image-7472\" srcset=\"\/2022\/wp-content\/uploads\/sites\/8\/2024\/11\/Mass-Theatre_3zu2-1024x744.jpg 1024w, \/2022\/wp-content\/uploads\/sites\/8\/2024\/11\/Mass-Theatre_3zu2-551x400.jpg 551w, \/2022\/wp-content\/uploads\/sites\/8\/2024\/11\/Mass-Theatre_3zu2-768x558.jpg 768w, \/2022\/wp-content\/uploads\/sites\/8\/2024\/11\/Mass-Theatre_3zu2-1536x1115.jpg 1536w, \/2022\/wp-content\/uploads\/sites\/8\/2024\/11\/Mass-Theatre_3zu2-2048x1487.jpg 2048w\" sizes=\"(max-width: 1024px) 100vw, 1024px\" \/><\/figure>\n\n\n\n<p><strong>Teil #6<\/strong>: The International Competition for <br>Kharkiv Mass Musical Theater <\/p>\n<\/div>\n<\/div>\n\n\n\n<hr class=\"wp-block-separator has-css-opacity\"\/>\n\n\n\n<div class=\"wp-block-columns is-layout-flex wp-container-core-columns-is-layout-4 wp-block-columns-is-layout-flex\">\n<div class=\"wp-block-column is-layout-flow wp-block-column-is-layout-flow\" style=\"flex-basis:66.66%\">\n<p>Gef\u00f6rdert durch das Bundesministerium <br>f\u00fcr Wohnen, Stadtentwicklung und Bauwesen (BMWSB).<\/p>\n\n\n\n<p class=\"pb-2\">[*] Die Arbeit von Svitlana Smolenska wurde gef\u00f6rdert durch die VolkswagenStiftung.<\/p>\n\n\n\n<p class=\"pb-5\">Der Special-Focus &#8211; Moderne in der Ukraine wird in einer Kooperation von <br>Triennale der Moderne mit Docomomo International und ICOMOS pr\u00e4sentiert.<\/p>\n\n\n\n<div class=\"wp-block-columns is-layout-flex wp-container-core-columns-is-layout-2 wp-block-columns-is-layout-flex\">\n<div class=\"wp-block-column is-layout-flow wp-block-column-is-layout-flow\">\n<figure class=\"wp-block-image size-large is-resized\"><img loading=\"lazy\" decoding=\"async\" width=\"1024\" height=\"370\" src=\"\/2022\/wp-content\/uploads\/sites\/8\/2022\/09\/Logo_Triennale-der-Moderne_ToM-URL_RGB-1024x370.png\" alt=\"\" class=\"wp-image-3846\" style=\"width:150px;height:52px\" srcset=\"\/2022\/wp-content\/uploads\/sites\/8\/2022\/09\/Logo_Triennale-der-Moderne_ToM-URL_RGB-1024x370.png 1024w, \/2022\/wp-content\/uploads\/sites\/8\/2022\/09\/Logo_Triennale-der-Moderne_ToM-URL_RGB-600x217.png 600w, \/2022\/wp-content\/uploads\/sites\/8\/2022\/09\/Logo_Triennale-der-Moderne_ToM-URL_RGB-768x277.png 768w, \/2022\/wp-content\/uploads\/sites\/8\/2022\/09\/Logo_Triennale-der-Moderne_ToM-URL_RGB-1536x554.png 1536w, \/2022\/wp-content\/uploads\/sites\/8\/2022\/09\/Logo_Triennale-der-Moderne_ToM-URL_RGB-2048x739.png 2048w\" sizes=\"(max-width: 1024px) 100vw, 1024px\" \/><\/figure>\n<\/div>\n\n\n\n<div class=\"wp-block-column is-layout-flow wp-block-column-is-layout-flow\">\n<figure class=\"wp-block-image size-full is-resized\"><img loading=\"lazy\" decoding=\"async\" width=\"784\" height=\"244\" src=\"\/2022\/wp-content\/uploads\/sites\/8\/2022\/09\/logo_docomomo-international_web.jpg\" alt=\"\" class=\"wp-image-3707\" style=\"width:160px;height:50px\" srcset=\"\/2022\/wp-content\/uploads\/sites\/8\/2022\/09\/logo_docomomo-international_web.jpg 784w, \/2022\/wp-content\/uploads\/sites\/8\/2022\/09\/logo_docomomo-international_web-600x187.jpg 600w, \/2022\/wp-content\/uploads\/sites\/8\/2022\/09\/logo_docomomo-international_web-768x239.jpg 768w\" sizes=\"(max-width: 784px) 100vw, 784px\" \/><\/figure>\n<\/div>\n\n\n\n<div class=\"wp-block-column is-layout-flow wp-block-column-is-layout-flow\">\n<figure class=\"wp-block-image size-large is-resized\"><img loading=\"lazy\" decoding=\"async\" width=\"1024\" height=\"262\" src=\"\/2022\/wp-content\/uploads\/sites\/8\/2022\/09\/1280px-Icomos-logo-en.svg_-1024x262.png\" alt=\"\" class=\"wp-image-3706\" style=\"width:160px;height:41px\" srcset=\"\/2022\/wp-content\/uploads\/sites\/8\/2022\/09\/1280px-Icomos-logo-en.svg_-1024x262.png 1024w, \/2022\/wp-content\/uploads\/sites\/8\/2022\/09\/1280px-Icomos-logo-en.svg_-600x153.png 600w, \/2022\/wp-content\/uploads\/sites\/8\/2022\/09\/1280px-Icomos-logo-en.svg_-768x196.png 768w, \/2022\/wp-content\/uploads\/sites\/8\/2022\/09\/1280px-Icomos-logo-en.svg_.png 1280w\" sizes=\"(max-width: 1024px) 100vw, 1024px\" \/><\/figure>\n<\/div>\n<\/div>\n\n\n\n<div class=\"wp-block-columns is-layout-flex wp-container-core-columns-is-layout-3 wp-block-columns-is-layout-flex\">\n<div class=\"wp-block-column is-layout-flow wp-block-column-is-layout-flow\"><\/div>\n\n\n\n<div class=\"wp-block-column is-layout-flow wp-block-column-is-layout-flow\"><\/div>\n<\/div>\n<\/div>\n\n\n\n<div class=\"wp-block-column is-layout-flow wp-block-column-is-layout-flow\" style=\"flex-basis:33.33%\"><div class=\"wp-block-image pb-5\">\n<figure class=\"alignright size-full\"><img loading=\"lazy\" decoding=\"async\" width=\"500\" height=\"229\" src=\"\/2022\/wp-content\/uploads\/sites\/8\/2022\/09\/Logo_BMWSB_Web_Umraum_S.png\" alt=\"\" class=\"wp-image-3655\"\/><figcaption class=\"wp-element-caption\">  <\/figcaption><\/figure><\/div>\n\n\n<p class=\"pb-5\"><\/p>\n\n\n<div class=\"wp-block-image pt-3\">\n<figure class=\"alignright size-full is-resized\"><img loading=\"lazy\" decoding=\"async\" width=\"366\" height=\"72\" src=\"\/2022\/wp-content\/uploads\/sites\/8\/2022\/09\/VWST_RGB_PNG.png\" alt=\"\" class=\"wp-image-3934\" style=\"width:230px;height:44px\"\/><\/figure><\/div><\/div>\n<\/div>\n\n\n\n<p><\/p>\n","protected":false},"excerpt":{"rendered":"<p>Schwerpunkt-Thema Wurzeln der Moderne in der Ukraine Die Bilder vom Krieg in der Ukraine und das umfassbare Leid der Menschen vor Ort sind ersch\u00fctternd. Auch die Zerst\u00f6rung der St\u00e4dte, Bauten und Kulturg\u00fcter nimmt kein Ende. Aus diesem Anlass wird es am zweiten Tag des Berliner Auftakt-Events ein Themen-Schwerpunkt zu den Wurzeln und zu der Situation [&hellip;]<\/p>\n","protected":false},"author":2,"featured_media":0,"parent":0,"menu_order":0,"comment_status":"closed","ping_status":"closed","template":"","meta":{"_acf_changed":false,"footnotes":""},"class_list":["post-2999","page","type-page","status-publish","hentry"],"acf":[],"_links":{"self":[{"href":"https:\/\/triennale-der-moderne.de\/2022\/wp-json\/wp\/v2\/pages\/2999"}],"collection":[{"href":"https:\/\/triennale-der-moderne.de\/2022\/wp-json\/wp\/v2\/pages"}],"about":[{"href":"https:\/\/triennale-der-moderne.de\/2022\/wp-json\/wp\/v2\/types\/page"}],"author":[{"embeddable":true,"href":"https:\/\/triennale-der-moderne.de\/2022\/wp-json\/wp\/v2\/users\/2"}],"replies":[{"embeddable":true,"href":"https:\/\/triennale-der-moderne.de\/2022\/wp-json\/wp\/v2\/comments?post=2999"}],"version-history":[{"count":179,"href":"https:\/\/triennale-der-moderne.de\/2022\/wp-json\/wp\/v2\/pages\/2999\/revisions"}],"predecessor-version":[{"id":7577,"href":"https:\/\/triennale-der-moderne.de\/2022\/wp-json\/wp\/v2\/pages\/2999\/revisions\/7577"}],"wp:attachment":[{"href":"https:\/\/triennale-der-moderne.de\/2022\/wp-json\/wp\/v2\/media?parent=2999"}],"curies":[{"name":"wp","href":"https:\/\/api.w.org\/{rel}","templated":true}]}}