{"id":2556,"date":"2022-09-03T14:29:17","date_gmt":"2022-09-03T12:29:17","guid":{"rendered":"\/2022\/?page_id=2556"},"modified":"2022-10-11T11:57:37","modified_gmt":"2022-10-11T09:57:37","slug":"weimar-programm","status":"publish","type":"page","link":"\/2022\/weimar-programm\/","title":{"rendered":"Weimar \u2013 Programm 2022"},"content":{"rendered":"\n<hr class=\"wp-block-separator\"\/>\n\n\n\n<h4 class=\"pb-1 wp-block-heading\">Vorbemerkung zum Weimarer Programm<\/h4>\n\n\n\n<p>Die <strong>Kombikarte Moderne<\/strong> berechtigt zum einmaligen Eintritt in die Dauerausstellungen von: Bauhaus-Museum, Museum Neues Weimar, Nietzsche-Archiv, Haus Am Horn und Haus Hohe Pappeln. Sie ist in allen H\u00e4usern und in der Tourist-Information erh\u00e4ltlich<strong> <\/strong>\u2013 Kosten: Erw. 12 \u20ac, erm. 8 \u20ac, Sch\u00fcler*innen 5 \u20ac.&nbsp;<\/p>\n\n\n\n<p class=\"pb-2\">Die <strong>weimar card<\/strong> berechtigt dazu, kostenfrei zahlreiche Museen zu besuchen, Stadtbus zu fahren und an einer Stadtf\u00fchrung teilzunehmen. Sie bietet au\u00dferdem erm\u00e4\u00dfigten Eintritt f\u00fcr Veranstaltungen im Deutschen Nationaltheater und beim Kunstfest Weimar \u2013 Kosten: 32,50 \u20ac<\/p>\n\n\n\n<hr class=\"wp-block-separator\"\/>\n\n\n\n<h1 class=\"pb-3 wp-block-heading\">Er\u00f6ffnung des Weimarer Wochenendes<\/h1>\n\n\n\n<h4 class=\"wp-block-heading\">\u201eBas slammt die Moderne\u201c<\/h4>\n\n\n\n<ul class=\"pb-2 wp-block-list\"><li>Fr, 14.10.2022, 18:00 Uhr:<br>Der Pop-Poetry-Pionier Bas B\u00f6ttcher z\u00e4hlt zu den Mitbegr\u00fcndern der deutschsprachigen Spoken-Word-Szene. Poetry Slam mit Bas B\u00f6ttcher; kostenfrei; Partner: Klassik Stiftung Weimar; Ort: Bauhaus-Museum Weimar, St\u00e9phane-Hessel-Platz 1, 99423 Weimar<\/li><li>Fr 14.10.2022, 19:00 Uhr: <br>Filmpr\u00e4sentation &#8222;Two Houses&#8220;; kostenfrei; Partner: Bauhaus-Universit\u00e4t Weimar in Kooperation mit Bauhaus-Museum Weimar; Ort: Bauhaus-Museum Weimar, St\u00e9phane-Hessel-Platz 1, 99423 Weimar<\/li><\/ul>\n\n\n\n<hr class=\"wp-block-separator\"\/>\n\n\n\n<h1 class=\"pb-3 wp-block-heading\">Sonder- und Dauerausstellungen <\/h1>\n\n\n\n<h4 class=\"wp-block-heading\">Sonder-Ausstellung &#8222;Materialgeschichten&#8220;<\/h4>\n\n\n\n<ul class=\"pb-1 wp-block-list\"><li>Fr, 14. bis So, 16.10.2022, je 9:30\u2009\u2013\u200918:00 Uhr: <br>Die von Nora Iannone und Marie Heyer konzipierte Ausstellung zeigt, wie wir Materialien ihren Wert zur\u00fcck-geben, indem wir ihre Geschichte erz\u00e4hlen.&nbsp;Ort: Bauhaus Museum Weimar (Foyer), St\u00e9phane-Hessel-Platz 1, 99423 Weimar; Partner: Klassik Stiftung Weimar; Weitere Informationen: <a rel=\"noreferrer noopener\" href=\"http:\/\/www.materialgeschichten.org\" target=\"_blank\">materialgeschichten.org<\/a>&nbsp;<\/li><\/ul>\n\n\n\n<h4 class=\"wp-block-heading\">Sonder-Ausstellung &#8222;Synthesia Scenery&#8220;<\/h4>\n\n\n\n<ul class=\"pb-1 wp-block-list\"><li>Do bis So, 13.10.\u2009\u2013\u200916.10.2022, t\u00e4glich 10:00\u2009\u2013\u200918:00 Uhr:&nbsp;<br>Die Ausstellung pr\u00e4sentiert 18 Objekte in unterschiedlichen Kontexten in Japan und stellt diese der fr\u00fchen Moderne und den Gr\u00fcndungsjahren des Bauhauses in Weimar gegen\u00fcber. Partner\/Ort: Bauhaus-Universit\u00e4t Weimar, Geschwister-Scholl-Stra\u00dfe 6A, 99423 Weimar<\/li><\/ul>\n\n\n\n<h4 class=\"wp-block-heading\">Sonder-Ausstellung und Besichtigung \u201eMensa Moderne\u201c<\/h4>\n\n\n\n<ul class=\"wp-block-list\"><li>Fr, 14.10.2022, Regul\u00e4re \u00d6ffnungszeit: 11:00\u2009\u2013\u200914:00 Uhr + Sonder-Besichtigung je um 15:00, 16:00 und 17:00 Uhr: <br>Die Ausstellung zeigt die Bau- und Renovierungsgeschichte des denkmalgesch\u00fctzen Geb\u00e4udes. Partner: Bauhaus-Universit\u00e4t Weimar, Studierendenwerk Th\u00fcringen; kostenfrei; Ort: Mensa am Park, Foyer, Marienstra\u00dfe 15 b, 99423 Weimar<\/li><\/ul>\n\n\n\n<h4 class=\"wp-block-heading\">Haus der Weimarer Republik<\/h4>\n\n\n\n<ul class=\"wp-block-list\"><li>Fr, 14.10. \u2013 Mo, 31.10.2022, 9:00\u201319:00 Uhr:<br>Das 2019 er\u00f6ffnete Haus der Weimarer Republik beleuchtet die Geschichte der ersten deutschen Demokratie an ihrem historischen Entstehungsort. Ort: Haus der Weimarer Republik, Forum f\u00fcr Demokratie, Theaterplatz 4, 99423 Weimar;&nbsp;Kosten: 5 \u20ac p. P., erm\u00e4\u00dfigt 3,50 \u20ac; Regul\u00e4re \u00d6ffnungszeiten in der Wintersaison: 1.11.2022\u2013 31.3.2023 Di\u2013So, 10:00\u201317:00 Uhr<\/li><\/ul>\n\n\n\n<h4 class=\"wp-block-heading\">Bauhaus-Museum Weimar<\/h4>\n\n\n\n<ul class=\"wp-block-list\"><li>Mi\u2013Mo (Di geschlossen), 9:30\u201318:00 Uhr:<br>Zum 100-j\u00e4hrigen Jubil\u00e4ums des 1919 in Weimar gegr\u00fcndeten Staatlichen Bauhauses er\u00f6ffnete das neue Bauhaus-Museum Weimar und pr\u00e4sentiert seitdem die Sch\u00e4tze der weltweit \u00e4ltesten Bauhaus-Sammlung. Ort: Bauhaus Museum Weimar, St\u00e9phane-Hessel-Platz 1, 99423 Weimar<\/li><\/ul>\n\n\n\n<h4 class=\"wp-block-heading\">Haus Am Horn<\/h4>\n\n\n\n<ul class=\"pb-3 wp-block-list\"><li>Mi\u2013Mo (Di geschlossen), Sommer | 10:00\u201318:00 Uhr:<br>Das Haus Am Horn ist die einzige Architektur, die das Bauhaus in Weimar realisiert hat. Es wurde 1923 als Versuchshaus zur Bauhaus-Ausstellung errichtet. Hier pr\u00e4sentierten die Meister*innen und Sch\u00fcler*innen erstmals, wie sie sich zeitgem\u00e4\u00dfes Bauen und Wohnen vorstellten. Ort: Am Horn 61, 99425 Weimar<\/li><\/ul>\n\n\n\n<hr class=\"wp-block-separator\"\/>\n\n\n\n<h1 class=\"pb-3 wp-block-heading\">Touren und Besichtigungen<\/h1>\n\n\n\n<h4 class=\"wp-block-heading\">Eiermannbau in Apolda \/ IBA Th\u00fcringen<\/h4>\n\n\n\n<ul class=\"wp-block-list\"><li>Fr, 14.10.2022, 11:00 + 14:00 Uhr: <br>Der urspr\u00fcnglich als Weberei geplante, von Egon Eiermann 1938\/39 erweiterte und bis 1994 als Feuerl\u00f6schger\u00e4tewerk bekannte Standort wird seit 2016 durch die IBA Th\u00fcringen entwickelt. Die Open Factory versteht sich als Lern- und Versuchsort zur Nachhaltigkeit. F\u00fchrungen (kostenfrei); Ort: Eiermannbau Apolda, Auenstra\u00dfe 11, 99510 Apolda; Dauer: 90 Min.; Anmeldung unter: Tel. 03644-5183206 oder \u00fcber <a rel=\"noreferrer noopener\" href=\"mailto:kontakt@open-factory.de\" target=\"_blank\">kontakt@open-factory.de<\/a><\/li><\/ul>\n\n\n\n<h4 class=\"wp-block-heading\">Stadtrundgang \u201eQuartier Weimarer Moderne\u201c<\/h4>\n\n\n\n<ul class=\"wp-block-list\"><li>Fr, 14.10.2022, 16:00\u2009\u2013\u200918:00 Uhr: <br>In dem Quartier rund um das ehemalige Gauforum finden sich viele, oft nicht direkt sichtbare Spuren national-sozialistischer Vorstellungen von Kultur und Gesellschaft. Start: St\u00e9phane-Hessel-Platz; Dauer: 2 h; kostenfrei<\/li><\/ul>\n\n\n\n<h4 class=\"wp-block-heading\">Besichtigungen \u201eH\u00e4user der Moderne in Weimar\u201c<\/h4>\n\n\n\n<ul class=\"wp-block-list\"><li>Fr\u2009\u2013\u2009So, 14.10.\u2009\u2013\u200916.10.2022, 10:00\u2009\u2013\u200918:00 Uhr:<br>Das Programm verbindet den Besuch von: Haus Hohe Pappeln (kostenpflichtig), Haus Am Horn (kostenpflichtig), Neufert Haus (kostenfrei); Partner: Bauhaus-Universit\u00e4t Weimar, Klassik Stiftung Weimar, Neufert Stiftung&nbsp;<\/li><\/ul>\n\n\n\n<h4 class=\"wp-block-heading\">Kuratorinnenf\u00fchrung &#8211; \u201eWege zum Bauhaus\u201c&nbsp;<\/h4>\n\n\n\n<ul class=\"wp-block-list\"><li>Fr, 14.10.2022, 16:00\u2009\u2013\u200918:00 Uhr:<br>Ort: Museum Neues Weimar, Jorge Sempr\u00fan Platz 5, 99423 Weimar; kostenfrei<\/li><\/ul>\n\n\n\n<h4 class=\"wp-block-heading\">\u00d6ffentliche F\u00fchrung \u201eQuartier der Moderne\u201c<\/h4>\n\n\n\n<ul class=\"wp-block-list\"><li>Sa, 15.10.2022, 15:00\u201316:00 Uhr: F\u00fchrung im Au\u00dfenraum rund um das Museum Neues Weimar<br>und das Bauhaus Museum, St\u00e9phane-Hessel-Platz 1; Treffpunkt: Eingang Bauhaus-Museum<\/li><\/ul>\n\n\n\n<h4 class=\"wp-block-heading\">F\u00fchrung \u201eDie Weimarer Republik \u2013 Labor der Moderne\u201c<\/h4>\n\n\n\n<ul class=\"wp-block-list\"><li>So, 16.10.2022, 16:00\u2009\u2013\u200917:00 Uhr:<br>Das 2019 er\u00f6ffnete Haus der Weimarer Republik beleuchtet die Geschichte der ersten deutschen Demokratie an ihrem historischen Entstehungsort. F\u00fchrung mit Kurator Dr. Marcel B\u00f6hles; Kosten: 5 \u20ac p. P.; Ort: Haus der Weimarer Republik (Foyer), Theaterplatz 4, 99423 Weimar<\/li><\/ul>\n\n\n\n<h4 class=\"wp-block-heading\">Bauhaus-Spazierg\u00e4nge<\/h4>\n\n\n\n<p>Partner: Bauhaus-Universit\u00e4t Weimar, Geschwister-Scholl-Stra\u00dfe 6A, 99423 Weimar<\/p>\n\n\n\n<ul class=\"pb-2 wp-block-list\"><li>Fr bis So, 14.10.\u2009\u2013\u200916.10.2022, je um 10:00 Uhr + 14:00 Uhr: <br>Kleiner Bauhaus-Spaziergang; Start: Bauhaus-Atelier; Dauer 1,5 h; 8 \u20ac p. P.; max. 25 Personen;<br>Tickets: <a rel=\"noreferrer noopener\" href=\"http:\/\/www.weimar.de\/kultur\/veranstaltungen\/\" target=\"_blank\">www.weimar.de\/kultur\/veranstaltungen\/<\/a><\/li><li>Fr bis So, 14.10.\u2009\u2013\u200916.10.2022, 14:00 Uhr: <br>Gro\u00dfer Bauhaus-Spaziergang; Start: Bauhaus-Atelier; Dauer 2,5 h; 13\u20ac p. P.; max. 25 Personen; Tickets: s.o.&nbsp;<\/li><li>Fr bis So, 14.10.\u2009\u2013\u200916.10.2022, ganzt\u00e4giges Angebot: <br>Audio-Walk \u201eWo ist Walter?\u201c; Download der App zu Bauhaus-Orten in Weimar kostenfrei<\/li><\/ul>\n\n\n\n<hr class=\"wp-block-separator\"\/>\n\n\n\n<h1 class=\"pb-3 wp-block-heading\">Filme, Medien und Performances<\/h1>\n\n\n\n<h4 class=\"wp-block-heading\">Film-Installation &#8222;Two Houses&#8220;<\/h4>\n\n\n\n<ul class=\"wp-block-list\"><li>Fr bis So, 14.\u201316.10.2022, 10.00\u2009\u2013\u2009\u200918:00 Uhr: <br><span style=\"color: initial;\">Der unter der Regie von Verena von Beckerath entstandene Film besch\u00e4ftigt sich mit den Wechsel-wirkungen zwischen dem Bauhaus und Japan anhand der beiden H\u00e4user Bunzo Yamaguchi House und Migishi Atelier in den Vororten Tokios.<\/span> Er dokumentiert die Architektur der Geb\u00e4ude und erz\u00e4hlt die Geschichten seiner Bewohner*innen und Nutzungen.&nbsp;Filmvorf\u00fchrung ganzt\u00e4gig, Beginn immer zur vollen Stunde;&nbsp;Ort: Bauhaus Museum Weimar, Vortragsraum<\/li><\/ul>\n\n\n\n<h4 class=\"wp-block-heading\">Filmreihe &#8222;Live.Work.Life \/ Wohnen.Arbeiten.Leben&#8220;<\/h4>\n\n\n\n<ul class=\"wp-block-list\"><li>Fr bis So, 14.\u2009\u2013\u200916.10.2022, jeweils 17:00 Uhr und 19:30 Uhr:<br>Studierende der The Steven Tisch School of Film and Television aus Israel pr\u00e4sentieren im Rahmen des 50-j\u00e4hrigen Bestehens der Schule filmische Arbeiten zum diesj\u00e4hrigen Motto der Triennale.\u00a0Ort: Kino mon ami, Goetheplatz 11, 99423 Weimar; Partner: in Kooperation mit Steve Tisch School of Film &amp; TV Tel Aviv, Stadtkulturdirektion Weimar; kino mon ami; Dauer 1,5 h; kostenfrei; max. 70 Personen<\/li><\/ul>\n\n\n\n<h4 class=\"wp-block-heading\">Performance &#8222;The Oath\/Der Schwur&#8220;<\/h4>\n\n\n\n<ul class=\"wp-block-list\"><li>Sa, 15.10.2022, 14:00\u2009\u2013\u200918:00 Uhr: <br>Zwei Performer*innen tragen die Stimmen von aktuell in Weimar lebenden Ausl\u00e4ndern, welche den Schwur von Buchenwald vorlesen.&nbsp;Ort: Jorge-Sempr\u00fan-Platz \u2013 St\u00e9phane-Hessel-Platz; Konzept und Durchf\u00fchrung: Diana Pacelli; Dauer: 4 h&nbsp;<\/li><\/ul>\n\n\n\n<h4 class=\"wp-block-heading\">Diskurs\/Performance\/Tanz-Event &#8222;TreuhandTechno&#8220;<\/h4>\n\n\n\n<ul class=\"pb-2 wp-block-list\"><li>Sa, 15.10.2022, 18:00\u2009\u2013\u2009\u200920:00 Uhr: <br>Gespr\u00e4ch mit anschliessender Performance zur Verbindungen zwischen der Treuhandabwicklung der Apoldaer Textilindustrie und der gleichzeitigen Entwicklung von Techno im Weimarer Umland. Ort: Bauhaus Museum (damaliges Gauforum), Konzept und Durchf\u00fchrung: Theaterkollektiv Panzerkreuzer Rotk\u00e4ppchen; Dauer: 2h; kostenfrei<\/li><\/ul>\n\n\n\n<hr class=\"wp-block-separator\"\/>\n\n\n\n<h1 class=\"pb-3 wp-block-heading\">Workshops<\/h1>\n\n\n\n<h4 class=\"wp-block-heading\">Poetry Slam Workshop \u201eDie Macht der Sprache\u201c<\/h4>\n\n\n\n<ul class=\"wp-block-list\"><li>Sa, 15.10.2022, 10:00\u2009\u2013\u200913:00 Uhr:<br>Workshop mit Bas B\u00f6ttcher; Ort: Museum Neues Weimar, Jorge-Sempr\u00fan-Platz 5, 99423 Weimar: Dauer: max. 3h; 15 &#8211; 20 Personen; <a href=\"mailto:anmeldung@klassik-stiftung.de\" target=\"_blank\" rel=\"noreferrer noopener\">anmeldung@klassik-stiftung.de<\/a><\/li><\/ul>\n\n\n\n<h4 class=\"wp-block-heading\">Workshop \u201eSnap Shot Now\u201c<\/h4>\n\n\n\n<ul class=\"wp-block-list\"><li>Sa, 15.10.2022, 13:00\u2009\u2013\u200916:00 Uhr:<br>Zeichnerische Auseinandersetzung mit dem gebauten Erbe des Nationalsozialismus in Weimar. Ort: Museum Neues Weimar \/ Buchwerkstatt, Jorge-Sempr\u00fan-Platz&nbsp;5, 99423 Weimar; Dauer: max. 3h; Anmeldung: <a rel=\"noreferrer noopener\" href=\"mailto:anmeldung@klassik-stiftung.de\" target=\"_blank\">anmeldung@klassik-stiftung.de<\/a><\/li><\/ul>\n\n\n\n<h4 class=\"wp-block-heading\">Offene Werkstatt \u201eWerklabor im Bauhaus-Museum\u201c<\/h4>\n\n\n\n<ul class=\"wp-block-list\"><li>So, 16.10.\u20092022, 10:00\u2009\u2013\u200913:00 Uhr:<br>Experimentieren mit neuen Materialien und Techniken. Partner: Klassik Stiftung Weimar; Ort: Bauhaus-Museum \/ Werklabor, St\u00e9phane-Hessel-Platz 1, 99423 Weimar; Dauer: 3 h; kostenfrei<\/li><\/ul>\n\n\n\n<h4 class=\"wp-block-heading\">\u201eMACH MIT!\u201c -Tour<\/h4>\n\n\n\n<ul class=\"pb-2 wp-block-list\"><li>So, 16.10.\u20092022, 14:00\u2009\u2013\u200915:30 Uhr:<br>Gemeinsamer Themen-Rundgang mit anschlie\u00dfnder Arbeit in der Buchbindewerkstatt. Ort: Museum Neues Weimar \/ Buchwerkstatt&nbsp; (1. OG), Jorge-Sempr\u00fan-Platz 5, 99423 Weimar&nbsp;<\/li><\/ul>\n\n\n\n<p class=\"pb-2\"><em>Alle Angaben ohne Gew\u00e4hr. \u00c4nderungen vorbehalten. Fehlende Angaben werden laufend erg\u00e4nzt.<\/em><\/p>\n\n\n\n<hr class=\"wp-block-separator\"\/>\n\n\n\n<h2 class=\"pb-2 wp-block-heading\">Service und Kontakt<\/h2>\n\n\n\n<p><strong>weimar GmbH<\/strong><br>Gesellschaft f\u00fcr Marketing, Kongress- und Tourismusservice<br>UNESCO-Platz 1, 99423 Weimar<\/p>\n\n\n\n<p><strong>Klassik-Stiftung Weimar<\/strong><br>Besucherservice, Tel.: 03643-54-400<br><a href=\"mailto:besucherservice@klassik-stiftung.de\">besucherservice@klassik-stiftung.de<\/a><\/p>\n\n\n\n<p><strong>Tourist Information Weimar<\/strong><br>Markt 10, 99423 Weimar<br>Tel:&nbsp;03643-745-0, <br><a href=\"mailto:tourist-info@weimar.de\" target=\"_blank\" rel=\"noreferrer noopener\">tourist-info@weimar.de<\/a><br><a href=\"http:\/\/www.weimar.de\" target=\"_blank\" rel=\"noreferrer noopener\">www.weimar.de<\/a><\/p>\n","protected":false},"excerpt":{"rendered":"<p>Vorbemerkung zum Weimarer Programm Die Kombikarte Moderne berechtigt zum einmaligen Eintritt in die Dauerausstellungen von: Bauhaus-Museum, Museum Neues Weimar, Nietzsche-Archiv, Haus Am Horn und Haus Hohe Pappeln. Sie ist in allen H\u00e4usern und in der Tourist-Information erh\u00e4ltlich \u2013 Kosten: Erw. 12 \u20ac, erm. 8 \u20ac, Sch\u00fcler*innen 5 \u20ac.&nbsp; Die weimar card berechtigt dazu, kostenfrei zahlreiche [&hellip;]<\/p>\n","protected":false},"author":2,"featured_media":0,"parent":0,"menu_order":0,"comment_status":"closed","ping_status":"closed","template":"","meta":{"_acf_changed":false,"footnotes":""},"class_list":["post-2556","page","type-page","status-publish","hentry"],"acf":[],"_links":{"self":[{"href":"https:\/\/triennale-der-moderne.de\/2022\/wp-json\/wp\/v2\/pages\/2556"}],"collection":[{"href":"https:\/\/triennale-der-moderne.de\/2022\/wp-json\/wp\/v2\/pages"}],"about":[{"href":"https:\/\/triennale-der-moderne.de\/2022\/wp-json\/wp\/v2\/types\/page"}],"author":[{"embeddable":true,"href":"https:\/\/triennale-der-moderne.de\/2022\/wp-json\/wp\/v2\/users\/2"}],"replies":[{"embeddable":true,"href":"https:\/\/triennale-der-moderne.de\/2022\/wp-json\/wp\/v2\/comments?post=2556"}],"version-history":[{"count":108,"href":"https:\/\/triennale-der-moderne.de\/2022\/wp-json\/wp\/v2\/pages\/2556\/revisions"}],"predecessor-version":[{"id":4286,"href":"https:\/\/triennale-der-moderne.de\/2022\/wp-json\/wp\/v2\/pages\/2556\/revisions\/4286"}],"wp:attachment":[{"href":"https:\/\/triennale-der-moderne.de\/2022\/wp-json\/wp\/v2\/media?parent=2556"}],"curies":[{"name":"wp","href":"https:\/\/api.w.org\/{rel}","templated":true}]}}