{"id":2516,"date":"2022-09-03T13:56:57","date_gmt":"2022-09-03T11:56:57","guid":{"rendered":"\/2022\/?page_id=2516"},"modified":"2022-10-07T08:38:20","modified_gmt":"2022-10-07T06:38:20","slug":"dessau-programm","status":"publish","type":"page","link":"\/2022\/dessau-programm\/","title":{"rendered":"Dessau &#8211; Programm 2022"},"content":{"rendered":"\n<hr class=\"wp-block-separator\"\/>\n\n\n\n<h4 class=\"wp-block-heading\">Vorbemerkung zum Dessauer Programm<\/h4>\n\n\n\n<p>Es existiert ein <a rel=\"noreferrer noopener\" href=\"https:\/\/bauhaus-dessau.ticketfritz.de\/Shop\/Index\/bauhausgebaeude\/25333\" target=\"_blank\"><strong>Triennale-Tages-Ticket<\/strong><\/a> (8&nbsp;\u20ac exkl. Veranstaltungen mit gesonderter Kennzeichnung). <br>Viele Stand- und Spielorte werden \u00fcber die \u201eBauhaus-Busline\u201c verbunden.&nbsp;<br>Inhaber*innen eines Triennale-Tages-Tickets erhalten einen kostenlosen Sonderfahrschein.<\/p>\n\n\n\n<p>Weitere Informationen finden Sie auch auf den Informationsseite <br>der Stiftung Bauhaus Dessau zum Programm der <a rel=\"noreferrer noopener\" href=\"https:\/\/www.bauhaus-dessau.de\/de\/veranstaltungen\/triennale-der-moderne-2022.html\" target=\"_blank\"><strong>Triennale der Moderne in Dessau<\/strong><\/a><\/p>\n\n\n\n<hr class=\"wp-block-separator\"\/>\n\n\n\n<h1 class=\"pb-3 wp-block-heading\">Er\u00f6ffnung des Dessauer-Wochenendes<\/h1>\n\n\n\n<ul class=\"wp-block-list\"><li><strong>Fr, 7.10., 18:00\u2009\u2013\u200921:00 Uhr<\/strong><br>Ort: Konsumgeb\u00e4ude, Am Dreieck 1, 06849 Dessau-Ro\u00dflau&nbsp;<\/li><li>18:00 Uhr: Er\u00f6ffnung des Dessauer Wochenendes<\/li><li>18.45 Uhr: Er\u00f6ffnung Pop up-Ausstellung \u201ePumpenhaus\u201c&nbsp;<\/li><li>19:00 Uhr: Begr\u00fc\u00dfungsdrink im Caf\u00e9 der Bauhaussiedlung<\/li><li>20:00 Uhr: Konsumkino mit folgenden Filmen:<br>Wie wohnen wir gesund und wirtschaftlich? \u2013 <br>Wohnungsnot (11 Min.), Das Bauhaus und seine Bauweise (12 Min.), Das neue Haus (13 Min.)<\/li><\/ul>\n\n\n\n<p class=\"pb-2\">Das Er\u00f6ffnungsevent wird von dem&nbsp; &#8222;Universal Druckluft Orchester&#8220; musikalisch begleitet.<\/p>\n\n\n\n<hr class=\"wp-block-separator\"\/>\n\n\n\n<h1 class=\"pb-3 wp-block-heading\">Ausstellungen<\/h1>\n\n\n\n<h4 class=\"wp-block-heading\">Die Pumpstation \u2013 Das Tor zur Siedlung Dessau-T\u00f6rten<\/h4>\n\n\n\n<p>Die Lage der Siedlung in der Niederung des kleinen Lorkbachs machte den Bau einer Pumpstation notwendig. Sie wurde 1928 errichtet und hat mit ihren Prismenscheiben und den Waschputz-Oberfl\u00e4chen der Quermauern viele architektonische&nbsp;Details mit den Siedlungsbauten gemeinsam. Parkplatz\/Ort: Damaschkestra\u00dfe, 06849 Dessau-Ro\u00dflau; Eintritt via Triennale-Tages-Ticket (8&nbsp;\u20ac)<\/p>\n\n\n\n<ul class=\"pb-2 wp-block-list\"><li>Laufzeit: Fr, 7.\u2009bis So, \u20099.10.2022, 10.00\u2009\u2013\u200917:00 Uhr<\/li><\/ul>\n\n\n\n<h4 class=\"wp-block-heading\">Technikmuseum Hugo Junkers Dessau<\/h4>\n\n\n\n<p>Bitte beachten Sie die gesondert anfallendeen Preise und Angaben des Museums; <br>Ort: Technikmuseum \u201eHugo Junkers Dessau\u201c, K\u00fchnauer Stra\u00dfe 161 a, 06846 Dessau<\/p>\n\n\n\n<ul class=\"pb-2 wp-block-list\"><li>Laufzeit: Sa, 8.\u2009\u2013\u2009So, 9.10.2022, 10.00\u2009\u2013\u200917:00 Uhr<\/li><\/ul>\n\n\n\n<hr class=\"wp-block-separator\"\/>\n\n\n\n<h1 class=\"pb-3 wp-block-heading\">Symposien und Vortr\u00e4ge<\/h1>\n\n\n\n<h4 class=\"wp-block-heading\">Symposium Wasserkultur<\/h4>\n\n\n\n<p>Im Rahmen der Veranstaltung werden Bauten der Moderne beleuchtet, Hugo Junkers als Pionier der  Warmwasseraufbereitung vorgestellt und heutige Apekte der Wasserversorgung erl\u00e4utert. Ort: Bauhausgeb\u00e4ude, Gropiusallee 38, 06846 Dessau-Ro\u00dflau; Triennale-Tages-Ticket (8&nbsp;\u20ac); keine Anmeldung erforderlich<\/p>\n\n\n\n<ul class=\"pb-2 wp-block-list\"><li>Sa, 8.10.2022, 11:00\u2009\u2013\u200914:00 Uhr: Symposium und Vortr\u00e4ge<\/li><\/ul>\n\n\n\n<h4 class=\"wp-block-heading\">Weitere Vortr\u00e4ge<\/h4>\n\n\n\n<ul class=\"pb-2 wp-block-list\"><li>Sa, 8.10.2022, 18:00\u2009\u2013\u200919.30 Uhr: Wasserverkostungs-Event mit Wasser-Sommelier Alexander H\u00f6ll \u201eWasser ist nicht gleich Wasser\u201c; Ort: Mensa im Bauhausgeb\u00e4ude, Gropiusallee 38, 06846 Dessau-Ro\u00dflau; Triennale-Tages-Ticket (8&nbsp;\u20ac&nbsp;p.&nbsp;P.) zzgl. 4&nbsp;\u20ac Verk\u00f6stigungspauschale; max. 60&nbsp;Personen; <br>Anmeldung: <a rel=\"noreferrer noopener\" href=\"https:\/\/bauhaus-dessau.ticketfritz.de\/Event\/Kalender\/10671\/29150?Typ=Vorlage\" target=\"_blank\">www.bauhaus-dessau.ticketfritz.de<\/a> oder \u00fcber Tel. 0340-6508250&nbsp;<\/li><li>So, 9.10.2022, 14:30\u2009\u2013\u2009\u200915:30 Uhr: Vortrag \u201eDie Wasserkultur der Bauh\u00e4usler\u201c Ort: Kornhaus, Kornhausstra\u00dfe 146, 06846 Dessau-Ro\u00dflau<\/li><\/ul>\n\n\n\n<hr class=\"wp-block-separator\"\/>\n\n\n\n<h1 class=\"pb-3 wp-block-heading\">Touren und Besichtigungen<\/h1>\n\n\n\n<ul class=\"wp-block-list\"><li>Sa\u2009\u2013\u2009So, 8.\u2009\u2013\u20099.10.2022, 10:00\u2013\u200917:00 Uhr: Tag der offenen T\u00fcr mit F\u00fchrungen vom Flussbad Rehsumpf e. V.. 1907 gegr\u00fcndet, geh\u00f6rt die Anlage zu den \u00e4ltesten noch erhaltenen Flussb\u00e4dern in Deutschland und ist ein seltenes Zeugnis der Badekultur des fr\u00fchen 20. Jahrhunderts.<br>Start: Wasserstadt 20, 06844 Dessau-Ro\u00dflau<\/li><li>Sa, 8.10.2022, 10:00\u2009\u2013\u2009\u200918:00 Uhr: Entdeckertour durch den Bauhaus-Supermarkt; Triennale-Tages-Ticket (8&nbsp;\u20ac); Ort: EDEKA Pollmer, Heidestr.&nbsp; 195, 06849 Dessau-Ro\u00dflau<\/li><li>Sa, 8.10.2022, 14:00 + 15:00 Uhr: Baustellenf\u00fchrung Stahlhaus; Ort: Stahlhaus, S\u00fcdstra\u00dfe 5, 06849 Dessau-Ro\u00dflau; 1 h; Triennale-Tages-Ticket (8&nbsp;\u20ac).; keine Anmeldung erforderlich; begrenzte Teilnehmerzahl, 30&nbsp;Pers. pro Rundgang<\/li><li>So, 9.10.2022, 11:00 + 12:00 Uhr: Baustellenf\u00fchrung Stahlhaus; Ort: Stahlhaus, S\u00fcdstra\u00dfe 5, 06849 Dessau-Ro\u00dflau; 1 h; Triennale-Tages-Ticket (8&nbsp;\u20ac).; keine Anmeldung erforderlich; begrenzte Teilnehmerzahl, 30&nbsp;Pers. pro Rundgang<\/li><li>So, 8.10.2022, 11:00\u2009\u2013\u2009\u200917:00 Uhr: Tag der offenen T\u00fcr mit F\u00fchrungen; Triennale-Tages-Ticket (8&nbsp;\u20ac) Ort: Historisches Bootshaus in Stahllamellen-Bauweise der Junkers Paddelgemeins. Dessau e.V., Leopoldshafen&nbsp;4, 06846 Dessau-Ro\u00dflau<\/li><li>So, 9.10.2022, 13:00\u201314:30 Uhr: Gef\u00fchrte Radtour rund ums Thema Wassernutzung in Dessau; <span style=\"color: initial;\">Preis: 10 \u20ac p. P.; max. 25 Personen<\/span>; Start: Tourist-Information Dessau, Ratsgasse 11, 06844 Dessau-Ro\u00dflau; <span style=\"color: initial;\">Anmeldung unter <a rel=\"noreferrer noopener\" href=\"mailto:post@visitdessau.com\" target=\"_blank\">post@visitdessau.com<\/a> oder Tel. 0340-88292000<\/span><\/li><\/ul>\n\n\n\n<hr class=\"wp-block-separator\"\/>\n\n\n\n<h1 class=\"pb-3 wp-block-heading\">Konzerte und Performances<\/h1>\n\n\n\n<ul class=\"pb-4 wp-block-list\"><li>Sa, 8.10.2022, 11:00\u2009\u2013\u200914:00 Uhr: Workshop f\u00fcr Kinder und Jugendliche; Offene Werkstatt \u201eKLAR &amp; REIN\u201c; Ort: Bauhaus Museum Dessau, Mies-van-der-Rohe-Platz&nbsp;1, 06844 Dessau-Ro\u00dflau; Dauer: 3 h; Triennale-Tages-Ticket (8&nbsp;\u20ac); Anmeldung: <a rel=\"noreferrer noopener\" href=\"https:\/\/www.bauhaus-dessau.de\/vermittlung\/offene-werkstatt-museum.html\" target=\"_blank\">https:\/\/www.bauhaus-dessau.de\/vermittlung\/offene-werkstatt-museum.html<\/a>&nbsp;<\/li><li>Sa, 8.10.2022, 14:00\u2009\u2013\u200914:30 Uhr: Konzert \u201eSelbstgebaute (Wasser-)Musik \u2013 Selbstgemachtes Wasserkonzert\u201c; Ort: Bauhaus Museum Dessau, Mies-van-der-Rohe-Platz 1, 06844 Dessau-Ro\u00dflau; Dauer: 30 Min.; Triennale-Tages-Ticket (8&nbsp;\u20ac); keine Anmeldung erforderlich<\/li><li>Sa, 8.10.2022, 14:00\u2009\u2013\u2009\u200917:00 Uhr: Jazz-Parcours \u201eMusik in Siet\u00f6s G\u00e4rten\u201c; Partner: Stiftung Bauhaus Dessau, Musikschule \u201eKurt Weill\u201c Dessau-Ro\u00dflau, Universal Druckluft Orchester; Parcours-Orte: Gropiusgymnasium, Moses-Mendelssohn-Gesellschaft e. V., Mittelring 38, Kleinring 42, Haus Anton: Doppelreihe 35, 06849 Dessau-Ro\u00dflau; Dauer: jeweils 1 h mit Beginn zur vollen Stunde; Triennale-Tages-Ticket (8&nbsp;\u20ac); keine Anmeldung erforderlich; begrenzte Teilnehmerzahl: max. 40&nbsp;Personen pro Rundgang<\/li><li>Sa, 8.10.2022, 17:00\u2009\u2013\u200918:00 + 20:00\u2009\u2013\u200921:00 Uhr: Tanzperformance \u201ehands connect\u201c f\u00fcr Kinder und Jugendliche mit Werkseinf\u00fchrung und Film &#8222;Tanz auf dem Vulkan&#8220;, Partner: Stiftung Bauhaus Dessau, Jugendkunstschule Neuruppin; Ort: Bauhausgeb\u00e4ude, Gropiusallee 38, 06846 Dessau-Ro\u00dflau, Aula; Triennale-Tages-Ticket (8&nbsp;\u20ac)<\/li><li>So, 9.10.2022, 10:00, 11:30, 13:00, 14:30 Uhr: Stadtrundfahrt \u201eModerne trifft Musik\u201c mit dem historischen Doppeldeckerbus und Musikbegleitung durch die Stadt zwischen den Triennalest\u00e4tten; Start: Bauhausgeb\u00e4ude, Gropiusallee 38, 06846 Dessau-Ro\u00dflau; Dauer: 70 min; Triennale-Tages-Ticket (8&nbsp;\u20ac); begrenzte Teilnehmerzahl: max. 80&nbsp;Personen pro Rundfahrt<\/li><li>So, 9.10.2022, 14:00\u2009\u2013\u200917:00 Uhr: Besichtigung mit Konzert im Stadtbad Dessau zum Tag der offenen T\u00fcr zur Wasserkultur; Partner: Stadt Dessau-Ro\u00dflau \u2013 Referat Sportf\u00f6rderung, Friedrich-Schneider Chor Dessau; Ort: Stadtbad, Askanische Stra\u00dfe 50a, 06842 Dessau-Ro\u00dflau Dauer: jeweils ca. 20 min, Triennale-Tages-Ticket (8&nbsp;\u20ac); begrenzte Teilnehmerzahl, Einla\u00df je 15 min vor Beginn<\/li><\/ul>\n\n\n\n<p><em>Alle Angaben ohne Gew\u00e4hr. \u00c4nderungen vorbehalten. Fehlende Angaben werden laufend erg\u00e4nzt.<\/em><\/p>\n\n\n\n<hr class=\"wp-block-separator\"\/>\n\n\n\n<h2 class=\"pb-2 wp-block-heading\">Service und Kontakt<\/h2>\n\n\n\n<p><strong>Stiftung Bauhaus Dessau<\/strong><br>Gropiusallee 38, 06846 Dessau-Ro\u00dflau<br>Tel.: 0340-6508250 <br><a rel=\"noreferrer noopener\" href=\"mailto:triennale@bauhaus-dessau.de\" target=\"_blank\">triennale@bauhaus-dessau.de<\/a><br><a rel=\"noreferrer noopener\" href=\"http:\/\/www.bauhaus-dessau.de\" target=\"_blank\">www.bauhaus-dessau.de<\/a>&nbsp;<\/p>\n\n\n\n<p><strong>Tourist-Information<\/strong><br>Ratsgasse 11, 06844 Dessau-Ro\u00dflau<br>Tel. 0340-882920-00 <br><a href=\"mailto:post@dessau-rosslau.de\">post@dessau-rosslau.de<\/a><br><a rel=\"noreferrer noopener\" href=\"http:\/\/www.visitdessau.com\" target=\"_blank\">www.visitdessau.com<\/a><\/p>\n","protected":false},"excerpt":{"rendered":"<p>Vorbemerkung zum Dessauer Programm Es existiert ein Triennale-Tages-Ticket (8&nbsp;\u20ac exkl. Veranstaltungen mit gesonderter Kennzeichnung). Viele Stand- und Spielorte werden \u00fcber die \u201eBauhaus-Busline\u201c verbunden.&nbsp;Inhaber*innen eines Triennale-Tages-Tickets erhalten einen kostenlosen Sonderfahrschein. Weitere Informationen finden Sie auch auf den Informationsseite der Stiftung Bauhaus Dessau zum Programm der Triennale der Moderne in Dessau Er\u00f6ffnung des Dessauer-Wochenendes Fr, 7.10., 18:00\u2009\u2013\u200921:00 [&hellip;]<\/p>\n","protected":false},"author":2,"featured_media":0,"parent":0,"menu_order":0,"comment_status":"closed","ping_status":"closed","template":"","meta":{"_acf_changed":false,"footnotes":""},"class_list":["post-2516","page","type-page","status-publish","hentry"],"acf":[],"_links":{"self":[{"href":"https:\/\/triennale-der-moderne.de\/2022\/wp-json\/wp\/v2\/pages\/2516"}],"collection":[{"href":"https:\/\/triennale-der-moderne.de\/2022\/wp-json\/wp\/v2\/pages"}],"about":[{"href":"https:\/\/triennale-der-moderne.de\/2022\/wp-json\/wp\/v2\/types\/page"}],"author":[{"embeddable":true,"href":"https:\/\/triennale-der-moderne.de\/2022\/wp-json\/wp\/v2\/users\/2"}],"replies":[{"embeddable":true,"href":"https:\/\/triennale-der-moderne.de\/2022\/wp-json\/wp\/v2\/comments?post=2516"}],"version-history":[{"count":70,"href":"https:\/\/triennale-der-moderne.de\/2022\/wp-json\/wp\/v2\/pages\/2516\/revisions"}],"predecessor-version":[{"id":4205,"href":"https:\/\/triennale-der-moderne.de\/2022\/wp-json\/wp\/v2\/pages\/2516\/revisions\/4205"}],"wp:attachment":[{"href":"https:\/\/triennale-der-moderne.de\/2022\/wp-json\/wp\/v2\/media?parent=2516"}],"curies":[{"name":"wp","href":"https:\/\/api.w.org\/{rel}","templated":true}]}}