{"id":1490,"date":"2022-03-09T12:27:35","date_gmt":"2022-03-09T11:27:35","guid":{"rendered":"\/2022\/?page_id=1490"},"modified":"2022-09-13T20:38:21","modified_gmt":"2022-09-13T18:38:21","slug":"datenschutz","status":"publish","type":"page","link":"\/2022\/datenschutz\/","title":{"rendered":"Datenschutz"},"content":{"rendered":"\n<h1 class=\"wp-block-heading\">Informationen zum Datenschutz<\/h1>\n\n\n\n<h2 class=\"pb-2 wp-block-heading\">Erkl\u00e4rung gem\u00e4\u00df EU-DSGVO&nbsp;<\/h2>\n\n\n\n<hr class=\"wp-block-separator\"\/>\n\n\n\n<h3 class=\"wp-block-heading\">1. Anschrift und Kontaktdaten<\/h3>\n\n\n\n<p>(1) Im Folgenden informieren wir \u00fcber die Erhebung personenbezogener Daten bei Nutzung unserer Website. <br>Personenbezogene Daten sind alle Daten, die auf Sie pers\u00f6nlich beziehbar sind, z.\u2009B. Name, Adresse, E-Mail-Adressen, IP-Adresse, Nutzerverhalten.<\/p>\n\n\n\n<p>(2) Interims-Verantwortliche\/r gem. Art. 4 Abs. 7 EU-Datenschutz-Grundverordnung (EU-DSGVO) sind<br>Ben Buschfeld, buschfeld.com \u2013 graphic and interface design<br>Robert K. Huber, zukunftsgeraeusche.de<br>E-Mail:<a href=\"mailto:info@triennale-der-moderne.eu\"> info [at] triennale-der-moderne.eu<\/a><\/p>\n\n\n\n<p>Ein eigener Datenschutzbeauftragter ist nicht bestellt;&nbsp;<br>eine Bestellpflicht besteht f\u00fcr uns nicht.<\/p>\n\n\n\n<hr class=\"wp-block-separator\"\/>\n\n\n\n<h3 class=\"wp-block-heading\">2. Datenerhebung<\/h3>\n\n\n\n<p>Im Rahmen der Programmplanung, des Berliner Antragsverfahrens sowie der deutschland- und europaweiten Netzwerkarbeit, wurden die dazu notwendigen Kontakt- und Personendaten erfasst und tempor\u00e4r gespeichert. Zu den so anfallenden, f\u00fcr die Kommunikation hilfreichen oder erforderlichen Daten geh\u00f6ren in der Regel E-Mail-Adresse, Vor- und Zunamen sowie Angaben zur organisationsspezifischen Funktion. Zus\u00e4tzliche Angaben wie etwa Ihre Telefonnummer oder erg\u00e4nzende pers\u00f6nliche, berufliche und organisationsspezifische Daten sind optional und werden \u2013 sofern f\u00fcr die Bearbeitung ihres Anliegens nicht notwendig oder von Ihnen ausdr\u00fccklich gew\u00fcnscht \u2013 von uns standardm\u00e4\u00dfig nicht gespeichert.&nbsp;Eine Weitergabe an Dritte oder kommerzielle Verwertung Ihrer Daten erfolgt nicht.<\/p>\n\n\n\n<hr class=\"wp-block-separator\"\/>\n\n\n\n<h3 class=\"wp-block-heading\">3. Ihre Rechte<\/h3>\n\n\n\n<p>Unter den angegebenen Kontaktdaten unserer\/s Datenschutzbeauftragten k\u00f6nnen Sie jederzeit folgende Rechte aus\u00fcben:<\/p>\n\n\n\n<ul class=\"wp-block-list\"><li>Auskunft \u00fcber Ihre bei uns gespeicherten Daten und deren Verarbeitung,<\/li><li>Berichtigung unrichtiger personenbezogener Daten,<\/li><li>L\u00f6schung Ihrer bei uns gespeicherten Daten,<\/li><li>Einschr\u00e4nkung der Datenverarbeitung, sofern wir Ihre Daten aufgrund gesetzlicher Pflichten noch nicht l\u00f6schen d\u00fcrfen,<\/li><li>Widerspruch gegen die Verarbeitung Ihrer Daten bei uns und<\/li><li>Daten\u00fcbertragbarkeit, sofern Sie in die Datenverarbeitung eingewilligt haben oder einen Vertrag mit uns abgeschlossen haben. Sofern Sie uns eine Einwilligung erteilt haben, k\u00f6nnen Sie diese jederzeit mit Wirkung f\u00fcr die Zukunft widerrufen. Sie k\u00f6nnen sich jederzeit mit einer Beschwerde an die f\u00fcr Sie zust\u00e4ndige Aufsichtsbeh\u00f6rde wenden. Ihre zust\u00e4ndige Aufsichtsbeh\u00f6rde richtet sich nach dem Bundesland Ihres Wohnsitzes, Ihrer Arbeit oder der mutma\u00dflichen Verletzung. Eine Liste der Aufsichtsbeh\u00f6rden (f\u00fcr den nicht\u00f6ffentlichen Bereich) mit Anschrift finden Sie unter:&nbsp;<br><a rel=\"noreferrer noopener\" href=\"http:\/\/www.bfdi.bund.de\/DE\/Infothek\/Anschriften_Links\/anschriften_links-node.html\" target=\"_blank\">www.bfdi.bund.de\/DE\/Infothek\/Anschriften_Links\/anschriften_links-node.html<\/a><\/li><\/ul>\n\n\n\n<hr class=\"wp-block-separator\"\/>\n\n\n\n<h3 class=\"wp-block-heading\">4. Zweck der Datenverarbeitung<strong>&nbsp;<\/strong><\/h3>\n\n\n\n<p>Wir verarbeiten Ihre personenbezogenen Daten nur zu den in dieser Datenschutzerkl\u00e4rung genannten Zwecken und handeln wir nach dem Prinzip der Datensparsamkeit. Dies bedeutet, dass wir Ihre pers\u00f6nlichen Daten nur an Dritte weitergeben, wenn:<\/p>\n\n\n\n<ul class=\"wp-block-list\"><li>Sie Ihre ausdr\u00fcckliche Einwilligung dazu erteilt haben,<\/li><li>die Verarbeitung zur Abwicklung eines Vertrags oder eines gemeinsamen verabredeten Projekt- und Kommunikationszieles mit Ihnen erforderlich ist,<\/li><li>die Verarbeitung zur Erf\u00fcllung einer rechtlichen Verpflichtung erforderlich ist,<\/li><li>die Verarbeitung zur Wahrung berechtigter Interessen erforderlich ist und kein Grund zur Annahme besteht, dass Sie ein \u00fcberwiegendes schutzw\u00fcrdiges Interesse an der Nichtweitergabe Ihrer Daten haben.<\/li><li>Im Rahmen der Presse- und \u00d6ffentlichkeitsarbeit kann es unter Umst\u00e4nden sinnvoll sein, dass die jeweilige Verantwortlichen der drei St\u00e4dte auch Mail-Adressen oder Telefonnummern von Programm-Partner*innen an Presse und Medien herausgeben. Dies geschieht jedoch nur sofern man davon ausgehen kann, dass dies im Interesse des\/der Partner*in ist. Auch hier gilt f\u00fcr uns jedoch das Prinzip der Datensparsamkeit.<br><\/li><\/ul>\n\n\n\n<hr class=\"wp-block-separator\"\/>\n\n\n\n<h3 class=\"wp-block-heading\">5. L\u00f6schung bzw. Sperrung von Daten<\/h3>\n\n\n\n<p>Im Sinne der aktiven Vernetzung verschiedener Akteure sowie der langfristigen angelegten, periodischen Charakters des Festivals, erfolgt eine L\u00f6schung nur auf ausdr\u00fccklichen Wunsch. Wenn Sie keine weitere Beteiligung w\u00fcnschen, speichern Ihre personenbezogenen Daten daher nur so lange, wie dies zur Erreichung der hier genannten Zwecke erforderlich ist oder wie es die vom Gesetzgeber vorgesehenen vielf\u00e4ltigen Speicherfristen vorsehen. Nach Fortfall des jeweiligen Zweckes bzw. Ablauf dieser Fristen werden die entsprechenden Daten routinem\u00e4\u00dfig und entsprechend den gesetzlichen Vorschriften gesperrt oder gel\u00f6scht. Falls Sie eine Einwilligung zur Verarbeitung Ihrer Daten erteilt haben, k\u00f6nnen Sie diese jederzeit widerrufen. Ein solcher Widerruf beeinflusst die Zul\u00e4ssigkeit der Verarbeitung Ihrer personenbezogenen Daten, nachdem Sie ihn gegen\u00fcber uns ausgesprochen haben.<br><\/p>\n\n\n\n<hr class=\"wp-block-separator\"\/>\n\n\n\n<h3 class=\"wp-block-heading\">6. Erhebung von Daten bei Besuch unserer Website<\/h3>\n\n\n\n<p class=\"pb-2\">Diese Website ist \u201eresponsive\u201c programmiert, d.h. Ihre Darstellung passt sich an die verwendete Endger\u00e4te an, indem etwa Spalten auf kleineren Monitoren (z.B. Smartphones) als nach- und untereinander angeordnete Bl\u00f6cke gezeigt werden. Bei der blo\u00df informatorischen Nutzung der Website, also wenn Sie sich nicht registrieren oder uns anderweitig Informationen \u00fcbermitteln, erheben wir auf unserem Server nur solche Daten, die gel\u00e4ufige Browser ohnehin standardm\u00e4\u00dfig \u00fcbermittelt. Diese Daten dienen uns dazu, Ihnen unsere Website f\u00fcr die jeweils benutzten Endger\u00e4ten optimiert anzuzeigen und eine m\u00f6glichst optimale Stabilit\u00e4t und Sicherheit zu gew\u00e4hrleisten (Rechtsgrundlage ist Art. 6 Abs. 1 S. 1 lit. f DS-GVO).&nbsp;<br><\/p>\n\n\n\n<h3 class=\"wp-block-heading\">6.1 Standardm\u00e4\u00dfig \u00fcbermittelte Daten<\/h3>\n\n\n\n<p>Folgende Daten werden uns von Ihrem Browser standardm\u00e4\u00dfig \u00fcbermittelt<\/p>\n\n\n\n<ul class=\"wp-block-list\"><li>IP-Adresse<\/li><li>Datum und Uhrzeit der Anfrage<\/li><li>Zeitzonendifferenz zur Greenwich Mean Time (GMT)<\/li><li>Inhalt der Anforderung (konkrete Seite)<\/li><li>Zugriffsstatus\/HTTP-Statuscode<\/li><li>jeweils \u00fcbertragene Datenmenge<\/li><li>Website, von der die Anforderung kommt<\/li><li>Verwendeter Browsertyp<\/li><li>Verwendetes Betriebssystem<\/li><li>Sprache und Version der Browsersoftware<\/li><\/ul>\n\n\n\n<p class=\"pb-2\">Diese Daten werden von uns und dem Betreiber des Servers unserer Website maximal 7 Tage gespeichert. Diese Daten werden zu keinem Zeitpunkt mit evtl. anderweitig vorliegenden personenbeziehbaren Daten verkn\u00fcpft, d.h. eine Zuordnung zu einer nat\u00fcrlichen Person kann und wird von uns nicht vorgenommen; nur im Falle eines konkreten Verdachts einer \u00fcber die Webseite ausge\u00fcbten Straftat erfolgt gem\u00e4\u00df den gesetzlichen Bestimmungen eine weitergehende Speicherung und Weitergabe an die Strafermittlungsbeh\u00f6rde.<br><\/p>\n\n\n\n<h3 class=\"wp-block-heading\">6.2 Nutzung von Cookies<\/h3>\n\n\n\n<p class=\"pb-2\">Zus\u00e4tzlich zu den zuvor genannten Daten werden bei Ihrer Nutzung unserer Website sogenannte \u201eCookies\u201c auf Ihrem Rechner gespeichert. Bei Cookies handelt es sich um kleine Textdateien, die auf Ihrer Festplatte dem von Ihnen verwendeten Browser zugeordnet gespeichert werden und durch welche der Stelle, die den Cookie setzt (hier durch uns), bestimmte Informationen zuflie\u00dfen. Cookies k\u00f6nnen keine Programme ausf\u00fchren oder Viren auf Ihren Computer \u00fcbertragen. Sie werden ausslie\u00dflich bei Ihnen lokal gespeichert und dienen lediglich dazu, unsere Website insgesamt nutzerfreundlicher und effektiver zu machen. Eine Benutzung unserer Website mit einer in den Einstellungen Ihres Browser deaktivierten \u201eCookie-Funktion\u201c ist grunds\u00e4tzlich m\u00f6glich.<br><\/p>\n\n\n\n<h3 class=\"wp-block-heading\">6.3 Einbindung externer Webservices<\/h3>\n\n\n\n<p class=\"pb-2\">Auf unserer Website binden wir Webservices externer Dienstleister ein, \u00fcber deren Datenverarbeitungen wir Sie nachfolgend informieren. Der Einsatz dieser Diensleister dient einer ansprechenden und benutzerfreundlichen Webseitendarstellung.<\/p>\n\n\n\n<p><strong>6.3.1 Google Web Fonts<\/strong><br>Diese Seite nutzt zur einheitlichen Darstellung von Schriftarten so genannte Web Fonts, die von Google bereitgestellt werden. Beim Aufruf einer Seite l\u00e4dt Ihr Browser die ben\u00f6tigten Web Fonts in ihren Browser-Cache, einen Zwischenspeicher der genutzt wird um Texte und Schriftarten schnell und korrekt anzuzeigen. Wenn Ihr Browser Web Fonts nicht unterst\u00fctzt, wird eine Standardschrift von Ihrem Computer genutzt. Zu diesem Zweck muss der von Ihnen verwendete Browser Verbindung zu den Servern von Google aufnehmen. Hierdurch erlangt Google Kenntnis dar\u00fcber, dass \u00fcber Ihre IP-Adresse unsere Website aufgerufen wurde. Die Nutzung von Google Web Fonts erfolgt im Interesse einer einheitlichen und ansprechenden Darstellung unserer Online-Angebote. Dies stellt ein berechtigtes Interesse im Sinne von Art. 6 Abs. 1 lit. f DSGVO dar. Weitere Informationen zu Google Web Fonts finden Sie unter&nbsp;<a rel=\"noreferrer noopener\" href=\"https:\/\/developers.google.com\/fonts\/faq\" target=\"_blank\">https:\/\/developers.google.com\/fonts\/faq<\/a>&nbsp;und in der Datenschutzerkl\u00e4rung von Google:&nbsp;<a rel=\"noreferrer noopener\" href=\"https:\/\/www.google.com\/policies\/privacy\" target=\"_blank\">https:\/\/www.google.com\/policies\/privacy<\/a>\/.<\/p>\n\n\n\n<p><strong>6.3.2 Youtube<\/strong><br>Wir haben auf unserer Website auf eine m\u00f6glichst datensparsame Weise bei YouTube gehostete Videos integriert, ein Service, der von der YouTube LLC, 901 Cherry Ave., San Bruno, CA 94066, USA (im Folgenden YouTube) betrieben wird \u2013 einer Tochtergesellschaft der Google Inc., 1600 Amphitheatre Pkwy, Mountain View, CA 94043-1351, USA. Wenn Sie eine Seite unseres Webauftritts aufrufen, auf der ein YouTube-Video enthalten ist, stellt Ihr Browser bei Klick auf den Start-Button eine direkte Verbindung zu den Servern von YouTube her und veranlasst, eine Darstellung des entsprechenden Videos von YouTube herunterzuladen. Der Inhalt des Videos wird von YouTube direkt an Ihren Browser \u00fcbermittelt und in die Seite eingebunden. Durch diese Einbindung erh\u00e4lt YouTube die Information, dass Ihr Browser die entsprechende Seite unseres Webauftritts aufgerufen hat, auch wenn Sie kein YouTube-Profil besitzen oder gerade nicht bei YouTube eingeloggt sind. Diese Information (einschlie\u00dflich Ihrer IP-Adresse) wird von Ihrem Browser direkt an einen Server von YouTube \u00fcbermittelt und dort gespeichert. Sind Sie bei YouTube eingeloggt, kann YouTube den Besuch unserer Website Ihrem YouTube-Account unmittelbar zuordnen. Diese Funktion ist technische Grundlage f\u00fcr das Einbinden von Video-Inhalten. <br>Anm.: Wenn Sie nicht m\u00f6chten, dass YouTube die \u00fcber unseren Webauftritt gesammelten Daten unmittelbar Ihrem YouTube-Account zuordnet, m\u00fcssen Sie sich vor Ihrem Besuch unserer Website bei YouTube ausloggen. Weitere Informationen hierzu finden Sie in der&nbsp;<a rel=\"noreferrer noopener\" href=\"https:\/\/www.google.de\/intl\/de\/policies\/privacy\" target=\"_blank\">Datenschutzerkl\u00e4rung&nbsp;von YouTube<\/a>.<\/p>\n\n\n\n<p><strong>6.3.3 Bootstrap-Framework<\/strong><br>Auf unserer Webseite wird ein Webservice des Unternehmens NetDNA LLC, Cahuenga Blvd Suite 630, 90068 Los Angeles (nachfolgend: Bootstrapcdn.com) nachgeladen. Wenn Sie in Ihrem Browser Java-Script aktiviert und keinen Java-Script-Blocker installiert haben, wird Ihr Browser ggf. personenbezogene Daten an Bootstrapcdn.com \u00fcbermitteln: Dieser Dienst bewirkt, dass die Ladezeit g\u00e4ngiger Java-Script Bibliotheken und Schriftarten verk\u00fcrzt wird, weil die Dateien von schnellen, standortnahen oder wenig ausgelasteten Servern \u00fcbertragen werden. Dabei wird unter anderem Ihre IP-Adresse \u00fcbertragen. Die Inhalte unseres Dienstes und die Kommunikation werden nicht \u00fcber CDN abgewickelt. Weitere Informationen zum Handling der \u00fcbertragenen Daten finden Sie in der Datenschutzerkl\u00e4rung von Bootstrapcdn.com:&nbsp;<a rel=\"noreferrer noopener\" href=\"https:\/\/www.bootstrapcdn.com\/privacy-policy\/\" target=\"_blank\">https:\/\/www.bootstrapcdn.com\/privacy-policy\/<\/a>&nbsp;.&nbsp;<br>Anm.: Sie k\u00f6nnen die Erfassung sowie die Verarbeitung Ihrer Daten durch Bootstrapcdn.com verhindern, indem Sie die Ausf\u00fchrung von Script-Code in Ihrem Browser deaktivieren oder einen Script-Blocker in Ihrem Browser installieren (diesen finden Sie z.B. unter&nbsp;<a rel=\"noreferrer noopener\" href=\"http:\/\/www.noscript.net\/\" target=\"_blank\">http:\/\/www.noscript.net<\/a>&nbsp;oder&nbsp;<a rel=\"noreferrer noopener\" href=\"http:\/\/www.ghostery.com\/\" target=\"_blank\">http:\/\/www.ghostery.com<\/a>).<\/p>\n\n\n\n<p class=\"pb-2\"><strong>6.3.4 Social Media<\/strong><br>Neben dieser Website betreibt die Triennale der Moderne auch eigenen Social Media-Kan\u00e4le bei <a rel=\"noreferrer noopener\" href=\"http:\/\/www.faceboo.com\/TriennaleDerModerne\" target=\"_blank\">Facebook<\/a>, <a rel=\"noreferrer noopener\" href=\"https:\/\/www.instagram.com\/triennale_der_moderne\/\" target=\"_blank\">Instagram<\/a>, <a rel=\"noreferrer noopener\" href=\"https:\/\/twitter.com\/TdModerne\" target=\"_blank\">Twitter<\/a> und <a rel=\"noreferrer noopener\" href=\"https:\/\/www.youtube.com\/channel\/UCSEBVtLlkQF0m28O2qE8icg\" target=\"_blank\">Youtube<\/a>. Die Nutzung dieser Angebote ist zum Teil nur f\u00fcr dort jeweils registrierte Nutzer*innen m\u00f6glich. Aus Gr\u00fcnden des Datenschutzes weisen wir darauf hin, dass eine solche Nutzung die \u00dcbergabe einzelner Daten an US-amerikanische Firmen und deren verarbeitende Server mit einschliesst, die sich unserem Einblick und Zugriff entziehen. Es gelten die jeweiligen Richtlinien der Betreiberfirmen.<br><\/p>\n\n\n\n<hr class=\"wp-block-separator\"\/>\n\n\n\n<h3 class=\"wp-block-heading\">Weitere allgemeine Hinweise<\/h3>\n\n\n\n<p>(1) Sollten berechtigte W\u00fcnsche vorliegen, die eine L\u00f6schung, Teil-L\u00f6schung oder Aktualisierung Ihrer Daten verlangen, sind wir bem\u00fcht, diese m\u00f6glichst umgehend zu veranlassen, bitten aber um Verst\u00e4ndnis, wenn wir unser Website-Redakteur nicht sofort reagieren kann.<\/p>\n\n\n\n<p>(2) Neben der dieser Website betreibt die Triennale der Moderne auch verschiedene Website-Kan\u00e4le.  Es gelten die jeweiligen Richtlinien der Plattformbetreiber*innen.  <\/p>\n\n\n\n<p>(3) Alle Veranstaltungen der Triennale der Moderne sind \u00f6ffentliche Veranstaltungen, bei denen Foto-, Video- und Audioaufnahmen erstellt werden k\u00f6nnen. Diese werden zur \u00d6ffentlichkeitsarbeit (auch in den sozialen Medien) genutzt und dienen der Dokumentation der Triennale der Moderne (offline und online) und k\u00f6nnen auch im au\u00dfereurop\u00e4ischen Ausland abgerufen werden. Dies geschieht im Sinne von Art. 6 Abs. 1 f) DSGVO.\u00a0Mit dem Besuch der Veranstaltungen stimmen Sie einer solchen Dokumentation und Verwendung prinzipiell zu.\u00a0Gegen die Verarbeitung steht Ihnen ein Widerspruchsrecht zu, zudem das Recht auf eine unentgeltliche Auskunft \u00fcber Ihre gespeicherten Daten sowie auf Berichtigung, L\u00f6schung und Einschr\u00e4nkung der Verarbeitung der Daten.\u00a0Sollten Sie keine Ver\u00f6ffentlichung von Aufnahmen Ihrer Person w\u00fcnschen, sprechen Sie die vor Ort aktiven Foto- und\/oder Videograf*innen bitte direkt an oder wenden Sie sich\u00a0an die\u00a0<a href=\"mailto: info@triennale-der-moderne.eu\">Projektkoordinatoren<\/a>\u00a0der Triennale der Moderne 2022.<\/p>\n\n\n\n<p>(4) Wenn Sie Fragen zum Datenschutz haben, schreiben Sie uns bitte eine <a href=\"mailto: info@triennale-der-moderne.eu\">E-Mai<\/a><a href=\"mailto:tdm@buschfeld.com\">l<\/a> oder wenden Sie sich direkt an die oben genannte f\u00fcr den Datenschutz verantwortliche Person in unserer Organisation.<\/p>\n","protected":false},"excerpt":{"rendered":"<p>Informationen zum Datenschutz Erkl\u00e4rung gem\u00e4\u00df EU-DSGVO&nbsp; 1. Anschrift und Kontaktdaten (1) Im Folgenden informieren wir \u00fcber die Erhebung personenbezogener Daten bei Nutzung unserer Website. Personenbezogene Daten sind alle Daten, die auf Sie pers\u00f6nlich beziehbar sind, z.\u2009B. Name, Adresse, E-Mail-Adressen, IP-Adresse, Nutzerverhalten. (2) Interims-Verantwortliche\/r gem. Art. 4 Abs. 7 EU-Datenschutz-Grundverordnung (EU-DSGVO) sindBen Buschfeld, buschfeld.com \u2013 graphic [&hellip;]<\/p>\n","protected":false},"author":2,"featured_media":0,"parent":0,"menu_order":0,"comment_status":"closed","ping_status":"closed","template":"","meta":{"_acf_changed":false,"footnotes":""},"class_list":["post-1490","page","type-page","status-publish","hentry"],"acf":[],"_links":{"self":[{"href":"https:\/\/triennale-der-moderne.de\/2022\/wp-json\/wp\/v2\/pages\/1490"}],"collection":[{"href":"https:\/\/triennale-der-moderne.de\/2022\/wp-json\/wp\/v2\/pages"}],"about":[{"href":"https:\/\/triennale-der-moderne.de\/2022\/wp-json\/wp\/v2\/types\/page"}],"author":[{"embeddable":true,"href":"https:\/\/triennale-der-moderne.de\/2022\/wp-json\/wp\/v2\/users\/2"}],"replies":[{"embeddable":true,"href":"https:\/\/triennale-der-moderne.de\/2022\/wp-json\/wp\/v2\/comments?post=1490"}],"version-history":[{"count":29,"href":"https:\/\/triennale-der-moderne.de\/2022\/wp-json\/wp\/v2\/pages\/1490\/revisions"}],"predecessor-version":[{"id":2989,"href":"https:\/\/triennale-der-moderne.de\/2022\/wp-json\/wp\/v2\/pages\/1490\/revisions\/2989"}],"wp:attachment":[{"href":"https:\/\/triennale-der-moderne.de\/2022\/wp-json\/wp\/v2\/media?parent=1490"}],"curies":[{"name":"wp","href":"https:\/\/api.w.org\/{rel}","templated":true}]}}