{"id":1110,"date":"2022-02-19T17:20:41","date_gmt":"2022-02-19T16:20:41","guid":{"rendered":"\/2022\/?page_id=1110"},"modified":"2025-01-21T13:00:30","modified_gmt":"2025-01-21T12:00:30","slug":"auftakt-event","status":"publish","type":"page","link":"\/2022\/auftakt-event\/","title":{"rendered":"Auftakt-Event"},"content":{"rendered":"\n<h1 class=\"wp-block-heading\">Auftakt-Veranstaltung 2022<\/h1>\n\n\n\n<h2 class=\"wp-block-heading\">Vielfalt Moderne | Moderne Vielfalt<\/h2>\n\n\n\n<h3 class=\"wp-block-heading pb-2\">Die zweit\u00e4gige Auftakt-Veranstaltung zur Triennale startet am 30. September 2022 in der Tschechischen Botschaft in Berlin, einem Bau des sp\u00e4ten Brutalismus. Am ersten Tag erwarten Sie neben F\u00fchrungen vor Ort, Berichte aus Weimar, Dessau und Berlin sowie Impulse von anderen deutschen Welterbest\u00e4tten der Moderne und Akteur*innen auf EU-Ebene. Am zweiten Tag, dem 1. Oktober pr\u00e4sentieren wir rund 20 Bildvortr\u00e4ge zu wichtigen Etappen, Ideen und Bauwerken der Berliner Moderne im kurzweiligen Pecha-Kucha-Format. Hinzu kommt ein Themen-Schwerpunkt mit Vortr\u00e4gen und Talks zu den Wurzeln der Moderne in der Ukraine. <\/h3>\n\n\n\n<figure class=\"wp-block-image size-large pb-2\"><img loading=\"lazy\" decoding=\"async\" width=\"1024\" height=\"685\" src=\"\/2022\/wp-content\/uploads\/sites\/8\/2022\/09\/Tschech-Botschaft_LDA_Bittner_bit_0198-1024x685.jpg\" alt=\"\" class=\"wp-image-2498\" srcset=\"\/2022\/wp-content\/uploads\/sites\/8\/2022\/09\/Tschech-Botschaft_LDA_Bittner_bit_0198-1024x685.jpg 1024w, \/2022\/wp-content\/uploads\/sites\/8\/2022\/09\/Tschech-Botschaft_LDA_Bittner_bit_0198-598x400.jpg 598w, \/2022\/wp-content\/uploads\/sites\/8\/2022\/09\/Tschech-Botschaft_LDA_Bittner_bit_0198-375x250.jpg 375w, \/2022\/wp-content\/uploads\/sites\/8\/2022\/09\/Tschech-Botschaft_LDA_Bittner_bit_0198-768x514.jpg 768w, \/2022\/wp-content\/uploads\/sites\/8\/2022\/09\/Tschech-Botschaft_LDA_Bittner_bit_0198.jpg 1500w\" sizes=\"(max-width: 1024px) 100vw, 1024px\" \/><figcaption class=\"wp-element-caption\">Botschaft der Tschechischen Republik in Berlin, Wilhelmstra\u00dfe 44, Foto: Wolfgang Bittner, Landesdenkmalamt Berlin<\/figcaption><\/figure>\n\n\n\n<h1 class=\"wp-block-heading\">Programm<\/h1>\n\n\n\n<h2 class=\"wp-block-heading\">Auftakt am 30.9. + 1.10.2022<\/h2>\n\n\n\n<div class=\"wp-block-columns is-layout-flex wp-container-core-columns-is-layout-1 wp-block-columns-is-layout-flex\">\n<div class=\"wp-block-column is-layout-flow wp-block-column-is-layout-flow\" style=\"flex-basis:66.66%\">\n<p class=\"pb-3\">Die Triennale der Moderne 2022 wird mit der Auftakt-Veranstaltung in Berlin er\u00f6ffnet. <br>Der sich \u00fcber zwei Tage erstreckende Auftakt des Festivals in Berlin ist gleichzeitig der Beginn f\u00fcr das \u00fcberregionale Programm der Triennale der Moderne 2022 unter dem st\u00e4dte\u00fcbergreifenden <strong>Wohnen.Arbeiten.Leben<\/strong>. <\/p>\n\n\n\n<h3 class=\"wp-block-heading\">Auftakt-Veranstaltung &#8222;Vielfalt Moderne | Moderne Vielfalt&#8220; <\/h3>\n\n\n\n<p><strong>Am ersten Tag<\/strong>, dem 30. September findet ein&nbsp;Symposium&nbsp;mit Impuls-Vortr\u00e4gen, Keynote-Talks und Lectures in der Tschechischen Botschaft statt. Sie behandeln Angebote und Erfahrungen aus den drei Triennale Kern-St\u00e4dten Berlin, Dessau und Weimer sowie weiteren Welterbest\u00e4tten und Triennale-Netzwerkst\u00e4dten in Deutschland und Mitteleuropa. Im Rahmen von F\u00fchrungen wird die vor Ort gezeigte Ausstellung zu dem sehenswerten, im Stil des sp\u00e4ten Brutalismus gestalteten Geb\u00e4ude gezeigt. F\u00fcr das Programm am 30.9. ist eine <a rel=\"noreferrer noopener\" href=\"https:\/\/www.eventbrite.de\/o\/triennale-der-moderne-2022-52635617103\" target=\"_blank\">Anmeldung erforderlich<\/a>.<\/p>\n\n\n\n<p><strong>Am zweiten Tag<\/strong>, dem 1. Oktober folgt im Architekturgeb\u00e4ude der TU Berlin am Ernst-Reuter-Platz ein Pecha-Kucha-Block zur Gesamterz\u00e4hlung der Moderne sowie ein Sonderprogramm zur Moderne in der Ukraine mit Fokus auf die St\u00e4dte Charkiv und Lviv und einem Keynote-Vortrag Zum Thema Bedrohtes Erbe. Eine deutsch-englische Simultan-\u00dcbersetzung f\u00fcr ausl\u00e4ndische G\u00e4ste ist vorgesehen. <\/p>\n\n\n\n<p class=\"pb-3\"><strong>An den Abenden<\/strong> und anschlie\u00dfenden Wochenendtagen, einschlie\u00dflich dem Feiertag am 3. Oktober, werden Side-Events und Get-Togethers mit Veranstaltungen und Ausstellungser\u00f6ffnungen aus dem Berliner Festival-Programm angeboten. <\/p>\n\n\n\n<p class=\"pb-3\">Ein erstes Get-Together findet am 30. September ab 19.00 Uhr im benachbarten Tschechischen Zentrum statt und wird mit dem Feature &#8222;Women architects of late Modernism&#8220; begleitet. Am Abend des zweiten Tages wird um 19:30 Uhr im BHROX bauhaus reuse auf dem Ernst-Reuter-Platz der erste Teil der f\u00fcnfteiligen Ausstellungsserie &#8222;Modernism in Ukraine&#8220; er\u00f6ffnet.<\/p>\n\n\n\n<p><em>Hinweis zum Program:<\/em> <em>F\u00fcr beide Veranstaltungstage wird eine beidseitige deutsch-englisch Simultan-\u00dcbersetzung angeboten (Deutsch \u2013 Englisch) geben.<\/em><\/p>\n<\/div>\n\n\n\n<div class=\"wp-block-column is-layout-flow wp-block-column-is-layout-flow\" style=\"flex-basis:33.33%\">\n<h1 class=\"wp-block-heading pb-2\">Veranstaltungsorte<\/h1>\n\n\n\n<ul class=\"wp-block-list\">\n<li>30. September 2022 <br>Botschaft der Tschechischen Republik in Berlin, <br>Wilhelmstra\u00dfe 44, 10117 Berlin<br><a rel=\"noreferrer noopener\" href=\"https:\/\/www.eventbrite.de\/o\/triennale-der-moderne-2022-52635617103\" target=\"_blank\"><strong>Anmeldung erforderlich<\/strong><\/a><\/li>\n\n\n\n<li class=\"pb-3\">1. Oktober 2022 <br>TU Berlin, Architekturgeb\u00e4ude, <br>Ernst-Reuter-Platz, Forum, Raum A014 <br>(Haupteingang, Foyer<br>im EG rechts neben den Fahrst\u00fchlen)&nbsp;<br><strong><a href=\"https:\/\/www.eventbrite.de\/e\/tdm2022-auftaktveranstaltung-in-01102022-1300-1930-tickets-411352695987\" target=\"_blank\" rel=\"noreferrer noopener\">Anmeldung erforderlich<\/a><\/strong><\/li>\n<\/ul>\n\n\n\n<h1 class=\"wp-block-heading pb-2\">Programmpunkte<\/h1>\n\n\n\n<ul class=\"wp-block-list\">\n<li>Impulse, <span style=\"color: initial;\">Talks und Lectures<\/span><\/li>\n\n\n\n<li>Pecha Kucha der Moderne<\/li>\n\n\n\n<li>Welterbest\u00e4tten der Moderne in Deutschland<\/li>\n\n\n\n<li>Moderne im Kontext in Mitteleuropa&nbsp;<\/li>\n\n\n\n<li>Themen-Schwerpunkt Modernism in Ukraine<\/li>\n\n\n\n<li>Keynote Modernism \u2013 Heritage at Risk<\/li>\n\n\n\n<li>Exklusive F\u00fchrungen durch die Botschaft<\/li>\n\n\n\n<li class=\"pb-3\">Abend-Events, get together, Ap\u00e9ro, Vernissage zum Themen-Schwerpunkt Ukraine<\/li>\n<\/ul>\n\n\n\n<h1 class=\"wp-block-heading\">Teilnehmende<\/h1>\n\n\n\n<ul class=\"wp-block-list\">\n<li><a href=\"\/2022\/berlin\/auf-dem-podium\/\" data-type=\"page\" data-id=\"3998\">Liste der Referent\/*innen und Podiumsg\u00e4ste<\/a><\/li>\n<\/ul>\n<\/div>\n<\/div>\n\n\n\n<hr class=\"wp-block-separator has-css-opacity\"\/>\n\n\n\n<div class=\"wp-block-columns is-layout-flex wp-container-core-columns-is-layout-2 wp-block-columns-is-layout-flex\">\n<div class=\"wp-block-column is-layout-flow wp-block-column-is-layout-flow\" style=\"flex-basis:66.66%\">\n<h1 class=\"wp-block-heading pb-3\">Programm-Highlights<\/h1>\n\n\n\n<h4 class=\"wp-block-heading pb-1\">Tag I: 30. September 2022<\/h4>\n\n\n\n<p>Botschaft der Tschechischen Republik in Berlin, <br>Wilhelmstra\u00dfe 44, 10117 Berlin<\/p>\n\n\n\n<ul class=\"wp-block-list\">\n<li>12:00 + 12:25 Uhr: F\u00fchrungen durchs Geb\u00e4ude<\/li>\n\n\n\n<li><strong>13:00\u201314:00Uhr: Gru\u00dfworte und Keynote-Talk<\/strong> <br>der Triennale-Kernst\u00e4dte: Berlin, Dessau, Weimar<\/li>\n\n\n\n<li><strong>14:00\u201314:40 Uhr: Impulse aus St\u00e4dten und St\u00e4tten der Moderne<\/strong> <br>mit Talk zur Moderne in Mitteleuropa<\/li>\n\n\n\n<li><strong>15:00\u201316:15 Uhr: Sechs deutsche Welterbest\u00e4tten der Moderne:<\/strong> <br>Impulse aus V\u00f6lklingen, Essen, Alfeld, Stuttgart, Bernau und Darmstadt <br>mit Talk zu &#8222;outstanding universal values&#8220;<\/li>\n\n\n\n<li>16:15 Uhr: Kaffeepause<\/li>\n\n\n\n<li><strong>16:45\u201318:15 Uhr: St\u00e4dte und Netzwerke der Moderne in Mitteleuropa<\/strong><br>Impulse aus Prag, Krakau, Budapest, Bukarest, Belgrad, Skopje und Kaunas <br>mit Talk zu Kooperation und Kontinuit\u00e4t zur Moderne in Europa und erster <br>Vorstellung der 2022 neu ins Leben gerufenen Initiative einer \n<ul class=\"wp-block-list\">\n<li><a href=\"\/2022\/european-triennial-of-modernism-etom\/\" data-type=\"page\" data-id=\"654\"><strong>&#8222;European Triennial of Modernism&#8220; (ETOM)<\/strong><\/a><\/li>\n<\/ul>\n<\/li>\n\n\n\n<li>18:15 Uhr: Lessons learned<\/li>\n<\/ul>\n\n\n\n<p><strong>Anschlie\u00dfend Abendprogramm<\/strong>&nbsp;<\/p>\n\n\n\n<ul class=\"wp-block-list\">\n<li>18:30 Uhr: Ap\u00e9ro im Tschechischen Zentrum, anschlie\u00dfend<\/li>\n\n\n\n<li><strong>19:00 Uhr: Diskussion zu Architektinnen der Sp\u00e4tmoderne:<\/strong><br>Ursulina Sch\u00fcler Witte und V\u011bra Machoninov\u00e1<\/li>\n\n\n\n<li><strong>19:00 Uhr alternativ: Vernissage im Br\u00f6han Museum<\/strong>:<br>&#8222;Lucia Moholy &#8211; Das Bild der Moderne&#8220;<\/li>\n<\/ul>\n\n\n\n<h2 class=\"wp-block-heading has-text-align-right\"><a href=\"\/2022\/auftakt-event-details\/#Tag1\">Programm-Details: Tag 1<\/a><\/h2>\n\n\n\n<hr class=\"wp-block-separator has-css-opacity\"\/>\n\n\n\n<h4 class=\"wp-block-heading pb-1\">Tag II: 1. Oktober 2022<\/h4>\n\n\n\n<p>TU Berlin, Architekturgeb\u00e4ude, <br>Stra\u00dfe des 17. Juni 152, am Ernst-Reuter-Platz, Forum, Raum A014<\/p>\n\n\n\n<ul class=\"wp-block-list\">\n<li><strong>13:00\u2009\u2013\u200915:00 Uhr: Themen-Schwerpunkt Ukraine:<\/strong><br>Moderne Wurzeln und Erbe in Charkiv und Lviv<\/li>\n\n\n\n<li><strong>15:30\u2009\u2013\u200918:30 Uhr: Pecha-Kucha der Moderne:<\/strong> <br>22 kompakte Bildvortr\u00e4ge zur Entwicklung von der Fr\u00fchmoderne bis zur Post-Moderne<\/li>\n\n\n\n<li><strong>18:30-19:00 Uhr: Keynote: David Crowely (National College of Art and Design, Dublin)<\/strong>&nbsp;<\/li>\n\n\n\n<li>19:00-19:30 Uhr: Lessons-Learned \u2013 Diskussion und Publikumsfragen<\/li>\n<\/ul>\n\n\n\n<p><strong>Anschlie\u00dfend Abendprogramm<\/strong> <br>im BHROX bauhaus reuse (auf der Mittelinsel&nbsp;des Ernst-Reuter-Platz \u2013 ca. 300 m gegen\u00fcber)<\/p>\n\n\n\n<ul class=\"wp-block-list\">\n<li><strong>19:30 Uhr: <span style=\"color: initial;\">Vernissage der Ausstellung<\/span> <span style=\"color: initial;\">Modernism in Ukraine<\/span><\/strong><br><span style=\"color: initial;\">Kapitel #1: Lviv Modernism: Let buildings speak. Visual story of Lviv modern housing architecture<\/span><\/li>\n\n\n\n<li>Ap\u00e9ro &amp; Get-Together&nbsp;<\/li>\n<\/ul>\n\n\n\n<p class=\"pb-4\">Organisation: zukunftsgeraeusche GbR, buschfeld.com \u2013 in Kooperation mit <br>Landesdenkmalamt Berlin, Botschaft der Tschechischen Republik in Berlin, <br>Tschechisches Zentrum Berlin \u2013 pr\u00e4sentiert mit Docomomo International und ICOMOS<\/p>\n\n\n\n<h2 class=\"wp-block-heading has-text-align-right\"><a href=\"\/2022\/auftakt-event-details\/#Tag1\">Programm-Details: Tag 2<\/a><\/h2>\n\n\n\n<hr class=\"wp-block-separator has-css-opacity\"\/>\n\n\n\n<p><em>Hinweis zum Program: <\/em><br><em>Es wird eine Simultan\u00fcbersetzung (Deutsch \u2013 Englisch) geben.<\/em><\/p>\n\n\n\n<p><em>Hinweis zur Dokumentation: <\/em><br><em>W\u00e4hrend der Auftakt-Veranstaltungen werden Foto-, Video-<\/em> <em>und Audioaufnahmen erstellt. Diese werden zur \u00d6ffentlichkeitsarbeit (auch in den sozialen Medien) genutzt und dienen der Dokumentation der Triennale der Moderne 2022 (offline und online) und k\u00f6nnen auch im au\u00dfereurop\u00e4ischen Ausland abgerufen werden. Dies geschieht im Sinne von Art. 6 Abs. 1 f) DSGVO.&nbsp;Mit dem Besuch der Veranstaltungen stimmen Sie einer solchen Dokumentation und Verwendung prinzipiell zu.&nbsp;Gegen die Verarbeitung steht Ihnen ein Widerspruchsrecht zu, zudem das Recht auf unentgeltliche Auskunft \u00fcber Ihre gespeicherten Daten sowie auf Berichtigung, L\u00f6schung und Einschr\u00e4nkung der Verarbeitung der Daten.&nbsp;Sollten Sie keine Ver\u00f6ffentlichung von Aufnahmen Ihrer Person w\u00fcnschen, sprechen Sie die vor Ort aktiven Foto- und\/oder Videograf*innen bitte direkt an oder wenden Sie sich&nbsp;an die <a href=\"mailto: info@triennale-der-moderne.eu\">Projektkoordinatoren<\/a> der Triennale der Moderne 2022.<\/em><\/p>\n<\/div>\n\n\n\n<div class=\"wp-block-column is-layout-flow wp-block-column-is-layout-flow\" style=\"flex-basis:33.33%\">\n<h1 class=\"wp-block-heading\">Achtung:<\/h1>\n\n\n\n<h2 class=\"wp-block-heading pb-3\">Anmeldungen sind erforderlich<\/h2>\n\n\n\n<h4 class=\"wp-block-heading\">Zentrale Anmeldung:<\/h4>\n\n\n\n<ul class=\"wp-block-list\">\n<li><a href=\"https:\/\/www.eventbrite.de\/o\/triennale-der-moderne-2022-52635617103\" target=\"_blank\" rel=\"noreferrer noopener\">Gesamt\u00fcbersicht der<br>Veranstaltungen am 30.9. \u20131.10.2022,<br>die eine Anmeldung erfordern.<\/a><\/li>\n<\/ul>\n\n\n\n<h4 class=\"wp-block-heading\">Anmeldungen <br>zu einzelnen Events:<\/h4>\n\n\n\n<ul class=\"wp-block-list\">\n<li><a rel=\"noreferrer noopener\" href=\"https:\/\/www.eventbrite.de\/e\/tdm2022-auftaktveranstaltung-30092022-1300-1800-tickets-411326427417\" target=\"_blank\">Auftaktveranstaltung in der<\/a><br><a rel=\"noreferrer noopener\" href=\"https:\/\/www.eventbrite.de\/e\/tdm2022-auftaktveranstaltung-30092022-1300-1800-tickets-411326427417\" target=\"_blank\">Tschechischen Botschaft,<\/a><br><a rel=\"noreferrer noopener\" href=\"https:\/\/www.eventbrite.de\/e\/tdm2022-auftaktveranstaltung-30092022-1300-1800-tickets-411326427417\" target=\"_blank\">30.9.2022 13:00\u201318:00 Uhr;<\/a><br><a rel=\"noreferrer noopener\" href=\"https:\/\/www.eventbrite.de\/e\/tdm2022-auftaktveranstaltung-30092022-1300-1800-tickets-411326427417\" target=\"_blank\">Einlass 12:30 Uhr <\/a><\/li>\n\n\n\n<li><a rel=\"noreferrer noopener\" href=\"https:\/\/www.eventbrite.de\/e\/tdm2022-offentliche-fuhrung-tschechische-botschaft-30092022-1200-tickets-411301904067\" target=\"_blank\">\u00d6ffentliche F\u00fchrung I <br>durch das Botschaftsgeb\u00e4ude,<br>30.9.2022, Beginn: 12:00 Uhr<\/a><\/li>\n\n\n\n<li><a rel=\"noreferrer noopener\" href=\"https:\/\/www.eventbrite.de\/e\/tdm2022-offentliche-fuhrung-tschechische-botschaft-30092022-1225-tickets-411320680227\" target=\"_blank\">\u00d6ffentliche F\u00fchrung II<br>durch das Botschaftsgeb\u00e4ude,<br>30.9.2022, Beginn: 12:25 Uhr<\/a><\/li>\n\n\n\n<li><a rel=\"noreferrer noopener\" href=\"https:\/\/www.eventbrite.de\/e\/tdm2022-auftaktveranstaltung-in-01102022-1300-1930-tickets-411352695987\" target=\"_blank\">Auftaktveranstaltung Tag II <br>TU Berlin, Architekturgeb\u00e4ude, <\/a><br><a rel=\"noreferrer noopener\" href=\"https:\/\/www.eventbrite.de\/e\/tdm2022-auftaktveranstaltung-in-01102022-1300-1930-tickets-411352695987\" target=\"_blank\">Ernst-Reuter-Platz, Forum, Raum A014,<br>1.10.2022, 13:00-19:30 Uhr;<br>Einlass 12:30 Uhr !<\/a><\/li>\n<\/ul>\n\n\n\n<p><\/p>\n\n\n\n<p><\/p>\n<\/div>\n<\/div>\n\n\n\n<hr class=\"wp-block-separator has-css-opacity\"\/>\n\n\n\n<h1 class=\"wp-block-heading\">Gesamt Festivalzeitraum<\/h1>\n\n\n\n<h2 class=\"wp-block-heading pb-2\">30. September bis 31. Dezember 2022<\/h2>\n\n\n\n<p class=\"pb-3\">Nach dem Auftakt-Wochenende vom 30. September bis zum 3. Oktober in Berlin, wandert der Programmfokus zum <br>Dessauer Wochenende vom 7. bis 9. Oktober und von dort am 14. bis 16. Oktober weiter nach Weimar.<br>Das Programm in den drei Triennale Kern-St\u00e4dten mit Ausstellungen, Tagungen und Symposien dauert bis zum 31. Dezember. <br>Erstmalig dabei sind auch eigene Programmangebote weiterer Welterbest\u00e4tten von <a href=\"\/2022\/partnerstaedte-de\/\" data-type=\"page\" data-id=\"462\">Triennale-Netzwerkst\u00e4dten in Deutschland<\/a>. <\/p>\n\n\n\n<hr class=\"wp-block-separator has-css-opacity\"\/>\n\n\n\n<h1 class=\"wp-block-heading pb-2\">Anmerkung und F\u00f6rdernachweis<\/h1>\n\n\n\n<p class=\"pb-3\">Viele der oben genannten Angebote werden von Programm-Partner*innen ohne institutionelle F\u00f6rderung erbracht. <br>Das Berliner Programm mit der Auftaktveranstaltung wird mit Mitteln der LOTTO-Stiftung Berlin und des Landesdenkmalamt Berlin gef\u00f6rdert. <br>Diese Fehlbedarfsfinanzierung wird durch Eigen- und Drittmittel einzelner Partner*innen erg\u00e4nzt.<\/p>\n\n\n\n<div class=\"wp-block-columns is-layout-flex wp-container-core-columns-is-layout-3 wp-block-columns-is-layout-flex\">\n<div class=\"wp-block-column is-layout-flow wp-block-column-is-layout-flow\" style=\"flex-basis:66.66%\">\n<p class=\"pb-2\">Berliner Programm gef\u00f6rdert mit Mitteln der:<\/p>\n\n\n\n<figure class=\"wp-block-image size-large is-resized\"><img loading=\"lazy\" decoding=\"async\" width=\"1024\" height=\"501\" src=\"\/2022\/wp-content\/uploads\/sites\/8\/2022\/02\/LOTTO-Stiftung_4c_Transparent-1024x501.jpg\" alt=\"\" class=\"wp-image-408\" style=\"width:200px;height:100px\" srcset=\"\/2022\/wp-content\/uploads\/sites\/8\/2022\/02\/LOTTO-Stiftung_4c_Transparent-1024x501.jpg 1024w, \/2022\/wp-content\/uploads\/sites\/8\/2022\/02\/LOTTO-Stiftung_4c_Transparent-600x294.jpg 600w, \/2022\/wp-content\/uploads\/sites\/8\/2022\/02\/LOTTO-Stiftung_4c_Transparent-768x376.jpg 768w, \/2022\/wp-content\/uploads\/sites\/8\/2022\/02\/LOTTO-Stiftung_4c_Transparent.jpg 1160w\" sizes=\"(max-width: 1024px) 100vw, 1024px\" \/><\/figure>\n<\/div>\n\n\n\n<div class=\"wp-block-column is-layout-flow wp-block-column-is-layout-flow\" style=\"flex-basis:33.33%\">\n<p class=\"pb-2\">Erg\u00e4nzt durch Mittel des:<\/p>\n\n\n\n<figure class=\"wp-block-image size-large is-resized\"><img loading=\"lazy\" decoding=\"async\" width=\"1024\" height=\"205\" src=\"\/2022\/wp-content\/uploads\/sites\/8\/2022\/03\/B_LDA_Logo_H_print_2C_rot-schwarz-1024x205.jpg\" alt=\"\" class=\"wp-image-1816\" style=\"width:256px;height:51px\" srcset=\"\/2022\/wp-content\/uploads\/sites\/8\/2022\/03\/B_LDA_Logo_H_print_2C_rot-schwarz-1024x205.jpg 1024w, \/2022\/wp-content\/uploads\/sites\/8\/2022\/03\/B_LDA_Logo_H_print_2C_rot-schwarz-600x120.jpg 600w, \/2022\/wp-content\/uploads\/sites\/8\/2022\/03\/B_LDA_Logo_H_print_2C_rot-schwarz-768x154.jpg 768w, \/2022\/wp-content\/uploads\/sites\/8\/2022\/03\/B_LDA_Logo_H_print_2C_rot-schwarz-1536x307.jpg 1536w, \/2022\/wp-content\/uploads\/sites\/8\/2022\/03\/B_LDA_Logo_H_print_2C_rot-schwarz-2048x410.jpg 2048w\" sizes=\"(max-width: 1024px) 100vw, 1024px\" \/><\/figure>\n<\/div>\n<\/div>\n\n\n\n<p class=\"pb-2\"><\/p>\n","protected":false},"excerpt":{"rendered":"<p>Auftakt-Veranstaltung 2022 Vielfalt Moderne | Moderne Vielfalt Die zweit\u00e4gige Auftakt-Veranstaltung zur Triennale startet am 30. September 2022 in der Tschechischen Botschaft in Berlin, einem Bau des sp\u00e4ten Brutalismus. Am ersten Tag erwarten Sie neben F\u00fchrungen vor Ort, Berichte aus Weimar, Dessau und Berlin sowie Impulse von anderen deutschen Welterbest\u00e4tten der Moderne und Akteur*innen auf EU-Ebene. [&hellip;]<\/p>\n","protected":false},"author":2,"featured_media":0,"parent":0,"menu_order":0,"comment_status":"closed","ping_status":"closed","template":"","meta":{"_acf_changed":false,"footnotes":""},"class_list":["post-1110","page","type-page","status-publish","hentry"],"acf":[],"_links":{"self":[{"href":"https:\/\/triennale-der-moderne.de\/2022\/wp-json\/wp\/v2\/pages\/1110"}],"collection":[{"href":"https:\/\/triennale-der-moderne.de\/2022\/wp-json\/wp\/v2\/pages"}],"about":[{"href":"https:\/\/triennale-der-moderne.de\/2022\/wp-json\/wp\/v2\/types\/page"}],"author":[{"embeddable":true,"href":"https:\/\/triennale-der-moderne.de\/2022\/wp-json\/wp\/v2\/users\/2"}],"replies":[{"embeddable":true,"href":"https:\/\/triennale-der-moderne.de\/2022\/wp-json\/wp\/v2\/comments?post=1110"}],"version-history":[{"count":315,"href":"https:\/\/triennale-der-moderne.de\/2022\/wp-json\/wp\/v2\/pages\/1110\/revisions"}],"predecessor-version":[{"id":7607,"href":"https:\/\/triennale-der-moderne.de\/2022\/wp-json\/wp\/v2\/pages\/1110\/revisions\/7607"}],"wp:attachment":[{"href":"https:\/\/triennale-der-moderne.de\/2022\/wp-json\/wp\/v2\/media?parent=1110"}],"curies":[{"name":"wp","href":"https:\/\/api.w.org\/{rel}","templated":true}]}}