{"id":1070,"date":"2022-02-19T14:49:31","date_gmt":"2022-02-19T13:49:31","guid":{"rendered":"\/2022\/?page_id=1070"},"modified":"2023-09-11T10:07:39","modified_gmt":"2023-09-11T08:07:39","slug":"motto-und-konzept","status":"publish","type":"page","link":"\/2022\/motto-und-konzept\/","title":{"rendered":"Motto und Konzept"},"content":{"rendered":"\n<h1 class=\"wp-block-heading\">Triennale der Baukultur<\/h1>\n\n\n\n<h2 class=\"wp-block-heading\">Das Motto 2022 lautet &#8222;Wohnen. Arbeiten. Leben.&#8220;<\/h2>\n\n\n\n<h3 class=\"pb-2 wp-block-heading\"><span style=\"color: #000000;\">Das st\u00e4dte\u00fcbergreifende Motto \u00f6ffnet zahlreiche Bez\u00fcge in die Gegenwart<\/span>, die in unterschiedlichen lokalen Schwerpunkten m\u00fcnden. <span style=\"color: #000000;\">Nach dem Berliner Auftakt-Wochenende vom 30.9\u20133.10. unter dem Leitbild Erbe und Vielfalt<\/span> <span style=\"color: #000000;\">wandert der Fokus des Programms am 7.\u20139.10. zun\u00e4chst nach Dessau mit Fokus auf Wasserkultur und Hygiene und anschlie\u00dfend am 14.\u201316.10.2022 nach Weimar mit einem Schwerpunkt auf Geschichte und Gegenwart. Das Berliner Programm l\u00e4uft bis Dezember 2022. <\/span><\/h3>\n\n\n\n<figure class=\"wp-block-image size-large pb-3\"><img loading=\"lazy\" decoding=\"async\" width=\"1024\" height=\"618\" src=\"\/2022\/wp-content\/uploads\/sites\/8\/2022\/09\/TDM-2022_Visual_Allg_8p_EN-1024x618.jpg\" alt=\"\" class=\"wp-image-3105\" srcset=\"\/2022\/wp-content\/uploads\/sites\/8\/2022\/09\/TDM-2022_Visual_Allg_8p_EN-1024x618.jpg 1024w, \/2022\/wp-content\/uploads\/sites\/8\/2022\/09\/TDM-2022_Visual_Allg_8p_EN-600x362.jpg 600w, \/2022\/wp-content\/uploads\/sites\/8\/2022\/09\/TDM-2022_Visual_Allg_8p_EN-768x463.jpg 768w, \/2022\/wp-content\/uploads\/sites\/8\/2022\/09\/TDM-2022_Visual_Allg_8p_EN-1536x927.jpg 1536w, \/2022\/wp-content\/uploads\/sites\/8\/2022\/09\/TDM-2022_Visual_Allg_8p_EN.jpg 1682w\" sizes=\"(max-width: 1024px) 100vw, 1024px\" \/><figcaption class=\"wp-element-caption\">Key-Visual mit \u00dcbersicht einzelner Spielorte und den Daten der drei St\u00e4dte \u00a9 Grafik: Ben Buschfeld<\/figcaption><\/figure>\n\n\n\n<div class=\"wp-block-columns is-layout-flex wp-container-core-columns-is-layout-1 wp-block-columns-is-layout-flex\">\n<div class=\"wp-block-column is-layout-flow wp-block-column-is-layout-flow\" style=\"flex-basis:66.66%\">\n<p><\/p>\n\n\n\n<h1 class=\"wp-block-heading\">Triennale der Moderne 2022<\/h1>\n\n\n\n<h2 class=\"pb-3 wp-block-heading\">Grundlegendes zu Format und Motto<\/h2>\n\n\n\n<p><strong>Das st\u00e4dte\u00fcbergreifende Motto 2022<\/strong><br>Das Motto im Veranstaltungsjahr 2022 lautet&nbsp;&#8222;Wohnen.Arbeiten.Leben.&#8220;<strong>&nbsp;<\/strong>Diese Trias drei sich durchdringender Sph\u00e4ren hebt auf Aspekte der Moderne ab, die uns bis heute besch\u00e4ftigen. Die Ideale der Moderne waren eng verkn\u00fcpft mit der im Zuge der Industrialisierung einsetzenden Entwicklung moderner Gesellschaften und ihren urbanen Zentren.&nbsp;Hierzu geh\u00f6ren neben Architektur, St\u00e4dtebau, Kunst und Design auch die Hoffnung der Menschen auf weitreichende Reformen sowie eine bessere Zukunft durch mehr soziale Gerechtigkeit, Emanzipation, Partizipation und Demokratisierung.&nbsp;<\/p>\n\n\n\n<p><strong>Themen-Schwerpunkt in Berlin:<br>Modernism in Ukraine<\/strong><br>Der am zweiten Tag des Auftakt-Veranstaltung und in sp\u00e4teren Ausstellungen behandelte Themen-Schwerpunkt &#8222;Modernism in Ukraine&#8220; richtet den Blick auf die Wurzeln und das Erbe der Moderne in der Ukraine. Hierbei geht es um eine trans-europ\u00e4ische Betrachtung der historischen Bez\u00fcge und Protagonist*innen sowie nat\u00fcrlich auch um die Frage nach dem aktuellen Zustand im Angesicht des Angriffskriegs auf die Ukraine und den Chancen und Herausforderungen f\u00fcr eine zuk\u00fcnftige europ\u00e4ische Zusammenarbeit.&nbsp;Mehr Informationen und Programm: <a href=\"\/2022\/ukraine\/\" data-type=\"page\" data-id=\"2999\"><strong>Modernism in Ukraine<\/strong><\/a> <\/p>\n\n\n\n<p><strong>Idee, Konzept und Geschichte des Festivals<\/strong><br>Die Triennale der Moderne (Triennial of Modernism) ist ein breitenwirksames und \u00fcberregionales baukulturelles Festival. Es entstand 2013 aus einer Kooperation der St\u00e4dte Berlin, Dessau und Weimar. Alle drei St\u00e4dte verf\u00fcgen \u00fcber UNESCO-Welterbest\u00e4tten der Moderne der 1920er Jahre, die mehr Aufmerksamkeit verdienen.\u00a0Im Dreijahres-Rhythmus wird das kulturell, architektonisch und ideengeschichtlich bahnbrechende und bis heute nachwirkende Erbe der Epoche durch vielf\u00e4ltige Programmangebote in den Fokus der \u00d6ffentlichkeit ger\u00fcckt. \u00a0Das genaue Programm finden Sie unter den Navigationspunkte oben auf der Seite bei den jeweiligen St\u00e4dten <a href=\"\/2022\/berlin-programm\/\" data-type=\"page\" data-id=\"2592\"><strong>Berlin<\/strong><\/a>, <strong><a href=\"\/2022\/dessau-programm\/\" data-type=\"page\" data-id=\"2516\">Dessau<\/a><\/strong> und <strong><a href=\"\/2022\/weimar-programm\/\" data-type=\"page\">Weimar<\/a><\/strong>.\u00a0<\/p>\n\n\n\n<p><strong>Vielfalt der Formate und Akteur*innen<\/strong><br>Auch das Spektrum angebotener Formate ist weit gefasst: Zum Programm z\u00e4hlen etwa Touren und Besichtigungen, Audio- und Videowalks, Ausstellungen, Installationen, Performances, Vortr\u00e4ge, Diskussionsveranstaltungen, fachliche Symposien, interaktive Formate, Filme und Videos, Live-Stream-Events oder digitale Medien-Projekte. Eine Besonderheit des Festival-Programms entsteht durch das Zusammenwirken international bekannter Kultur-Institutionen sowie einer Beteiligung vieler engagierter, oft zivilgesellschaftlich organisierten <a href=\"\/2022\/staendige-partnerinnen\/\" data-type=\"page\" data-id=\"433\"><strong>Initiativen<\/strong><\/a>. <\/p>\n\n\n\n<p><strong>Vielfalt der Themen und Bez\u00fcge<\/strong><br>Die Baukultur und Ideale der Moderne waren eng verbunden mit der Entwicklung moderner Gesellschaften und ihren urbanen Zentren sowie auch der Hoffnung der Menschen auf eine bessere Zukunft. Mit der gestalterischen und funktionalen Erneuerung waren die Ziele von Demokratie, sozialer Teilhabe, Emanzipation und Partizipation verkn\u00fcpft.<br>Mit dem Motto &#8222;Wohnen.Arbeiten.Leben&#8220; widmet sich die vierte Edition der Triennale 2022 den Antworten, welche die Moderne nicht nur zu gestalterisch-st\u00e4dtebaulichen, sondern auch zu gesellschaftlichen und dr\u00e4ngenden hygienischen Fragen fand. Herausforderungen, die nicht zuletzt durch die Corona-Pandemie, den Wohnungsmangel und den Klimawandel bis heute aktuell sind, aber teilweise auch zu einer kritischen Auseinandersetzung mit den Ambivalenzen der Moderne einladen.<\/p>\n\n\n\n<p><strong>Vielfalt des baukulturellen Erbes<\/strong><br>Wie nur wenig andere Regionen verk\u00f6rpert das Dreieck zwischen Weimar, Dessau und Berlin den historisch weiten Weg und das enorme Spannungsfeld zu Beginn der Moderne, wieder ankn\u00fcpfen konnte. Die Region steht damit exemplarisch als Anschauungsobjekt und Katalysator einer europ\u00e4ischen Idee der Moderne, die sich in vielen Ballungsr\u00e4umen Europas vergleichbar und zum Teil parallel vollzogen hat. Hiervon zeugt nicht zuletzt auch der Umzug des 1919 in Weimar gegr\u00fcndeten Bauhauses von Weimar nach Dessau im Jahre 1925 und dessen ab 1932 erfolgte Abwicklung in Berlin. Nach der Macht\u00fcbernahme der Nationalsozialisten kam das &#8222;Neue Bauen&#8220;&nbsp;in allen drei St\u00e4dten alsbald zu seinem Ende. Viele Protagonisten gingen ins Exil. Nach dem Zweiten Weltkrieg wurden einige Ideen der Moderne wieder aufgegriffen, aber in beiden Teilen Deutschlands zum Teil unterschiedlich ins Werk gesetzt. Entsprechend&nbsp;facettenreich ist auch das architektonische und st\u00e4dtebauliche Erbe der drei&nbsp;Triennale-Kernst\u00e4dte aus den&nbsp;1950-80er Jahren.<\/p>\n\n\n\n<p class=\"pb-4\"><strong>Vielfalt der Perspektiven<\/strong><br>Die sich in einer Vielzahl der Ans\u00e4tze, Auspr\u00e4gungen und Ambivalenzen ausdr\u00fcckende Pluralit\u00e4t der Moderne wird durch ein ebenso breites Spektrum an Zug\u00e4ngen, Interpretationen, Formaten und aktuellen Akteur*innen gespiegelt. Genau diese Vielfalt bildet auch ein wertvolles Gut f\u00fcr die heutige Vermittlung, denn sie eignet sich gleichsam als Klammer, um \u00fcber aktuell hoch relevante Fragen der Diversit\u00e4t, der Stadtentwicklung sowie der sozialen und politischen Teilhabe der Zivilgesellschaft zu reflektieren.<\/p>\n\n\n\n<hr class=\"wp-block-separator has-css-opacity\"\/>\n\n\n\n<h2 class=\"pb-2 wp-block-heading\">Save-the-dates<\/h2>\n\n\n\n<ul class=\"wp-block-list\">\n<li>30. September bis 03. Oktober: Auftakt-Wochenende in Berlin<\/li>\n\n\n\n<li>07. bis 09. Oktober: Programm-Highlights in Dessau<\/li>\n\n\n\n<li>14. bis 16. Oktober: Programm-Highlights in Weimar<\/li>\n<\/ul>\n\n\n\n<hr class=\"wp-block-separator has-css-opacity\"\/>\n\n\n\n<p><strong>Zu den bei der Triennale der Moderne <\/strong><br><strong>behandelten Bauten und Themen z\u00e4hlen etwa:<\/strong><\/p>\n\n\n\n<ul class=\"wp-block-list\">\n<li>Das UNESCO-Welterbe \u201eDas Bauhaus und seine St\u00e4tten\u201c, das sich auf die St\u00e4dte<br>Weimar, Dessau und Bernau verteilt und eine F\u00fclle prominenter Bauten umfasst<\/li>\n\n\n\n<li>Das UNESCO-Welterbe \u201eSiedlungen der Berliner Moderne\u201c,&nbsp;sechs Berliner Siedlungen<br>die&nbsp;\u00fcberzeugende Antworten auf die damals grassierende Wohnungsnot lieferten<\/li>\n\n\n\n<li>Werks-, Verkehrs- und Infrastruktur-Bauten aus der Epoche der Industrialisierung<\/li>\n\n\n\n<li>Bauten und Zeugnisse der Reformbewegungen der fr\u00fchen Moderne,<br>wie etwa die Gartenstadt-, die Volkspark-, die Werkbund- und die Bauhaus-Bewegung<\/li>\n\n\n\n<li>Unbekannte Perlen der Moderne in allen drei Kernst\u00e4dten<\/li>\n\n\n\n<li>Bedeutende Stadtpl\u00e4tze, Ensembles und Gartendenkm\u00e4ler der Moderne<\/li>\n\n\n\n<li>Ikonische Kultur-, Verwaltungs- Gemeinschafts- und Gewerbebauten des 20. Jahrhunderts<\/li>\n\n\n\n<li>Bauten der NS-Zeit und Gedenkst\u00e4tten, die an Verbrechen des Dritten Reichs gemahnen<\/li>\n\n\n\n<li>Parallele und zum Teil direkt konkurrierende Projekte des St\u00e4dtebaus in Ost und West<\/li>\n\n\n\n<li>Pr\u00e4gende Wohnungsbauprojekte der Nachkriegszeit und der 1960-70er Jahre<\/li>\n\n\n\n<li>Baukulturelle Wechselwirkungen&nbsp;zwischen&nbsp;der Nachkriegsmoderne in Ost und West<\/li>\n\n\n\n<li>Labore der Stadtentwicklung und Partizipation, die das bauliche und kulturelle Erbe der Moderne<br>innovativ und respektvoll wiederverwenden, umnutzen oder tempor\u00e4r begleiten<\/li>\n<\/ul>\n\n\n\n<hr class=\"wp-block-separator has-css-opacity\"\/>\n\n\n\n<h1 class=\"pb-3 wp-block-heading\">Kontakt<\/h1>\n\n\n\n<p><strong>Dessau<\/strong> <br>Programmkoordination und Kommunikation<br>Stiftung Bauhaus Dessau, Christin Irrgang<\/p>\n\n\n\n<p><strong>Weimar<\/strong><br>Programmkoordination und Kommunikation<br>Weimar GmbH, Mark Schmidt<\/p>\n\n\n\n<p><strong>Berlin (Lead \/ Gesamt-Koordination 2022):<\/strong><br>\u2022 Landesdenkmalamt Berlin, Dr. Christoph Rauhut <br>   (Inhaltliche Begleitung \/ Lead) \u2013&nbsp;in Kooperation mit<br>\u2022 zukunftsgeraeusche GbR, Robert Huber <br>   (Berliner Co-Kuration \/ Antr\u00e4ge und Mittelverwaltung)<br>\u2022 buschfeld.com &#8211; graphic and interface design, Ben Buschfeld <br>   (Berliner Co-Kuration \/ Kommunikation)<\/p>\n\n\n\n<p><strong>Allgemeine&nbsp;Anfragen:<\/strong><br>info&nbsp;[at]&nbsp;triennale-der-moderne.org<\/p>\n\n\n\n<p class=\"pb-3\"><strong>Presse und Kommunikation:<\/strong><br>tdm&nbsp;[at]&nbsp;buschfeld.com<\/p>\n\n\n\n<hr class=\"wp-block-separator has-css-opacity\"\/>\n\n\n\n<h1 class=\"pb-3 wp-block-heading\">Weitere Vernetzung<\/h1>\n\n\n\n<p><strong>Vielfalt der St\u00e4tten, St\u00e4dte und L\u00e4nder<\/strong><br>Zuk\u00fcnftig soll die Triangel der Moderne auch zur Keimzelle eines deutschland- und europaweiten Netzwerks der Moderne werden. N\u00e4here Informationen finden Sie hier: <\/p>\n\n\n\n<ul class=\"wp-block-list\">\n<li><a href=\"\/2022\/european-triennial-of-modernism-etom\/\" data-type=\"page\" data-id=\"654\">European Triennial of Modernism (ETOM)<\/a>  <\/li>\n\n\n\n<li><a href=\"\/2022\/partnerstaedte-de\/\" data-type=\"page\" data-id=\"462\">Netzwerk assoziierter Partnerst\u00e4tten in Deutschland<\/a> <\/li>\n<\/ul>\n<\/div>\n\n\n\n<div class=\"wp-block-column is-layout-flow wp-block-column-is-layout-flow\" style=\"flex-basis:33.33%\">\n<figure class=\"wp-block-gallery has-nested-images columns-default is-cropped wp-block-gallery-1 is-layout-flex wp-block-gallery-is-layout-flex\"><\/figure>\n\n\n\n<p class=\"pb-1\"><\/p>\n\n\n<div class=\"wp-block-image pb-4\">\n<figure class=\"aligncenter size-full\"><img decoding=\"async\" src=\"\/2022\/wp-content\/uploads\/sites\/8\/2022\/02\/xx_berlin_07.png\" alt=\"\" class=\"wp-image-593\"\/><figcaption class=\"wp-element-caption\"><br><br>BERLIN-Wochenende: 30.9.\u20133.10.2022<\/figcaption><\/figure><\/div>\n\n<div class=\"wp-block-image\">\n<figure class=\"aligncenter size-full\"><img loading=\"lazy\" decoding=\"async\" width=\"780\" height=\"530\" src=\"\/2022\/wp-content\/uploads\/sites\/8\/2022\/02\/xx_dessau_01.png\" alt=\"\" class=\"wp-image-584\" srcset=\"\/2022\/wp-content\/uploads\/sites\/8\/2022\/02\/xx_dessau_01.png 780w, \/2022\/wp-content\/uploads\/sites\/8\/2022\/02\/xx_dessau_01-589x400.png 589w, \/2022\/wp-content\/uploads\/sites\/8\/2022\/02\/xx_dessau_01-768x522.png 768w\" sizes=\"(max-width: 780px) 100vw, 780px\" \/><figcaption class=\"wp-element-caption\">DESSAU-Wochenende: 6.-9.10.2022<\/figcaption><\/figure><\/div>\n\n<div class=\"wp-block-image\">\n<figure class=\"aligncenter size-full\"><img loading=\"lazy\" decoding=\"async\" width=\"780\" height=\"530\" src=\"\/2022\/wp-content\/uploads\/sites\/8\/2022\/02\/xx_weimar_01.png\" alt=\"\" class=\"wp-image-587\" srcset=\"\/2022\/wp-content\/uploads\/sites\/8\/2022\/02\/xx_weimar_01.png 780w, \/2022\/wp-content\/uploads\/sites\/8\/2022\/02\/xx_weimar_01-589x400.png 589w, \/2022\/wp-content\/uploads\/sites\/8\/2022\/02\/xx_weimar_01-768x522.png 768w\" sizes=\"(max-width: 780px) 100vw, 780px\" \/><figcaption class=\"wp-element-caption\">WEIMAR-Wochenende: 14.-16.10.2022<\/figcaption><\/figure><\/div><\/div>\n<\/div>\n","protected":false},"excerpt":{"rendered":"<p>Die Triennale der Moderne (Triennial of Modernism) ist ein breitenwirksames und \u00fcberregionales baukulturelles Festival. Ausgehend von den drei Kernst\u00e4dten Weimar, Dessau und Berlin bietet sie ab dem 30.9.2022 drei Wochenenden mit abwechslungsreichem Programm. Das Veranstaltungsjahre 2022 wird gleichzeitig zum Auftakt eines Netzwerks der Welterbest\u00e4tten der Moderne in Deutschland und soll eine Kooperation auf europ\u00e4ischer Ebene begr\u00fcnden &#8230;<\/p>\n","protected":false},"author":2,"featured_media":0,"parent":0,"menu_order":0,"comment_status":"closed","ping_status":"closed","template":"","meta":{"_acf_changed":false,"footnotes":""},"class_list":["post-1070","page","type-page","status-publish","hentry"],"acf":[],"_links":{"self":[{"href":"https:\/\/triennale-der-moderne.de\/2022\/wp-json\/wp\/v2\/pages\/1070"}],"collection":[{"href":"https:\/\/triennale-der-moderne.de\/2022\/wp-json\/wp\/v2\/pages"}],"about":[{"href":"https:\/\/triennale-der-moderne.de\/2022\/wp-json\/wp\/v2\/types\/page"}],"author":[{"embeddable":true,"href":"https:\/\/triennale-der-moderne.de\/2022\/wp-json\/wp\/v2\/users\/2"}],"replies":[{"embeddable":true,"href":"https:\/\/triennale-der-moderne.de\/2022\/wp-json\/wp\/v2\/comments?post=1070"}],"version-history":[{"count":66,"href":"https:\/\/triennale-der-moderne.de\/2022\/wp-json\/wp\/v2\/pages\/1070\/revisions"}],"predecessor-version":[{"id":4917,"href":"https:\/\/triennale-der-moderne.de\/2022\/wp-json\/wp\/v2\/pages\/1070\/revisions\/4917"}],"wp:attachment":[{"href":"https:\/\/triennale-der-moderne.de\/2022\/wp-json\/wp\/v2\/media?parent=1070"}],"curies":[{"name":"wp","href":"https:\/\/api.w.org\/{rel}","templated":true}]}}