{"id":1035,"date":"2022-02-19T13:21:44","date_gmt":"2022-02-19T12:21:44","guid":{"rendered":"\/2022\/?page_id=1035"},"modified":"2022-08-10T12:26:47","modified_gmt":"2022-08-10T10:26:47","slug":"weimar-schwerpunkt","status":"publish","type":"page","link":"\/2022\/weimar-schwerpunkt\/","title":{"rendered":"Weimar: Schwerpunkt"},"content":{"rendered":"\n<h1 class=\"wp-block-heading\">14.\u201316.10.2022 in Weimar<\/h1>\n\n\n\n<h2 class=\"wp-block-heading\">Wohnen. Arbeiten. Leben. <\/h2>\n\n\n\n<h3 class=\"pb-2 wp-block-heading\">Wandeln Sie auf den Spuren der ber\u00fchmten Hochschule und erleben Sie dabei Geschichte und Gegenwart der Bauhaus-Gr\u00fcndungsstadt. Das Programm beinhaltet Besuche des ganzheitlich konzipierten Musterhauses \u201eHaus Am Horn\u201c, des ber\u00fchmten Ensembles der Bauhaus-Universit\u00e4t von Henry van de Velde oder ein Besuch des erst 2019 er\u00f6ffneten Bauhaus-Museum. Es f\u00fchrt Sie aber auch zu Orten der Demokratiegeschichte und bietet Touren ins n\u00e4here Umland wie etwa dem Komplex von Egon Eiermann in Apolda.<\/h3>\n\n\n\n<figure class=\"wp-block-image size-large pb-3\"><img loading=\"lazy\" decoding=\"async\" width=\"1024\" height=\"683\" src=\"\/2022\/wp-content\/uploads\/sites\/8\/2022\/02\/Haus-Am-Horn-Foto-Thomas-Mueller-weimar-Gmb-H-web-1024x683.jpg\" alt=\"\" class=\"wp-image-1047\" srcset=\"\/2022\/wp-content\/uploads\/sites\/8\/2022\/02\/Haus-Am-Horn-Foto-Thomas-Mueller-weimar-Gmb-H-web-1024x683.jpg 1024w, \/2022\/wp-content\/uploads\/sites\/8\/2022\/02\/Haus-Am-Horn-Foto-Thomas-Mueller-weimar-Gmb-H-web-600x400.jpg 600w, \/2022\/wp-content\/uploads\/sites\/8\/2022\/02\/Haus-Am-Horn-Foto-Thomas-Mueller-weimar-Gmb-H-web-375x250.jpg 375w, \/2022\/wp-content\/uploads\/sites\/8\/2022\/02\/Haus-Am-Horn-Foto-Thomas-Mueller-weimar-Gmb-H-web-768x512.jpg 768w, \/2022\/wp-content\/uploads\/sites\/8\/2022\/02\/Haus-Am-Horn-Foto-Thomas-Mueller-weimar-Gmb-H-web-1536x1024.jpg 1536w, \/2022\/wp-content\/uploads\/sites\/8\/2022\/02\/Haus-Am-Horn-Foto-Thomas-Mueller-weimar-Gmb-H-web.jpg 1600w\" sizes=\"(max-width: 1024px) 100vw, 1024px\" \/><figcaption>Haus am Horn, \u00a9 Foto: Thomas M\u00fcller \/ Quelle: Klassik Stiftung Weimar, weimar gmbh  <\/figcaption><\/figure>\n\n\n\n<h1 class=\"pb-2 wp-block-heading\">Schwerpunkt und Konzept<\/h1>\n\n\n\n<div class=\"wp-block-columns is-layout-flex wp-container-core-columns-is-layout-1 wp-block-columns-is-layout-flex\">\n<div class=\"wp-block-column is-layout-flow wp-block-column-is-layout-flow\" style=\"flex-basis:66.66%\">\n<p>Anl\u00e4sslich des 100-j\u00e4hrigen Jubil\u00e4ums des 1919 in Weimar gegr\u00fcndeten Staatlichen Bauhauses er\u00f6ffnete 2019 das neue Bauhaus-Museum Weimar und pr\u00e4sentiert seitdem die Sch\u00e4tze der weltweit \u00e4ltesten Bauhaus-Sammlung. Als Ort der offenen Begegnung und Diskussion erinnert es an die fr\u00fche Phase der bedeutendsten Design- und Kunstschule des 20. Jahrhunderts und verkn\u00fcpft deren Geschichte mit Fragen zur Lebensgestaltung von Heute und Morgen.<\/p>\n\n\n\n<p>Ein weiteres Highlight ist das Haus Am Horn. Es wurde 1923 als Musterhaus zur Bauhaus-Ausstellung errichtet. Hier pr\u00e4sentierten die Meister und Sch\u00fcler erstmals, wie sie sich zeitgem\u00e4\u00dfes Bauen und Wohnen vorstellten. Weimar verf\u00fcgt \u00fcber mehrere Bauten aus der Epoche der fr\u00fchen Moderne, wie etwa das Nietzsche-Archiv oder das 1905 von Henry van de Velde&nbsp;&nbsp;entworfene Bauhaus-Schulgeb\u00e4ude, das heute von der Bauhaus-Universit\u00e4t Weimar genutzt wird und wo unter anderem das originale Direktorenzimmer von Walter Gropius und das mit Wandgem\u00e4lden Oskar Schlemmers verzierte Treppenhaus zu besichtigen ist.<\/p>\n\n\n\n<p>Auch die IBA Th\u00fcringen&nbsp;wird Teil des Programms sein. Hierzu z\u00e4hlt etwa der sogenannte Eiermannbau in der zwischen Jena und Weimar gelegenen Kleinstadt Apolda. Das Geb\u00e4ude wurde urspr\u00fcnglich als Weberei durch den Apoldaer Architekten Hermann Schneider geplant und 1938 bis 1939 durch Egon Eiermann, einen der bedeutendsten Architekten der Nachkriegsmoderne, sensibel erweitert.&nbsp;<\/p>\n\n\n\n<p class=\"pb-3\">Das Programm erstreckt sich \u00fcber Weimar und seine n\u00e4here Umgebung und umfasst (z.B.) Ausstellungen, F\u00fchrungen, Musik und Veranstaltungen.\u00a0Eine \u00dcbersicht zentraler Programmpunkte gibt es ab Ende August.<\/p>\n\n\n\n<h2 class=\"pb-3 wp-block-heading\">Save-the-weekend<br>14.-16. Oktober 2022<\/h2>\n<\/div>\n\n\n\n<div class=\"wp-block-column is-layout-flow wp-block-column-is-layout-flow\" style=\"flex-basis:33.33%\">\n<h1 class=\"pb-1 wp-block-heading\">Ansprechpartner<\/h1>\n\n\n\n<p class=\"pb-3\">Mark Schmidt, Leiter Marketing<br>weimar GmbH<br>Gesellschaft f\u00fcr Marketing,<br>Kongress- und Tourismusservice<br>Tel.: +49 (0)3643-745-313<\/p>\n\n\n\n<h1 class=\"pb-1 wp-block-heading\">Social Media<\/h1>\n\n\n\n<ul class=\"wp-block-list\"><li><a rel=\"noreferrer noopener\" href=\"https:\/\/www.instagram.com\/bauhaus_dessau_foundation\/\" target=\"_blank\">instagram.com<\/a><a rel=\"noreferrer noopener\" href=\"https:\/\/www.instagram.com\/weimar_erleben\" target=\"_blank\">\/<\/a><a rel=\"noreferrer noopener\" href=\"https:\/\/www.instagram.com\/bauhaus_dessau_foundation\/\" target=\"_blank\">&#8230;<\/a><\/li><li><a rel=\"noreferrer noopener\" href=\"https:\/\/www.facebook.com\/bauhausdessau\" target=\"_blank\">f<\/a><a rel=\"noreferrer noopener\" href=\"https:\/\/www.facebook.com\/bauhausmuseumweimar\" target=\"_blank\">acebook.com\/bauhausmuseumweimar<\/a><\/li><li><a rel=\"noreferrer noopener\" href=\"https:\/\/twitter.com\/KlassikStiftung\" target=\"_blank\">twitter.com\/KlassikStiftung<\/a><\/li><li><a href=\"https:\/\/twitter.com\/Weimarerleben\" target=\"_blank\" rel=\"noreferrer noopener\">twitter.com\/Weimarerleben<\/a><\/li><\/ul>\n<\/div>\n<\/div>\n\n\n\n<hr class=\"wp-block-separator\"\/>\n\n\n\n<h1 class=\"pb-4 wp-block-heading\">Themen und Orte (Auswahl)<\/h1>\n\n\n\n<div class=\"wp-block-columns is-layout-flex wp-container-core-columns-is-layout-2 wp-block-columns-is-layout-flex\">\n<div class=\"wp-block-column is-layout-flow wp-block-column-is-layout-flow\">\n<figure class=\"wp-block-image size-large\"><img loading=\"lazy\" decoding=\"async\" width=\"1024\" height=\"680\" src=\"\/2022\/wp-content\/uploads\/sites\/8\/2022\/02\/Peter-Keler-Kinderwiege-Foto-Klassik-Stiftun-g-Weimar-C-Jan-Keler-1024x680.jpg\" alt=\"\" class=\"wp-image-1048\" srcset=\"\/2022\/wp-content\/uploads\/sites\/8\/2022\/02\/Peter-Keler-Kinderwiege-Foto-Klassik-Stiftun-g-Weimar-C-Jan-Keler-1024x680.jpg 1024w, \/2022\/wp-content\/uploads\/sites\/8\/2022\/02\/Peter-Keler-Kinderwiege-Foto-Klassik-Stiftun-g-Weimar-C-Jan-Keler-600x398.jpg 600w, \/2022\/wp-content\/uploads\/sites\/8\/2022\/02\/Peter-Keler-Kinderwiege-Foto-Klassik-Stiftun-g-Weimar-C-Jan-Keler-375x250.jpg 375w, \/2022\/wp-content\/uploads\/sites\/8\/2022\/02\/Peter-Keler-Kinderwiege-Foto-Klassik-Stiftun-g-Weimar-C-Jan-Keler-768x510.jpg 768w, \/2022\/wp-content\/uploads\/sites\/8\/2022\/02\/Peter-Keler-Kinderwiege-Foto-Klassik-Stiftun-g-Weimar-C-Jan-Keler-1536x1020.jpg 1536w, \/2022\/wp-content\/uploads\/sites\/8\/2022\/02\/Peter-Keler-Kinderwiege-Foto-Klassik-Stiftun-g-Weimar-C-Jan-Keler-2048x1360.jpg 2048w\" sizes=\"(max-width: 1024px) 100vw, 1024px\" \/><figcaption>Bauhaus Kinderwiege, 1922, Design: Peter Keler <br>\u00a9 weimar gmbh \/ Foto: Klassik Stiftung Weimar<\/figcaption><\/figure>\n<\/div>\n\n\n\n<div class=\"wp-block-column is-layout-flow wp-block-column-is-layout-flow\">\n<figure class=\"wp-block-image size-large\"><img loading=\"lazy\" decoding=\"async\" width=\"1024\" height=\"683\" src=\"\/2022\/wp-content\/uploads\/sites\/8\/2022\/02\/Blick-auf-das-Hautgebaeude-Foto-Thomas-Muelle-r-weimar-GmbHweb-1024x683.jpg\" alt=\"\" class=\"wp-image-1045\" srcset=\"\/2022\/wp-content\/uploads\/sites\/8\/2022\/02\/Blick-auf-das-Hautgebaeude-Foto-Thomas-Muelle-r-weimar-GmbHweb-1024x683.jpg 1024w, \/2022\/wp-content\/uploads\/sites\/8\/2022\/02\/Blick-auf-das-Hautgebaeude-Foto-Thomas-Muelle-r-weimar-GmbHweb-600x400.jpg 600w, \/2022\/wp-content\/uploads\/sites\/8\/2022\/02\/Blick-auf-das-Hautgebaeude-Foto-Thomas-Muelle-r-weimar-GmbHweb-375x250.jpg 375w, \/2022\/wp-content\/uploads\/sites\/8\/2022\/02\/Blick-auf-das-Hautgebaeude-Foto-Thomas-Muelle-r-weimar-GmbHweb-768x512.jpg 768w, \/2022\/wp-content\/uploads\/sites\/8\/2022\/02\/Blick-auf-das-Hautgebaeude-Foto-Thomas-Muelle-r-weimar-GmbHweb-1536x1024.jpg 1536w, \/2022\/wp-content\/uploads\/sites\/8\/2022\/02\/Blick-auf-das-Hautgebaeude-Foto-Thomas-Muelle-r-weimar-GmbHweb.jpg 1600w\" sizes=\"(max-width: 1024px) 100vw, 1024px\" \/><figcaption>Bauhaus Universit\u00e4t <br>\u00a9 weimar gmbh \/ Foto: Thomas M\u00fcller<\/figcaption><\/figure>\n\n\n\n<figure class=\"wp-block-image size-large\"><img loading=\"lazy\" decoding=\"async\" width=\"1024\" height=\"683\" src=\"\/2022\/wp-content\/uploads\/sites\/8\/2022\/02\/2010_KSW_Liegenschaften_1855_kl-1024x683.jpg\" alt=\"\" class=\"wp-image-1043\" srcset=\"\/2022\/wp-content\/uploads\/sites\/8\/2022\/02\/2010_KSW_Liegenschaften_1855_kl-1024x683.jpg 1024w, \/2022\/wp-content\/uploads\/sites\/8\/2022\/02\/2010_KSW_Liegenschaften_1855_kl-600x400.jpg 600w, \/2022\/wp-content\/uploads\/sites\/8\/2022\/02\/2010_KSW_Liegenschaften_1855_kl-375x250.jpg 375w, \/2022\/wp-content\/uploads\/sites\/8\/2022\/02\/2010_KSW_Liegenschaften_1855_kl-768x512.jpg 768w, \/2022\/wp-content\/uploads\/sites\/8\/2022\/02\/2010_KSW_Liegenschaften_1855_kl.jpg 1300w\" sizes=\"(max-width: 1024px) 100vw, 1024px\" \/><figcaption>Nietzsche-Archiv <br>\u00a9 weimar gmbh \/ Foto: Thomas M\u00fcller<\/figcaption><\/figure>\n<\/div>\n\n\n\n<div class=\"wp-block-column is-layout-flow wp-block-column-is-layout-flow\">\n<figure class=\"wp-block-image size-large\"><img loading=\"lazy\" decoding=\"async\" width=\"1024\" height=\"683\" src=\"\/2022\/wp-content\/uploads\/sites\/8\/2022\/02\/Bauhaus-Museum-Weimar-Sommer-Foto-Thomas-Muel-ler-weimar-GmbH-7-web-1024x683.jpg\" alt=\"\" class=\"wp-image-1044\" srcset=\"\/2022\/wp-content\/uploads\/sites\/8\/2022\/02\/Bauhaus-Museum-Weimar-Sommer-Foto-Thomas-Muel-ler-weimar-GmbH-7-web-1024x683.jpg 1024w, \/2022\/wp-content\/uploads\/sites\/8\/2022\/02\/Bauhaus-Museum-Weimar-Sommer-Foto-Thomas-Muel-ler-weimar-GmbH-7-web-600x400.jpg 600w, \/2022\/wp-content\/uploads\/sites\/8\/2022\/02\/Bauhaus-Museum-Weimar-Sommer-Foto-Thomas-Muel-ler-weimar-GmbH-7-web-375x250.jpg 375w, \/2022\/wp-content\/uploads\/sites\/8\/2022\/02\/Bauhaus-Museum-Weimar-Sommer-Foto-Thomas-Muel-ler-weimar-GmbH-7-web-768x512.jpg 768w, \/2022\/wp-content\/uploads\/sites\/8\/2022\/02\/Bauhaus-Museum-Weimar-Sommer-Foto-Thomas-Muel-ler-weimar-GmbH-7-web-1536x1024.jpg 1536w, \/2022\/wp-content\/uploads\/sites\/8\/2022\/02\/Bauhaus-Museum-Weimar-Sommer-Foto-Thomas-Muel-ler-weimar-GmbH-7-web.jpg 1600w\" sizes=\"(max-width: 1024px) 100vw, 1024px\" \/><figcaption>Bauhaus Museum <br>\u00a9 weimar gmbh \/ Foto: Thomas M\u00fcller<\/figcaption><\/figure>\n\n\n\n<figure class=\"wp-block-image size-large\"><img loading=\"lazy\" decoding=\"async\" width=\"1024\" height=\"683\" src=\"\/2022\/wp-content\/uploads\/sites\/8\/2022\/02\/Eiermannbau_Apolda-1024x683.jpg\" alt=\"\" class=\"wp-image-1046\" srcset=\"\/2022\/wp-content\/uploads\/sites\/8\/2022\/02\/Eiermannbau_Apolda-1024x683.jpg 1024w, \/2022\/wp-content\/uploads\/sites\/8\/2022\/02\/Eiermannbau_Apolda-600x400.jpg 600w, \/2022\/wp-content\/uploads\/sites\/8\/2022\/02\/Eiermannbau_Apolda-375x250.jpg 375w, \/2022\/wp-content\/uploads\/sites\/8\/2022\/02\/Eiermannbau_Apolda-768x512.jpg 768w, \/2022\/wp-content\/uploads\/sites\/8\/2022\/02\/Eiermannbau_Apolda.jpg 1280w\" sizes=\"(max-width: 1024px) 100vw, 1024px\" \/><figcaption>Eiermann-Bau, Apolda \/ IBA Th\u00fcringen<br>\u00a9 weimar gmbh \/  Foto: Thomas M\u00fcller<\/figcaption><\/figure>\n<\/div>\n<\/div>\n","protected":false},"excerpt":{"rendered":"<p>Wohnen.Arbeiten.Leben ganz der &#8222;Wasserkultur&#8220;: In den 1920er und 1930er Jahren hatte die Technisierung der h\u00e4uslichen Wasserversorgung insbesondere au\u00dferhalb von Gro\u00dfst\u00e4dten gerade erst begonnen. Nur wenige Wohnh\u00e4user waren an die Kanalisation oder an das Trinkwassernetz angeschlossen. <\/p>\n","protected":false},"author":2,"featured_media":878,"parent":0,"menu_order":0,"comment_status":"closed","ping_status":"closed","template":"","meta":{"_acf_changed":false,"footnotes":""},"class_list":["post-1035","page","type-page","status-publish","has-post-thumbnail","hentry"],"acf":[],"_links":{"self":[{"href":"https:\/\/triennale-der-moderne.de\/2022\/wp-json\/wp\/v2\/pages\/1035"}],"collection":[{"href":"https:\/\/triennale-der-moderne.de\/2022\/wp-json\/wp\/v2\/pages"}],"about":[{"href":"https:\/\/triennale-der-moderne.de\/2022\/wp-json\/wp\/v2\/types\/page"}],"author":[{"embeddable":true,"href":"https:\/\/triennale-der-moderne.de\/2022\/wp-json\/wp\/v2\/users\/2"}],"replies":[{"embeddable":true,"href":"https:\/\/triennale-der-moderne.de\/2022\/wp-json\/wp\/v2\/comments?post=1035"}],"version-history":[{"count":42,"href":"https:\/\/triennale-der-moderne.de\/2022\/wp-json\/wp\/v2\/pages\/1035\/revisions"}],"predecessor-version":[{"id":2237,"href":"https:\/\/triennale-der-moderne.de\/2022\/wp-json\/wp\/v2\/pages\/1035\/revisions\/2237"}],"wp:featuredmedia":[{"embeddable":true,"href":"https:\/\/triennale-der-moderne.de\/2022\/wp-json\/wp\/v2\/media\/878"}],"wp:attachment":[{"href":"https:\/\/triennale-der-moderne.de\/2022\/wp-json\/wp\/v2\/media?parent=1035"}],"curies":[{"name":"wp","href":"https:\/\/api.w.org\/{rel}","templated":true}]}}