{"id":46,"date":"2013-05-04T10:09:02","date_gmt":"2013-05-04T10:09:02","guid":{"rendered":"http:\/\/www.triennale-der-moderne.de\/\/?page_id=46"},"modified":"2019-09-27T15:05:19","modified_gmt":"2019-09-27T13:05:19","slug":"komplettes-programm-1","status":"publish","type":"page","link":"\/2019\/komplettes-programm-1\/","title":{"rendered":"Komplettes Programm (Weimar)"},"content":{"rendered":"<h1>1. Triennale-Wochenende<\/h1>\n<h2>Donnerstag, 26.09. &#8211; Sonntag, 29.09.2019<\/h2>\n<p><strong>Mi 25.09.2019<\/strong><\/p>\n<ul>\n<li>18 Uhr Ausstellungser\u00f6ffnung:<a href=\"http:\/\/triennale-der-moderne.de\/2019\/erfurthaifa-architekturen-der-moderne-in-dialogischen-bildern\/\"><strong> &#8222;Erfurt\/Haifa. Architekturen der Moderne in dialogischen Bildern&#8220;<\/strong><\/a>\u00a0 Veranstalter: ACHAVA Festspiele Th\u00fcringen in Zusammenarbeit mit der Bauhaus-Universit\u00e4t Weimar und der Stadt Erfurt; Veranstaltungsort: Weimarhalle | Foyer, UNESCO-Platz 1, 99423 Weimar, Eintritt: kostenfrei<\/li>\n<\/ul>\n<p><strong>Do 26.09.2019<\/strong><\/p>\n<ul>\n<li>19.30 Uhr Konzert:\u00a0<a href=\"http:\/\/triennale-der-moderne.de\/2019\/stimmen-des-volkes\/\"><strong>&#8222;Stimmen des Volkes&#8220;<\/strong><\/a> mit MAYBEBOP und der Staatskapelle Weimar, Das Konzert wird die Auftaktveranstaltung der &#8222;Triennale der Moderne&#8220; Weimar sein, Veranstalter: ACHAVA Festspiele Th\u00fcringen in Zusammenarbeit\u00a0mit MAYBEBOP, der Stadt Weimar und dem Deutschen Nationaltheater\u00a0sowie der Staatskapelle Weimar; Veranstaltungsort: Weimarhalle | Gro\u00dfer Saal, UNESCO-Platz 1, 99423 Weimar, Eintritt:\u00a0PK 1: 40,00 \u20ac | 35,00 \u20ac erm.; PK 2: 30,00 \u20ac | 25,00 \u20ac erm.<\/li>\n<\/ul>\n<p><strong>Fr 27.09.2019<\/strong><\/p>\n<ul>\n<li>13.30 Uhr Vortrag:<strong><a href=\"http:\/\/triennale-der-moderne.de\/2019\/denkraum-bauhaus-6-internationales-symposium-zur-architekturvermittlung\/\"> R\u00e4ume und Resonanzen \u2013\u00a0Beziehungsmodi f\u00fcr eine zeitgem\u00e4\u00dfe Bildung<\/a><\/strong>, denkraum bauhaus \/ 6. Internationales Symposium zur Architekturvermittlung, Bundeskongress der Kunstp\u00e4dagogik; Veranstalter: Bauhaus-Universit\u00e4t Weimar; Veranstaltungsort: Bauhaus Universit\u00e4t Weimar, Audimax | Steubenstra\u00dfe 6, 99423 Weimar, Eintritt: kostenfrei<\/li>\n<li>14 Uhr: <strong><a href=\"http:\/\/triennale-der-moderne.de\/2019\/bauhaus-spaziergang\/\">Bauhaus-Spaziergang<\/a><\/strong>; Veranstalter: Bauhaus-Universit\u00e4t; Treffpunkt: Bauhaus-Atelier; Geschwister-Scholl-Stra\u00dfe 6a, 99423 Weimar; Dauer: 1,5-2,5 h; Eintritt: 7 \u20ac \/ 12 \u20ac, erm. 5 \u20ac \/ 8 \u20ac p. P.<\/li>\n<li>18 Uhr Konzert: <strong><a href=\"http:\/\/triennale-der-moderne.de\/2019\/schueler-und-meister-im-einklang\/\">Sch\u00fcler und Meister im Einklang<\/a><\/strong>, Veranstalter:\u00a0ACHAVA Festspiele Th\u00fcringen in Zusammenarbeit mit dem Goethegymnasium und der Musikschule \u201eJohann Nepomuk Hummel\u201c Weimar; Veranstaltungsort:\u00a0Weimarhalle | Gro\u00dfer Saal, UNESCO-Platz 1, 99423 Weimar, Eintritt:\u00a0PK 1: 15,00 \u20ac | 10,00 \u20ac erm; PK 2: 10,00 \u20ac | 5,00 \u20ac erm.<\/li>\n<li>18 Uhr Vernissage:<strong>\u00a0<a href=\"http:\/\/triennale-der-moderne.de\/2019\/the-matter-of-data\/\">The Matter of Data. Auf den Spuren der \u201eBauhaus-Moderne\u201c<\/a><\/strong>; Ausstellung und Datenplattform; Veranstalter: Klassik Stiftung Weimar, Centre for Documentary Architecture; Veranstaltungsort: Bauhaus-Museum Weimar, St\u00e9phane-Hessel-Platz, 99423 Weimar, Eintritt: kostenfrei<\/li>\n<li>19 Uhr Film:<a href=\"http:\/\/triennale-der-moderne.de\/2019\/a-is-for-architecture-z-is-for-zion-n-is-for-new-life\/\"><strong>\u00a0A IS FOR ARCHITECTURE. Z IS FOR ZION. N IS FOR NEW LIFE!<\/strong><\/a>; Veranstalter: Bauhaus-Universit\u00e4t Weimar; Veranstaltungsort: Kino mon ami, Goetheplatz 11, 99423 Weimar; Eintritt: kostenfrei<\/li>\n<li>21 Uhr<a href=\"http:\/\/triennale-der-moderne.de\/2019\/trias-das-triadische-ballett\/\"><strong> TRIAS &#8211;\u00a0Das Triadische Ballett<\/strong><\/a>,\u00a0Theater der Kl\u00e4nge D\u00fcsseldorf; Veranstalter:\u00a0Bauhaus-Universit\u00e4t Weimar in Zusammenarbeit mit den ACHAVA Festspielen Th\u00fcringen; Veranstaltungsort:\u00a0Weimarhalle | Gro\u00dfer Saal, UNESCO-Platz 1, 99423 Weimar, Eintritt:\u00a0PK 1: 25,00 \u20ac | 20,00 \u20ac erm., PK 2: 20,00 \u20ac | 15,00 \u20ac erm.<\/li>\n<\/ul>\n<p><strong>Sa 28.09.2019<\/strong><\/p>\n<ul>\n<ul>\n<li>9 Uhr Vortrag:\u00a0<strong><a href=\"http:\/\/triennale-der-moderne.de\/2019\/denkraum-bauhaus-6-internationales-symposium-zur-architekturvermittlung\/\">Interdisziplinarit\u00e4t, Internationalit\u00e4t, Theorie-Praxis-Bezug: Bauhausprinzipien \u2013 k\u00fcnstlerische Gestaltung und kunstp\u00e4dagogische Vermittlung<\/a><\/strong>, denkraum bauhaus \/ 6. Internationales Symposium zur Architekturvermittlung, Bundeskongress der Kunstp\u00e4dagogik; Veranstalter: Bauhaus-Universit\u00e4t Weimar; Veranstaltungsort: Bauhaus Universit\u00e4t Weimar, Audimax | Steubenstra\u00dfe 6, 99423 Weimar, Eintritt: kostenfrei<\/li>\n<li>11 Uhr Abyss, Out, In his place: Der israelische Regie-Nachwuchs zu Gast in Weimar; Veranstalter: Bauhaus-Universit\u00e4t Weimar, Treffpunkt: Kino mon ami, Goetheplatz 11, 99423 Weimar.<\/li>\n<li>14 Uhr <a href=\"http:\/\/triennale-der-moderne.de\/2019\/bauhaus-spaziergang\/\"><strong>Bauhaus-Spaziergang<\/strong><\/a>; Veranstalter: Bauhaus-Universit\u00e4t Weimar, Treffpunkt: Bauhaus-Atelier; Geschwister-Scholl-Stra\u00dfe 6a, 99423 Weimar; Dauer: 1,5-2,5 h; Eintritt: 7 \u20ac \/ 12 \u20ac, erm. 5 \u20ac \/ 8 \u20ac p. P.<\/li>\n<li>19 Uhr Film:<a href=\"http:\/\/triennale-der-moderne.de\/2019\/a-is-for-architecture-z-is-for-zion-n-is-for-new-life\/\"><strong> The Museum<\/strong><\/a>; Veranstalter: Bauhaus-Universit\u00e4t Weimar; Veranstaltungsort: Kino mon ami, Goetheplatz 11, 99423 Weimar; Eintritt: kostenfrei<\/li>\n<li>20 Uhr Konzert und Preisverleihung:<a href=\"http:\/\/triennale-der-moderne.de\/2019\/white-city-jazz-das-konzert-und-preisverleihung\/\"><strong> White City Jazz<\/strong><\/a>;\u00a0Internationaler Preis f\u00fcr transkulturellen Jazz und Konzert des Avishai Cohen Trio mit dem internationaler Preistr\u00e4ger des ACHAVA Jazz Award; Veranstalter:\u00a0ACHAVA Festspiele Th\u00fcringen\u00a0 in Zusammenarbeit mit der Hochschule f\u00fcr Musik FRANZ LISZT Weimar, der Jazzmeile Th\u00fcringen und der Stadt Weimar; Veranstaltungsort:\u00a0Weimarhalle | Gro\u00dfer Saal, UNESCO-Platz 1, 99423 Weimar; Eintritt:\u00a0PK 1: 25,00 \u20ac | 20,00 \u20ac erm., PK 2: 20,00 \u20ac | 15,00 \u20ac erm.<\/li>\n<li>21 Uhr <a href=\"http:\/\/triennale-der-moderne.de\/2019\/laternen-spaziergang\/\"><strong>Laternen-Spaziergang<\/strong><\/a>; Veranstalter: Bauhaus-Universit\u00e4t Weimar, Treffpunkt: Theaterplatz, 99423 Weimar; Dauer: 2 h; Eintritt: 12 \u20ac \/ 8 \u20ac, erm.,\u00a0inkl. Laterne und Kulturf\u00f6rderabgabe der Stadt Weimar<\/li>\n<\/ul>\n<\/ul>\n<p><strong>So 29.09.2019<\/strong><\/p>\n<ul>\n<ul>\n<ul>\n<ul>\n<li>9 Uhr Vortrag: <strong><a href=\"http:\/\/triennale-der-moderne.de\/2019\/denkraum-bauhaus-6-internationales-symposium-zur-architekturvermittlung\/\">Warum ist das Bauhaus heute noch attraktiv und ein Vorbild?<\/a><\/strong>, denkraum bauhaus \/ 6. Internationales Symposium zur Architekturvermittlung, Bundeskongress der Kunstp\u00e4dagogik; Veranstalter: Bauhaus-Universit\u00e4t Weimar; Veranstaltungsort: Bauhaus Universit\u00e4t Weimar, Audimax | Steubenstra\u00dfe 6, 99423 Weimar, Eintritt: kostenfrei<\/li>\n<li>11 Uhr\u00a0<a href=\"http:\/\/triennale-der-moderne.de\/2019\/jedem-sas-seine-gespraechswanderung-mit-musik\/\"><strong>Gespr\u00e4chswanderung mit Musik: &#8222;Jedem das Seine&#8220;<\/strong><\/a>; Veranstalter:\u00a0ACHAVA Festspiele Th\u00fcringen\u00a0in Zusammenarbeit mit der Bach Biennale Weimar; Treffpunkt: Bahnhofsvorplatz, 99423 Weimar; Dauer: 4 h; Eintritt:\u00a019,00 \u20ac \/ 11,00 \u20ac erm.; inklusive Mittags-Picknick im Ilmpark<\/li>\n<li>14 Uhr<a href=\"http:\/\/triennale-der-moderne.de\/2019\/bauhaus-spaziergang\/\"><strong> Bauhaus-Spaziergang<\/strong><\/a>; Veranstalter: Bauhaus-Universit\u00e4t Weimar, Treffpunkt: Bauhaus-Atelier; Geschwister-Scholl-Stra\u00dfe 6a, 99423 Weimar; Dauer: 1,5-2,5 h; Eintritt: 7 \u20ac \/ 12 \u20ac, erm. 5 \u20ac \/ 8 \u20ac p. P.<\/li>\n<li>15 Uhr Finissage:<a href=\"http:\/\/triennale-der-moderne.de\/2019\/die-zeugen\/\"><strong> Die Zeugen<\/strong><\/a>,\u00a0Fotoausstellung im \u00f6ffentlichen Raum zwischen Hauptbahnhof und Bauhaus-Museum Weimar, Fotograf: Thomas M\u00fcller; Veranstalter: ACHAVA Festspiele Th\u00fcringen in Zusammenarbeit mit der Stadt Weimar und der Stiftung Gedenkst\u00e4tten Buchenwald und Mittelbau-Dora; Veranstaltungsort:\u00a0St\u00e9phane-Hessel-Platz, Bauhaus-Museum Weimar, 99423 Weimar; Eintritt: kostenfrei<\/li>\n<li>19 Uhr Film: <a href=\"http:\/\/triennale-der-moderne.de\/2019\/a-is-for-architecture-z-is-for-zion-n-is-for-new-life\/\"><strong>Children\u00a0of the Sun<\/strong><\/a>; Veranstalter: Bauhaus-Universit\u00e4t Weimar; Veranstaltungsort: Kino mon ami, Goetheplatz 11, 99423 Weimar; Eintritt: kostenfrei<\/li>\n<li>20 Uhr Filmabend mit Bigband und Vokalensemble:\u00a0<a href=\"http:\/\/triennale-der-moderne.de\/2019\/das-bauhaus-spielt-auf-klingende-utopien\/\"><strong>Das Bauhaus spielt auf \u2013 Klingende Utopien<\/strong><\/a>; Veranstalter:\u00a0der ACHAVA Festspiele Th\u00fcringen in Zusammenarbeit mit dem Bundesjazzorchester und der Jazzmeile Th\u00fcringen; Veranstaltungsort:\u00a0Weimarhalle | Gro\u00dfer Saal, UNESCO-Platz 1, 99423 Weimar; Eintritt:\u00a0PK 1: 20,00 \u20ac | 15,00 \u20ac erm.; PK 2: 15,00 \u20ac | 10,00 \u20ac erm.<\/li>\n<li>22 Uhr\u00a0Jam Session:<a href=\"http:\/\/triennale-der-moderne.de\/2019\/jam-session-alles-musik\/\"><strong> Alles Musik!<\/strong><\/a>; Veranstalter:\u00a0ACHAVA Festspiele Th\u00fcringen in Zusammenarbeit mit der Jazzmeile Th\u00fcringen; Veranstaltungsort: Weimarhalle | Gro\u00dfer Saal, UNESCO-Platz 1, 99423 Weimar, Eintritt: kostenfrei<\/li>\n<\/ul>\n<\/ul>\n<\/ul>\n<\/ul>\n<p>&nbsp;<\/p>\n<h1>Sonderveranstaltungen<\/h1>\n<h2>vor und nach den Triennale-Wochen<\/h2>\n<p><strong>01.04 &#8211; 29.09.2019<\/strong><\/p>\n<p>Ausstellung: <a href=\"http:\/\/triennale-der-moderne.de\/2019\/die-zeugen\/\"><strong>Die Zeugen<\/strong><\/a>,\u00a0Fotoausstellung im \u00f6ffentlichen Raum zwischen Hauptbahnhof und Bauhaus-Museum Weimar, Fotograf: Thomas M\u00fcller; Veranstalter:\u00a0ACHAVA Festspiele Th\u00fcringen mit der Stadt Weimar und der Stiftung Gedenkst\u00e4tten Buchenwald und Mittelbau-Dora; Veranstaltungsort:\u00a0zwischen Hauptbahnhof und Bauhaus-Museum Weimar, 99423 Weimar<\/p>\n<p><strong>24.05. \u2013 29.09.2019<\/strong><\/p>\n<p>Ausstellung: <a href=\"http:\/\/triennale-der-moderne.de\/2019\/stadtland\/\"><strong>\u201aStadtLand\u2019<\/strong><\/a>, Die Zwischenpr\u00e4sentation der Internationalen Bauausstellung (IBA) Th\u00fcringen; Veranstalter: IBA Th\u00fcringen; Veranstaltungsort:\u00a0Egon-Eiermann-Bau,\u00a099510 Apolda<\/p>\n<p><strong>13.09. &#8211; 08.11.2019\u00a0<\/strong><\/p>\n<p>Ausstellung: <a href=\"http:\/\/triennale-der-moderne.de\/2019\/from-the-lab-to-the-studio-neue-technologien-und-materialien-in-der-kunst\/\"><strong>From the lab to the studio<\/strong><\/a> &#8211;\u00a0neue Technologien und Materialien in der Kunst; Veranstalter: Galerie Eigenheim Weimar\/Berlin, Bauhaus-Universit\u00e4t Weimar; Veranstaltungsort: Galerie Eigenheim\u00a0Weimar, Asbachstra\u00dfe 1 (G\u00e4rtnerhaus des Weimarhallenparks), 99423 Weimar<\/p>\n<p><strong>April \u2013 Oktober 2019<\/strong><br \/>\njeden Samstag und Sonntag 14 Uhr: <strong>&#8222;<a href=\"http:\/\/triennale-der-moderne.de\/2019\/bauhaus-spaziergang\/\">Bauhaus Spaziergang<\/a>&#8222;<\/strong>; Start: Bauhaus-Universit\u00e4t Weimar, Geschwister Scholl-Stra\u00dfe 6a, 99423 Weimar. Anmeldung unter: www.bauhausspaziergang@uni-weimar.de<\/p>\n<p><strong>November \u2013 Dezember 2019<\/strong><br \/>\njeden Samstag 14 Uhr: <strong>&#8222;<a href=\"http:\/\/triennale-der-moderne.de\/2019\/bauhaus-spaziergang\/\">Bauhaus Spaziergang<\/a>&#8222;<\/strong>; Start: Bauhaus-Universit\u00e4t Weimar, Geschwister Scholl-Stra\u00dfe 6a, 99423 Weimar. Anmeldung unter: www.bauhausspaziergang@uni-weimar.de<\/p>\n<p><strong>26.09. \u2013 27.09.2019<\/strong><\/p>\n<ul class=\"arrow\">\n<li>Internationale wissenschaftliche Tagung: <a href=\"http:\/\/triennale-der-moderne.de\/2019\/bauhaus-und-die-musikalische-moderne-in-der-weimarer-republik-und-in-israel\/\"><strong>Bauhaus und die musikalische Moderne in der Weimarer Republik und in Israel<\/strong><\/a>;\u00a0Studienzentrum der Hochschule f\u00fcr Musik FRANZ LISZT am Horn, 99425 Weimar<\/li>\n<\/ul>\n<p><b>29.09.2019: 11 bis 13 Uhr; 15 bis 18 Uhr<br \/>\n30.09.2019: 10 bis 15 Uhr<\/b><\/p>\n<ul>\n<li>Internationaler Jazzworkshop:<a href=\"http:\/\/triennale-der-moderne.de\/2019\/white-city-jazz-der-workshop\/\"> White City Jazz<\/a>;\u00a0K\u00fcnstlerischer Leiter: Prof. Manfred Br\u00fcndl, Projektleiter: Thomas Eckardt; Veranstaltungsort: Weimarhalle, UNESCO-Platz 1 und Studienzentrum der Hochschule f\u00fcr Musik FRANZ LISZT am Horn, 99425 Weimar<\/li>\n<\/ul>\n<p><strong>27.09.\u201329.09.2019<\/strong><\/p>\n<ul class=\"arrow\">\n<li><strong><a href=\"http:\/\/triennale-der-moderne.de\/2019\/denkraum-bauhaus-6-internationales-symposium-zur-architekturvermittlung\/\">6. Internationales Symposium zur Architekturvermittlung &#8222;denkraum bauhaus&#8220;<\/a><\/strong>; Bundeskongress der Kunstp\u00e4dagogik; Veranstaltungsort: Bauhaus-Universit\u00e4t Weimar, 99423 Weimar.<\/li>\n<\/ul>\n","protected":false},"excerpt":{"rendered":"<p>1. Triennale-Wochenende Donnerstag, 26.09. &#8211; Sonntag, 29.09.2019 Mi 25.09.2019 18 Uhr Ausstellungser\u00f6ffnung: &#8222;Erfurt\/Haifa. Architekturen der Moderne in dialogischen Bildern&#8220;\u00a0 Veranstalter: ACHAVA Festspiele Th\u00fcringen in Zusammenarbeit mit der Bauhaus-Universit\u00e4t Weimar und der Stadt Erfurt; Veranstaltungsort: Weimarhalle | Foyer, UNESCO-Platz 1, 99423 Weimar, Eintritt: kostenfrei Do 26.09.2019 19.30 Uhr Konzert:\u00a0&#8222;Stimmen des Volkes&#8220; mit MAYBEBOP und der Staatskapelle [&hellip;]<\/p>\n","protected":false},"author":2,"featured_media":0,"parent":0,"menu_order":10,"comment_status":"open","ping_status":"open","template":"","meta":{"_acf_changed":false,"footnotes":""},"class_list":["post-46","page","type-page","status-publish","hentry"],"acf":[],"_links":{"self":[{"href":"https:\/\/triennale-der-moderne.de\/2019\/wp-json\/wp\/v2\/pages\/46"}],"collection":[{"href":"https:\/\/triennale-der-moderne.de\/2019\/wp-json\/wp\/v2\/pages"}],"about":[{"href":"https:\/\/triennale-der-moderne.de\/2019\/wp-json\/wp\/v2\/types\/page"}],"author":[{"embeddable":true,"href":"https:\/\/triennale-der-moderne.de\/2019\/wp-json\/wp\/v2\/users\/2"}],"replies":[{"embeddable":true,"href":"https:\/\/triennale-der-moderne.de\/2019\/wp-json\/wp\/v2\/comments?post=46"}],"version-history":[{"count":48,"href":"https:\/\/triennale-der-moderne.de\/2019\/wp-json\/wp\/v2\/pages\/46\/revisions"}],"predecessor-version":[{"id":4240,"href":"https:\/\/triennale-der-moderne.de\/2019\/wp-json\/wp\/v2\/pages\/46\/revisions\/4240"}],"wp:attachment":[{"href":"https:\/\/triennale-der-moderne.de\/2019\/wp-json\/wp\/v2\/media?parent=46"}],"curies":[{"name":"wp","href":"https:\/\/api.w.org\/{rel}","templated":true}]}}