{"id":4110,"date":"2019-02-15T13:41:01","date_gmt":"2019-02-15T12:41:01","guid":{"rendered":"\/2019\/?page_id=4110"},"modified":"2019-02-15T13:42:38","modified_gmt":"2019-02-15T12:42:38","slug":"white-city-jazz-der-workshop","status":"publish","type":"page","link":"\/2019\/white-city-jazz-der-workshop\/","title":{"rendered":"White City Jazz &#8211; Der Workshop"},"content":{"rendered":"<p>Der Jazzworkshop ist ein seit 20 Jahren bestehendes Kooperationsprojekt des Instituts f\u00fcr Neue Musik und Jazz der Hochschule f\u00fcr Musik FRANZ LISZT und der Jazzmeile Thg\u00fcringen. Diese mittlerweile international renommierten Meisterkurse werden sowohl von Studierenden als auch von Bewerbern aus ganz Deutschland sowie den europ\u00e4ischen Nachbarstaaten begeistert angenommen. Zu den bislang verpflichteten internationalen Hochrangk\u00fcnstlern z\u00e4hlten bislang Musiker wie Albert Mangelsdorff, Norma Winstone, Kenny Wheeler, Aldo Romano, Riccardo del Fra, Julian Arg\u00fcelles, Ernst Reijseger, Robby Ameen, Richie Flores, Marty Ehrlich, Donny McCaslin, Marc Copland, das Moscow Art Trio und viele andere.<\/p>\n<p>Internationaler Jazzworkshop<br \/>\nK\u00fcnstlerischer Leiter: Prof. Manfred Br\u00fcndl<br \/>\nProjektleiter: Thomas Eckardt<\/p>\n<h2>BESUCHERINFORMATIONEN<\/h2>\n<h3>Workshop 1<\/h3>\n<p>Avishai Cohen (Kontrabass\/Israel\/angefragt)<br \/>\nSonntag, 29. September 2019<br \/>\n11:00 bis 13:00 Uhr, Weimarhalle<\/p>\n<h3>Workshop 2<\/h3>\n<p>Preistr\u00e4ger ACHAVA Jazz Award (N.N.)<br \/>\nSonntag, 29. September 2019<br \/>\n15:00 bis 18 Uhr, Weimarhalle<\/p>\n<h3>Workshop 3<\/h3>\n<p>Montag, 30. September 2019<br \/>\n10:00 bis 15:00 Uhr, Hochschule f\u00fcr Musik FRANZ LISZT Weimar<\/p>\n","protected":false},"excerpt":{"rendered":"<p>Der Jazzworkshop ist ein seit 20 Jahren bestehendes Kooperationsprojekt des Instituts f\u00fcr Neue Musik und Jazz der Hochschule f\u00fcr Musik FRANZ LISZT und der Jazzmeile Thg\u00fcringen. Diese mittlerweile international renommierten Meisterkurse werden sowohl von Studierenden als auch von Bewerbern aus ganz Deutschland sowie den europ\u00e4ischen Nachbarstaaten begeistert angenommen. Zu den bislang verpflichteten internationalen Hochrangk\u00fcnstlern z\u00e4hlten [&hellip;]<\/p>\n","protected":false},"author":10,"featured_media":0,"parent":0,"menu_order":0,"comment_status":"closed","ping_status":"closed","template":"_template_60_40.php","meta":{"_acf_changed":false,"footnotes":""},"class_list":["post-4110","page","type-page","status-publish","hentry"],"acf":[],"_links":{"self":[{"href":"https:\/\/triennale-der-moderne.de\/2019\/wp-json\/wp\/v2\/pages\/4110"}],"collection":[{"href":"https:\/\/triennale-der-moderne.de\/2019\/wp-json\/wp\/v2\/pages"}],"about":[{"href":"https:\/\/triennale-der-moderne.de\/2019\/wp-json\/wp\/v2\/types\/page"}],"author":[{"embeddable":true,"href":"https:\/\/triennale-der-moderne.de\/2019\/wp-json\/wp\/v2\/users\/10"}],"replies":[{"embeddable":true,"href":"https:\/\/triennale-der-moderne.de\/2019\/wp-json\/wp\/v2\/comments?post=4110"}],"version-history":[{"count":4,"href":"https:\/\/triennale-der-moderne.de\/2019\/wp-json\/wp\/v2\/pages\/4110\/revisions"}],"predecessor-version":[{"id":4115,"href":"https:\/\/triennale-der-moderne.de\/2019\/wp-json\/wp\/v2\/pages\/4110\/revisions\/4115"}],"wp:attachment":[{"href":"https:\/\/triennale-der-moderne.de\/2019\/wp-json\/wp\/v2\/media?parent=4110"}],"curies":[{"name":"wp","href":"https:\/\/api.w.org\/{rel}","templated":true}]}}