{"id":4097,"date":"2019-02-15T13:28:37","date_gmt":"2019-02-15T12:28:37","guid":{"rendered":"\/2019\/?page_id=4097"},"modified":"2019-02-15T13:30:16","modified_gmt":"2019-02-15T12:30:16","slug":"from-the-lab-to-the-studio-neue-technologien-und-materialien-in-der-kunst","status":"publish","type":"page","link":"\/2019\/from-the-lab-to-the-studio-neue-technologien-und-materialien-in-der-kunst\/","title":{"rendered":"From the Lab to the Studio- neue Technologien und Materialien in der Kunst"},"content":{"rendered":"<p>Gruppenausstellung von Absolventen der Bauhaus-Universit\u00e4t Weimar sowie nationalen und internationalen G\u00e4sten<br \/>\nEIGENHEIM Weimar\/Berlin ist 2019 das Schaufenster der Bauhaus-Universit\u00e4t Weimar im Rahmen des 100-j\u00e4hrigen Bauhaus Jubil\u00e4ums. Ein Labor, Netzwerkknoten, Kommunikations- &amp; Aktionsraum, 4 Themen, ein Jubil\u00e4um, ein Jahr 2019 in Weimar und Berlin. Die w\u00e4hrend der Triennale gezeigte Ausstellung besch\u00e4ftigt sich mit neuen Technologien und Materialien in der Kunst. Wir geben einen kleinen Forschungs\u00fcberblick, tragen innovative Arbeiten zusammen, veranstalten Workshops und Symposien und machen auf diese Weise die Ausstellung zu einem Labor und Denkraum.<\/p>\n<h2>BESUCHERINFORMATIONEN<\/h2>\n<h3>Termin<\/h3>\n<p>13. September &#8211; 8. November 2019<\/p>\n<h3>Veranstaltungsort<\/h3>\n<p>Galerie Eigenheim Weimar, Asbachstra\u00dfe 1 (G\u00e4rtnerhaus des Weimarhallenparks), Weimar<\/p>\n","protected":false},"excerpt":{"rendered":"<p>Gruppenausstellung von Absolventen der Bauhaus-Universit\u00e4t Weimar sowie nationalen und internationalen G\u00e4sten EIGENHEIM Weimar\/Berlin ist 2019 das Schaufenster der Bauhaus-Universit\u00e4t Weimar im Rahmen des 100-j\u00e4hrigen Bauhaus Jubil\u00e4ums. Ein Labor, Netzwerkknoten, Kommunikations- &amp; Aktionsraum, 4 Themen, ein Jubil\u00e4um, ein Jahr 2019 in Weimar und Berlin. Die w\u00e4hrend der Triennale gezeigte Ausstellung besch\u00e4ftigt sich mit neuen Technologien und [&hellip;]<\/p>\n","protected":false},"author":10,"featured_media":0,"parent":0,"menu_order":0,"comment_status":"closed","ping_status":"closed","template":"_template_60_40.php","meta":{"_acf_changed":false,"footnotes":""},"class_list":["post-4097","page","type-page","status-publish","hentry"],"acf":[],"_links":{"self":[{"href":"https:\/\/triennale-der-moderne.de\/2019\/wp-json\/wp\/v2\/pages\/4097"}],"collection":[{"href":"https:\/\/triennale-der-moderne.de\/2019\/wp-json\/wp\/v2\/pages"}],"about":[{"href":"https:\/\/triennale-der-moderne.de\/2019\/wp-json\/wp\/v2\/types\/page"}],"author":[{"embeddable":true,"href":"https:\/\/triennale-der-moderne.de\/2019\/wp-json\/wp\/v2\/users\/10"}],"replies":[{"embeddable":true,"href":"https:\/\/triennale-der-moderne.de\/2019\/wp-json\/wp\/v2\/comments?post=4097"}],"version-history":[{"count":2,"href":"https:\/\/triennale-der-moderne.de\/2019\/wp-json\/wp\/v2\/pages\/4097\/revisions"}],"predecessor-version":[{"id":4100,"href":"https:\/\/triennale-der-moderne.de\/2019\/wp-json\/wp\/v2\/pages\/4097\/revisions\/4100"}],"wp:attachment":[{"href":"https:\/\/triennale-der-moderne.de\/2019\/wp-json\/wp\/v2\/media?parent=4097"}],"curies":[{"name":"wp","href":"https:\/\/api.w.org\/{rel}","templated":true}]}}