{"id":4091,"date":"2019-02-15T13:22:15","date_gmt":"2019-02-15T12:22:15","guid":{"rendered":"\/2019\/?page_id=4091"},"modified":"2019-02-15T13:23:26","modified_gmt":"2019-02-15T12:23:26","slug":"stadtland","status":"publish","type":"page","link":"\/2019\/stadtland\/","title":{"rendered":"StadtLand"},"content":{"rendered":"<p>Die Zwischenpr\u00e4sentation der Internationalen Bauausstellung (IBA) Th\u00fcringen.<\/p>\n<p>Bis 2023 entwickelt die Internationale Bauausstellung (IBA) Th\u00fcringen mit ihren Partnern ressourcenbewusste Projekte mit gemeinwohlorientierten Werten in und f\u00fcr Th\u00fcringen: innovativ, experimentell, zum Nachahmen. StadtLand ist ihr Thema, es beschreibt die kleinteilige Siedlungsstruktur im Freistaat. 2019 ist das Zwischenpr\u00e4sentationsjahr der IBA Th\u00fcringen. Zu diesem Anlass zeigt sie bei der Ausstellung \u201aStadtLand\u2019 30 \u00fcber ganz Th\u00fcringen verteilte Experimente \u00fcber das Umbauen, Neubauen und Selbermachen in der Provinz. Zentraler Ausstellungsort ist das IBA Projekt Egon-Eiermann-Bau in Apolda, ein Denkmal der Industriemoderne, das die IBA selbst zur Open Factory entwickelt.<\/p>\n<h2>BESUCHERINFORMATIONEN<\/h2>\n<h3>Termin<\/h3>\n<p>24. Mai bis 29. September 2019<\/p>\n<h3>Ausstellungsort<\/h3>\n<p>Egon-Eiermann-Bau, Apolda<\/p>\n","protected":false},"excerpt":{"rendered":"<p>Die Zwischenpr\u00e4sentation der Internationalen Bauausstellung (IBA) Th\u00fcringen. Bis 2023 entwickelt die Internationale Bauausstellung (IBA) Th\u00fcringen mit ihren Partnern ressourcenbewusste Projekte mit gemeinwohlorientierten Werten in und f\u00fcr Th\u00fcringen: innovativ, experimentell, zum Nachahmen. StadtLand ist ihr Thema, es beschreibt die kleinteilige Siedlungsstruktur im Freistaat. 2019 ist das Zwischenpr\u00e4sentationsjahr der IBA Th\u00fcringen. Zu diesem Anlass zeigt sie bei [&hellip;]<\/p>\n","protected":false},"author":10,"featured_media":0,"parent":0,"menu_order":0,"comment_status":"closed","ping_status":"closed","template":"_template_60_40.php","meta":{"_acf_changed":false,"footnotes":""},"class_list":["post-4091","page","type-page","status-publish","hentry"],"acf":[],"_links":{"self":[{"href":"https:\/\/triennale-der-moderne.de\/2019\/wp-json\/wp\/v2\/pages\/4091"}],"collection":[{"href":"https:\/\/triennale-der-moderne.de\/2019\/wp-json\/wp\/v2\/pages"}],"about":[{"href":"https:\/\/triennale-der-moderne.de\/2019\/wp-json\/wp\/v2\/types\/page"}],"author":[{"embeddable":true,"href":"https:\/\/triennale-der-moderne.de\/2019\/wp-json\/wp\/v2\/users\/10"}],"replies":[{"embeddable":true,"href":"https:\/\/triennale-der-moderne.de\/2019\/wp-json\/wp\/v2\/comments?post=4091"}],"version-history":[{"count":3,"href":"https:\/\/triennale-der-moderne.de\/2019\/wp-json\/wp\/v2\/pages\/4091\/revisions"}],"predecessor-version":[{"id":4095,"href":"https:\/\/triennale-der-moderne.de\/2019\/wp-json\/wp\/v2\/pages\/4091\/revisions\/4095"}],"wp:attachment":[{"href":"https:\/\/triennale-der-moderne.de\/2019\/wp-json\/wp\/v2\/media?parent=4091"}],"curies":[{"name":"wp","href":"https:\/\/api.w.org\/{rel}","templated":true}]}}