{"id":4085,"date":"2019-02-15T13:10:34","date_gmt":"2019-02-15T12:10:34","guid":{"rendered":"\/2019\/?page_id=4085"},"modified":"2019-02-15T13:13:03","modified_gmt":"2019-02-15T12:13:03","slug":"jam-session-alles-musik","status":"publish","type":"page","link":"\/2019\/jam-session-alles-musik\/","title":{"rendered":"Jam Session &#8211; ALLES MUSIK!"},"content":{"rendered":"<p>Festivalausklang und Auftakt zugleich!<\/p>\n<p>Im Anschluss an das Konzert treffen sich alle beteiligten ACHAVA und Jazzmeile K\u00fcnstler dieses Wochenendes zur finalen Jam Session in der Weimarhalle. Interessierte Musiker, Musikbegeisterte aus Weimar und die musikalischen G\u00e4ste der Stadt sind herzlich zum Mitmachen eingeladen! Dieser Abend wird das Finale der ACHAVA Festspiele Th\u00fcringen sein und gleichzeitig die Jazzmeile Th\u00fcringen 2019 er\u00f6ffnen!<br \/>\nEine Koproduktion der ACHAVA Festspiele Th\u00fcringen und der Jazzmeile Th\u00fcringen.<\/p>\n<h2>BESUCHERINFORMATIONEN<\/h2>\n<h3>Termin<\/h3>\n<p>29. September 2019, 22.00 Uhr<\/p>\n<h3>Veranstaltungsort<\/h3>\n<p>Weimarhalle<\/p>\n<h3>Eintritt<\/h3>\n<p>Eintritt frei<\/p>\n","protected":false},"excerpt":{"rendered":"<p>Festivalausklang und Auftakt zugleich! Im Anschluss an das Konzert treffen sich alle beteiligten ACHAVA und Jazzmeile K\u00fcnstler dieses Wochenendes zur finalen Jam Session in der Weimarhalle. Interessierte Musiker, Musikbegeisterte aus Weimar und die musikalischen G\u00e4ste der Stadt sind herzlich zum Mitmachen eingeladen! Dieser Abend wird das Finale der ACHAVA Festspiele Th\u00fcringen sein und gleichzeitig die [&hellip;]<\/p>\n","protected":false},"author":10,"featured_media":0,"parent":0,"menu_order":0,"comment_status":"closed","ping_status":"closed","template":"_template_60_40.php","meta":{"_acf_changed":false,"footnotes":""},"class_list":["post-4085","page","type-page","status-publish","hentry"],"acf":[],"_links":{"self":[{"href":"https:\/\/triennale-der-moderne.de\/2019\/wp-json\/wp\/v2\/pages\/4085"}],"collection":[{"href":"https:\/\/triennale-der-moderne.de\/2019\/wp-json\/wp\/v2\/pages"}],"about":[{"href":"https:\/\/triennale-der-moderne.de\/2019\/wp-json\/wp\/v2\/types\/page"}],"author":[{"embeddable":true,"href":"https:\/\/triennale-der-moderne.de\/2019\/wp-json\/wp\/v2\/users\/10"}],"replies":[{"embeddable":true,"href":"https:\/\/triennale-der-moderne.de\/2019\/wp-json\/wp\/v2\/comments?post=4085"}],"version-history":[{"count":2,"href":"https:\/\/triennale-der-moderne.de\/2019\/wp-json\/wp\/v2\/pages\/4085\/revisions"}],"predecessor-version":[{"id":4089,"href":"https:\/\/triennale-der-moderne.de\/2019\/wp-json\/wp\/v2\/pages\/4085\/revisions\/4089"}],"wp:attachment":[{"href":"https:\/\/triennale-der-moderne.de\/2019\/wp-json\/wp\/v2\/media?parent=4085"}],"curies":[{"name":"wp","href":"https:\/\/api.w.org\/{rel}","templated":true}]}}