{"id":4060,"date":"2019-02-15T12:26:49","date_gmt":"2019-02-15T11:26:49","guid":{"rendered":"\/2019\/?page_id=4060"},"modified":"2019-02-15T12:32:14","modified_gmt":"2019-02-15T11:32:14","slug":"laternen-spaziergang","status":"publish","type":"page","link":"\/2019\/laternen-spaziergang\/","title":{"rendered":"Laternen-Spaziergang"},"content":{"rendered":"<p>Spazieren Sie wie die \u00bbBauh\u00e4usler\u00ab zu ihrem j\u00e4hrlichen Laternenfest mit Lampions vorbei an den ehemaligen Wohnh\u00e4usern und Ateliers der Meister, durch den n\u00e4chtlichen Ilmpark zum Haus Am Horn und erfahren Sie dabei Historisches und Anekdotisches von den Anf\u00e4ngen des Staatlichen Bauhauses.<\/p>\n<h2>BESUCHERINFORMATIONEN<\/h2>\n<h3><\/h3>\n<h3>Termin<\/h3>\n<p>28. September, 21.30 Uhr<\/p>\n<h3>Treffpunkt<\/h3>\n<p>Theaterplatz, 99423 Weimar<\/p>\n<h3>Eintritt<\/h3>\n<p>12 \u20ac, erm\u00e4\u00dfigt 8 \u20ac, inkl. Laterne und Kulturf\u00f6rderabgabe der Stadt Weimar<br \/>\nTourist Information Weimar oder online \u00fcber www.weimar.de\/veranstaltungen<br \/>\nDiese F\u00fchrung ist f\u00fcr Personen mit Geheinschr\u00e4nkungen nicht geeignet<\/p>\n<h3>Dauer<\/h3>\n<p>2 Stunden, max. 25 Personen, in deutscher Sprache<\/p>\n","protected":false},"excerpt":{"rendered":"<p>Spazieren Sie wie die \u00bbBauh\u00e4usler\u00ab zu ihrem j\u00e4hrlichen Laternenfest mit Lampions vorbei an den ehemaligen Wohnh\u00e4usern und Ateliers der Meister, durch den n\u00e4chtlichen Ilmpark zum Haus Am Horn und erfahren Sie dabei Historisches und Anekdotisches von den Anf\u00e4ngen des Staatlichen Bauhauses. BESUCHERINFORMATIONEN Termin 28. September, 21.30 Uhr Treffpunkt Theaterplatz, 99423 Weimar Eintritt 12 \u20ac, erm\u00e4\u00dfigt [&hellip;]<\/p>\n","protected":false},"author":10,"featured_media":0,"parent":0,"menu_order":0,"comment_status":"closed","ping_status":"closed","template":"_template_60_40.php","meta":{"_acf_changed":false,"footnotes":""},"class_list":["post-4060","page","type-page","status-publish","hentry"],"acf":[],"_links":{"self":[{"href":"https:\/\/triennale-der-moderne.de\/2019\/wp-json\/wp\/v2\/pages\/4060"}],"collection":[{"href":"https:\/\/triennale-der-moderne.de\/2019\/wp-json\/wp\/v2\/pages"}],"about":[{"href":"https:\/\/triennale-der-moderne.de\/2019\/wp-json\/wp\/v2\/types\/page"}],"author":[{"embeddable":true,"href":"https:\/\/triennale-der-moderne.de\/2019\/wp-json\/wp\/v2\/users\/10"}],"replies":[{"embeddable":true,"href":"https:\/\/triennale-der-moderne.de\/2019\/wp-json\/wp\/v2\/comments?post=4060"}],"version-history":[{"count":4,"href":"https:\/\/triennale-der-moderne.de\/2019\/wp-json\/wp\/v2\/pages\/4060\/revisions"}],"predecessor-version":[{"id":4066,"href":"https:\/\/triennale-der-moderne.de\/2019\/wp-json\/wp\/v2\/pages\/4060\/revisions\/4066"}],"wp:attachment":[{"href":"https:\/\/triennale-der-moderne.de\/2019\/wp-json\/wp\/v2\/media?parent=4060"}],"curies":[{"name":"wp","href":"https:\/\/api.w.org\/{rel}","templated":true}]}}