{"id":4043,"date":"2019-02-15T11:57:47","date_gmt":"2019-02-15T10:57:47","guid":{"rendered":"\/2019\/?page_id=4043"},"modified":"2019-02-15T12:03:34","modified_gmt":"2019-02-15T11:03:34","slug":"trias-das-triadische-ballett","status":"publish","type":"page","link":"\/2019\/trias-das-triadische-ballett\/","title":{"rendered":"TRIAS &#8211; Das Triadische Ballett"},"content":{"rendered":"<p>Theater der Kl\u00e4nge D\u00fcsseldorf<br \/>\nNeuinterpretation zu Oskar Schlemmers \u201eDas Triadische Ballett\u201c<\/p>\n<p>TRIAS ist eine Neuinterpretation des Entwurfs zum \u201etriadischen Ballett\u201c von Oskar Schlemmer aus dem Jahr 1922. Die Figurinen wurden soweit wie m\u00f6glich aufw\u00e4ndig originalgetreu rekonstruiert. Die neu geschaffene Musik wie die Choreografie wurden angelehnt an Oskar Schlemmers Inszenierung und entsprechen dem Urauff\u00fchrungsablauf, wie Schlemmer diesen 1922\/23 in Stuttgart und Weimar selber zur Auff\u00fchrung brachte. S\u00e4mtliche Choreografien und Musiken zu den einzelnen S\u00e4tzen sind, ebenso wie die abschlie\u00dfende 12. Szene, Neukreationen des THEATERs DER KL\u00c4NGE. Zwischen den Akten agieren zwei musikalische Clowns, die von den Clownerien Schlemmers inspiriert sind. TRIAS wurde 2015 in D\u00fcsseldorf mit gro\u00dfem Erfolg uraufgef\u00fchrt.<\/p>\n<p>Eine Koproduktion der ACHAVA Festspiele Th\u00fcringen und der Bauhaus Universit\u00e4t Weimar.<\/p>\n<h2>BESUCHERINFORMATIONEN<\/h2>\n<h3><\/h3>\n<h3>Termin<\/h3>\n<p>Freitag, 27. September 2019, 21:00 Uhr<\/p>\n<h3>Veranstaltungsort<\/h3>\n<p>Weimarhalle | Gro\u00dfer Saal<\/p>\n<h3>Eintritt<\/h3>\n<p>PK 1: 25,00 \u20ac | 20,00 \u20ac erm.<br \/>\nPK 2: 20,00 \u20ac | 15,00 \u20ac erm.<\/p>\n<h3><\/h3>\n","protected":false},"excerpt":{"rendered":"<p>Theater der Kl\u00e4nge D\u00fcsseldorf Neuinterpretation zu Oskar Schlemmers \u201eDas Triadische Ballett\u201c TRIAS ist eine Neuinterpretation des Entwurfs zum \u201etriadischen Ballett\u201c von Oskar Schlemmer aus dem Jahr 1922. Die Figurinen wurden soweit wie m\u00f6glich aufw\u00e4ndig originalgetreu rekonstruiert. Die neu geschaffene Musik wie die Choreografie wurden angelehnt an Oskar Schlemmers Inszenierung und entsprechen dem Urauff\u00fchrungsablauf, wie Schlemmer [&hellip;]<\/p>\n","protected":false},"author":10,"featured_media":0,"parent":0,"menu_order":0,"comment_status":"closed","ping_status":"closed","template":"_template_60_40.php","meta":{"_acf_changed":false,"footnotes":""},"class_list":["post-4043","page","type-page","status-publish","hentry"],"acf":[],"_links":{"self":[{"href":"https:\/\/triennale-der-moderne.de\/2019\/wp-json\/wp\/v2\/pages\/4043"}],"collection":[{"href":"https:\/\/triennale-der-moderne.de\/2019\/wp-json\/wp\/v2\/pages"}],"about":[{"href":"https:\/\/triennale-der-moderne.de\/2019\/wp-json\/wp\/v2\/types\/page"}],"author":[{"embeddable":true,"href":"https:\/\/triennale-der-moderne.de\/2019\/wp-json\/wp\/v2\/users\/10"}],"replies":[{"embeddable":true,"href":"https:\/\/triennale-der-moderne.de\/2019\/wp-json\/wp\/v2\/comments?post=4043"}],"version-history":[{"count":3,"href":"https:\/\/triennale-der-moderne.de\/2019\/wp-json\/wp\/v2\/pages\/4043\/revisions"}],"predecessor-version":[{"id":4050,"href":"https:\/\/triennale-der-moderne.de\/2019\/wp-json\/wp\/v2\/pages\/4043\/revisions\/4050"}],"wp:attachment":[{"href":"https:\/\/triennale-der-moderne.de\/2019\/wp-json\/wp\/v2\/media?parent=4043"}],"curies":[{"name":"wp","href":"https:\/\/api.w.org\/{rel}","templated":true}]}}