{"id":4015,"date":"2019-02-14T16:59:26","date_gmt":"2019-02-14T15:59:26","guid":{"rendered":"\/2019\/?page_id=4015"},"modified":"2022-03-09T13:23:54","modified_gmt":"2022-03-09T12:23:54","slug":"bauhaus-spaziergang","status":"publish","type":"page","link":"\/2019\/bauhaus-spaziergang\/","title":{"rendered":"Bauhaus-Spaziergang (Weimar 2019)"},"content":{"rendered":"<p>Spazieren Sie auf den Spuren des fr\u00fchen Bauhauses durch die historischen Orte und erleben Sie dabei Geschichte und Gegenwart der Bauhaus-Universit\u00e4t Weimar!\u00a0Der Kleine Spaziergang f\u00fchrt Sie durch das van-de-Velde-Ensemble an der Bauhaus-Universit\u00e4t Weimar, mit Besichtigung des Foyers, der Treppenh\u00e4user, Wandbilder, Ateliers und des Direktoren-Zimmers. Der Gro\u00dfe Spaziergang Ilmpark geht danach weiter durch den Park an der Ilm zum Tempelherrenhaus sowie zum Haus Am Horn.<\/p>\n<h2>BESUCHERINFORMATIONEN<\/h2>\n<h3><\/h3>\n<h3>Termin<\/h3>\n<p>27., 28. und 29. September, jeweils 14 Uhr<\/p>\n<h3>Treffpunkt<\/h3>\n<p>Bauhaus.Atelier | Info Shop Caf\u00e9, Geschwister-Scholl-Stra\u00dfe 6a, 99423 Weimar<\/p>\n<h3>Eintritt<\/h3>\n<p>Kleiner Spaziergang 7 \u20ac, erm\u00e4\u00dfigt 5 \u20ac<br \/>\nGro\u00dfer Spaziergang 12 \u20ac, erm\u00e4\u00dfigt 8 \u20ac<br \/>\nTickets erhalten Sie am Treffpunkt oder \u00fcber die Tourist Information Weimar<\/p>\n<h3>Dauer<\/h3>\n<p>1,5 bzw. 2,5 Stunden, max. 25 Personen, in deutscher Sprache<\/p>\n","protected":false},"excerpt":{"rendered":"<p>Spazieren Sie auf den Spuren des fr\u00fchen Bauhauses durch die historischen Orte und erleben Sie dabei Geschichte und Gegenwart der Bauhaus-Universit\u00e4t Weimar!\u00a0Der Kleine Spaziergang f\u00fchrt Sie durch das van-de-Velde-Ensemble an der Bauhaus-Universit\u00e4t Weimar, mit Besichtigung des Foyers, der Treppenh\u00e4user, Wandbilder, Ateliers und des Direktoren-Zimmers. Der Gro\u00dfe Spaziergang Ilmpark geht danach weiter durch den Park an [&hellip;]<\/p>\n","protected":false},"author":10,"featured_media":0,"parent":0,"menu_order":0,"comment_status":"closed","ping_status":"closed","template":"_template_60_40.php","meta":{"_acf_changed":false,"footnotes":""},"class_list":["post-4015","page","type-page","status-publish","hentry"],"acf":[],"_links":{"self":[{"href":"https:\/\/triennale-der-moderne.de\/2019\/wp-json\/wp\/v2\/pages\/4015"}],"collection":[{"href":"https:\/\/triennale-der-moderne.de\/2019\/wp-json\/wp\/v2\/pages"}],"about":[{"href":"https:\/\/triennale-der-moderne.de\/2019\/wp-json\/wp\/v2\/types\/page"}],"author":[{"embeddable":true,"href":"https:\/\/triennale-der-moderne.de\/2019\/wp-json\/wp\/v2\/users\/10"}],"replies":[{"embeddable":true,"href":"https:\/\/triennale-der-moderne.de\/2019\/wp-json\/wp\/v2\/comments?post=4015"}],"version-history":[{"count":9,"href":"https:\/\/triennale-der-moderne.de\/2019\/wp-json\/wp\/v2\/pages\/4015\/revisions"}],"predecessor-version":[{"id":4295,"href":"https:\/\/triennale-der-moderne.de\/2019\/wp-json\/wp\/v2\/pages\/4015\/revisions\/4295"}],"wp:attachment":[{"href":"https:\/\/triennale-der-moderne.de\/2019\/wp-json\/wp\/v2\/media?parent=4015"}],"curies":[{"name":"wp","href":"https:\/\/api.w.org\/{rel}","templated":true}]}}