{"id":40,"date":"2013-05-04T10:08:32","date_gmt":"2013-05-04T10:08:32","guid":{"rendered":"http:\/\/www.triennale-der-moderne.de\/\/?page_id=40"},"modified":"2022-03-16T08:25:07","modified_gmt":"2022-03-16T07:25:07","slug":"schwerpunkt-kontakt-2","status":"publish","type":"page","link":"\/2019\/weimar\/schwerpunkt-kontakt-2\/","title":{"rendered":"Schwerpunkt &amp; Kontakt (Weimar)"},"content":{"rendered":"<h3>1.\u00a0Triennale-Wochenende 26.-29.10.2019<\/h3>\n<p class=\"p1\"><span class=\"s1\"><br \/>Im Begriff die Baukultur nachhaltig zu reformieren, vereinte Walter Gropius zum 1. April 1919 die von Henry van de Velde gepr\u00e4gte Gro\u00dfherzogliche S\u00e4chsische Kunstgewerbeschule mit der 1860 gegr\u00fcndeten Gro\u00dfherzoglichen Kunsthochschule zum Staatlichen Bauhaus Weimar. Von Beginn an in der Weimarer Republik und in konservativen st\u00e4dtischen Kreisen auch kontrovers diskutiert, gelang es Gropius die gro\u00dfe k\u00fcnstlerische Vielfalt der Bauhaus-Werkst\u00e4tten zu einem offenen, international ausgerichteten Wirkungsort und einem wichtigen Treffpunkt der europ\u00e4ischen Avantgarde zu b\u00fcndeln.<\/span><\/p>\n<p class=\"p1\"><span class=\"s1\">2019 j\u00e4hrt sich die Gr\u00fcndung des Bauhauses zum hundertsten Mal. Noch heute ist der Mythos der ber\u00fchmtesten Kunst- und Designschule des 20. Jahrhunderts in Weimar zu sp\u00fcren. <\/span><\/p>\n<p class=\"p1\"><span class=\"s1\">Ab April 2019 feiert der Gr\u00fcndungsort das Bauhausjubil\u00e4um. In der zweiten Jahresh\u00e4lfte bildet das Triennale-Wochenende mit Konzerten, dem neu er\u00f6ffneten bauhaus museum weimar und den Welterbest\u00e4tten, darunter das auf seine urspr\u00fcngliche Form und Materialit\u00e4t zur\u00fcckgef\u00fchrte Musterhaus Am Horn, den H\u00f6hepunkt der Jubil\u00e4umsfeierlichkeiten. Die weltweit<br \/>\u00e4lteste und von Walter Gropius schon 1925 angelegte Bauhaus-Sammlung zeigt das bauhaus museum weimar am neuen Standort im Quartier Weimarer Moderne.<\/span><\/p>\n<h1>Kontakt<\/h1>\n<p><strong>Programm und Organisation<br \/><\/strong>Tourist-Information Weimar \u00a0<br \/>Tel. +49 &#8211; (0)3643 &#8211; 7450<br \/><a href=\"http:\/\/www.weimar.de\" target=\"_blank\" rel=\"noopener\">www.weimar.de<\/a><\/p>\n\n\n<p><\/p>\n","protected":false},"excerpt":{"rendered":"<p>1.\u00a0Triennale-Wochenende 26.-29.10.2019 Im Begriff die Baukultur nachhaltig zu reformieren, vereinte Walter Gropius zum 1. April 1919 die von Henry van de Velde gepr\u00e4gte Gro\u00dfherzogliche S\u00e4chsische Kunstgewerbeschule mit der 1860 gegr\u00fcndeten Gro\u00dfherzoglichen Kunsthochschule zum Staatlichen Bauhaus Weimar. Von Beginn an in der Weimarer Republik und in konservativen st\u00e4dtischen Kreisen auch kontrovers diskutiert, gelang es Gropius die [&hellip;]<\/p>\n","protected":false},"author":2,"featured_media":0,"parent":3835,"menu_order":2,"comment_status":"open","ping_status":"open","template":"_template_60_40.php","meta":{"_acf_changed":false,"footnotes":""},"class_list":["post-40","page","type-page","status-publish","hentry"],"acf":[],"_links":{"self":[{"href":"https:\/\/triennale-der-moderne.de\/2019\/wp-json\/wp\/v2\/pages\/40"}],"collection":[{"href":"https:\/\/triennale-der-moderne.de\/2019\/wp-json\/wp\/v2\/pages"}],"about":[{"href":"https:\/\/triennale-der-moderne.de\/2019\/wp-json\/wp\/v2\/types\/page"}],"author":[{"embeddable":true,"href":"https:\/\/triennale-der-moderne.de\/2019\/wp-json\/wp\/v2\/users\/2"}],"replies":[{"embeddable":true,"href":"https:\/\/triennale-der-moderne.de\/2019\/wp-json\/wp\/v2\/comments?post=40"}],"version-history":[{"count":10,"href":"https:\/\/triennale-der-moderne.de\/2019\/wp-json\/wp\/v2\/pages\/40\/revisions"}],"predecessor-version":[{"id":4305,"href":"https:\/\/triennale-der-moderne.de\/2019\/wp-json\/wp\/v2\/pages\/40\/revisions\/4305"}],"up":[{"embeddable":true,"href":"https:\/\/triennale-der-moderne.de\/2019\/wp-json\/wp\/v2\/pages\/3835"}],"wp:attachment":[{"href":"https:\/\/triennale-der-moderne.de\/2019\/wp-json\/wp\/v2\/media?parent=40"}],"curies":[{"name":"wp","href":"https:\/\/api.w.org\/{rel}","templated":true}]}}