{"id":3984,"date":"2019-02-14T11:09:00","date_gmt":"2019-02-14T10:09:00","guid":{"rendered":"\/2019\/?page_id=3984"},"modified":"2019-03-01T12:17:44","modified_gmt":"2019-03-01T11:17:44","slug":"erfurthaifa-architekturen-der-moderne-in-dialogischen-bildern","status":"publish","type":"page","link":"\/2019\/erfurthaifa-architekturen-der-moderne-in-dialogischen-bildern\/","title":{"rendered":"Erfurt\/Haifa. Architekturen der Moderne in dialogischen Bildern"},"content":{"rendered":"<p>Foto-Ausstellung | studentisches Projekt<\/p>\n<p>Prof. Dr. Ines Weizman &#8211; Professur Architekturtheorie der Bauhaus Universit\u00e4t<br \/>\nDr. Mark Escherich &#8211; Lehrstuhl Denkmalpflege und Baugeschichte der Bauhaus Universit\u00e4t<br \/>\nJens Hausprung \u2013 Lehrstuhl Visuelle Kommunikation der Bauhaus Universit\u00e4t<\/p>\n<p>Die St\u00e4dtepartner Erfurt und Haifa haben mit der Architektur des Neuen Bauens einen besonderen Schnittpunkt. In den 1920ern pr\u00e4gte sie die Stadt Erfurt sowie in den 1930ern die sich rasant am K\u00fcstenstreifen und an den Carmelh\u00fcgeln ausbreitende Stadt Haifa. In dialogischen Dokumentationen, Multimedia und Architekturfotografien lassen sich Gemeinsamkeiten und Unterschiede erkennen. Mit der nationalsozialistischen Herrschaft in Deutschland hat die Architektur der Moderne in der einen Stadt ein abruptes Ende gefunden, w\u00e4hrend sie in der anderen Stadt unter anderem f\u00fcr einen Neubeginn in einer neuen Heimat der von eben dieser Herrschaft Vertriebenen stand.<\/p>\n<p>Eine Koproduktion der ACHAVA Festspiele Th\u00fcringen, der Bauhaus Universit\u00e4t Weimar und der Stadt Erfurt.<\/p>\n<h2>Besucherinformationen<\/h2>\n<h3>Veranstaltungsort<\/h3>\n<p>Weimarhalle,\u00a0Foyer<br \/>\nUNESCO-Platz 1<br \/>\n99423 Weimar<\/p>\n<h3>Preise<\/h3>\n<p>Eintritt frei<\/p>\n<h3>Beginn<\/h3>\n<p>Vernissage: 25. September 2019<br \/>\n18:00 Uhr<br \/>\n26. bis 29. September 2019<br \/>\n12:00 bis 22:00 Uhr<\/p>\n","protected":false},"excerpt":{"rendered":"<p>Foto-Ausstellung | studentisches Projekt Prof. Dr. Ines Weizman &#8211; Professur Architekturtheorie der Bauhaus Universit\u00e4t Dr. Mark Escherich &#8211; Lehrstuhl Denkmalpflege und Baugeschichte der Bauhaus Universit\u00e4t Jens Hausprung \u2013 Lehrstuhl Visuelle Kommunikation der Bauhaus Universit\u00e4t Die St\u00e4dtepartner Erfurt und Haifa haben mit der Architektur des Neuen Bauens einen besonderen Schnittpunkt. In den 1920ern pr\u00e4gte sie die [&hellip;]<\/p>\n","protected":false},"author":10,"featured_media":0,"parent":0,"menu_order":0,"comment_status":"closed","ping_status":"closed","template":"_template_60_40.php","meta":{"_acf_changed":false,"footnotes":""},"class_list":["post-3984","page","type-page","status-publish","hentry"],"acf":[],"_links":{"self":[{"href":"https:\/\/triennale-der-moderne.de\/2019\/wp-json\/wp\/v2\/pages\/3984"}],"collection":[{"href":"https:\/\/triennale-der-moderne.de\/2019\/wp-json\/wp\/v2\/pages"}],"about":[{"href":"https:\/\/triennale-der-moderne.de\/2019\/wp-json\/wp\/v2\/types\/page"}],"author":[{"embeddable":true,"href":"https:\/\/triennale-der-moderne.de\/2019\/wp-json\/wp\/v2\/users\/10"}],"replies":[{"embeddable":true,"href":"https:\/\/triennale-der-moderne.de\/2019\/wp-json\/wp\/v2\/comments?post=3984"}],"version-history":[{"count":3,"href":"https:\/\/triennale-der-moderne.de\/2019\/wp-json\/wp\/v2\/pages\/3984\/revisions"}],"predecessor-version":[{"id":4141,"href":"https:\/\/triennale-der-moderne.de\/2019\/wp-json\/wp\/v2\/pages\/3984\/revisions\/4141"}],"wp:attachment":[{"href":"https:\/\/triennale-der-moderne.de\/2019\/wp-json\/wp\/v2\/media?parent=3984"}],"curies":[{"name":"wp","href":"https:\/\/api.w.org\/{rel}","templated":true}]}}