{"id":3872,"date":"2018-08-08T14:20:16","date_gmt":"2018-08-08T12:20:16","guid":{"rendered":"\/2019\/?page_id=3872"},"modified":"2018-08-08T15:06:57","modified_gmt":"2018-08-08T13:06:57","slug":"schwerpunkt-kontakt-dessau","status":"publish","type":"page","link":"\/2019\/dessau\/schwerpunkt-kontakt-dessau\/","title":{"rendered":"Schwerpunkt &#038; Kontakt (Dessau)"},"content":{"rendered":"<h3><strong>2. Triennale-Wochenende 4.-6.10.2019<\/strong><\/h3>\n<p class=\"p1\">\n<p class=\"p1\">Stahl, Beton, Glas sind elementare Bestandteile des Neuen Bauens. Durch den neuartigen Einsatz dieser Baustoffe wird der Architektur der Moderne eine ganz eigene und markante Formensprache verliehen. Dessau ist weltweit die Stadt mit den meisten originalen Bauhausbauten und die Stiftung Bauhaus Dessau forscht intensiv zur Bedeutung des Materials zur Architektursprache der Moderne.<\/p>\n<p class=\"p1\">Mit gleich zwei Ausstellungen zum Thema er\u00f6ffnet die Stiftung Bauhaus Dessau zusammen mit der Stadt Dessau-Ro\u00dflau das Triennale-Wochenende. So pr\u00e4sentiert die Stiftung im Bauhausgeb\u00e4ude ihre neue Ausstellung des Bauforschungsarchives \u2013 ein weltweit einmaliges Archiv, in dem Baumaterialien und Bauobjekte zur Architektur der Moderne gesammelt, erforscht und bewahrt werden. Ein weiteres Highlight ist die Ausstellung <i>Transferumbau<\/i> des Partners The White City Center. Die Schau bietet Einblicke in die Geschichte der weltber\u00fchmten Architektur der Moderne und ihrer Materialien in Tel Aviv.<\/p>\n<p class=\"p1\">Die Besucher der Triennale sind dar\u00fcber hinaus eingeladen, im gesamten Stadtgebiet Bauten der Moderne zu erkunden, sich auf Entdeckertour durch verschiedene Geb\u00e4ude und auf Spurensuche nach Materialien und Lebensr\u00e4umen der Moderne zu begeben.<\/p>\n<h1>Kontakt<\/h1>\n<p><strong>Programm und Organisation<br \/>\n<\/strong>Stiftung Bauhaus Dessau \u00b7 Tel. +49 &#8211; (0)340 &#8211;\u00a065080 &#8211; 250<br \/>\n<a href=\"http:\/\/www.bauhaus-dessau.de\" target=\"_blank\">www.bauhaus-dessau.de<\/a><\/p>\n<p><strong>Information zum Programm<\/strong><\/p>\n<ul class=\"arrow\">\n<li><a href=\"\/2019\/sonder-veranstaltungen-2\/\">Sonderveranstaltungen 2019<\/a><\/li>\n<li><a href=\"\/2019\/triennale-wochenende-iii\/\">2. Triennale-Wochenende 4.-6.10.2019<\/a><\/li>\n<li><a href=\"\/2019\/komplettes-programm-2\/\">Komplettes Programm in Dessau<\/a><\/li>\n<\/ul>\n","protected":false},"excerpt":{"rendered":"<p>2. Triennale-Wochenende 4.-6.10.2019 Stahl, Beton, Glas sind elementare Bestandteile des Neuen Bauens. Durch den neuartigen Einsatz dieser Baustoffe wird der Architektur der Moderne eine ganz eigene und markante Formensprache verliehen. Dessau ist weltweit die Stadt mit den meisten originalen Bauhausbauten und die Stiftung Bauhaus Dessau forscht intensiv zur Bedeutung des Materials zur Architektursprache der Moderne. [&hellip;]<\/p>\n","protected":false},"author":1,"featured_media":0,"parent":3837,"menu_order":0,"comment_status":"closed","ping_status":"closed","template":"_template_60_40.php","meta":{"_acf_changed":false,"footnotes":""},"class_list":["post-3872","page","type-page","status-publish","hentry"],"acf":[],"_links":{"self":[{"href":"https:\/\/triennale-der-moderne.de\/2019\/wp-json\/wp\/v2\/pages\/3872"}],"collection":[{"href":"https:\/\/triennale-der-moderne.de\/2019\/wp-json\/wp\/v2\/pages"}],"about":[{"href":"https:\/\/triennale-der-moderne.de\/2019\/wp-json\/wp\/v2\/types\/page"}],"author":[{"embeddable":true,"href":"https:\/\/triennale-der-moderne.de\/2019\/wp-json\/wp\/v2\/users\/1"}],"replies":[{"embeddable":true,"href":"https:\/\/triennale-der-moderne.de\/2019\/wp-json\/wp\/v2\/comments?post=3872"}],"version-history":[{"count":22,"href":"https:\/\/triennale-der-moderne.de\/2019\/wp-json\/wp\/v2\/pages\/3872\/revisions"}],"predecessor-version":[{"id":3905,"href":"https:\/\/triennale-der-moderne.de\/2019\/wp-json\/wp\/v2\/pages\/3872\/revisions\/3905"}],"up":[{"embeddable":true,"href":"https:\/\/triennale-der-moderne.de\/2019\/wp-json\/wp\/v2\/pages\/3837"}],"wp:attachment":[{"href":"https:\/\/triennale-der-moderne.de\/2019\/wp-json\/wp\/v2\/media?parent=3872"}],"curies":[{"name":"wp","href":"https:\/\/api.w.org\/{rel}","templated":true}]}}