{"id":3225,"date":"2016-08-29T10:37:18","date_gmt":"2016-08-29T08:37:18","guid":{"rendered":"\/?page_id=3225"},"modified":"2019-02-12T15:59:21","modified_gmt":"2019-02-12T14:59:21","slug":"stimmen-des-volkes","status":"publish","type":"page","link":"\/2019\/stimmen-des-volkes\/","title":{"rendered":"Stimmen des Volkes"},"content":{"rendered":"<p>Er\u00f6ffnungskonzert der \u201eTriennale der Moderne\u201c Weimar &#8211; Urauff\u00fchrung<br \/>\nMAYBEBOP &#8211; A-capella-Gesang<br \/>\nStaatskapelle Weimar<br \/>\nStefan Lano &#8211; Dirigent<\/p>\n<p>Das \u00e4lteste Orchester Deutschlands, die STAATSKAPELLE WEIMAR, trifft auf die junge und europaweit gefeierte A-cappella-Formation MAYBEBOP. Das Volkslied als urspr\u00fcnglichste Ausdrucksform der Menschen wird in den gro\u00dfen Konzertsaal zur\u00fcckgeholt. Gepaart mit internationalen Songs steht das Zusammenspiel von Orchesterklang und A-cappella-Gesang im Mittelpunkt. Die Lieder werden ins Heute \u00fcbertragen und zeitgem\u00e4\u00df\/unzeitgem\u00e4\u00df auch f\u00fcr ein junges Publikum arrangiert. Mitsingen ist unbedingt erw\u00fcnschtes Ziel des Abends! Der Liedermix l\u00e4dt das Publikum im Bauhausjubil\u00e4um auf eine Reise in die Vergangenheit und Zukunft ein.<\/p>\n<p>Eine Koproduktion der ACHAVA Festspiele Th\u00fcringen mit MAYBEBOP, der Stadt Weimar und dem DNT &amp; Staatskapelle Weimar<\/p>\n<p>&nbsp;<\/p>\n<h2>Besucherinformationen<\/h2>\n<h3>Veranstaltungsort<\/h3>\n<p>Weimarhalle, Gro\u00dfer Saal<br \/>\nUNESCO-Platz 1<br \/>\n99423 Weimar<\/p>\n<h3>Preise<\/h3>\n<p>PK 1: 40,00 \u20ac | 35,00 \u20ac erm.<br \/>\nPK 2: 30,00 \u20ac | 25,00 \u20ac erm.<\/p>\n<h3>Beginn<\/h3>\n<p>19:30 Uhr<\/p>\n<h3><\/h3>\n","protected":false},"excerpt":{"rendered":"<p>Er\u00f6ffnungskonzert der \u201eTriennale der Moderne\u201c Weimar &#8211; Urauff\u00fchrung MAYBEBOP &#8211; A-capella-Gesang Staatskapelle Weimar Stefan Lano &#8211; Dirigent Das \u00e4lteste Orchester Deutschlands, die STAATSKAPELLE WEIMAR, trifft auf die junge und europaweit gefeierte A-cappella-Formation MAYBEBOP. Das Volkslied als urspr\u00fcnglichste Ausdrucksform der Menschen wird in den gro\u00dfen Konzertsaal zur\u00fcckgeholt. Gepaart mit internationalen Songs steht das Zusammenspiel von Orchesterklang [&hellip;]<\/p>\n","protected":false},"author":2,"featured_media":0,"parent":0,"menu_order":0,"comment_status":"closed","ping_status":"closed","template":"_template_60_40.php","meta":{"_acf_changed":false,"footnotes":""},"class_list":["post-3225","page","type-page","status-publish","hentry"],"acf":[],"_links":{"self":[{"href":"https:\/\/triennale-der-moderne.de\/2019\/wp-json\/wp\/v2\/pages\/3225"}],"collection":[{"href":"https:\/\/triennale-der-moderne.de\/2019\/wp-json\/wp\/v2\/pages"}],"about":[{"href":"https:\/\/triennale-der-moderne.de\/2019\/wp-json\/wp\/v2\/types\/page"}],"author":[{"embeddable":true,"href":"https:\/\/triennale-der-moderne.de\/2019\/wp-json\/wp\/v2\/users\/2"}],"replies":[{"embeddable":true,"href":"https:\/\/triennale-der-moderne.de\/2019\/wp-json\/wp\/v2\/comments?post=3225"}],"version-history":[{"count":11,"href":"https:\/\/triennale-der-moderne.de\/2019\/wp-json\/wp\/v2\/pages\/3225\/revisions"}],"predecessor-version":[{"id":3965,"href":"https:\/\/triennale-der-moderne.de\/2019\/wp-json\/wp\/v2\/pages\/3225\/revisions\/3965"}],"wp:attachment":[{"href":"https:\/\/triennale-der-moderne.de\/2019\/wp-json\/wp\/v2\/media?parent=3225"}],"curies":[{"name":"wp","href":"https:\/\/api.w.org\/{rel}","templated":true}]}}