{"id":20,"date":"2013-05-04T10:06:47","date_gmt":"2013-05-04T10:06:47","guid":{"rendered":"http:\/\/www.triennale-der-moderne.de\/\/?page_id=20"},"modified":"2018-08-08T14:42:28","modified_gmt":"2018-08-08T12:42:28","slug":"schwerpunkt-kontakt","status":"publish","type":"page","link":"\/2019\/schwerpunkt-kontakt\/","title":{"rendered":"Schwerpunkt &amp; Kontakt (Berlin)"},"content":{"rendered":"<h4>3. Triennale-Wochenende 11.-13.10.2019<\/h4>\n<p class=\"p1\">\nBerlin pr\u00e4sentiert sich als Welterbestadt der Moderne. Ziel der diesj\u00e4hrigen Triennale ist es, insbesondere das als UNESCO-Welterbe ausgezeichnete Erbe der Architektur- und Designschule Bauhaus st\u00e4rker ins Bewusstsein zu r\u00fccken. Obwohl das Bauhaus als Bildungsst\u00e4tte nur 14 Jahre bis zur seiner Schlie\u00dfung auf Druck der Nationalsozialisten bestand, wirken seine\u00a0 Ans\u00e4tze und Ideen weltweit bis in die Gegenwart fort.<\/p>\n<p class=\"p1\"><span class=\"s1\">Die Reformbewegungen, die der Gr\u00fcndung des Bauhauses vorangingen, hatten sich im fr\u00fchen 20. Jahrhundert und\u00a0w\u00e4hrend der Zeit der Weimarer Republik vor allem der Verbesserung der Lebensbedingungen verschrieben. Das Motto \u201eLicht, Luft und Sonne\u201c fand seinen architektonischen Ausdruck in den zahlreichen, \u00fcber ganz Deutschland verteilten Wohnsiedlungen der Moderne. <\/span><\/p>\n<p class=\"p1\"><span class=\"s1\">Die sich \u00fcber sieben Berliner Bezirke verteilenden Welterbest\u00e4tten \u201eSiedlungen der Berliner Moderne\u201c wurden durch\u00a0ihre qualit\u00e4tsvolle Baukunst, ihre Formensprache, ihre Wohnungsgrundrisse und die st\u00e4dtebaulichen Figuren der Siedlungen zum Vorbild f\u00fcr die Architektur des 20. Jahrhunderts. Berlin verf\u00fcgt \u00fcber die Welterbest\u00e4tten hinaus \u00fcber ein reiches Erbe, an dem sich Ideen und Wirkungen der Moderne eindrucksvoll nachvollziehen lassen.<\/span><\/p>\n<h1>Kontakt<\/h1>\n<p><strong>Programm und Organisation<br \/>\n<\/strong><span class=\"s1\">Landesdenkmalamt Berlin<\/span> \u00b7 Tel. +49 \u2013 (0)30 \u2013<span class=\"s1\">90 259 -3620<br \/>\n<\/span><a href=\"http:\/\/www.berlin.de\/landesdenkmalamt\"><span class=\"s1\">www.berlin.de\/landesdenkmalamt<\/span><\/a><\/p>\n<p>&nbsp;<\/p>\n<p><strong>Information zum Programm<\/strong><\/p>\n<ul class=\"arrow\">\n<li><a href=\"http:\/\/triennale-der-moderne.de\/berlin\/sonder-veranstaltungen\/\">Sonderveranstaltungen 2019<\/a><\/li>\n<li><a href=\"http:\/\/triennale-der-moderne.de\/berlin\/triennale-wochenende-i\/\">3. Triennale-Wochenende 11.-13.10.2016<\/a><\/li>\n<li><a href=\"http:\/\/triennale-der-moderne.de\/berlin\/komplettes-programm\/\">Komplettes Programm<\/a><\/li>\n<\/ul>\n","protected":false},"excerpt":{"rendered":"<p>3. Triennale-Wochenende 11.-13.10.2019 Berlin pr\u00e4sentiert sich als Welterbestadt der Moderne. Ziel der diesj\u00e4hrigen Triennale ist es, insbesondere das als UNESCO-Welterbe ausgezeichnete Erbe der Architektur- und Designschule Bauhaus st\u00e4rker ins Bewusstsein zu r\u00fccken. Obwohl das Bauhaus als Bildungsst\u00e4tte nur 14 Jahre bis zur seiner Schlie\u00dfung auf Druck der Nationalsozialisten bestand, wirken seine\u00a0 Ans\u00e4tze und Ideen weltweit [&hellip;]<\/p>\n","protected":false},"author":2,"featured_media":0,"parent":0,"menu_order":0,"comment_status":"open","ping_status":"open","template":"_template_60_40.php","meta":{"_acf_changed":false,"footnotes":""},"class_list":["post-20","page","type-page","status-publish","hentry"],"acf":[],"_links":{"self":[{"href":"https:\/\/triennale-der-moderne.de\/2019\/wp-json\/wp\/v2\/pages\/20"}],"collection":[{"href":"https:\/\/triennale-der-moderne.de\/2019\/wp-json\/wp\/v2\/pages"}],"about":[{"href":"https:\/\/triennale-der-moderne.de\/2019\/wp-json\/wp\/v2\/types\/page"}],"author":[{"embeddable":true,"href":"https:\/\/triennale-der-moderne.de\/2019\/wp-json\/wp\/v2\/users\/2"}],"replies":[{"embeddable":true,"href":"https:\/\/triennale-der-moderne.de\/2019\/wp-json\/wp\/v2\/comments?post=20"}],"version-history":[{"count":5,"href":"https:\/\/triennale-der-moderne.de\/2019\/wp-json\/wp\/v2\/pages\/20\/revisions"}],"predecessor-version":[{"id":3894,"href":"https:\/\/triennale-der-moderne.de\/2019\/wp-json\/wp\/v2\/pages\/20\/revisions\/3894"}],"wp:attachment":[{"href":"https:\/\/triennale-der-moderne.de\/2019\/wp-json\/wp\/v2\/media?parent=20"}],"curies":[{"name":"wp","href":"https:\/\/api.w.org\/{rel}","templated":true}]}}