{"id":17,"date":"2013-05-04T10:06:20","date_gmt":"2013-05-04T10:06:20","guid":{"rendered":"http:\/\/www.triennale-der-moderne.de\/\/?page_id=17"},"modified":"2018-08-08T15:26:56","modified_gmt":"2018-08-08T13:26:56","slug":"presse-download-bereich","status":"publish","type":"page","link":"\/2019\/allgemein\/presse-download-bereich\/","title":{"rendered":"Presse- &amp; Download-Bereich"},"content":{"rendered":"<p class=\"red\"><strong>Brosch\u00fcre<\/strong><\/p>\n<ul class=\"arrow\">\n<li>6-seitige <strong><strong><a href=\"\/2019\/wp-content\/uploads\/sites\/6\/2018\/08\/TriMod_2019_ITB-Flyer_Web1.pdf\" target=\"_blank\">Ank\u00fcndigungsbrosch\u00fcre 2019 als PDF-Download<\/a><\/strong><\/strong><\/li>\n<\/ul>\n<p class=\"red\"><strong>Presseunterlagen zur Triennale der Moderne<br \/>\n<\/strong>Bei Interesse an speziellen einzelnen Programmpunkten wenden Sie sich bitte direkt an die auf den entsprechenden Unterseiten angegebenen Anbieter.<\/p>\n<p><strong>Weimar &#8211; Presseinfos und Bildmaterial<\/strong><\/p>\n<ul class=\"arrow\">\n<li><a href=\"\/pressebilder-weimar\/\">Pressebilder Weimar<\/a><\/li>\n<li><a href=\"mailto:presse@weimar.de\">Allgemeine Presseanfragen zum Weimarer Programm per Mail senden<\/a><\/li>\n<\/ul>\n<h3><\/h3>\n<p><strong><br \/>\nDessau &#8211; Presseinfos und Bildmaterial<\/strong><\/p>\n<ul class=\"arrow\">\n<li><a href=\"\/pressebilder-dessau\/\">Pressebilder Dessau<\/a><\/li>\n<li><a href=\"mailto:presse@bauhaus-dessau.de\">Allgemeine Presseanfragen zum Dessauer Programm per Mail senden<\/a><\/li>\n<\/ul>\n<h3><\/h3>\n<p><strong><br \/>\nBerlin &#8211; Presseinfos und Bildmaterial<\/strong><\/p>\n<ul class=\"arrow\">\n<li><a href=\"\/wordpress-core\/wp-content\/uploads\/2016\/09\/Triennale_Berlin_Highlights_und_Veranstaltungsorte.pdf\">Vorschau Bildauswahl Highlights und Veranstaltungsorte Berlin<\/a><\/li>\n<li><a href=\"\/wordpress-core\/wp-content\/uploads\/2016\/09\/Triennale_Berlin_Welterbe_Siedlungen.pdf\">Vorschau Bildauswahl Welterbe &#8222;Siedlungen der Berliner Moderne&#8220;<\/a><\/li>\n<li><a href=\"\/pressebilder-berlin\/\">Vorschau Bildauswahl sonstiger Berliner Pressebilder<\/a><\/li>\n<li><a href=\"mailto:u.weigand@bauhaus.de\">Allgemeine Presseanfragen zum Berliner Programm per Mail senden<\/a><\/li>\n<\/ul>\n<p>&nbsp;<\/p>\n<h3 class=\"red\">Updates:\u00a0Facebook-Newspage and English summary<\/h3>\n<p><em>For current news and a short summary in English please see our Facebook-page<\/em><br \/>\nAktuelle Infos finden Sie auch auf der Freundes- und News-Seite bei Facebook<br \/>\n<a title=\"Link zu Facebook-Page\" href=\"https:\/\/www.facebook.com\/TriennaleDerModerne\" target=\"_blank\">www.facebook.com\/TriennaleDerModerne<\/a><\/p>\n<p class=\"red\"><strong>Hinweis zu Nutzungsrechten<br \/>\n<\/strong>Auf dieser Website gezeigte Fotos, Texte oder sonstige Abbildungen wurden den Betreibern sofern nicht anders vermerkt von den beteiligten Partnern, Veranstaltern oder von durch diese koordinierte und erm\u00e4chtigte Dritte zur Verf\u00fcgung gestellt. Grunds\u00e4tzlich unterliegen alle hier gezeigten Inhalte und Abbildungen dem Urheberrecht und d\u00fcrfen nicht ohne schriftliche Genehmigung des Urhebers bzw. des Inhabers der Ver\u00f6ffentlichungs- und Verwertungsrechte anderweitig verwendet oder kopiert werden. Der Kontakt erfolgt \u00fcber die Verantwortlichen f\u00fcr Presse- und \u00d6ffentlichkeitsarbeit des jeweils zust\u00e4ndigen Veranstalters. Die Inhalte der ZIP-Bildarchive sind in der Regel frei verf\u00fcgbar. Bitte beachten Sie die Quellen- und Copyrightangaben innerhalb der Dateinamen.<\/p>\n","protected":false},"excerpt":{"rendered":"<p>Brosch\u00fcre 6-seitige Ank\u00fcndigungsbrosch\u00fcre 2019 als PDF-Download Presseunterlagen zur Triennale der Moderne Bei Interesse an speziellen einzelnen Programmpunkten wenden Sie sich bitte direkt an die auf den entsprechenden Unterseiten angegebenen Anbieter. Weimar &#8211; Presseinfos und Bildmaterial Pressebilder Weimar Allgemeine Presseanfragen zum Weimarer Programm per Mail senden Dessau &#8211; Presseinfos und Bildmaterial Pressebilder Dessau Allgemeine Presseanfragen zum [&hellip;]<\/p>\n","protected":false},"author":2,"featured_media":0,"parent":3821,"menu_order":14,"comment_status":"open","ping_status":"closed","template":"_template_60_40.php","meta":{"_acf_changed":false,"footnotes":""},"class_list":["post-17","page","type-page","status-publish","hentry"],"acf":[],"_links":{"self":[{"href":"https:\/\/triennale-der-moderne.de\/2019\/wp-json\/wp\/v2\/pages\/17"}],"collection":[{"href":"https:\/\/triennale-der-moderne.de\/2019\/wp-json\/wp\/v2\/pages"}],"about":[{"href":"https:\/\/triennale-der-moderne.de\/2019\/wp-json\/wp\/v2\/types\/page"}],"author":[{"embeddable":true,"href":"https:\/\/triennale-der-moderne.de\/2019\/wp-json\/wp\/v2\/users\/2"}],"replies":[{"embeddable":true,"href":"https:\/\/triennale-der-moderne.de\/2019\/wp-json\/wp\/v2\/comments?post=17"}],"version-history":[{"count":19,"href":"https:\/\/triennale-der-moderne.de\/2019\/wp-json\/wp\/v2\/pages\/17\/revisions"}],"predecessor-version":[{"id":3927,"href":"https:\/\/triennale-der-moderne.de\/2019\/wp-json\/wp\/v2\/pages\/17\/revisions\/3927"}],"up":[{"embeddable":true,"href":"https:\/\/triennale-der-moderne.de\/2019\/wp-json\/wp\/v2\/pages\/3821"}],"wp:attachment":[{"href":"https:\/\/triennale-der-moderne.de\/2019\/wp-json\/wp\/v2\/media?parent=17"}],"curies":[{"name":"wp","href":"https:\/\/api.w.org\/{rel}","templated":true}]}}