{"id":46,"date":"2013-05-04T10:09:02","date_gmt":"2013-05-04T10:09:02","guid":{"rendered":"http:\/\/www.triennale-der-moderne.de\/\/?page_id=46"},"modified":"2016-09-08T16:11:29","modified_gmt":"2016-09-08T14:11:29","slug":"komplettes-programm","status":"publish","type":"page","link":"\/2016\/weimar\/komplettes-programm\/","title":{"rendered":"Komplettes Programm (Weimar)"},"content":{"rendered":"<p>&nbsp;<\/p>\n<h1>2. Triennale-Wochenende<\/h1>\n<h2>Donnerstag, 29.09. &#8211; Sonntag, 2.10.2016<\/h2>\n<p><strong>Do 29.09.2016<\/strong><\/p>\n<ul>\n<li>18 &#8211; 20 Uhr Ausstellungser\u00f6ffnung &#8222;<a href=\"\/weimar-modellstadt-der-moderne\/\"><strong>Weimar. Modellstadt der Moderne? Ambivalenzen des St\u00e4dtebaus im 20. Jahrhundert.&#8220;<\/strong><\/a> &#8211; Die Er\u00f6ffnung der Ausstellung ist zugleich die Auftaktveranstaltung der Triennale der Moderne in Weimar. Veranstalter: Klassik Stiftung Weimar in Zusammenarbeit mit Bauhaus-Universit\u00e4t Weimar , Bauhaus.Weimar.Moderne. Die Kunstfreunde e.V. ; Veranstaltungsort: Bauhaus-Museum Weimar, Theaterplatz 1, 99423 Weimar<\/li>\n<\/ul>\n<p><strong>Fr 30.09.2016<\/strong><\/p>\n<ul>\n<li>14 Uhr: Bauhaus-Spaziergang \/ Weimar; Veranstalter: Bauhaus-Universit\u00e4t; Treffpunkt: Bauhaus-Atelier; Geschwister-Scholl-Stra\u00dfe 6a, 99423 Weimar; Dauer: ca. 2 h;\u00a0Eintritt: 9 \u20ac \/ erm. 6 \u20ac p. P.<\/li>\n<li>15 Uhr, F\u00fchrung: &#8222;Kesslers Moderne in Weimar&#8220;; Veranstalter: Klassik Stiftung Weimar; Veranstaltungsort: Schlossmuseum in Stadtschloss Weimar, Treffpunkt: Kasse, Burgplatz 4, 99423 Weimar<\/li>\n<\/ul>\n<p><strong>Sa 1.10.2016<\/strong><\/p>\n<ul>\n<ul>\n<li>10 Uhr: Bauhaus-Spaziergang \/ M\u00e4rzgefallenen-Denkmal, Veranstalter: Bauhaus-Universit\u00e4t Treffpunkt: Bauhaus-Atelier; Geschwister-Scholl-Stra\u00dfe 6a, 99423 Weimar; Dauer: 2,5 h;\u00a0 Eintritt: 9 \u20ac<\/li>\n<li>10 Uhr Sonderf\u00fchrung: \u201eBauhaus Doppelpack\u201c; Veranstalter: Klassik Stiftung Weimar und Freundeskreis der Bauhaus-Universit\u00e4t Weimar e.V.; Veranstaltungsort: Bauhaus-Museum Weimar (Treffpunkt) und Haus am Horn, 99423 Weimar<\/li>\n<li>14 Uhr: F\u00fchrung \/ Ein Gesamtkunstwerk von Henry van de Velde. Das Haus Hohe Pappeln in Weimar; Veranstalter: Klassik Stiftung Weimar; Veranstaltungsort; Haus Hohe Pappeln, Belvederer Allee 58, 99435 Weimar, Eintritt 3 \u20ac \/ erm. 1 \u20ac p. P.<\/li>\n<li>14 Uhr: Bauhaus-Spaziergang \/ Weimar; Veranstalter: Bauhaus-Universit\u00e4t; Treffpunkt: Bauhaus-Atelier; Geschwister-Scholl-Stra\u00dfe 6a, 99423 Weimar; Dauer: 1,5-2,5 h; Eintritt: 9 \u20ac \/ erm. 6 \u20ac p. P.<\/li>\n<\/ul>\n<\/ul>\n<p><strong>So 2.10.2016<\/strong><\/p>\n<ul>\n<ul>\n<ul>\n<ul>\n<li>10 Uhr: Bauhaus-Spaziergang \/ M\u00e4rzgefallenen-Denkmal, Veranstalter: Bauhaus-Universit\u00e4t Treffpunkt: Bauhaus-Atelier; Geschwister-Scholl-Stra\u00dfe 6a, 99423 Weimar; Dauer: 2,5 h;\u00a0 Eintritt: 9<\/li>\n<li>11 Uhr Sonderf\u00fchhrung durch die Ausstellung: \u201eVom Bauhaus inspiriert. Der Bildhauer Johannes Ilmari Auerbach.\u201c Veranstalter: Klassik Stiftung Weimar; Veranstaltungsort: Haus am Horn, Am Horn 61, <span class=\"_Xbe\">99425<\/span> Weimar<\/li>\n<li>14 Uhr: Bauhaus-Spaziergang \/ M\u00e4rzgefallenen-Denkmal, Veranstalter: Bauhaus-Universit\u00e4t Treffpunkt: Bauhaus-Atelier; Geschwister-Scholl-Stra\u00dfe 6a, 99423 Weimar; Dauer: 2,5 h;\u00a0 Eintritt: 9 \u20ac<\/li>\n<\/ul>\n<\/ul>\n<\/ul>\n<\/ul>\n<p>&nbsp;<\/p>\n<h1>Triennale-Wochen<\/h1>\n<h2>Programm in der Zeit vom 23.9.- 9.10.<\/h2>\n<p><strong>30.09. <strong>\u2013<\/strong> 2.10.2016<\/strong><br \/>\n10 &#8211; 18 Uhr: &#8222;Spurensuche mit dem Bauhaus-bag; Veranstalter: Klassik Stiftung Weimar; Veranstaltungsort: Bauhaus Museum Weimar, Theaterplatz 1, 99423 Weimar<\/p>\n<p>&nbsp;<\/p>\n<h1>Sonderveranstaltungen<\/h1>\n<h2>vor und nach den Triennale-Wochen<\/h2>\n<p><strong>24.03.2016 &#8211; 29.10.2016<\/strong><\/p>\n<p>Ausstellung:Die Wiederherstellung des Arbeitszimmers von Henry van de Velde. St\u00e4ndige Ausstellung; Veranstalter:Klassik Stiftung Weimar; Veranstaltungsort: Haus Hohe Pappeln, <span class=\"_Xbe\">Belvederer Allee 58, 99425 Weimar<\/span><\/p>\n<p><strong>30.9. \u2013 5.12.2016<\/strong><\/p>\n<p>Ausstellung: Weimar. Modellstadt der Moderne? Ambivalenzen des St\u00e4dtebaus im 20. Jahrhundert Veranstalter: Klassik Stiftung Weimar und Bauhaus Universit\u00e4t Weimar, Fakult\u00e4t Architektur und Urbanistik, Professur\u00a0Raumplanung und Raumforschung, in Kooperation mit dem Freundeskreis \u201eBauhaus.Weimar.Moderne. Die Kunstfreunde e.V.\u201c; Veranstaltungsort: Bauhaus-Museum Weimar, Theaterplatz 1, 99423 Weimar<\/p>\n<p><strong>15.12.2016 &#8211; 12.03.2017<\/strong><\/p>\n<p>Ausstellung: Der Bauh\u00e4usler Hans Martin Fricke; Veranstalter: Klassik Stiftung Weimar; Veranstaltungsort: Schiller-Museum, <span class=\"_Xbe\">Schillerstra\u00dfe 12, 99423 Weimar<\/span>.<\/p>\n<p><strong>April \u2013 Oktober 2016<\/strong><br \/>\njeden Samstag und Sonntag 14 Uhr: &#8222;Bauhaus Spaziergang&#8220;; Start: Bauhaus-Universit\u00e4t Weimar, Geschwister Scholl-Stra\u00dfe 6a, 99423 Weimar. Anmeldung unter: www.bauhausspaziergang@uni-weimar.de<\/p>\n<p><strong>November \u2013 Dezember 2016<\/strong><br \/>\njeden Samstag 14 Uhr: &#8222;Bauhaus Spaziergang&#8220;; Start: Bauhaus-Universit\u00e4t Weimar, Geschwister Scholl-Stra\u00dfe 6a, 99423 Weimar. Anmeldung unter: www.bauhausspaziergang@uni-weimar.de<\/p>\n<p><strong>13.08. \u2013 30.10.2016<\/strong><\/p>\n<ul class=\"arrow\">\n<li>Mi, Sa, So: 11-17 Uhr; Ausstellung: &#8222;Vom Bauhaus inspiriert. Der Bildhauer Johannes Ilmari Auerbach&#8220;. Veranstalter: Klassik Stiftung Weimar in Kooperation mit dem Freundeskreis der Bauhaus-Universit\u00e4t Weimar e.V. Veranstaltungsort: Haus am Horn, Am Horn 61, <span class=\"_Xbe\">99425<\/span> Weimar.<\/li>\n<\/ul>\n<p><strong>29.9. \u2013 01.10.2016<\/strong><\/p>\n<ul class=\"arrow\">\n<li>Jahrestagung: &#8222;Das Digitale und die Denkmalpflege&#8220;; Veranstalter: Arbeitskreis Theorie und Lehre der Denkmalpflege e.V.; Bauhaus-Universit\u00e4t Weimar, Geschwister-Scholl-Stra\u00dfe 8, 99423 Weimar.<\/li>\n<\/ul>\n<p><strong>30.09.2016 &#8211; 5.12.2016<\/strong><\/p>\n<ul>\n<li><a href=\"\/weimar-modellstadt-der-moderne\/\"><strong>Ausstellung &#8222;Weimar. Modellstadt der Moderne? Ambivalenzen des St\u00e4dtebaus im 20. Jahrhundert<\/strong>&#8222;<\/a>, Veranstalter: Klassik Stiftung Weimar in Zusammenarbeit mit Bauhaus-Universit\u00e4t Weimar , Bauhaus.Weimar. Moderne. Die Kunstfreunde e.V. ; Veranstaltungsort: Bauhaus-Museum Weimar, Theaterplatz 1, 99423 Weimar<\/li>\n<\/ul>\n<p><strong>26.10.\u201329.10.2016<\/strong><\/p>\n<ul class=\"arrow\">\n<li>13. Internationales Bauhaus-Kolloquium &#8222;Dust and Data&#8220;; Veranstaltungsort: Bauhaus-Universit\u00e4t Weimar, Fakult\u00e4t Architektur und Urbanistik, Geschwister Scholl-Stra\u00dfe 6a, 99423 Weimar.<\/li>\n<\/ul>\n","protected":false},"excerpt":{"rendered":"<p>&nbsp; 2. Triennale-Wochenende Donnerstag, 29.09. &#8211; Sonntag, 2.10.2016 Do 29.09.2016 18 &#8211; 20 Uhr Ausstellungser\u00f6ffnung &#8222;Weimar. Modellstadt der Moderne? Ambivalenzen des St\u00e4dtebaus im 20. Jahrhundert.&#8220; &#8211; Die Er\u00f6ffnung der Ausstellung ist zugleich die Auftaktveranstaltung der Triennale der Moderne in Weimar. Veranstalter: Klassik Stiftung Weimar in Zusammenarbeit mit Bauhaus-Universit\u00e4t Weimar , Bauhaus.Weimar.Moderne. Die Kunstfreunde e.V. ; [&hellip;]<\/p>\n","protected":false},"author":1,"featured_media":0,"parent":8,"menu_order":10,"comment_status":"open","ping_status":"open","template":"","meta":{"_acf_changed":false,"footnotes":""},"class_list":["post-46","page","type-page","status-publish","hentry"],"acf":[],"_links":{"self":[{"href":"https:\/\/triennale-der-moderne.de\/2016\/wp-json\/wp\/v2\/pages\/46"}],"collection":[{"href":"https:\/\/triennale-der-moderne.de\/2016\/wp-json\/wp\/v2\/pages"}],"about":[{"href":"https:\/\/triennale-der-moderne.de\/2016\/wp-json\/wp\/v2\/types\/page"}],"author":[{"embeddable":true,"href":"https:\/\/triennale-der-moderne.de\/2016\/wp-json\/wp\/v2\/users\/1"}],"replies":[{"embeddable":true,"href":"https:\/\/triennale-der-moderne.de\/2016\/wp-json\/wp\/v2\/comments?post=46"}],"version-history":[{"count":28,"href":"https:\/\/triennale-der-moderne.de\/2016\/wp-json\/wp\/v2\/pages\/46\/revisions"}],"predecessor-version":[{"id":3574,"href":"https:\/\/triennale-der-moderne.de\/2016\/wp-json\/wp\/v2\/pages\/46\/revisions\/3574"}],"up":[{"embeddable":true,"href":"https:\/\/triennale-der-moderne.de\/2016\/wp-json\/wp\/v2\/pages\/8"}],"wp:attachment":[{"href":"https:\/\/triennale-der-moderne.de\/2016\/wp-json\/wp\/v2\/media?parent=46"}],"curies":[{"name":"wp","href":"https:\/\/api.w.org\/{rel}","templated":true}]}}