{"id":42,"date":"2013-05-04T10:08:42","date_gmt":"2013-05-04T10:08:42","guid":{"rendered":"http:\/\/www.triennale-der-moderne.de\/\/?page_id=42"},"modified":"2016-08-29T10:39:34","modified_gmt":"2016-08-29T08:39:34","slug":"sonder-veranstaltungen","status":"publish","type":"page","link":"\/2016\/weimar\/sonder-veranstaltungen\/","title":{"rendered":"Sonder-Veranstaltungen (Weimar)"},"content":{"rendered":"<p><strong>April <strong>\u2013<\/strong> Oktober 2016<\/strong><br \/>\njeden Samstag und Sonntag 14 Uhr: &#8222;Bauhaus Spaziergang&#8220;; Start: Bauhaus-Universit\u00e4t Weimar, Geschwister Scholl-Stra\u00dfe 6a, 99423 Weimar. Anmeldung unter: www.bauhausspaziergang@uni-weimar.de<\/p>\n<p><strong>November \u2013 Dezember 2016<\/strong><br \/>\njeden Samstag 14 Uhr: &#8222;Bauhaus Spaziergang&#8220;; Start: Bauhaus-Universit\u00e4t Weimar, Geschwister Scholl-Stra\u00dfe 6a, 99423 Weimar. Anmeldung unter: www.bauhausspaziergang@uni-weimar.de<\/p>\n<p><strong>Sommersemester 2016<br \/>\n<\/strong><\/p>\n<ul class=\"arrow\">\n<li>17.15 &#8211; 18.45 Uhr, Ringvorlesung: &#8222;Asyl Bauhaus&#8220;, Prof. Fank Eckart; Veranstaltungsort: Fakult\u00e4t Architektur und Urbanistik; Bauhaus-Universit\u00e4t Weimar, Geschwister-Scholl-Stra\u00dfe 8, 99423 Weimar.<\/li>\n<\/ul>\n<p><strong>13.08. \u2013 30.10.2016<\/strong><\/p>\n<ul class=\"arrow\">\n<li>Mi, Sa, So: 11-17 Uhr; Ausstellung: &#8222;Vom Bauhaus inspiriert. Der Bildhauer Johannes Ilmari Auerbach&#8220;. Veranstalter: Klassik Stiftung Weimar in Kooperation mit dem Freundeskreis der Bauhaus-Universit\u00e4t Weimar e.V. Veranstaltungsort: Haus am Horn, Am Horn 61, <span class=\"_Xbe\">99425<\/span> Weimar.<\/li>\n<\/ul>\n<p><strong>29.9. \u2013 01.10.2016<\/strong><\/p>\n<ul class=\"arrow\">\n<li>Jahrestagung: &#8222;Das Digitale und die Denkmalpflege&#8220;; Veranstalter: Arbeitskreis Theorie und Lehre der Denkmalpflege e.V.; Bauhaus-Universit\u00e4t Weimar, Geschwister-Scholl-Stra\u00dfe 8, 99423 Weimar.<\/li>\n<\/ul>\n<p><strong>30.09.2016<\/strong><\/p>\n<ul class=\"arrow\">\n<li>15.00 Uhr, F\u00fchrung: &#8222;Kesslers Moderne in Weimar&#8220;; Veranstalter: Klassik Stiftung Weimar; Veranstaltungsort: Schlossmuseum in Stadtschloss Weimar, Treffpunkt: Kasse, Burgplatz 4,<br \/>\n99423 Weimar<\/li>\n<\/ul>\n<p><strong>26.10.\u201329.10.2016<\/strong><\/p>\n<ul class=\"arrow\">\n<li>13. Internationales Bauhaus-Kolloquium &#8222;Dust and Data&#8220;; Veranstaltungsort: Bauhaus-Universit\u00e4t Weimar, Fakult\u00e4t Architektur und Urbanistik, Geschwister Scholl-Stra\u00dfe 6a, 99423 Weimar.<\/li>\n<\/ul>\n<p>&nbsp;<\/p>\n<p>&nbsp;<\/p>\n","protected":false},"excerpt":{"rendered":"<p>April \u2013 Oktober 2016 jeden Samstag und Sonntag 14 Uhr: &#8222;Bauhaus Spaziergang&#8220;; Start: Bauhaus-Universit\u00e4t Weimar, Geschwister Scholl-Stra\u00dfe 6a, 99423 Weimar. Anmeldung unter: www.bauhausspaziergang@uni-weimar.de November \u2013 Dezember 2016 jeden Samstag 14 Uhr: &#8222;Bauhaus Spaziergang&#8220;; Start: Bauhaus-Universit\u00e4t Weimar, Geschwister Scholl-Stra\u00dfe 6a, 99423 Weimar. Anmeldung unter: www.bauhausspaziergang@uni-weimar.de Sommersemester 2016 17.15 &#8211; 18.45 Uhr, Ringvorlesung: &#8222;Asyl Bauhaus&#8220;, Prof. Fank [&hellip;]<\/p>\n","protected":false},"author":1,"featured_media":0,"parent":8,"menu_order":4,"comment_status":"open","ping_status":"open","template":"","meta":{"_acf_changed":false,"footnotes":""},"class_list":["post-42","page","type-page","status-publish","hentry"],"acf":[],"_links":{"self":[{"href":"https:\/\/triennale-der-moderne.de\/2016\/wp-json\/wp\/v2\/pages\/42"}],"collection":[{"href":"https:\/\/triennale-der-moderne.de\/2016\/wp-json\/wp\/v2\/pages"}],"about":[{"href":"https:\/\/triennale-der-moderne.de\/2016\/wp-json\/wp\/v2\/types\/page"}],"author":[{"embeddable":true,"href":"https:\/\/triennale-der-moderne.de\/2016\/wp-json\/wp\/v2\/users\/1"}],"replies":[{"embeddable":true,"href":"https:\/\/triennale-der-moderne.de\/2016\/wp-json\/wp\/v2\/comments?post=42"}],"version-history":[{"count":9,"href":"https:\/\/triennale-der-moderne.de\/2016\/wp-json\/wp\/v2\/pages\/42\/revisions"}],"predecessor-version":[{"id":3230,"href":"https:\/\/triennale-der-moderne.de\/2016\/wp-json\/wp\/v2\/pages\/42\/revisions\/3230"}],"up":[{"embeddable":true,"href":"https:\/\/triennale-der-moderne.de\/2016\/wp-json\/wp\/v2\/pages\/8"}],"wp:attachment":[{"href":"https:\/\/triennale-der-moderne.de\/2016\/wp-json\/wp\/v2\/media?parent=42"}],"curies":[{"name":"wp","href":"https:\/\/api.w.org\/{rel}","templated":true}]}}