{"id":36,"date":"2013-05-04T10:08:09","date_gmt":"2013-05-04T10:08:09","guid":{"rendered":"http:\/\/www.triennale-der-moderne.de\/\/?page_id=36"},"modified":"2016-09-22T13:57:05","modified_gmt":"2016-09-22T11:57:05","slug":"komplettes-programm","status":"publish","type":"page","link":"\/2016\/dessau\/komplettes-programm\/","title":{"rendered":"Komplettes Programm (Dessau)"},"content":{"rendered":"<h1>1. Triennale-Wochenende<\/h1>\n<h2>Freitag, 23.09. &#8211; Sonntag, 25.09.2016<\/h2>\n<p><strong>Fr 23.09.2016<\/strong><\/p>\n<h3><strong>ER\u00d6FFNUNGSABEND am Freitag<\/strong><\/h3>\n<ul class=\"arrow\">\n<li>17 &#8211; 18 Uhr: <a href=\"\/eroeffnung-triennale-der-moderne-2016-freiraeume\/\"><strong>Er\u00f6ffnung: Triennale der Moderne 2016 &#8222;Freir\u00e4ume&#8220;<\/strong><\/a>; Veranstalter: Stiftung Bauhaus Dessau \/ Stadt Dessau-Ro\u00dflau; Veranstaltungsort: Bauhaus Dessau, Gropiusallee 38, 06846 Dessau-Ro\u00dflau, Dauer: eine Stunde. Eintritt frei.<\/li>\n<li>18 &#8211; 20 Uhr: Rundfahrt: <a href=\"http:\/\/triennale-der-moderne.de\/eroeffnungsabend-bauhaus-van-nelle-tour\/\"><strong>Bauhaus &#8211; Van Nelle-Tour<\/strong><\/a>; Veranstalter: Stiftung Bauhaus; Veranstaltungsort: Bauhaus Dessau, Gropiusallee 38, 06846 Dessau-Ro\u00dflau, Dauer: 2,5\u00a0 Stunden. Bus ab dem Bauhausgeb\u00e4ude. Veranstaltung kostenfrei.<\/li>\n<li>ab 20 Uhr Niederl\u00e4ndischer Abend \/ Get-together; Veranstaltungsort: Bauhaus Dessau (Mensa), Gropiusallee 38, 06846 Dessau-Ro\u00dflau,<\/li>\n<\/ul>\n<p><strong>Weitere Veranstaltungen<\/strong><\/p>\n<ul class=\"arrow\">\n<li>14 &#8211; 18 Uhr: Intervention im \u00f6ffentlichen Raum: <a href=\"\/parkcycle-swarm-by-n55-till-wolfer-kurt-weill-fest-dessau-praesentiert-kurt-weill-klassisch-modern-2\/\"><strong>PARKCYCLE SWARM \u2013 Kollektiv &#8211; Kurt Weill Fest Dessau pr\u00e4sentiert \u2026 Kurt Weill &#8211; Klassisch Modern<\/strong><\/a>; Veranstalter: Stadt Dessau-Ro\u00dflau, Teilnehmer: Max. 6 \u2013 7 Personen als Kollektiv. Treffpunkt: Marktplatz Dessau \u2013 Festivalzentrum. Dauer: 4 Stunden. Eintritt frei.<\/li>\n<li>18 Uhr: Ausleihe des <strong><a href=\"\/parkcycle-swarm-by-n55-till-wolfer-selber-auf-raedern-durch-den-stadtraum\/\"><strong>PARKCYCLE SWARM &#8211; by N55 &amp; TILL WOLFER<\/strong><\/a><\/strong> \/ free; Veranstalter: Stadt Dessau-Ro\u00dflau, Teilnehmer: pro Rad 2 Personen. Treffpunkt: Marktplatz Dessau \u2013 I-Point. Dauer: 4 Stunden. Eintritt: kostenfrei<\/li>\n<li>14 &#8211; 20 Uhr: Installation:<a href=\"\/licht-kunst-in-dessau\/\"> <strong>Licht-Klang Installation \u201eSupervision\u201c<\/strong><\/a>; Veranstalter: Stadt Dessau-Ro\u00dflau, Veranstaltungsort: Historisches Arbeitsamt, <span class=\"st\">August-Bebel-Platz, 06844 Dessau-Ro\u00dflau<\/span>. Eintritt frei.<\/li>\n<li>14 &#8211; 20 Uhr: <strong><a href=\"\/original-im-original\/\">Installation: Original im Original<\/a><\/strong>; Veranstalter: Stadt Dessau-Ro\u00dflau in Kooperation mit der Hochschule f\u00fcr Gestaltung Offenbach am Main. Veranstaltungsort: Historisches Arbeitsamt, <span class=\"st\">August-Bebel-Platz, 06844 Dessau-Ro\u00dflau<\/span>. Eintritt frei.<\/li>\n<li>Ab Einbruch der Dunkelheit, <strong><a href=\"\/lichtlinie\/\">Interaktive Lichtinstallation &#8222;Lichtlinie&#8220;<\/a><\/strong><br \/>\nVeranstalter: Stadt Dessau-Ro\u00dflau in Kooperation mit der Hochschule f\u00fcr Gestaltung Offenbach am Main. Veranstaltungsort: Historisches Arbeitsamt, <span class=\"st\">August-Bebel-Platz, 06844 Dessau-Ro\u00dflau<\/span>.<\/li>\n<\/ul>\n<p><strong>Sa 24.09.2016<\/strong><\/p>\n<ul>\n<li>8 Uhr: <strong>Bodengymnastik \/ Yoga<\/strong>; Veranstalter: Stiftung Bauhaus Dessau; Treffpunkt: Bauhausgeb\u00e4ude, Rasenfl\u00e4che hist. Sportplatz <span style=\"color: #ff0000\"><strong>(Yoga findet im Werkstattfl\u00fcgel statt!)<\/strong><\/span>, Dauer 1,5 h; Preis: 5,-EUR p.P.<\/li>\n<li>10 &#8211; 14 Uhr: <a href=\"\/parkcycle-swarm-by-n55-till-wolfer-kollektiv\/\"><strong>PARKCYCLE SWARM &#8211; by N55 &amp; TILL WOLFER \u2013 Der ADFC Dessau pr\u00e4sentiert \u201eRadfahren als Event<\/strong>\u201c<\/a> \u2013\u00a0 Veranstalter: Stadt Dessau-Ro\u00dflau, Treffpunkt: Marktplatz Dessau \u2013 I-Point. Dauer: 4 Stunden. Eintritt frei.<\/li>\n<li>10 Uhr: Bodengymnastik \/ Yoga; Veranstalter: Stiftung Bauhaus Dessau; Treffpunkt: Bauhausgeb\u00e4ude, Rasenfl\u00e4che hist. Sportplatz <span style=\"color: #ff0000\"><strong>(Yoga findet im Werkstattfl\u00fcgel statt!)<\/strong><\/span>, Dauer 1,5 h; Preis: 5,-EUR p.P.<\/li>\n<li>10 Uhr: <strong><a href=\"\/radtour-auf-dem-junkerspfad\/\">Radtour auf dem Junkerspfad<\/a><\/strong>; Veranstalter: Stadt Dessau-Ro\u00dflau in Kooperation mit dem F\u00f6rderverein \u201eTechnikmuseum Hugo Junkers\u201c; Treffpunkt: Marktplatz Dessau &#8211; I-Point; Teilnehmerbeitrag 5,00 EUR zzgl. Radleihgeb\u00fchr (wenn gew\u00fcnscht)<\/li>\n<li>10.15 \u2013 13 Uhr: Moderne wagen. Stadtentwicklung Dessau \u2013 Rotterdam (Panel) <span style=\"color: #ff0000\"><strong>Entf\u00e4llt!<\/strong><\/span><br \/>\nVeranstalter: Stiftung Bauhaus Dessau und Stadt Dessau-Ro\u00dflau<\/li>\n<li>11 Uhr: <a href=\"\/talk-walk-rueckblick-auf-das-neue-siedeln-gropiussiedlung-toerten\/\"><strong>Talk Walk: R\u00fcckblick auf das neue Siedeln Gropiussiedlung T\u00f6rten<\/strong><\/a>; Veranstalter: Stadt Dessau-Ro\u00dflau,Teilnehmer: Max. 35 Personen als Kollektiv. <strong><span style=\"color: #ff0000\">Treffpunkt NEU: Linie 1, Haltestelle \u201eDVG&#8220;<\/span><\/strong>. Dauer: 2,5 Stunden. Eintritt: 8 \u20ac p.P.<\/li>\n<li>11 &#8211; 20 Uhr: Installation:<a href=\"\/licht-kunst-in-dessau\/\"> <strong>Licht-Klang Installation \u201eSupervision\u201c<\/strong><\/a>; Veranstalter: Stadt Dessau-Ro\u00dflau, Veranstaltungsort: Historisches Arbeitsamt, <span class=\"st\">August-Bebel-Platz, 06844 Dessau-Ro\u00dflau<\/span>. Eintritt frei.<\/li>\n<li>11 &#8211; 20 Uhr: <strong><a href=\"\/original-im-original\/\">Installation: Original im Original<\/a><\/strong>; Veranstalter: Stadt Dessau-Ro\u00dflau in Kooperation mit der Hochschule f\u00fcr Gestaltung Offenbach am Main. Veranstaltungsort: Historisches Arbeitsamt, <span class=\"st\">August-Bebel-Platz, 06844 Dessau-Ro\u00dflau<\/span>. Eintritt frei.<\/li>\n<li>14 Uhr: <strong><a href=\"\/die-hoffnung-stirbt-zuletzt-szenische-schauspielfuehrung\/\">Szenische F\u00fchrung \/ Die Hoffnung stirbt zuletz<\/a><\/strong>t; Veranstalter: Stadt Dessau-Ro\u00dflau,Teilnehmer: Max. 25 Personen. Treffpunkt: Marktplatz Dessau \u2013 I-Point. Dauer: 1 Stunde. Eintritt: 12 \u20ac p.P.<\/li>\n<li>14 Uhr: Exkursion: <a href=\"\/eroeffnungsabend-bauhaus-van-nelle-tour\/\"><strong>Bauhaus \u2013 Van-Nelle-Tour<\/strong><\/a>; Veranstalter: Stiftung Bauhaus Dessau; Treffpunkt: Bauhausgeb\u00e4ude\/ Besucherzentrum; Dauer 2,5; Teilnehmerbeitrag 9,00 EUR p.P.<\/li>\n<li>14 Uhr: F\u00fchrung\/ Sch\u00fcler zeigen ihre Siedlung; Veranstalter: \u201eProjektgruppe Triennale\u201c des Gymnasium \u201eWalter Gropius\u201c \u2013 Europaschule; Treffpunkt:Bauhaussiedlung Dessau-T\u00f6rten\/ Haus Anton, Doppelreihe 35, 06849 Dessau-Ro\u00dflau; Dauer 1 h, kostenlos<\/li>\n<li>16 Uhr <strong><a href=\"\/talk-walk-mit-erfolg-gescheitert-gescheitert-mit-erfolg\/\">Talk Walk: Mit Erfolg gescheitert; gescheitert zum Erfolg<\/a><\/strong>; Veranstalter: Stadt Dessau-Ro\u00dflau,Teilnehmer: Max. 25 Personen. Treffpunkt: Marktplatz Dessau \u2013 I-Point. Dauer: 2 Stunden. Eintritt: 8 \u20ac p.P.<\/li>\n<li>16 Uhr: Vortr\u00e4ge und Lesung: \u201e90 Jahre Bauhausbauten Dessau\u201c und \u201eSimultanit\u00e4t der Moderne\u201c, Veranstalter: Muse-Store e. K.; Veranstaltungsort: Designshop Bauhaus Dessau, Gropiusallee 38, 06846 Dessau-Ro\u00dflau, Dauer: 2,5 Stunden. Eintritt frei.<\/li>\n<li>17 Uhr: <strong><a href=\"\/die-hoffnung-stirbt-zuletzt-szenische-schauspielfuehrung\/\">Szenische F\u00fchrung \/ Die Hoffnung stirbt zuletzt<\/a><\/strong>; Veranstalter: Stadt Dessau-Ro\u00dflau,Teilnehmer: Max. 25 Personen. Treffpunkt: Marktplatz Dessau \u2013 I-Point. Dauer: 1 Stunde. Eintritt: 12 \u20ac p.P.<\/li>\n<li>18 &#8211; 20 Uhr: <strong><a href=\"\/parkcycle-swarm-by-n55-till-wolfer-selber-auf-raedern-durch-den-stadtraum\/\">Selber auf die R\u00e4der durch den Stadtraum : PARKCYCLE SWARM &#8211; by N55 &amp; TILL WOLFER \u2013 Kollektiv<\/a><\/strong>; Veranstalter: Stadt Dessau-Ro\u00dflau, Treffpunkt: Marktplatz Dessau \u2013 I-Point. Dauer: 4 Stunden. Eintritt frei.<\/li>\n<li>18.30 Uhr: Bauhausdinner \/ Hommage an Gunta St\u00f6lzl; Veranstalter: Kreis der Freunde des Bauhauses e. V.; Veranstaltungsort: Bauhausgeb\u00e4ude \/ Festebene; Preis: 50,00 EUR exkl. Getr\u00e4nke<\/li>\n<li>Ab Einbruch der Dunkelheit, <strong><a href=\"\/lichtlinie\/\">Interaktive Lichtinstallation &#8222;Lichtlinie&#8220;<\/a><\/strong><br \/>\nVeranstalter: Stadt Dessau-Ro\u00dflau in Kooperation mit der Hochschule f\u00fcr Gestaltung Offenbach am Main. Veranstaltungsort: Historisches Arbeitsamt, <span class=\"st\">August-Bebel-Platz, 06844 Dessau-Ro\u00dflau<\/span>.<\/li>\n<\/ul>\n<p><strong title=\"Austellung \u201cBauhaustiere und Zuckerwatte\u201d\">So 25.09.2016<\/strong><\/p>\n<ul>\n<li>11 Uhr: <strong><a href=\"\/triennale-brunch-mazdaznan-ernaehrung\/\">Triennale Brunch &#8211; Mazdaznan Ern\u00e4hrung<\/a><\/strong>; Veranstalter: Stadt Dessau-Ro\u00dflau, Restaurant Kornhaus; Veranstaltungsort: Restaurant Kornhaus, <span class=\"_Xbe\">Kornhausstra\u00dfe 146, 06846 Dessau-Ro\u00dflau; Eintritt: 22 \u20ac p.P.<br \/>\n<\/span><\/li>\n<li>11 Uhr: Lesung f\u00fcr Kinder &#8222;Wer wohnt in wei\u00dfen W\u00fcrfeln?&#8220;; Veranstalter: Muse-Store e. K.; Veranstaltungsort: Designshop Bauhaus Dessau, Gropiusallee 38, 06846 Dessau-Ro\u00dflau, Dauer: zwei Stunden. Eintritt frei.<\/li>\n<li>11 Uhr: <strong><a href=\"\/talk-walk-rueckblick-auf-das-neue-siedeln-gropiussiedlung-toerten\/\">Talk Walk \/ R\u00fcckblick auf das neue Siedeln \u2013 k\u00fcnstlerisch-performativer Spaziergang<\/a><\/strong>; Veranstalter: Stadt Dessau-Ro\u00dflau,Teilnehmer: Max. 35 Personen als Kollektiv. <span style=\"color: #ff0000\"><strong>Treffpunkt NEU: Linie 1, Haltestelle \u201eDVG&#8220;<\/strong><\/span>. Dauer: 2 Stunden. Eintritt: 8 \u20ac p.P.<\/li>\n<li>11 Uhr: <a href=\"\/die-hoffnung-stirbt-zuletzt-szenische-schauspielfuehrung\/\"><strong>Szenische F\u00fchrung \/ Die Hoffnung stirbt zuletzt<\/strong><\/a>; Veranstalter: Stadt Dessau-Ro\u00dflau,Teilnehmer: Max. 25 Personen. Treffpunkt: Marktplatz Dessau \u2013 I-Point. Dauer: 1 Stunde. Eintritt 12 \u20ac p.P.<\/li>\n<li>11 Uhr:<a href=\"\/eroeffnungsabend-bauhaus-van-nelle-tour\/\"><strong> Rundfahrt \/ Bauhaus \u2013 Van-Nelle-Tour<\/strong><\/a>; Veranstalter: Stiftung Bauhaus Dessau; Treffpunkt: Bauhausgeb\u00e4ude\/ Besucherzentrum; Dauer 2,5; Teilnehmerbeitrag 9,00 EUR p.P.<\/li>\n<li>11 Uhr: Kicken auf dem Bauhausrasen\/ f\u00fcr kleine Bauh\u00e4usler bis 10 Jahre; Veranstalter: Dessauer SV 97; Treffpunkt: Bauhausgeb\u00e4ude, Rasenfl\u00e4che Nordfl\u00fcgel; Dauer: 4 h nutzbar, kostenlos<\/li>\n<li>11 Uhr: Architekturwerkstatt f\u00fcr Jugendliche ab 12 Jahren \/ Freiraum-Gestalter; Veranstalter: Stiftung Bauhaus Dessau; Treffpunkt: Bauhausgeb\u00e4ude\/ Besucherzentrum; Dauer 4; Teilnehmerbeitrag 5,00 EUR p.P. inkl. Mittagessen: 12 \u20ac p.P.<\/li>\n<li>11\u201315 Uhr: <a href=\"\/architektur-workshop-fuer-jugendliche-ab-12-jahren\/\"><strong>Gropius \u2013 Freir\u00e4ume Architektur-Workshop f\u00fcr Jugendliche ab 12 Jahren<\/strong><\/a><br \/>\nTreffpunkt: Bauhausgeb\u00e4ude\/Besucherzentrum, Gropiusallee 38, 06846 Dessau-Ro\u00dflau<br \/>\nTeilnahmebeitrag: 10 \u20ac inkl. Mittagessen, Anmeldung erbeten unter Telefon 0340-6508-250,<br \/>\n&lt;a href=&#8220;mailto:triennale@bauhaus-dessau.de&#8220;&gt;triennale@bauhaus-dessau.de&lt;\/a&gt;<\/li>\n<li>11 &#8211; 16 Uhr: Installation:<a href=\"\/licht-kunst-in-dessau\/\"> <strong>Licht-Klang Installation \u201eSupervision\u201c<\/strong><\/a>; Veranstalter: Stadt Dessau-Ro\u00dflau, Veranstaltungsort: Historisches Arbeitsamt, <span class=\"st\">August-Bebel-Platz, 06844 Dessau-Ro\u00dflau<\/span>. Eintritt frei.<\/li>\n<li>11 &#8211; 16 Uhr: <strong><a href=\"\/original-im-original\/\">Installation: Original im Original<\/a>;<\/strong> Veranstalter: Stadt Dessau-Ro\u00dflau in Kooperation mit der Hochschule f\u00fcr Gestaltung Offenbach am Main. Veranstaltungsort: Historisches Arbeitsamt, <span class=\"st\">August-Bebel-Platz, 06844 Dessau-Ro\u00dflau<\/span>. Eintritt frei.<\/li>\n<li>13 Uhr:<strong><a href=\"\/leopold-fischer-die-knarrberg-siedlung-und-villa-liebig\/\"> F\u00fchrung \/ Leopold Fischer &#8211; die Knarrberg-Siedlung und Villa Liebig<\/a><\/strong>; Veranstalter: Gesellschaft zur Erforschung des Lebens und Wirkens deutschsprachiger j\u00fcdischer Architekten e.V.; Treffpunkt Christuskirche Dessau-Ziebigk, Kirchstra0e 2, 06846 Dessau, Dauer 1,5 Stunden, Eintritt: 5 \u20ac p.P.<\/li>\n<li>12 Uhr: Ausleihe des <a href=\"\/parkcycle-swarm-by-n55-till-wolfer-kollektiv\/\"><strong>PARKCYCLE SWARM &#8211; by N55 &amp; TILL WOLFER<\/strong> <\/a>\/ free; Veranstalter: Stadt Dessau-Ro\u00dflau, Teilnehmer: pro Rad 2 Personen. Treffpunkt: Marktplatz Dessau \u2013 I-Point. Eintritt: kostenfrei<\/li>\n<li>14 Uhr:<strong> <a href=\"\/die-hoffnung-stirbt-zuletzt-szenische-schauspielfuehrung\/\">Szenische F\u00fchrung \/ Die Hoffnung stirbt zuletzt<\/a><\/strong>; Veranstalter: Stadt Dessau-Ro\u00dflau,Teilnehmer: Max. 25 Personen. Treffpunkt: Marktplatz Dessau \u2013 I-Point. Dauer: 1 Stunde. Eintritt: 12 \u20ac p.P.<\/li>\n<li>15 &#8211; 18 Uhr: <a href=\"\/3546-2\/\"><strong>PARKCYCLE SWARM &#8211; by N55 &amp; TILL WOLFER \u2013 Die Anhaltische Landesb\u00fccherei pr\u00e4sentiert &#8230; Gedichte f\u00fcr Kinder (aus dem Zyklus &#8222;Die Stra\u00dfenbahn&#8220;)<\/strong><\/a> \u2013\u00a0 Veranstalter: Stadt Dessau-Ro\u00dflau, Treffpunkt: Marktplatz Dessau \u2013 I-Point. Eintritt frei.<\/li>\n<li>16 Uhr <strong><a href=\"\/talk-walk-mit-erfolg-gescheitert-gescheitert-mit-erfolg\/\">Talk Walk: Mit Erfolg gescheitert; gescheitert zum Erfolg<\/a><\/strong>; Veranstalter: Stadt Dessau-Ro\u00dflau,Teilnehmer: Max. 25 Personen. Treffpunkt: Marktplatz Dessau \u2013 I-Point. Dauer: 2 Stunden. Eintritt: 8 \u20ac p.P.<\/li>\n<li>Ab Einbruch der Dunkelheit, <strong><a href=\"\/lichtlinie\/\">Interaktive Lichtinstallation &#8222;Lichtlinie&#8220;<\/a><\/strong><br \/>\nVeranstalter: Stadt Dessau-Ro\u00dflau in Kooperation mit der Hochschule f\u00fcr Gestaltung Offenbach am Main. Veranstaltungsort: Historisches Arbeitsamt, <span class=\"st\">August-Bebel-Platz, 06844 Dessau-Ro\u00dflau<\/span>.<\/li>\n<li>20 Uhr (Einlass ab 19 Uhr): <strong><a href=\"\/meisterkino-2\/\">\u201eDer Umsetzer\u201c (Spielfilm)<\/a><\/strong>, Veranstalter:F\u00f6rderverein Meisterh\u00e4user Dessau; Veranstaltungsort:\u00a0im Garten des Meisterhauses Klee\/Kandinsky<br \/>\n(bei schlechtem Wetter im Meisterhaus),<span class=\"_Xbe\">Ebertallee 59, 06846 Dessau-Ro\u00dflau<\/span><br \/>\n<em>\u00a0<\/em><\/li>\n<\/ul>\n<h2>Weitere Angebote zur Triennale<\/h2>\n<p><strong>Samstag, den 24.09.2016 und Sonntag, den 25.09.2016<\/strong><\/p>\n<ul>\n<li>11 \u2013 16 Uhr: Historisches Arbeitsamt \/ ge\u00f6ffnet mit Kurzf\u00fchrungen; Veranstalter: Stiftung Bauhaus Dessau; Veranstaltungsort: August-Bebel-Platz 16, 06842 Dessau-Ro\u00dflau; F\u00fchrungen: 11 Uhr, 13 Uhr, 14 Uhr, 15 Uhr; Dauer: 0,5 h; Eintritt frei<\/li>\n<li>11 \u2013 16 Uhr: Haus Anton und seine (neuen) Bewohner \/ ge\u00f6ffnet mit Sch\u00fcler-F\u00fchrern;\u00a0 Veranstalter: \u201eProjektgruppe Triennale\u201c des Gymnasium \u201eWalter Gropius\u201c \u2013 Europaschule; Veranstaltungsort: Siedlung Dessau-T\u00f6rten\/ Haus Anton, Doppelreihe 35, 06849 Dessau-Ro\u00dflau; kostenlos<\/li>\n<li>11 \u2013 16 Uhr: Snackpoint \u201eWalter Gropius\u201c, Veranstalter Elternrat des Gymnasium \u201eWalter Gropius\u201c \u2013 Europaschule; Veranstaltungsort: Kunsthaus Gymnasium \u201eWalter Gropius\u201c \u2013 Europaschule, Peterholzstra\u00dfe 58, 06849 Dessau-Ro\u00dflau<\/li>\n<li>11 \u2013 16 Uhr: \u201eDer Sternenhimmel zu Gropius\u2018 Zeiten\u201c; Veranstalter:\u201eProjektgruppe Triennale\u201c des Gymnasium \u201eWalter Gropius\u201c \u2013 Europaschule; Veranstaltungsort: Planetarium Gymnasium \u201eWalter Gropius\u201c \u2013 Europaschule, Peterholzstra\u00dfe 58, 06849 Dessau-Ro\u00dflau; kostenlos<\/li>\n<li>11 \u2013 17 Uhr \u00a0\u00a0\u00a0\u00a0\u00a0 Pop-up-Shop \/ Pflanzenb\u00f6rse \/ Caf\u00e9 \u201e<strong><a href=\"\/einladung-in-die-bauhaussiedlung-zum-cafe-toerten-treff\/\">T\u00f6rten-Treff<\/a><\/strong>\u201c, Veranstalter: Urbane Farm Dessau; Veranstaltungsort: Siedlung Dessau-T\u00f6rten, Stahlhaus, S\u00fcdstrasse 5, 06849 Dessau-Ro\u00dflau<\/li>\n<li>10 \u2013 17 Uhr: 90 Jahre Bauhausgeb\u00e4ude \/ H\u00f6rstation \u201eIse Gropius\u00b4 Erinnerungen\u201c; Veranstalter: Stiftung Bauhaus Dessau; Veranstaltungsort: Bauhausgeb\u00e4ude\/ Nordraum, EG; kostenlos<\/li>\n<li>10 \u2013 17 Uhr:\u00a0\u00a0\u00a0\u00a0\u00a0 90 Jahre Bauhausgeb\u00e4ude \/ \u201e360\u00b0 Bauhaus\u201c \/ SteadyCam-Fahrt durch das Bauhausgeb\u00e4ude; Veranstalter: Stiftung Bauhaus Dessau; Veranstaltungsort: Bauhausgeb\u00e4ude\/ ehem. Zeichensaal, 2. OG<\/li>\n<li>10 \u2013 18 Uhr \u00a0\u00a0\u00a0\u00a0\u00a0 Bauhausradweg \/ Experiment offener Verkehrsraum &#8211; Farben und Zeichen f\u00fcr die Bauhausfahrradstadt; Veranstalter: Stiftung Bauhaus Dessau, Hochschule Anhalt, HFG Offenbach \/ Konzept: Masihne Rasuhli, Valetnin Br\u00fcck, Sinja M\u00f6ller; Veranstaltungsort: \u00a0Kreisverkehr Sieben S\u00e4ulen, kostenlos<\/li>\n<\/ul>\n<h1><\/h1>\n<p>&nbsp;<\/p>\n","protected":false},"excerpt":{"rendered":"<p>1. Triennale-Wochenende Freitag, 23.09. &#8211; Sonntag, 25.09.2016 Fr 23.09.2016 ER\u00d6FFNUNGSABEND am Freitag 17 &#8211; 18 Uhr: Er\u00f6ffnung: Triennale der Moderne 2016 &#8222;Freir\u00e4ume&#8220;; Veranstalter: Stiftung Bauhaus Dessau \/ Stadt Dessau-Ro\u00dflau; Veranstaltungsort: Bauhaus Dessau, Gropiusallee 38, 06846 Dessau-Ro\u00dflau, Dauer: eine Stunde. Eintritt frei. 18 &#8211; 20 Uhr: Rundfahrt: Bauhaus &#8211; Van Nelle-Tour; Veranstalter: Stiftung Bauhaus; Veranstaltungsort: Bauhaus [&hellip;]<\/p>\n","protected":false},"author":1,"featured_media":0,"parent":7,"menu_order":11,"comment_status":"open","ping_status":"open","template":"","meta":{"_acf_changed":false,"footnotes":""},"class_list":["post-36","page","type-page","status-publish","hentry"],"acf":[],"_links":{"self":[{"href":"https:\/\/triennale-der-moderne.de\/2016\/wp-json\/wp\/v2\/pages\/36"}],"collection":[{"href":"https:\/\/triennale-der-moderne.de\/2016\/wp-json\/wp\/v2\/pages"}],"about":[{"href":"https:\/\/triennale-der-moderne.de\/2016\/wp-json\/wp\/v2\/types\/page"}],"author":[{"embeddable":true,"href":"https:\/\/triennale-der-moderne.de\/2016\/wp-json\/wp\/v2\/users\/1"}],"replies":[{"embeddable":true,"href":"https:\/\/triennale-der-moderne.de\/2016\/wp-json\/wp\/v2\/comments?post=36"}],"version-history":[{"count":85,"href":"https:\/\/triennale-der-moderne.de\/2016\/wp-json\/wp\/v2\/pages\/36\/revisions"}],"predecessor-version":[{"id":3713,"href":"https:\/\/triennale-der-moderne.de\/2016\/wp-json\/wp\/v2\/pages\/36\/revisions\/3713"}],"up":[{"embeddable":true,"href":"https:\/\/triennale-der-moderne.de\/2016\/wp-json\/wp\/v2\/pages\/7"}],"wp:attachment":[{"href":"https:\/\/triennale-der-moderne.de\/2016\/wp-json\/wp\/v2\/media?parent=36"}],"curies":[{"name":"wp","href":"https:\/\/api.w.org\/{rel}","templated":true}]}}