{"id":34,"date":"2013-05-04T10:07:59","date_gmt":"2013-05-04T10:07:59","guid":{"rendered":"http:\/\/www.triennale-der-moderne.de\/\/?page_id=34"},"modified":"2016-09-21T10:05:40","modified_gmt":"2016-09-21T08:05:40","slug":"triennale-wochenende-iii","status":"publish","type":"page","link":"\/2016\/dessau\/triennale-wochenende-iii\/","title":{"rendered":"1. Triennale-Wochenende (Dessau)"},"content":{"rendered":"<h2>Auftaktveranstaltung<\/h2>\n<h1>Freitag, 23.09. &#8211; Sonntag, 25.09.2016<\/h1>\n<p>&nbsp;<\/p>\n<h2><strong>ER\u00d6FFNUNGSABEND TRIENNALE 2016<\/strong><\/h2>\n<h1>Freitag 23.9., 17\u201318 Uhr \u00b7 Bauhausgeb\u00e4ude\/Aula<\/h1>\n<p><strong>Begr\u00fc\u00dfung<\/strong><\/p>\n<ul>\n<li>Claudia Perren, Direktorin Stiftung Bauhaus Dessau<\/li>\n<li>Robert Reck, Beigeordneter f\u00fcr Wirtschaft und Kultur Stadt Dessau-Ro\u00dflau<\/li>\n<\/ul>\n<p><strong>Gru\u00dfworte<\/strong><\/p>\n<ul>\n<li>Reiner Haseloff, \u2028Ministerpr\u00e4sident des Landes Sachsen-Anhalt<\/li>\n<li>Tom Maasen, Kulturattach\u00e9 \u2028der Botschaft des K\u00f6nigreichs der Niederlande<\/li>\n<li>Hartwig L\u00fcdtke, Vizepr\u00e4sident \u2028der Deutschen UNESCO-Kommission e. V.<\/li>\n<\/ul>\n<p><strong>Einf\u00fchrung \u201eBauhaus \u2013 Van-Nelle-Tour\u201c<\/strong><\/p>\n<ul>\n<li>Werner M\u00f6ller und Monika Markgraf\u2028Stiftung Bauhaus Dessau<\/li>\n<\/ul>\n<p><strong>18\u201320 Uhr \u201eBauhaus \u2013 Van-Nelle-Tour\u201c\u2028<\/strong><\/p>\n<p>Mit dem Bus ab dem Bauhausgeb\u00e4ude<\/p>\n<ul>\n<li>Station 1: Siedlung Dessau-T\u00f6rten versus Siedlung Kiefhoek Rotterdam mit Verk\u00f6stigung am Pop-up-Shop<\/li>\n<li>Station 2: Haus Gropius versus Haus Sonneveld \u2028als Direktorenbesuch mit Teezeremonie und Brieflesung<\/li>\n<li>Station 3: Bauhausgeb\u00e4ude \u2028Ausstellung \u201eSimultanit\u00e4t der Moderne\u201c<\/li>\n<\/ul>\n<p><strong>Ab 20 Uhr \u201eNiederl\u00e4ndischer Abend\u201c<\/strong><\/p>\n<ul>\n<li>Get-together in der Mensa des Bauhausgeb\u00e4ude<\/li>\n<\/ul>\n<p>&nbsp;<\/p>\n<h2>Architekturbesichtigungen<\/h2>\n<ul>\n<li><strong>Historisches Arbeitsamt<\/strong> (ge\u00f6ffnet mit Kurzf\u00fchrungen)<br \/>\nTreffpunkt: August-Bebel-Platz 16, 06842 Dessau-Ro\u00dflau<br \/>\nTeilnahmebeitrag: kostenlos<br \/>\nTermine: Sa und So 11\u2006\u2013\u200616 Uhr<br \/>\nKurzf\u00fchrungen jeweils 11, 13, 14 und 15 Uhr<br \/>\nVeranstalter: Stiftung Bauhaus Dessau<\/li>\n<\/ul>\n<ul>\n<li><strong>Haus Anton und seine (neuen) Bewohner<\/strong> \u2028(ge\u00f6ffnet mit Sch\u00fcler-F\u00fchrern)<br \/>\nTreffpunkt: Bauhaussiedlung Dessau-T\u00f6rten\/Haus Anton, Doppelreihe 35, 06849 Dessau-Ro\u00dflau<br \/>\nTeilnahmebeitrag: kostenlos<br \/>\nTermine: Sa und So 11\u2006\u2013\u200616 Uhr<br \/>\nVeranstalter: \u201eProjektgruppe Triennale\u201c \u2028des Gymnasium \u201eWalter Gropius\u201c \u2013 Europaschule<\/li>\n<\/ul>\n<ul>\n<li><strong>Leopold Fischer \u2013 die Knarrberg-Siedlung \u2028und Villa Liebig<\/strong> (F\u00fchrung)<br \/>\nTreffpunkt: Christuskirche Dessau-Ziebigk, \u2028Kirchstra\u00dfe 2, 06846 Dessau<br \/>\nTeilnahmebeitrag: 5\u2009\u20ac<br \/>\nTermin: So 13\u2006\u2013\u200614.30 Uhr<br \/>\nVeranstalter: Gesellschaft zur Erforschung des Lebens und Wirkens deutschsprachiger j\u00fcdischer Architekten e.V.<br \/>\nAnmeldung: c.marcy@gmx.de oder 0174-9705519<\/li>\n<\/ul>\n<p>&nbsp;<\/p>\n<h2>90 Jahr Bauhausbauten<\/h2>\n<ul>\n<li><strong>Bauhausgeb\u00e4ude\u2028<\/strong><br \/>\nTreffpunkt: Bauhausgeb\u00e4ude\u2006\/\u2006Besucherzentrum<br \/>\nTeilnahmebeitrag: 5\u2009\u20ac zzgl. Eintritt<br \/>\nTermine: Sa und So, jeweils 11\u2006\u2013\u200612, 12\u2006\u2013\u200613, 14\u2006\u2013\u200615, 16\u2006\u2013\u200617 Uhr<br \/>\nVeranstalter: Stiftung Bauhaus Dessau<\/li>\n<li><strong>Meisterh\u00e4user\u2028<\/strong><br \/>\nTreffpunkt: Bauhausgeb\u00e4ude\u2006\/\u2006Besucherzentrum<br \/>\nTeilnahmebeitrag: 5\u2009\u20ac zzgl. Eintritt<br \/>\nTermine: Sa und So, jeweils 12.30\u2006\u2013\u200613.30, \u202813.30\u2006\u2013\u200614.30, 15.30\u2006\u2013\u200616.30 Uhr<br \/>\nVeranstalter: Stiftung Bauhaus Dessau<\/li>\n<li><strong>Siedlung Dessau-T\u00f6rten<\/strong><br \/>\nTreffpunkt: Konsumgeb\u00e4ude, \u2028Am Dreieck 1, 06849 Dessau-Ro\u00dflau<br \/>\nTeilnahmebeitrag: 5\u2009\u20ac zzgl. Eintritt<br \/>\nTermine: Sa und So, jeweils 15.30\u2006\u2013\u200617 Uhr<br \/>\nVeranstalter: Stiftung Bauhaus Dessau<\/li>\n<\/ul>\n<p>&nbsp;<\/p>\n<h2>Panel und Vortr\u00e4ge<\/h2>\n<ul>\n<li><strong><strong><strong>Moderne wagen. Stadtentwicklung Dessau \u2013 Rotterdam <\/strong><\/strong><\/strong>(Panel) <strong><strong><strong><span style=\"color: #ff0000\">Entf\u00e4llt!<br \/>\n<\/span><\/strong><\/strong><\/strong>Termin: Sa 10.15 \u2013 13 Uhr<br \/>\nVeranstalter: Stiftung Bauhaus Dessau und Stadt Dessau-Ro\u00dflau<\/li>\n<li><strong><a href=\"\/eroeffnungsabend-bauhaus-van-nelle-tour\/\">Bauhaus \u2013 Van-Nelle-Tour<\/a><\/strong> (Rundfahrt)<br \/>\nDie Tour f\u00fchrt zu den drei Schaupl\u00e4tzen, \u2028an denen das Bauhausgeb\u00e4ude, das \u2028Direktorenhaus und die Siedlung Dessau-T\u00f6rten \u2028ihren Pendants aus Rotterdam begegnen.<br \/>\nTreffpunkt: Bauhausgeb\u00e4ude\u2006\/\u2006Besucherzentrum<br \/>\nTeilnahmebeitrag: 9\u2009\u20ac \u2028Termine: Sa 14\u2006\u2013\u200616.30 Uhr, So 11\u2006\u2013\u200613.30 Uhr<br \/>\nVeranstalter: Stiftung Bauhaus Dessau<br \/>\nAnmeldung: 0340-6508250, triennale@bauhaus-dessau.de<\/li>\n<li><strong>90 Jahre Bauhausbauten Dessau \u2028und Simultanit\u00e4t der Moderne<\/strong><br \/>\n(Vortrag und Lesung aus den neuen \u2028Bauhaus-Taschenb\u00fcchern)<br \/>\nTreffpunkt: Bauhausgeb\u00e4ude\u2006\/\u2006Designshop<br \/>\nTeilnahmebeitrag: kostenlos<br \/>\nTermin: Sa 16\u2006\u2013\u200618 Uhr<br \/>\nVeranstalter: Muse-Store e. K.<\/li>\n<\/ul>\n<p>&nbsp;<\/p>\n<h2>Stadtspazierg\u00e4nge<\/h2>\n<ul>\n<li><a href=\"\/talk-walk-rueckblick-auf-das-neue-siedeln-gropiussiedlung-toerten\/\"><strong>Talk Walk \u201eR\u00fcckblick auf das neue Siedeln\u201c<\/strong><\/a><br \/>\nK\u00fcnstlerisch-performativer Spaziergang \u2028durch die Siedlung Dessau-T\u00f6rten<br \/>\n<strong><span style=\"color: #ff0000\">Treffpunkt<\/span> <span style=\"color: #ff0000\">NEU: Linie 1, Haltestelle \u201eDVG&#8220;<\/span><\/strong><br \/>\nTeilnahmebeitrag: 8\u2009\u20ac<br \/>\nTermine: Sa und So 11\u2006\u2013\u200613 Uhr<br \/>\nVeranstalter: Stadt Dessau-Ro\u00dflau<br \/>\nAnmeldung: touristinformation@dessau-rosslau.de<\/li>\n<li><a href=\"\/talk-walk-mit-erfolg-gescheitert-gescheitert-mit-erfolg\/\"><strong>Talk Walk \u201eMit Erfolg gescheitert; \u2028gescheitert zum Erfolg\u201c<\/strong><\/a><br \/>\nK\u00fcnstlerisch-performativer Spaziergang \u2028durch die Bauhausstadt<br \/>\nTreffpunkt: Marktplatz Dessau &#8211; i-Point Triennale<br \/>\nTeilnahmebeitrag: 8\u2009\u20ac<br \/>\nTermine: Sa 16\u2006\u2013\u200618 Uhr, So 15\u2006\u2013\u200617 Uhr<br \/>\nVeranstalter: Stadt Dessau-Ro\u00dflau<br \/>\nAnmeldung: touristinformation@dessau-rosslau.de<\/li>\n<li><strong><a href=\"\/die-hoffnung-stirbt-zuletzt-szenische-schauspielfuehrung\/\">Die Hoffnung stirbt zuletzt<\/a><\/strong> (Szenische F\u00fchrung)<br \/>\nInszeniert mit Schauspielern aus der Freien Szene<br \/>\nTreffpunkt: Marktplatz Dessau, i-Point Triennale<br \/>\nTeilnahmebeitrag: 12\u2009\u20ac<br \/>\nTermine: Sa 14\u2006\u2013\u200615 Uhr und 17\u2006\u2013\u200618 Uhr, \u2028So 11\u2006\u2013\u200612 Uhr und 14\u2006\u2013\u200615 Uhr<br \/>\nVeranstalter: Stadt Dessau-Ro\u00dflau<br \/>\nAnmeldung: touristinformation@dessau-rosslau.de<\/li>\n<li><a href=\"\/radtour-auf-dem-junkerspfad\/\"><strong>Radtour auf dem Junkerspfad\u2028<\/strong><\/a><br \/>\nTreffpunkt: Marktplatz Dessau, i-Point Triennale<br \/>\nTeilnahmebeitrag: 5\u2009\u20ac (ggf. zzgl. Radleihgeb\u00fchr)<br \/>\nTermin: Sa 10\u2006\u2013\u200613 Uhr<br \/>\nVeranstalter: Stadt Dessau-Ro\u00dflau in Kooperation \u2028mit dem F\u00f6rderverein \u201eTechnikmuseum Hugo Junkers\u201c<br \/>\nAnmeldung: hartmann-info@gmx.de<\/li>\n<\/ul>\n<p>&nbsp;<\/p>\n<h2><strong>Freir\u00e4ume\u2009UND\u2009Bewegung<br \/>\n<\/strong><\/h2>\n<ul>\n<li><a href=\"\/parkcycle-swarm-by-n55-till-wolfer-kollektiv\/\"><strong>Parkcycle Swarm\u00a0 by N55 &amp; TILL WOLFER #1<\/strong><\/a><br \/>\nKollektive Intervention im \u00f6ffentlichen Raum<br \/>\nDas PARKCYCLE SWARM als tempor\u00e4res Mobil inspiriert Institutionen: Kurt-Weill-Fest als fahrbare Musikb\u00fchne, Anhaltische Landesb\u00fccherei mit mobiler Gedichte-Lesung f\u00fcr Kinder und der ADFC mit Radfahren als Event.<br \/>\nTreffpunkt: Marktplatz Dessau, i-Point Triennale<br \/>\nTeilnahmebeitrag: kostenlos<br \/>\nTermine: Fr 14\u2006\u2013\u200618 Uhr: Kurt Weill Fest Dessau,<br \/>\nSa 10\u2006\u2013\u200614 Uhr: ADFC Dessau<br \/>\nSo 15\u2006\u2013\u200618 Uhr: Anhaltische Landesb\u00fccherei<br \/>\nVeranstalter: Stadt Dessau-Ro\u00dflau<\/li>\n<li><a href=\"\/parkcycle-swarm-by-n55-till-wolfer-kollektiv\/\"><strong>Parkcycle Swarm by N55 &amp; TILL WOLFER #2<\/strong><\/a><br \/>\nSelber auf die R\u00e4der durch den Stadtraum<br \/>\nTreffpunkt: Marktplatz Dessau, i-Point Triennale<br \/>\nTeilnahmebeitrag: kostenlos<br \/>\nTermine: Fr 18\u2006\u2013\u200620 Uhr, Sa 18\u2006\u2013\u200620 Uhr, So 12\u2006\u2013\u200614 Uhr<br \/>\nVeranstalter: Stadt Dessau-Ro\u00dflau<br \/>\nAnmeldung: touristinformation@dessau-rosslau.de<\/li>\n<li><strong>Experiment Freiraum: offener Verkehrsraum \u2013 \u2028Farben und Zeichen f\u00fcr die Bauhausfahrradstadt\u2028<\/strong><br \/>\nDen Kreisel beleben \u2013 auf dem Bauhausradweg die Bauhausstadt entdecken. Kreisverkehr \u201eSieben S\u00e4ulen\u201c als urbaner Platz mit Caf\u00e9 und Radverleih. Farbb\u00e4nder des Leitsystems f\u00fchren von hier zu den Orten der Moderne.<br \/>\nTreffpunkt: Kreisel Sieben S\u00e4ulen\/Meisterhaussiedlung<br \/>\nTeilnahmebeitrag: kostenlos<br \/>\nTermine: Sa und So 11\u2006\u2013\u200617 Uhr<br \/>\nVeranstalter: Stiftung Bauhaus Dessau,<br \/>\nHochschule Anhalt, HFG Offenbach (Konzept: Masihne Rasuhli, Valentin Br\u00fcck, Sinja M\u00f6ller)<\/li>\n<li><strong>Bodengymnastik\u2009\/\u2009YOGA<\/strong><br \/>\nK\u00f6rpererziehung war elementarer Bestandteil der \u2028lebens\u00adreformerischen Bestrebungen am Bauhaus. \u2028Wir laden ein zum Yoga auf dem Bauhausrasen.<br \/>\nTreffpunkt: Bauhausgeb\u00e4ude, Rasenfl\u00e4che hist. Sportplatz<br \/>\n<span style=\"color: #ff0000\"><strong>Yoga findet im Werkstattfl\u00fcgel statt!<\/strong><\/span><br \/>\nTeilnahmebeitrag: 5\u2009\u20ac<br \/>\nTermine: Sa 8\u2006\u2013\u20069.30 Uhr und 10\u2006\u2013\u200611.30 Uhr<br \/>\nVeranstalter: Stiftung Bauhaus Dessau<br \/>\nAnmeldung: 0340-6508250, triennale@bauhaus-dessau.de<\/li>\n<\/ul>\n<p>&nbsp;<\/p>\n<h2>Familien, Kinder und Jugendliche<\/h2>\n<ul>\n<li><strong>Sch\u00fcler zeigen ihre Siedlung<\/strong> (F\u00fchrung)<br \/>\nTreffpunkt: Bauhaussiedlung Dessau-T\u00f6rten\/Haus Anton, Doppelreihe 35, 06849 Dessau-Ro\u00dflau<br \/>\nTeilnahmebeitrag: kostenlos<br \/>\nTermine: Sa und So 14\u2006\u2013\u200615 Uhr<br \/>\nVeranstalter: \u201eProjektgruppe Triennale\u201c \u2028des Gymnasium \u201eWalter Gropius\u201c \u2013 Europaschule<\/li>\n<li><strong>Freiraum-Gestalter<\/strong><br \/>\n(Architekturworkshop f\u00fcr Jugendliche ab 12 Jahre)<br \/>\nTreffpunkt: Bauhausgeb\u00e4ude\/Besucherzentrum<br \/>\nTeilnahmebeitrag: 10\u2009\u20ac inkl. Mittagessen<br \/>\nTermin: So 11\u2006\u2013\u200615 Uhr<br \/>\nVeranstalter: Stiftung Bauhaus Dessau<br \/>\nAnmeldung: 0340-6508250, triennale@bauhaus-dessau.de<\/li>\n<li><strong>Der Sternenhimmel zu Gropius\u2019 Zeiten<\/strong><br \/>\nTreffpunkt: Planetarium Gymnasium \u201eWalter Gropius\u201c \u2013 Europaschule, Peterholzstra\u00dfe 58, 06849 Dessau-Ro\u00dflau<br \/>\nTeilnahmebeitrag: kostenlos<br \/>\nTermine: Sa und So 11\u2006\u2013\u200616 Uhr<br \/>\nVeranstalter: \u201eProjektgruppe Triennale\u201c \u2028des Gymnasium \u201eWalter Gropius\u201c \u2013 Europaschule<\/li>\n<li><strong>Wer wohnt in wei\u00dfen W\u00fcrfeln?<\/strong> \u2028(Lesung f\u00fcr Kinder ab 6 Jahre)<br \/>\nTreffpunkt: Bauhausgeb\u00e4ude\u2006\/\u2006Designshop<br \/>\nTeilnahmebeitrag: kostenlos<br \/>\nTermin: So 11\u2006\u2013\u200612.30 Uhr<br \/>\nVeranstalter: Muse-Store e. K.<\/li>\n<li><strong>Kicken auf dem Bauhausrasen<\/strong> \u2028(f\u00fcr kleine Bauh\u00e4usler bis 10 Jahre)<br \/>\nTreffpunkt: Bauhausgeb\u00e4ude, Rasenfl\u00e4che Nordfl\u00fcgel<br \/>\nTeilnahmebeitrag: kostenlos<br \/>\nTermin: So 11\u2006\u2013\u200615 Uhr<br \/>\nVeranstalter: Dessauer SV 97<\/li>\n<li><a href=\"\/architektur-workshop-fuer-jugendliche-ab-12-jahren\/\"><strong>Gropius \u2013 Freir\u00e4ume Architektur-Workshop f\u00fcr Jugendliche ab 12 Jahren<\/strong><\/a><br \/>\nTreffpunkt: Bauhausgeb\u00e4ude\/Besucherzentrum<br \/>\nTeilnahmebeitrag: 10 \u20ac inkl. Mittagessen, Anmeldung erbeten unter Telefon 0340-6508-250,<br \/>\n&lt;a href=&#8220;mailto:triennale@bauhaus-dessau.de&#8220;&gt;triennale@bauhaus-dessau.de&lt;\/a&gt;\u00a0\u00a0\u00a0\u00a0 \u00a0 \u00a0 \u00a0\u00a0 \u00a0\u00a0\u00a0\u00a0\u00a0\u00a0 Termin: So 11\u2006\u2013\u200615 Uhr<br \/>\nVeranstalter: Stiftung Bauhaus Dessau<\/li>\n<\/ul>\n<h2>Kulinarisches, Kurioses und Kino<\/h2>\n<ul>\n<li><strong>Bauhausdinner\u2009\/\u2009Hommage an Gunta St\u00f6lzl\u2028<\/strong><br \/>\nDie exklusive Abendveranstaltung greift das Motto \u2028Freiraum philosophisch auf und widmet den Abend \u2028der Bauh\u00e4uslerin Gunta St\u00f6lzl und ihrer Zeit am \u2028Bauhaus. Nachfahren der Bauhausmeisterin begleiten durch den Abend.<br \/>\nTreffpunkt: Bauhausgeb\u00e4ude\u2009\/\u2009Festebene<br \/>\nTeilnahmebeitrag: 50\u2009\u20ac exkl. Getr\u00e4nke<br \/>\nTermin: Sa 18.30\u2006\u2013\u200622.30 Uhr<br \/>\nVeranstalter: Kreis der Freunde des Bauhauses e. V.<br \/>\nAnmeldung: 0340-6508250, triennale@bauhaus-dessau.de<\/li>\n<li><a href=\"\/triennale-brunch-mazdaznan-ernaehrung\/\"><strong>Triennale Brunch\u2009\/\u2009Mazdaznan Ern\u00e4hrung<\/strong><\/a><br \/>\nTreffpunkt: Restaurant Kornhaus, Elballee, Dessau-Ro\u00dflau<br \/>\nTeilnahmebeitrag: 22\u2009\u20ac<br \/>\nTermin: So 10\u2006\u2013\u200614 Uhr<br \/>\nVeranstalter: Stadt Dessau-Ro\u00dflau\u2009\/\u2009Restaurant Kornhaus<br \/>\nAnmeldung: info@kornhaus-dessau.de<\/li>\n<li><strong>Meisterkino\u2009\/\u2009Openairkino<br \/>\n<\/strong>Treffpunkt: Garten des Meisterhaus Kandinsky\u2006\/\u2006Klee<br \/>\nTeilnahmebeitrag: kostenlos<br \/>\nTermin: So 19\u2006\u2013\u200621.30 Uhr<br \/>\nVeranstalter: F\u00f6rderverein Meisterh\u00e4user e. V.<\/li>\n<li><strong>Snackpoint \u201eWalter Gropius\u201c<br \/>\n<\/strong> \u2028Der Snackpoint l\u00e4dt zu Rast, St\u00e4rkung und Verweilen ein.<br \/>\nTreffpunkt: Kunsthaus Gymnasium \u201eWalter Gropius\u201c \u2013 \u2028Europaschule, Peterholzstra\u00dfe 58, 06849 Dessau-Ro\u00dflau<br \/>\nTermin: Sa und So 11\u2006\u2013\u200616 Uhr<br \/>\nVeranstalter: Elternrat des Gymnasium \u201eWalter Gropius\u201c \u2013 Europaschule<\/li>\n<li><strong>Pop-up-Shop\u2009\/\u2009Pflanzenb\u00f6rse\u2009\/\u2009Caf\u00e9 \u201eT\u00f6rten-Treff<\/strong><br \/>\n\u201c\u2028Tempor\u00e4rer Shop rund um das Thema Garten und \u2028Treffpunkt zum Austausch und geselligen \u2028Aufenthalt im Garten des Stahlhauses.<br \/>\nTreffpunkt: Siedlung Dessau-T\u00f6rten, Stahlhaus, \u2028S\u00fcdstra\u00dfe 5, 06849 Dessau-Ro\u00dflau<br \/>\nTermine: Sa und So 11\u2006\u2013\u200617 Uhr<br \/>\nVeranstalter: Stiftung Bauhaus Dessau \u2028und Urbane Farm Dessau<\/li>\n<\/ul>\n<p>&nbsp;<\/p>\n<h2>Installationen<\/h2>\n<ul>\n<li><strong><a href=\"http:\/\/triennale-der-moderne.de\/licht-kunst-in-dessau\/\">Licht-Klanginstallation \u201eSupervision\u201c\u2028<\/a><\/strong><br \/>\nTreffpunkt: Hist. Arbeitsamt, \u2028August-Bebel-Platz 16, 06842 Dessau-Ro\u00dflau<br \/>\nTeilnahmebeitrag: kostenlos<br \/>\nTermine: Freitag, Sa und So 20\u2006\u2013\u200622 Uhr<br \/>\nVeranstalter: Stadt Dessau-Ro\u00dflau<\/li>\n<li><strong>90 Jahre Bauhausgeb\u00e4ude Installationen#1:<\/strong><br \/>\n1: H\u00f6rstation \u201eIse Gropius\u2019 Erinnerungen\u201c<br \/>\nTreffpunkt: Bauhausgeb\u00e4ude\u2006\/\u2006Nordraum EG<br \/>\nTeilnahmebeitrag: kostenlos<br \/>\nTermine: Fr, Sa und So 11\u2006\u2013\u200617 Uhr<br \/>\nVeranstalter: Stiftung Bauhaus Dessau<\/li>\n<li><strong>90 Jahre Bauhausgeb\u00e4ude Installationen#2:<\/strong><br \/>\n360\u00b0 Bauhaus<br \/>\n(Steadicam-Fahrt durch das Bauhausgeb\u00e4ude)<br \/>\nTreffpunkt: Bauhausgeb\u00e4ude\u2006\/\u2006Raum 2.30 2. OG<br \/>\nTeilnahmebeitrag: kostenlos<br \/>\nTermine: Fr, Sa und So 11\u2006\u2013\u200617 Uhr<br \/>\nVeranstalter: Stiftung Bauhaus Dessau \u2028<strong><br \/>\n<\/strong><\/li>\n<li><strong><a href=\"\/original-im-original\/\">Installation: Original im Original<\/a><br \/>\n<\/strong>Teilnahmebeitrag: kostenlos<br \/>\nTermine: Fr 14 \u2013 20 Uhr, Sa 11 \u2013 20 Uhr, So 11 \u2013 16 Uhr<br \/>\nVeranstaltungsort: Historisches Arbeitsamt, <span class=\"st\">August-Bebel-Platz, 06844 Dessau-Ro\u00dflau.<br \/>\nVeranstalter: Stadt Dessau-Ro\u00dflau in Kooperation mit der Hochschule f\u00fcr Gestaltung Offenbach am Main.<br \/>\n<\/span><\/li>\n<li><strong><a href=\"\/lichtlinie\/\">Interaktive Lichtinstallation \u201eLichtlinie\u201c<\/a><br \/>\n<\/strong>Termine: Fr, Sa, So, jeweils ab Einbruch der Dunkelheit<br \/>\nVeranstaltungsort: Historisches Arbeitsamt, <span class=\"st\">August-Bebel-Platz, 06844 Dessau-Ro\u00dflau<\/span>.<br \/>\nVeranstalter: Stadt Dessau-Ro\u00dflau in Kooperation mit der Hochschule f\u00fcr Gestaltung Offenbach am Main.<\/li>\n<\/ul>\n","protected":false},"excerpt":{"rendered":"<p>Auftaktveranstaltung Freitag, 23.09. &#8211; Sonntag, 25.09.2016 &nbsp; ER\u00d6FFNUNGSABEND TRIENNALE 2016 Freitag 23.9., 17\u201318 Uhr \u00b7 Bauhausgeb\u00e4ude\/Aula Begr\u00fc\u00dfung Claudia Perren, Direktorin Stiftung Bauhaus Dessau Robert Reck, Beigeordneter f\u00fcr Wirtschaft und Kultur Stadt Dessau-Ro\u00dflau Gru\u00dfworte Reiner Haseloff, \u2028Ministerpr\u00e4sident des Landes Sachsen-Anhalt Tom Maasen, Kulturattach\u00e9 \u2028der Botschaft des K\u00f6nigreichs der Niederlande Hartwig L\u00fcdtke, Vizepr\u00e4sident \u2028der Deutschen UNESCO-Kommission e. [&hellip;]<\/p>\n","protected":false},"author":1,"featured_media":0,"parent":7,"menu_order":11,"comment_status":"open","ping_status":"closed","template":"_template_60_40.php","meta":{"_acf_changed":false,"footnotes":""},"class_list":["post-34","page","type-page","status-publish","hentry"],"acf":[],"_links":{"self":[{"href":"https:\/\/triennale-der-moderne.de\/2016\/wp-json\/wp\/v2\/pages\/34"}],"collection":[{"href":"https:\/\/triennale-der-moderne.de\/2016\/wp-json\/wp\/v2\/pages"}],"about":[{"href":"https:\/\/triennale-der-moderne.de\/2016\/wp-json\/wp\/v2\/types\/page"}],"author":[{"embeddable":true,"href":"https:\/\/triennale-der-moderne.de\/2016\/wp-json\/wp\/v2\/users\/1"}],"replies":[{"embeddable":true,"href":"https:\/\/triennale-der-moderne.de\/2016\/wp-json\/wp\/v2\/comments?post=34"}],"version-history":[{"count":157,"href":"https:\/\/triennale-der-moderne.de\/2016\/wp-json\/wp\/v2\/pages\/34\/revisions"}],"predecessor-version":[{"id":3700,"href":"https:\/\/triennale-der-moderne.de\/2016\/wp-json\/wp\/v2\/pages\/34\/revisions\/3700"}],"up":[{"embeddable":true,"href":"https:\/\/triennale-der-moderne.de\/2016\/wp-json\/wp\/v2\/pages\/7"}],"wp:attachment":[{"href":"https:\/\/triennale-der-moderne.de\/2016\/wp-json\/wp\/v2\/media?parent=34"}],"curies":[{"name":"wp","href":"https:\/\/api.w.org\/{rel}","templated":true}]}}