{"id":30,"date":"2013-05-04T10:07:40","date_gmt":"2013-05-04T10:07:40","guid":{"rendered":"http:\/\/www.triennale-der-moderne.de\/\/?page_id=30"},"modified":"2022-03-16T08:12:56","modified_gmt":"2022-03-16T07:12:56","slug":"veranstaltungsorte-2","status":"publish","type":"page","link":"\/2016\/dessau\/veranstaltungsorte-2\/","title":{"rendered":"Veranstaltungsorte (Dessau)"},"content":{"rendered":"<p><strong>1. Triennale-Wochenende\u00a0<\/strong><strong>am\u00a023.-25.9.2016<\/strong><\/p>\n<p>Die Triennale 2016 beginnt mit einem gro\u00dfen <strong><a href=\"\/dessau\/triennale-wochenende-iii\/\">Er\u00f6ffnungs\u00adwochenende <\/a><\/strong>in Dessau, denn das Bauhausgeb\u00e4ude in Dessau feiert dieses Jahr seinen 90-j\u00e4hrigen Geburtstag. Auch z\u00e4hlt das Geb\u00e4ude in Dessau zusammen mit den Meisterh\u00e4usern und den zwei Bauhausst\u00e4tten in Weimar seit 20 Jahren zum UNESCO Weltkulturerbe. Gastgeber des Wochenendes sind die Stiftung Bauhaus Dessau und die Stadt Dessau-Ro\u00dflau.<\/p>\n<p>Dessau avancierte bereits mit der Fertigstellung der Bauhausbauten und der Er\u00f6ffnung der Hochschule f\u00fcr Gestaltung im Jahr 1926 zur internationalen Pilgerst\u00e4tte f\u00fcr moderne Architektur.<\/p>\n<p>Walter Gropius verlieh der Stadt durch seine Bauten ein Markenzeichen \u2013 der Anfang von Dessau als Bauhausstadt. Das Programm des Triennale-Wochenendes in Dessau gibt dem Besucher die M\u00f6glichkeit, die Bauhausbauten zu entdecken und an ihnen zu verstehen, wie f\u00fcr Gropius der Gedanke der Freir\u00e4ume als Element architektonischer Gestaltung funktionierte. Neben den Angeboten zur Archi\u00adtekturbesichtigung erwarten den Besucher an dem Wochenende auch k\u00fcnstlerische Interventionen und Installationen sowie Stadtspazierg\u00e4nge zu den zentralen Bauhaus\u00adorten der Stadt. Die Bauh\u00e4usler nutzten die Freir\u00e4ume auch ganz real f\u00fcr Sport und Bewegung, so dass das Wochenende auch Programmpunkte zur \u201ek\u00f6rperlichen Ert\u00fcchtigung\u201c bietet.<\/p>\n<p>Einen besonderen Akzent setzt die Er\u00f6ffnung der Ausstellung \u201eSimultanit\u00e4t der Moderne. Die Van-Nelle-Fabrik in Rotterdam und das Bauhaus in Dessau\u201c. Die Ausstellung ist als gegenseitiges Besuchs\u00adprogramm von zwei UNESCO-Welterbest\u00e4tten zur Architektur der Moderne angelegt, die beide in diesem Jahr ihren neunzigsten Geburtstag feiern.<\/p>\n<p>Verbunden mit diesem Ereignis ist eine besondere \u201eBauhaus\u00a0\u2013 Van-Nelle-Tour\u201c durch die Dessauer Bauhaus\u00adarchitektur sowie das internationale Panel \u201eModerne wagen. Stadtentwicklung Dessau \u2013 Rotterdam\u201c.<\/p>\n<p>Das Wochenende der Triennale der Moderne in Dessau 2016 wird begleitet durch die Botschafter der L\u00e4nder, das Kultusministerium Sachsen-Anhalt und die Vertreter der St\u00e4dte Dessau-Ro\u00dflau und Rotterdam.<\/p>\n<h1>Kontakt<\/h1>\n<h2>Programm und Organisation<\/h2>\n<p><strong>Stiftung Bauhaus Dessau<\/strong><br \/>\nGropiusallee 38<br \/>\n06846 Dessau-Ro\u00dflau<br \/>\nTel.: 0340-6508250<br \/>\ntriennale@bauhaus-dessau.de<br \/>\n<a href=\"http:\/\/www.triennale-der-moderne.de\" target=\"_blank\" rel=\"noopener\">www.triennale-der-moderne.de<\/a><br \/>\n<a href=\"http:\/\/www.bauhaus-dessau.de\" target=\"_blank\" rel=\"noopener\">www.bauhaus-dessau.de<\/a><\/p>\n<p><strong>Tourist-Information Dessau-Ro\u00dflau<\/strong><br \/>\nZerbster Stra\u00dfe 2c<br \/>\n06844 Dessau-Ro\u00dflau<br \/>\nTel. 0340-2041442 und 19433<br \/>\nTel.\/Fax 0340-2203003<br \/>\ntouristinfo@dessau-rosslau.de<br \/>\n<a href=\"http:\/\/www.dessau-rosslau-tourismus.de\" target=\"_blank\" rel=\"noopener\">www.dessau-rosslau-tourismus.de<\/a><\/p>\n<p>Zur Planung Ihrer Reise empfehlen wir Ihnen<br \/>\ndie st\u00e4dtischen Tourimusb\u00fcros als Ansprechpartner.<\/p>\n<p><a href=\"http:\/\/www.bauhaus-dessau.de\" target=\"_blank\" rel=\"noopener\">www.bauhaus-dessau.de<br \/>\n<\/a><a href=\"http:\/\/www.dessau-rosslau.de\" target=\"_blank\" rel=\"noopener\">www.dessau-rosslau.de<\/a><\/p>\n<h1>Information zum Programm<\/h1>\n<ul class=\"arrow\">\n<li><a href=\"http:\/\/triennale-der-moderne.de\/dessau\/sonder-veranstaltungen\/\">Sonderveranstaltungen 2016<\/a><\/li>\n<li><a href=\"\/dessau\/triennale-wochenende-iii\/\">1. Triennale-Wochenende 23.-25.9.2016<\/a><\/li>\n<li><a href=\"http:\/\/triennale-der-moderne.de\/dessau\/komplettes-programm\/\">Komplettes Programm in Dessau 23.9-9.10.2016<\/a><\/li>\n<\/ul>\n","protected":false},"excerpt":{"rendered":"<p>1. Triennale-Wochenende\u00a0am\u00a023.-25.9.2016 Die Triennale 2016 beginnt mit einem gro\u00dfen Er\u00f6ffnungs\u00adwochenende in Dessau, denn das Bauhausgeb\u00e4ude in Dessau feiert dieses Jahr seinen 90-j\u00e4hrigen Geburtstag. Auch z\u00e4hlt das Geb\u00e4ude in Dessau zusammen mit den Meisterh\u00e4usern und den zwei Bauhausst\u00e4tten in Weimar seit 20 Jahren zum UNESCO Weltkulturerbe. Gastgeber des Wochenendes sind die Stiftung Bauhaus Dessau und die [&hellip;]<\/p>\n","protected":false},"author":1,"featured_media":0,"parent":7,"menu_order":0,"comment_status":"open","ping_status":"open","template":"_template_60_40.php","meta":{"_acf_changed":false,"footnotes":""},"class_list":["post-30","page","type-page","status-publish","hentry"],"acf":[],"_links":{"self":[{"href":"https:\/\/triennale-der-moderne.de\/2016\/wp-json\/wp\/v2\/pages\/30"}],"collection":[{"href":"https:\/\/triennale-der-moderne.de\/2016\/wp-json\/wp\/v2\/pages"}],"about":[{"href":"https:\/\/triennale-der-moderne.de\/2016\/wp-json\/wp\/v2\/types\/page"}],"author":[{"embeddable":true,"href":"https:\/\/triennale-der-moderne.de\/2016\/wp-json\/wp\/v2\/users\/1"}],"replies":[{"embeddable":true,"href":"https:\/\/triennale-der-moderne.de\/2016\/wp-json\/wp\/v2\/comments?post=30"}],"version-history":[{"count":49,"href":"https:\/\/triennale-der-moderne.de\/2016\/wp-json\/wp\/v2\/pages\/30\/revisions"}],"predecessor-version":[{"id":3912,"href":"https:\/\/triennale-der-moderne.de\/2016\/wp-json\/wp\/v2\/pages\/30\/revisions\/3912"}],"up":[{"embeddable":true,"href":"https:\/\/triennale-der-moderne.de\/2016\/wp-json\/wp\/v2\/pages\/7"}],"wp:attachment":[{"href":"https:\/\/triennale-der-moderne.de\/2016\/wp-json\/wp\/v2\/media?parent=30"}],"curies":[{"name":"wp","href":"https:\/\/api.w.org\/{rel}","templated":true}]}}