{"id":26,"date":"2013-05-04T10:07:18","date_gmt":"2013-05-04T10:07:18","guid":{"rendered":"http:\/\/www.triennale-der-moderne.de\/\/?page_id=26"},"modified":"2019-07-04T14:57:15","modified_gmt":"2019-07-04T12:57:15","slug":"komplettes-programm","status":"publish","type":"page","link":"\/2016\/berlin\/komplettes-programm\/","title":{"rendered":"Komplettes Programm (Berlin)"},"content":{"rendered":"<ul>&nbsp;<\/ul>\n<h1>BERLINER TRIENNALE-WOCHE<\/h1>\n<h2>Montag, 3.10. &#8211; Donnerstag, 6.10.2016<\/h2>\n<p><strong>Mittwoch, 5.10.2016<\/strong><\/p>\n<ul>\n<li class=\"arrow\">19 Uhr: Buchpr\u00e4sentation\/Bildpr\u00e4sentation\/Gespr\u00e4chsrunde &#8222;<strong><a href=\"\/buchpraesentation-bruno-tauts-hufeisensiedlung\/\">Bruno Tauts Hufeisensiedlung<\/a><\/strong> und das UNESCO-Welterbe &#8218;Siedlungen der Berliner Moderne'&#8220;; Veranstalter: Ben Buschfeld, B\u00fccherbogen, Deutscher Werkbund Berlin; Veranstaltungsort: B\u00fccherbogen am Savignyplatz<\/li>\n<\/ul>\n<p><strong>Donnerstag, 6.10.2016<\/strong><\/p>\n<ul>\n<li>14 Uhr:<strong><a href=\"\/symposium-walter-gropius-in-berlin\/\"> Symposium: Walter Gropius in Berlin<\/a><\/strong>; Veranstalter: Kunstbibliothek &#8211; SMB; Veranstaltungsort: Kunstbibliothek \/ Kulturforum, Matth\u00e4ikirchplatz, 10785 Berlin, Eintritt frei<\/li>\n<li>19.00 Uhr: F\u00fchrung durch die Ausstellung<a href=\"\/busoni-freiheit-fuer-die-tonkunst\/\"><strong> \u201cBusoni. Freiheit f\u00fcr die Tonkunst!<\/strong>\u201c<\/a> im Ausstellungsraum der Kunstbibliothek; Veranstalter: Kunstbibliothek &#8211; SMB; Veranstaltungsort: Ausstellungsraum der Kunstbibliothek \/ Kulturforum, Matth\u00e4ikirchplatz, 10785 Berlin, Eintritt frei<\/li>\n<\/ul>\n<p><\/p>\n<h1>3. TRIENNALE-WOCHENENDE<\/h1>\n<h2>Freitag, 7.10. &#8211; Sonntag, 9.10.2016<\/h2>\n<p><strong>Freitag, 7.10.2016<\/strong><\/p>\n<ul>\n<li class=\"arrow\">17 Uhr:<a href=\"http:\/\/triennale-der-moderne.de\/auftaktveranstaltung-triennale-der-moderne-berlin\/\"><strong> Offizielle Auftaktveranstaltung Triennale der Moderne<\/strong><\/a>; Veranstalter: Architektenkammer Berlin, Bauhaus-Archiv Berlin, Landesdenkmalamt Berlin; Veranstaltungsort: Architektenkammer Berlin, Alte Jakobstra\u00dfe 149, 5. OG, 10969 Berlin. Eintritt frei. Anmeldung erforderlich (begrenzte Platzzahl).<\/li>\n<li class=\"arrow\">19.30 Uhr: Film: \u201eBauhaus \u2013 Modell und Mythos\u201c; Veranstalter: Architektenkammer Berlin; Veranstaltungsort: Architektenkammer Berlin, Alte Jakobstra\u00dfe 149, 5. OG, 10969 Berlin. Eintritt frei. Information unter www.ak-berlin.de<\/li>\n<\/ul>\n<p><strong>Samstag, 8.10.2016<\/strong><\/p>\n<ul>\n<li class=\"arrow\">11 Uhr: Werkstatt \/ bauhaus_werkstatt; Veranstalter: Bauhaus-Archiv \/ Museum f\u00fcr Gestaltung mit art:Berlin, Veranstaltungsort: Bauhaus-Archiv Berlin, Klingelh\u00f6ferstra\u00dfe 14, 10785 Berlin, Eintritt: frei, Anmeldung unter: <a href=\"mailto:info@artberlin-online.de\">info@artberlin-online.de<\/a> oder 030\/28096390.<\/li>\n<li class=\"arrow\">13 Uhr: Exkursion mit Besichtigung \/ <strong><a href=\"\/4-stuendige-architekturfuehrung\/\">Haselhorst \/ Ringsiedlung \/ Charlottenburg Nord<\/a><\/strong>, Veranstalter: Gewobag Wohnungsbau-Aktiengesellschaft in Kooperation mit der Deutschen Wohnen AG und Michael Bienert und Thomas M. Kr\u00fcger (Ticket B \u2013 Architektur erleben); Treffpunkt: Museumswohnung Haselhorst, Burscheiderweg 21, 13559 Berlin, Teilnahme kostenfrei, mit Anmeldung<\/li>\n<li class=\"arrow\">14 Uhr: \u201eJ\u00fcdische Architekten am Bauhaus \u2013 Mythos und Realit\u00e4t\u201c; Veranstalter: Gesellschaft zur Erforschung des Lebens und Wirkens deutschsprachiger j\u00fcdischer Architekten; Veranstaltungsort: Urania Berlin, An der Urania 17, 10787 Berlin (angefragt), Dauer: 2-3 Stunden<\/li>\n<li class=\"arrow\">14 Uhr: F\u00fchrung \/ <strong>Gropiusstadt und Walter-Gropius-Schule<\/strong>, Veranstalter: Bauhaus-Archiv Berlin und Art:Berlin, Treffpunkt: Gropiusstadt ist \u201eEingang Walter-Gropius-Schule, Fritz-Erler-Allee 86-96, 12351 Berlin, Dauer: 1,5 h, Kosten: 20 \u20ac p.P.<\/li>\n<li class=\"arrow\">19.30 Uhr: Lesung, Gespr\u00e4ch und Konzert \/ <a href=\"\/lesung-gespraech-und-konzert-im-cafe-forbat-infostation-siemensstadt\/\"><strong>\u201eDie Fassade der neuen Zeit macht mich unsicher.\u201c<\/strong> <\/a>(Joseph Roth) \u2013 Moderne Architektur, LIteratur und Musik um 1930, Veranstalter:Ticket B \u2013 Architektur erleben. Unterst\u00fctzt von der Deutschen Wohnen AG; Veranstaltungsort: Infostation Siemensstadt, Goebelstra\u00dfe 2-10, 13627 Berlin, Dauer 2 h<\/li>\n<\/ul>\n<p><strong>Sonntag, 9.10.2016<\/strong><\/p>\n<ul>\n<li class=\"arrow\">9 \u2013 19 Uhr: Exkursion mit Besichtigung \/ <strong><a href=\"\/bus-rundfahrt-zu-den-6-unesco-welterbesiedlungen\/\">Die sechs UNESCO-Welterbesiedlungen der Moderne<\/a><\/strong>, Veranstalter: Landesdenkmalamt Berlin mit Ticket B \u2013 Architektur erleben, in Kooperation mit der Deutschen Wohnen AG und der Berliner Bau- und Wohnungsgenossenschaft eG 1892; Treffpunkt: Hbf, Washingtonplatz, Busparkplatz vor dem Hotel Steigenberger, Preis der Tagestour: 30,- \u20ac p.P., inkl. Bus, F\u00fchrungen \/ Getr\u00e4nk \/ belegte Br\u00f6tchen<\/li>\n<li class=\"arrow\">11 Uhr: F\u00fchrung \/<strong> <a href=\"\/berlin\/triennale-wochenende-i\/samstag-28-9-2013\/11-uhr-spaziergang-machtig-modern-die-wohnstadt-carl-legien-und-ihr-umfeld\/\">Wohnstadt Carl Legien<\/a>,<\/strong> Veranstalter: Bauhaus-Archiv \/ Museum f\u00fcr Gestaltung mit art:Berlin; Treffpunkt:Hauptportal S-Bhf. Prenzlauer Allee, Dauer: 1,5 h, Kosten 20 \u20ac p.P.<\/li>\n<li class=\"arrow\">14 Uhr: bauhaus_f\u00fchrung \/ Die Sammlung; Veranstalter:Bauhaus-Archiv \/ Museum f\u00fcr Gestaltung; Treffpunkt: Bauhaus-Archiv Berlin, Klingelh\u00f6ferstra\u00dfe 14, 10785 Berlin, Dauer: 1 h, kostenfrei zzgl. Museumseintritt. Anmeldung unter: <a href=\"mailto:info@artberlin-online.de\">info@artberlin-online.de<\/a> oder 030\/28096390.<\/li>\n<li class=\"arrow\">15 Uhr: F\u00fchrung\/Besichtigung <strong><a href=\"http:\/\/triennale-der-moderne.de\/tautes-heim\/\">Hufeisensiedlung + Tautes Heim<\/a><\/strong>; Treffpunkt: Treppe vorm Hufeisen, H\u00f6he Fritz-Reuter-Allee 44, 12359 Berlin-Neuk\u00f6lln (N\u00e4he U7, Blaschkoallee), Dauer: 2 Stunden; Kosten: 10 \u20ac p.P.; Anmeldung erforderlich (begrenzte Platzzahl)<\/li>\n<li class=\"arrow\">15 Uhr: bauhaus_f\u00fchrung \/ Die Sammlung; Veranstalter: Bauhaus-Archiv \/ Museum f\u00fcr Gestaltung; Treffpunkt: Bauhaus-Archiv Berlin, Klingelh\u00f6ferstra\u00dfe 14, 10785 Berlin; Dauer: 1 h; Kosten: 5 \u20ac, 4 \u20ac (Mitglieder),Anmeldung unter: <a href=\"mailto:info@artberlin-online.de\">info@artberlin-online.de<\/a> oder 030\/28096390.<\/li>\n<\/ul>\n<p><\/p>\n<h1>Sonderveranstaltungen<\/h1>\n<ul>\n<li>4. September 2016 \u2013 8. Januar 2017: <a href=\"\/busoni-freiheit-fuer-die-tonkunst\/\"><strong>BUSONI. Freiheit f\u00fcr die Tonkunst!<\/strong>;<\/a> Veranstalter: Eine Ausstellung der Staatsbibliothek zu Berlin, des Staatlichen Instituts f\u00fcr Musikforschung und der Kunstbibliothek \u2013 Staatliche Museen zu Berlin; Veranstaltungsort: Kunstbibliothek, Matth\u00e4ikirchplatz, 10785 Berlin<\/li>\n<\/ul>\n","protected":false},"excerpt":{"rendered":"<p>&nbsp; BERLINER TRIENNALE-WOCHE Montag, 3.10. &#8211; Donnerstag, 6.10.2016 Mittwoch, 5.10.2016 19 Uhr: Buchpr\u00e4sentation\/Bildpr\u00e4sentation\/Gespr\u00e4chsrunde &#8222;Bruno Tauts Hufeisensiedlung und das UNESCO-Welterbe &#8218;Siedlungen der Berliner Moderne&#8217;&#8220;; Veranstalter: Ben Buschfeld, B\u00fccherbogen, Deutscher Werkbund Berlin; Veranstaltungsort: B\u00fccherbogen am Savignyplatz Donnerstag, 6.10.2016 14 Uhr: Symposium: Walter Gropius in Berlin; Veranstalter: Kunstbibliothek &#8211; SMB; Veranstaltungsort: Kunstbibliothek \/ Kulturforum, Matth\u00e4ikirchplatz, 10785 Berlin, Eintritt [&hellip;]<\/p>\n","protected":false},"author":1,"featured_media":0,"parent":6,"menu_order":0,"comment_status":"open","ping_status":"open","template":"","meta":{"_acf_changed":false,"footnotes":""},"class_list":["post-26","page","type-page","status-publish","hentry"],"acf":[],"_links":{"self":[{"href":"https:\/\/triennale-der-moderne.de\/2016\/wp-json\/wp\/v2\/pages\/26"}],"collection":[{"href":"https:\/\/triennale-der-moderne.de\/2016\/wp-json\/wp\/v2\/pages"}],"about":[{"href":"https:\/\/triennale-der-moderne.de\/2016\/wp-json\/wp\/v2\/types\/page"}],"author":[{"embeddable":true,"href":"https:\/\/triennale-der-moderne.de\/2016\/wp-json\/wp\/v2\/users\/1"}],"replies":[{"embeddable":true,"href":"https:\/\/triennale-der-moderne.de\/2016\/wp-json\/wp\/v2\/comments?post=26"}],"version-history":[{"count":78,"href":"https:\/\/triennale-der-moderne.de\/2016\/wp-json\/wp\/v2\/pages\/26\/revisions"}],"predecessor-version":[{"id":3876,"href":"https:\/\/triennale-der-moderne.de\/2016\/wp-json\/wp\/v2\/pages\/26\/revisions\/3876"}],"up":[{"embeddable":true,"href":"https:\/\/triennale-der-moderne.de\/2016\/wp-json\/wp\/v2\/pages\/6"}],"wp:attachment":[{"href":"https:\/\/triennale-der-moderne.de\/2016\/wp-json\/wp\/v2\/media?parent=26"}],"curies":[{"name":"wp","href":"https:\/\/api.w.org\/{rel}","templated":true}]}}