{"id":13,"date":"2013-05-04T10:05:47","date_gmt":"2013-05-04T10:05:47","guid":{"rendered":"http:\/\/www.triennale-der-moderne.de\/\/?page_id=13"},"modified":"2016-09-07T12:15:28","modified_gmt":"2016-09-07T10:15:28","slug":"veranstalter-partner","status":"publish","type":"page","link":"\/2016\/allgemein\/veranstalter-partner\/","title":{"rendered":"Veranstalter &amp; Partner"},"content":{"rendered":"<p>Architektenkammer Berlin<br \/>\nBauhaus-Archiv \u2013 Museum f\u00fcr Gestaltung, Berlin<br \/>\nBauhausuniversit\u00e4t Weimar<br \/>\nBerliner Senatsverwaltung f\u00fcr Stadtentwicklung und Umwelt<br \/>\nLandesdenkmalamt Berlin<br \/>\nStaatliche Museen zu Berlin \u2013 Kunstbibliothek<br \/>\nStadt Dessau-Ro\u00dflau<br \/>\nStiftung Bauhaus Dessau<br \/>\nKlassik-Stiftung Weimar<br \/>\nWeimar GmbH \u2013 Gesellschaft f\u00fcr<br \/>\nWirtschaftsf\u00f6rderung, Kongress- und Tourismusservice<br \/>\nvisitBerlin \u2013 Berlin Tourismus und Kongress GmbH<\/p>\n<p>&nbsp;<\/p>\n<h2>Veranstaltungspartner in Dessau (2016)<\/h2>\n<p>ADFC<br \/>\nAnhaltische Landesb\u00fccherei<br \/>\nDessauer SV 97<br \/>\nFreundeskreis Knarrbergsiedlung<br \/>\nF\u00f6rderverein Meisterh\u00e4user Dessau e.V.<br \/>\nF\u00f6rderverein \u201eTechnikmuseum Hugo Junkers\u201c<br \/>\nGymnasium \u201eWalter Gropius\u201c Europaschule<br \/>\nHochschule Anhalt (FH)<br \/>\nHFG Offenbach<br \/>\nInteressenverband Gropiussiedlung e.V.<br \/>\nKurt Weill Gesellschaft<br \/>\nKreis der Freunde des Bauhauses e. V.<br \/>\nMuse-Store e. K.<br \/>\nStadt Dessau-Ro\u00dflau<br \/>\nStiftung Bauhaus Dessau<br \/>\nStiftung Welterbe Van Nellefabrik (Rotterdam)<br \/>\nUrbane Farm Dessau<\/p>\n<p>&nbsp;<\/p>\n<h2>Veranstaltungspartner in Weimar (2016)<\/h2>\n<p>Arbeitskreis Theorie und Lehre der Denkmalpflege e.V.<br \/>\nBauhaus-Museum Weimar<br \/>\nBauhaus-Universit\u00e4t Weimar<br \/>\nFreundeskreis der Bauhaus-Universit\u00e4t Weimar e.V.<br \/>\nKlassik Stiftung Weimar<\/p>\n<p>&nbsp;<\/p>\n<h2>Veranstaltungspartner in Berlin (2016)<\/h2>\n<p>Bauhaus-Archiv \u2013 Museum f\u00fcr Gestaltung, Berlin<br \/>\nBerliner Bau- und Wohnungsgenossenschaft von 1892 eG<br \/>\nBerliner Senatsverwaltung f\u00fcr Stadtentwicklung und Umwelt<br \/>\nB\u00fccherbogen Berlin<br \/>\nDeutscher Werkbund Berlin<br \/>\nDeutsche Wohnen AG<br \/>\nFreunde und F\u00f6rderer der Hufeisensiedlung Berlin-Britz e.V.<br \/>\nGesellschaft zur Erforschung des<br \/>\nLebens und Wirkens j\u00fcdischer Architekten<br \/>\nGewobag Wohnungsbau- und Aktiengesellschaft<br \/>\nLandesdenkmalamt Berlin<br \/>\nStaatliche Museen zu Berlin \u2013 Kunstbibliothek<br \/>\nmarcel-breuer-schule Berlin<br \/>\nTautes Heim \u2013 Mietbares Museum\u00a0in der Hufeisensiedlung<br \/>\nTicket B \u2013 Stadtf\u00fchrungen f\u00fcr Architekten<br \/>\nWirtschaftsf\u00f6rderung, Kongress- und Tourismusservice<br \/>\n<a href=\"http:\/\/www.visitberlin.de\/de\/erleben\/veranstaltungen\/veranstaltungskalender\"><em>visitBerlin<\/em> \u2013 Berlin Tourismus und Kongress GmbH<\/a><br \/>\nZukunftsgeraeusche GbR<\/p>\n<p>&nbsp;<\/p>\n<h2>Sonstige Veranstaltungen<br \/>\nund Veranstaltungspartner<\/h2>\n<p>siehe die jeweiligen \u00dcbersichten f\u00fcr Berlin, Weimar und Dessau<\/p>\n<p>&nbsp;<\/p>\n<p>&nbsp;<\/p>\n","protected":false},"excerpt":{"rendered":"<p>Architektenkammer Berlin Bauhaus-Archiv \u2013 Museum f\u00fcr Gestaltung, Berlin Bauhausuniversit\u00e4t Weimar Berliner Senatsverwaltung f\u00fcr Stadtentwicklung und Umwelt Landesdenkmalamt Berlin Staatliche Museen zu Berlin \u2013 Kunstbibliothek Stadt Dessau-Ro\u00dflau Stiftung Bauhaus Dessau Klassik-Stiftung Weimar Weimar GmbH \u2013 Gesellschaft f\u00fcr Wirtschaftsf\u00f6rderung, Kongress- und Tourismusservice visitBerlin \u2013 Berlin Tourismus und Kongress GmbH &nbsp; Veranstaltungspartner in Dessau (2016) ADFC Anhaltische Landesb\u00fccherei [&hellip;]<\/p>\n","protected":false},"author":1,"featured_media":0,"parent":404,"menu_order":9,"comment_status":"open","ping_status":"closed","template":"_template_60_40.php","meta":{"_acf_changed":false,"footnotes":""},"class_list":["post-13","page","type-page","status-publish","hentry"],"acf":[],"_links":{"self":[{"href":"https:\/\/triennale-der-moderne.de\/2016\/wp-json\/wp\/v2\/pages\/13"}],"collection":[{"href":"https:\/\/triennale-der-moderne.de\/2016\/wp-json\/wp\/v2\/pages"}],"about":[{"href":"https:\/\/triennale-der-moderne.de\/2016\/wp-json\/wp\/v2\/types\/page"}],"author":[{"embeddable":true,"href":"https:\/\/triennale-der-moderne.de\/2016\/wp-json\/wp\/v2\/users\/1"}],"replies":[{"embeddable":true,"href":"https:\/\/triennale-der-moderne.de\/2016\/wp-json\/wp\/v2\/comments?post=13"}],"version-history":[{"count":16,"href":"https:\/\/triennale-der-moderne.de\/2016\/wp-json\/wp\/v2\/pages\/13\/revisions"}],"predecessor-version":[{"id":3564,"href":"https:\/\/triennale-der-moderne.de\/2016\/wp-json\/wp\/v2\/pages\/13\/revisions\/3564"}],"up":[{"embeddable":true,"href":"https:\/\/triennale-der-moderne.de\/2016\/wp-json\/wp\/v2\/pages\/404"}],"wp:attachment":[{"href":"https:\/\/triennale-der-moderne.de\/2016\/wp-json\/wp\/v2\/media?parent=13"}],"curies":[{"name":"wp","href":"https:\/\/api.w.org\/{rel}","templated":true}]}}