{"id":10,"date":"2013-05-04T10:04:48","date_gmt":"2013-05-04T10:04:48","guid":{"rendered":"http:\/\/www.triennale-der-moderne.de\/\/?page_id=10"},"modified":"2022-03-14T18:22:56","modified_gmt":"2022-03-14T17:22:56","slug":"impressum","status":"publish","type":"page","link":"\/2016\/allgemein\/impressum\/","title":{"rendered":"Impressum"},"content":{"rendered":"<p><strong>Herausgeber<\/strong><br \/>\nStadt Dessau-Ro\u00dflau<br \/>\nZerbster Str. 4a<br \/>\n06844 Dessau-Ro\u00dflau<\/p>\n<p><strong>Vertretungsberechtigt<\/strong><br \/>\nPressesprecher<br \/>\nCarsten Sauer<br \/>\n<a href=\"mailto:pressesprecher@dessau-rosslau.de\">pressesprecher@dessau-rosslau.de<\/a><\/p>\n<p><strong>inhaltlich verantwortlich<\/strong><br \/>\nStadt Dessau-Ro\u00dflau<br \/>\nKulturamt<br \/>\nGitta-Susann Hartenstein<br \/>\nTel.: +49 (0)340 204 1641<br \/>\nFax: +49 (0)340 204 2941<br \/>\n<a href=\"mailto:gitta-susann.hartenstein@dessau-rosslau.de\">gitta-susann.hartenstein@dessau-rosslau.de<\/a><\/p>\n<h1>Design und Layout<\/h1>\n<p><strong>Grafisches Erscheinungsbild<br \/>\nPlakat, Flyer und Website-Design<\/strong><br \/>\nBen Buschfeld, buschfeld.com &#8211; graphic and interface design<br \/>\nFriedrichstra\u00dfe 235, 10969 Berlin<br \/>\nTel.: +49 (0)30 259229-63<br \/>\n<a href=\"http:\/\/www.buschfeld.com\">www.buschfeld.com<\/a><br \/>\n<a href=\"mailto:mail@buschfeld.com\">mail-at-buschfeld.com<\/a><\/p>\n<h1>Hinweise und Haftungsbeschr\u00e4nkung<\/h1>\n<p><strong>Inhalt des Onlineangebotes<\/strong><br \/>\nDie Betreiber dieser Website und eventuell von Ihnen beauftragte Dritte \u00fcbernehmen keinerlei Gew\u00e4hr f\u00fcr die Aktualit\u00e4t, Korrektheit, Vollst\u00e4ndigkeit oder Qualit\u00e4t der bereitgestellten Informationen. Haftungsanspr\u00fcche welche durch die Nutzung oder Nichtnutzung der dargebotenen Informationen bzw. durch die Nutzung eventuell veralteter, fehlerhafter und unvollst\u00e4ndiger Informationen verursacht wurden sind grunds\u00e4tzlich ausgeschlossen. Die Durchf\u00fchrung einzelner Veranstaltungen sowie die Weiterleitung eventuell notwendiger Aktualisierungen der dar\u00fcber verf\u00fcgbaren Information obliegt den beteiligten Partnern, Veranstaltern oder von Ihnen koordinierten und erm\u00e4chtigten Dritten. Die Betreiber dieser Website behalten sich ausdr\u00fccklich vor, Teile der dort zur Verf\u00fcgung gestellten Informationen nach eigenem Ermessen zu erg\u00e4nzen, zu reduzieren oder inhaltlich und formal zu vereinheitlichen, sofern dies der besseren Nutzbarkeit f\u00fcr potenzielle Besucher oder der Anpassung an den aktuellen Planungsstand dient. Haftungsanspr\u00fcche wegen eventuellen Missbrauchs bereitgestellter Informationen oder Kontaktdaten durch Dritte sind ausgeschlossen.<\/p>\n<p><strong>Haftungsbeschr\u00e4nkung f\u00fcr externe Links<\/strong><br \/>\nTrotz sorgf\u00e4ltiger inhaltlicher Kontrolle \u00fcbernehmen die Betreiber keine Haftung f\u00fcr die Inhalte externer Links. F\u00fcr den Inhalt der verlinkten Seiten sind ausschlie\u00dflich deren Betreiber verantwortlich. Bei Unstimmigkeiten bitten die Betreiber dieser Website um entsprechende Hinweise und sind bem\u00fcht, diese zeitnah zu kl\u00e4ren oder einzelne Inhalte zu deaktivieren.<\/p>\n<p><strong>Hinweis zu Nutzungsrechten<\/strong><br \/>\nAuf dieser Website gezeigte Fotos, Texte oder sonstige Abbildungen wurden den Betreibern sofern nicht anders vermerkt von den beteiligten Partnern, Veranstaltern oder von durch diese koordinierte und erm\u00e4chtigte Dritte zur Verf\u00fcgung gestellt. Bei Unstimmigkeiten bitten die Betreiber dieser Website um entsprechende Hinweise und sind bem\u00fcht, diese zeitnah zu kl\u00e4ren oder einzelne Inhalte zu deaktivieren. Grunds\u00e4tzlich unterliegen alle hier gezeigten Inhalte und Abbildungen dem Urheberrecht und d\u00fcrfen nicht ohne schriftlichen Genehmigung des Urhebers bzw. des Inhabers der Ver\u00f6ffentlichungs- und Verwertungsrechte anderweitig verwendet oder kopiert werden. Der Kontakt erfolgt \u00fcber die Verantwortlichen f\u00fcr Presse- und \u00d6ffentlichkeitsarbeit des jeweils zust\u00e4ndigen Veranstalters.<\/p>\n<p>&nbsp;<\/p>\n<p>Anmerkung: Eine erweiterte Liste der an Planung und Durchf\u00fchrung der Triennale der Moderne<br \/>\nbeteiligten Organisationen finden Sie unter<\/p>\n<ul>\n<li><a title=\"Adressen &amp; Links\" href=\"http:\/\/www.triennale-der-moderne.de\/\/allgemein\/adressen-links\/\">Adressen &amp; Links<\/a><\/li>\n<\/ul>\n","protected":false},"excerpt":{"rendered":"<p>Herausgeber Stadt Dessau-Ro\u00dflau Zerbster Str. 4a 06844 Dessau-Ro\u00dflau Vertretungsberechtigt Pressesprecher Carsten Sauer pressesprecher@dessau-rosslau.de inhaltlich verantwortlich Stadt Dessau-Ro\u00dflau Kulturamt Gitta-Susann Hartenstein Tel.: +49 (0)340 204 1641 Fax: +49 (0)340 204 2941 gitta-susann.hartenstein@dessau-rosslau.de Design und Layout Grafisches Erscheinungsbild Plakat, Flyer und Website-Design Ben Buschfeld, buschfeld.com &#8211; graphic and interface design Friedrichstra\u00dfe 235, 10969 Berlin Tel.: +49 (0)30 [&hellip;]<\/p>\n","protected":false},"author":1,"featured_media":0,"parent":404,"menu_order":15,"comment_status":"open","ping_status":"closed","template":"","meta":{"_acf_changed":false,"footnotes":""},"class_list":["post-10","page","type-page","status-publish","hentry"],"acf":[],"_links":{"self":[{"href":"https:\/\/triennale-der-moderne.de\/2016\/wp-json\/wp\/v2\/pages\/10"}],"collection":[{"href":"https:\/\/triennale-der-moderne.de\/2016\/wp-json\/wp\/v2\/pages"}],"about":[{"href":"https:\/\/triennale-der-moderne.de\/2016\/wp-json\/wp\/v2\/types\/page"}],"author":[{"embeddable":true,"href":"https:\/\/triennale-der-moderne.de\/2016\/wp-json\/wp\/v2\/users\/1"}],"replies":[{"embeddable":true,"href":"https:\/\/triennale-der-moderne.de\/2016\/wp-json\/wp\/v2\/comments?post=10"}],"version-history":[{"count":25,"href":"https:\/\/triennale-der-moderne.de\/2016\/wp-json\/wp\/v2\/pages\/10\/revisions"}],"predecessor-version":[{"id":2694,"href":"https:\/\/triennale-der-moderne.de\/2016\/wp-json\/wp\/v2\/pages\/10\/revisions\/2694"}],"up":[{"embeddable":true,"href":"https:\/\/triennale-der-moderne.de\/2016\/wp-json\/wp\/v2\/pages\/404"}],"wp:attachment":[{"href":"https:\/\/triennale-der-moderne.de\/2016\/wp-json\/wp\/v2\/media?parent=10"}],"curies":[{"name":"wp","href":"https:\/\/api.w.org\/{rel}","templated":true}]}}