{"id":732,"date":"2013-05-07T18:46:42","date_gmt":"2013-05-07T18:46:42","guid":{"rendered":"http:\/\/www.triennale-der-moderne.de\/2013\/\/dessau\/veranstaltungsorte\/bauhaus-in-kalkutta\/"},"modified":"2013-05-07T18:46:42","modified_gmt":"2013-05-07T18:46:42","slug":"bauhaus-in-kalkutta","status":"publish","type":"page","link":"\/2013\/dessau\/veranstaltungsorte\/bauhaus-in-kalkutta\/","title":{"rendered":"Ausstellung &#8222;Bauhaus in Kalkutta&#8220;"},"content":{"rendered":"<p>\nDie Geschichte einer au\u00dfergew\u00f6hnlichen Schau auf dem Subkontinent erz\u00e4hlt die Stiftung Bauhaus Dessau in ihrer neuen Ausstellung. 1922 waren Werke der Bauhausk\u00fcnstler Paul Klee, Lyonel Feininger, Johannes Itten, Georg Muche und Wassily Kandinsky neben Arbeiten indischer Avantgardek\u00fcnstler in Kalkutta zu sehen. Beide Avantgarden einte die wechselseitige Suche nach geistiger Reform und kultureller Emanzipation. Neunzig Jahre nach diesem folgenreichen Zusammentreffen bringt die Stiftung Bauhaus Dessau nun eine Auswahl der europ\u00e4ischen und indischen Werke zusammen, die 1922 in Kalkutta gezeigt wurden. Gleichzeitig wird anhand von Dokumenten, Fotos, Filmen und Publikationen ein transnationales Netzwerk zwischen Berlin, Kalkutta, London, Weimar und Wien lebendig, das die Ausstellung in Kalkutta hervorbrachte und bis heute als ein fr\u00fches Beispiel des globalen Kunstbetriebs gelten darf.\n<\/p>\n<p>\nTermin: Mittwoch 27. M\u00e4rz bis Sonntag, 30. Juni 2013<br \/>\nVeranstaltungsort: Ausstellung, Bauhausgeb\u00e4ude, Gropiusallee 38, 06846 Dessau-Ro\u00dflau<br \/>\nPressekontakt: Ingolf Kern, Tel.: 0340-6508 225<br \/>\noder per E-Mail an <a href=\"mailto:kern@bauhaus-dessau.de\">kern-at-bauhaus-dessau.de<\/a><\/p>\n","protected":false},"excerpt":{"rendered":"<p>Die Geschichte einer au\u00dfergew\u00f6hnlichen Schau auf dem Subkontinent erz\u00e4hlt die Stiftung Bauhaus Dessau in ihrer neuen Ausstellung. 1922 waren Werke der Bauhausk\u00fcnstler Paul Klee, Lyonel Feininger, Johannes Itten, Georg Muche und Wassily Kandinsky neben Arbeiten indischer Avantgardek\u00fcnstler in Kalkutta zu sehen. Beide Avantgarden einte die wechselseitige Suche nach geistiger Reform und kultureller Emanzipation. Neunzig Jahre [&hellip;]<\/p>\n","protected":false},"author":1,"featured_media":0,"parent":38,"menu_order":55,"comment_status":"open","ping_status":"open","template":"_template_60_40.php","meta":{"_acf_changed":false,"footnotes":""},"class_list":["post-732","page","type-page","status-publish","hentry"],"acf":[],"_links":{"self":[{"href":"https:\/\/triennale-der-moderne.de\/2013\/wp-json\/wp\/v2\/pages\/732"}],"collection":[{"href":"https:\/\/triennale-der-moderne.de\/2013\/wp-json\/wp\/v2\/pages"}],"about":[{"href":"https:\/\/triennale-der-moderne.de\/2013\/wp-json\/wp\/v2\/types\/page"}],"author":[{"embeddable":true,"href":"https:\/\/triennale-der-moderne.de\/2013\/wp-json\/wp\/v2\/users\/1"}],"replies":[{"embeddable":true,"href":"https:\/\/triennale-der-moderne.de\/2013\/wp-json\/wp\/v2\/comments?post=732"}],"version-history":[{"count":0,"href":"https:\/\/triennale-der-moderne.de\/2013\/wp-json\/wp\/v2\/pages\/732\/revisions"}],"up":[{"embeddable":true,"href":"https:\/\/triennale-der-moderne.de\/2013\/wp-json\/wp\/v2\/pages\/38"}],"wp:attachment":[{"href":"https:\/\/triennale-der-moderne.de\/2013\/wp-json\/wp\/v2\/media?parent=732"}],"curies":[{"name":"wp","href":"https:\/\/api.w.org\/{rel}","templated":true}]}}