{"id":702,"date":"2013-05-07T18:04:33","date_gmt":"2013-05-07T18:04:33","guid":{"rendered":"http:\/\/www.triennale-der-moderne.de\/2013\/\/dessau\/veranstaltungsorte\/bauhaus-farbfest\/"},"modified":"2013-05-07T18:04:33","modified_gmt":"2013-05-07T18:04:33","slug":"bauhaus-farbfest","status":"publish","type":"page","link":"\/2013\/dessau\/veranstaltungsorte\/bauhaus-farbfest\/","title":{"rendered":"Veranstaltung &#8222;Bauhaus Farbfest&#8220;"},"content":{"rendered":"<p>Der Ursprung der modernen Farbfeste liegt in den 1920er Jahren am Bauhaus, wo aufwendig inszenierte Feste dem Austausch zwischen Meistern und Studierenden am Bauhaus dienten und eine lebendige Br\u00fccke zur Weimarer, sp\u00e4ter Dessauer Bev\u00f6lkerung schufen. Vor allem in der Zeit des Dessauer Bauhauses wurden Geburtstage, Abschiede und Weihnachten in gro\u00dfer Runde mit Reden, Auftritten und Verkleidung gefeiert. Schon in den 20er Jahren boten diese Feste Raum zur Selbstdarstellung und gaben zugleich der Stadt Dessau einen Anlass zum Feiern. Die Feste erlangten eine derartige Ber\u00fchmtheit, dass das Bauhaus sie auch in anderen St\u00e4dten ausrichten sollte, unter anderem in Halle und Berlin. An diese Tradition kn\u00fcpft seit 1997 das neue Farbfest an. Experimentelle Projekte, Rauminstallationen, Musik, Tanz und Gastronomie bieten einem lokalen und \u00fcberregionalen Publikum ein besonderes Festerlebnis im Stadtraum zwischen dem Anhaltischen Theater, dem Hauptbahnhof und dem inszenierten Bauhausgeb\u00e4ude.<\/p>\n<p>\nHaupt-Veranstaltungstag: Samstag, 7.9.2013<br \/>\nPreviewabend: Freitag, 6.9.2013<br \/>\nVeranstaltungsort: Bauhausgeb\u00e4ude, Gropiusallee 38, 06846 Dessau-Ro\u00dflau<\/p>\n","protected":false},"excerpt":{"rendered":"<p>Der Ursprung der modernen Farbfeste liegt in den 1920er Jahren am Bauhaus, wo aufwendig inszenierte Feste dem Austausch zwischen Meistern und Studierenden am Bauhaus dienten und eine lebendige Br\u00fccke zur Weimarer, sp\u00e4ter Dessauer Bev\u00f6lkerung schufen. Vor allem in der Zeit des Dessauer Bauhauses wurden Geburtstage, Abschiede und Weihnachten in gro\u00dfer Runde mit Reden, Auftritten und [&hellip;]<\/p>\n","protected":false},"author":1,"featured_media":0,"parent":38,"menu_order":0,"comment_status":"open","ping_status":"open","template":"_template_60_40.php","meta":{"_acf_changed":false,"footnotes":""},"class_list":["post-702","page","type-page","status-publish","hentry"],"acf":[],"_links":{"self":[{"href":"https:\/\/triennale-der-moderne.de\/2013\/wp-json\/wp\/v2\/pages\/702"}],"collection":[{"href":"https:\/\/triennale-der-moderne.de\/2013\/wp-json\/wp\/v2\/pages"}],"about":[{"href":"https:\/\/triennale-der-moderne.de\/2013\/wp-json\/wp\/v2\/types\/page"}],"author":[{"embeddable":true,"href":"https:\/\/triennale-der-moderne.de\/2013\/wp-json\/wp\/v2\/users\/1"}],"replies":[{"embeddable":true,"href":"https:\/\/triennale-der-moderne.de\/2013\/wp-json\/wp\/v2\/comments?post=702"}],"version-history":[{"count":0,"href":"https:\/\/triennale-der-moderne.de\/2013\/wp-json\/wp\/v2\/pages\/702\/revisions"}],"up":[{"embeddable":true,"href":"https:\/\/triennale-der-moderne.de\/2013\/wp-json\/wp\/v2\/pages\/38"}],"wp:attachment":[{"href":"https:\/\/triennale-der-moderne.de\/2013\/wp-json\/wp\/v2\/media?parent=702"}],"curies":[{"name":"wp","href":"https:\/\/api.w.org\/{rel}","templated":true}]}}