{"id":687,"date":"2013-05-07T17:27:57","date_gmt":"2013-05-07T17:27:57","guid":{"rendered":"http:\/\/www.triennale-der-moderne.de\/2013\/\/berlin\/veranstaltungsorte\/ludwig-lesser\/"},"modified":"2016-01-15T18:51:37","modified_gmt":"2016-01-15T17:51:37","slug":"ludwig-lesser","status":"publish","type":"page","link":"\/2013\/berlin\/veranstaltungsorte\/ludwig-lesser\/","title":{"rendered":"Gartenstadt Frohnau + Ludwig Lesser"},"content":{"rendered":"<p>Ludwig Lesser war der erste freischaffende Gartenarchitekt in Deutschland. Ab 1909 f\u00fchrte er ein Planungsb\u00fcro mit durchschnittlich 2-3 Angestellten, zu denen zeitweise auch sein Sohn Richard geh\u00f6rte. Sehr vorausschauend und nach den Worten Hermann Matterns vorbildlich, zog er \u201eals erster von uns die Konsequenz aus der Erkenntnis, da\u00df die zunehmende Verst\u00e4dterung und Technisierung unseres Lebens einer entsprechend gewissenhafteren und umfassenderen planerischen Vorsorge bedarf, die von dem g\u00e4rtnerisch und architektonisch begabten Menschen eine ungeteilte Schaffenskraft fordert\u201c. Die Spanne seiner Entw\u00fcrfe war gro\u00df. Sie reichte von Klein-, Haus- und Villeng\u00e4rten \u00fcber Friedh\u00f6fe und Heilst\u00e4ttenparkanlagen bis hin zu Bebauungspl\u00e4nen ganzer Siedlungen. Noch heute sind in und um Berlin zahlreiche Spuren seines Wirkens zu finden. Eines seiner gr\u00f6\u00dften Entw\u00fcrfe war der Bebauungsplan f\u00fcr die \u2013 in den 20er Jahren bei Filmschauspielern und K\u00fcnstlern sehr beliebte \u2013 Landhauskolonie Saarow-Pieskow am Scharm\u00fctzelsee. 1913-18 plante er die Gr\u00fcnanlagen der seit 2008 zum Welterbe \u201eSiedlungen der Berliner Moderne\u201c z\u00e4hlenden Gartenstadt Falkenberg. Sein breites Interesse, soziales Engagement und seine Bem\u00fchungen um den Berufsstand lie\u00dfen ihn in vielen Richtungen aktiv werden. Er war als Dozent t\u00e4tig, hielt Vortr\u00e4ge, gab einen Gartenkalender heraus, geh\u00f6rte mehreren Fachorganisationen an und verfasste Zeitschriftenartikel und Fachb\u00fccher. 1925-33 war er als Mitarbeiter beim Radio f\u00fcr die Abteilung \u2018Landwirtschaft und Gartenbau\u2019 zust\u00e4ndig. 1919 wurde er in das Pr\u00e4sidium der \u201eDeutschen Gartenbau Gesellschaft\u201c berufen und 1923 dessen Pr\u00e4sident. Diesen Sitz hielt er zehn Jahre lang erfolgreich, bis er 1933 aufgrund seiner j\u00fcdischen Herkunft zur\u00fccktreten musste. Nach Jahren des Berufsverbotes emigrierte Lesser 1939 zu seinem Sohn nach Schweden, wo er 1957 verstarb.<\/p>\n<h4>4.10.2013 \u2013\u00a015:00 Uhr<\/h4>\n<p>Auf dem 1,5 bis 2-st\u00fcndigen gartenarchitektonischen Rundgang durch die \u201eGartenstadt Frohnau\u201c wird das Leben Ludwig Lessers beleuchtet, die Geschichte des Ortes erl\u00e4utert und die wichtigsten Gr\u00fcnanlagen besichtigt. Treffpunkt: Geb\u00e4ude des S-Bahnhofs &#8222;Frohnau&#8220;. Anmeldung \u00fcber <a href=\"mailto:auftrag@kulturspionage.com\">auftrag-at-kulturspionage.com<\/a><\/p>\n<p>\u00dcber die Referentin<br \/>\nKatrin Lesser ist freie Gartenarchitektin mit Schwerpunkt Gartendenkmalpflege, Ur-Enkelin Ludwig Lessers und Betreiberin des <a title=\"Tautes Heim\" href=\"http:\/\/www.triennale-der-moderne.de\/2013\/\/berlin\/veranstaltungsorte\/tautes-heim\/\">Tauten Heims<\/a>.<br \/>\nMehr Infos unter <a href=\"http:\/\/www.katrin-lesser.de\" target=\"_blank\">www.katrin-lesser.de<\/a><\/p>\n","protected":false},"excerpt":{"rendered":"<p>Ludwig Lesser war der erste freischaffende Gartenarchitekt in Deutschland. Ab 1909 f\u00fchrte er ein Planungsb\u00fcro mit durchschnittlich 2-3 Angestellten, zu denen zeitweise auch sein Sohn Richard geh\u00f6rte. Sehr vorausschauend und nach den Worten Hermann Matterns vorbildlich, zog er \u201eals erster von uns die Konsequenz aus der Erkenntnis, da\u00df die zunehmende Verst\u00e4dterung und Technisierung unseres Lebens [&hellip;]<\/p>\n","protected":false},"author":1,"featured_media":0,"parent":28,"menu_order":15,"comment_status":"open","ping_status":"open","template":"_template_60_40.php","meta":{"_acf_changed":false,"footnotes":""},"class_list":["post-687","page","type-page","status-publish","hentry"],"acf":[],"_links":{"self":[{"href":"https:\/\/triennale-der-moderne.de\/2013\/wp-json\/wp\/v2\/pages\/687"}],"collection":[{"href":"https:\/\/triennale-der-moderne.de\/2013\/wp-json\/wp\/v2\/pages"}],"about":[{"href":"https:\/\/triennale-der-moderne.de\/2013\/wp-json\/wp\/v2\/types\/page"}],"author":[{"embeddable":true,"href":"https:\/\/triennale-der-moderne.de\/2013\/wp-json\/wp\/v2\/users\/1"}],"replies":[{"embeddable":true,"href":"https:\/\/triennale-der-moderne.de\/2013\/wp-json\/wp\/v2\/comments?post=687"}],"version-history":[{"count":1,"href":"https:\/\/triennale-der-moderne.de\/2013\/wp-json\/wp\/v2\/pages\/687\/revisions"}],"predecessor-version":[{"id":2277,"href":"https:\/\/triennale-der-moderne.de\/2013\/wp-json\/wp\/v2\/pages\/687\/revisions\/2277"}],"up":[{"embeddable":true,"href":"https:\/\/triennale-der-moderne.de\/2013\/wp-json\/wp\/v2\/pages\/28"}],"wp:attachment":[{"href":"https:\/\/triennale-der-moderne.de\/2013\/wp-json\/wp\/v2\/media?parent=687"}],"curies":[{"name":"wp","href":"https:\/\/api.w.org\/{rel}","templated":true}]}}