{"id":511,"date":"2013-05-07T08:59:47","date_gmt":"2013-05-07T08:59:47","guid":{"rendered":"http:\/\/www.triennale-der-moderne.de\/2013\/\/berlin\/veranstaltungsorte\/tautes-heim\/"},"modified":"2016-08-24T11:56:22","modified_gmt":"2016-08-24T09:56:22","slug":"tautes-heim","status":"publish","type":"page","link":"\/2013\/berlin\/veranstaltungsorte\/tautes-heim\/","title":{"rendered":"Mietbares Museum\/Ferienhaus &#8222;Tautes Heim&#8220; in der Hufeisensiedlung"},"content":{"rendered":"<p>Wohnen wie in den Goldenen Zwanzigern: Tautes Heim ist ein Traum f\u00fcr Liebhaber moderner Architektur. Das Reihenhaus, das in den 1920er Jahren vom Architekten Bruno Taut entworfen wurde, liegt in der zum UNESCO-Welterbe z\u00e4hlenden Berliner Hufeisensiedlung. Das Haus wurde von den Inhabern aus reiner Privatinitiative sehr originalgetreu renoviert und mit viel Sorgfalt im Detail im Stil der Bauzeit ausgestattet und dient heute als Ferienhaus f\u00fcr 1-4 Personen. Alle Innenraumfarben wurden wissenschaftlich untersucht und in Form von freigelegten Original-Fenstern und pr\u00e4zisen Farbangaben dokumentiert. Das Haus ist eine baukulturelle Arche, denn es verf\u00fcgt \u00fcber herausragend viel Originalsubstanz. Hierzu z\u00e4hlen alle drei historischen und farbintensiven Kachel\u00f6fen sowie s\u00e4mtliche T\u00fcrdr\u00fccker und Fenstergriffe. Selbst der Steinholzboden, ein typischer Bodenbelag der 1920er Jahre, wurde originalgetreu wieder rekonstruiert. Auch der Garten wurde nach historischen Entw\u00fcrfen mit Rosenhecke, mehreren Obstb\u00e4umen, Staudenbeeten und Terrasse denkmalgerecht wieder hergestellt. Nun kann man hier im zeittypischen Ambiente mitten im UNESCO Welterbe entspannt Urlaub machen, ohne dabei auf geschickt integrierten modernen Komfort zu verzichten.<\/p>\n<p><strong>Im Juni wurde das Taute Heim und seine beiden Planer und Betreiber mit dem bedeutendsten europ\u00e4ischen Preis f\u00fcr Denkmalpflege, mit dem &#8222;European Union Prize for Cultural Heritage \/ Europa Nostra Award 2013&#8220; ausgezeichnet.<\/strong><\/p>\n<p><strong>29.09.2013 um 14.00 Uhr<\/strong><br \/>\nF\u00fchrung durch die Hufeisensiedlung mit anschl. Hausbesichtigung des Tauten Heims; Startpunkt: Treppe am Kopf des &#8222;Hufeisens&#8220;, Fritz-Reuter-Allee, 12359 Berlin; Dauer: ca. 2h; Begrenzte Teilnehmerzahl. Anmeldung erforderlich unter <a href=\"mailto:info@tautes-heim.de\">info-at-tautes-heim.de<\/a><br \/>\n<b>&#8212; Achtung: Anmeldung nicht mehr m\u00f6glich, da F\u00fchrung ausgebucht! &#8212;<\/b><\/p>\n<p><strong>Ferienhausbuchung und weitere Informationen<\/strong>:<br \/>\n<a href=\"mailto:info@tautes-heim.de\">info-at-tautes-heim.de<\/a> \u00b7 Tel. +49 &#8211; (0)30 &#8211; 60107193<br \/>\n<a href=\"http:\/\/www.tautes-heim.de\" target=\"_blank\">www.tautes-heim.de<\/a> [Deutsch + Englisch]<\/p>\n<p><strong>Presseanfragen und Info-Flyer:<\/strong><br \/>\n<a href=\"http:\/\/www.tautes-heim.de\/pressematerial.php\" target=\"_blank\">www.tautes-heim.de\/pressematerial<\/a><br \/>\n<a href=\"http:\/\/triennale.pnoom.com\/wp-content\/uploads\/sites\/5\/2013\/05\/Flyer_TautesHeim_EN_Web.pdf\">Info-Flyer Deutsch<\/a> \u00b7<br \/>\n<a href=\"http:\/\/triennale.pnoom.com\/wp-content\/uploads\/sites\/5\/2013\/05\/Flyer_TautesHeim_DE_Web.pdf\">Info-Flyer English<\/a><\/p>\n<p><strong>Veranstalter und Betreiber:<\/strong><br \/>\n<a href=\"http:\/\/www.tautes-heim.de\" target=\"_blank\">www.tautes-heim.de<\/a> \u00b7<br \/>\n<a href=\"http:\/\/www.katrin-lesser.de\" target=\"_blank\">Landschaftsarchitektin Katrin Lesser<\/a> \u00b7<br \/>\n<a href=\"http:\/\/www.buschfeld.com\" target=\"_blank\">Grafik-Designer Ben Buschfeld<\/a><\/p>\n","protected":false},"excerpt":{"rendered":"<p>Wohnen wie in den Goldenen Zwanzigern: Tautes Heim ist ein Traum f\u00fcr Liebhaber moderner Architektur. Das Reihenhaus, das in den 1920er Jahren vom Architekten Bruno Taut entworfen wurde, liegt in der zum UNESCO-Welterbe z\u00e4hlenden Berliner Hufeisensiedlung. Das Haus wurde von den Inhabern aus reiner Privatinitiative sehr originalgetreu renoviert und mit viel Sorgfalt im Detail im [&hellip;]<\/p>\n","protected":false},"author":1,"featured_media":0,"parent":28,"menu_order":12,"comment_status":"open","ping_status":"open","template":"_template_60_40.php","meta":{"_acf_changed":false,"footnotes":""},"class_list":["post-511","page","type-page","status-publish","hentry"],"acf":[],"_links":{"self":[{"href":"https:\/\/triennale-der-moderne.de\/2013\/wp-json\/wp\/v2\/pages\/511"}],"collection":[{"href":"https:\/\/triennale-der-moderne.de\/2013\/wp-json\/wp\/v2\/pages"}],"about":[{"href":"https:\/\/triennale-der-moderne.de\/2013\/wp-json\/wp\/v2\/types\/page"}],"author":[{"embeddable":true,"href":"https:\/\/triennale-der-moderne.de\/2013\/wp-json\/wp\/v2\/users\/1"}],"replies":[{"embeddable":true,"href":"https:\/\/triennale-der-moderne.de\/2013\/wp-json\/wp\/v2\/comments?post=511"}],"version-history":[{"count":4,"href":"https:\/\/triennale-der-moderne.de\/2013\/wp-json\/wp\/v2\/pages\/511\/revisions"}],"predecessor-version":[{"id":2304,"href":"https:\/\/triennale-der-moderne.de\/2013\/wp-json\/wp\/v2\/pages\/511\/revisions\/2304"}],"up":[{"embeddable":true,"href":"https:\/\/triennale-der-moderne.de\/2013\/wp-json\/wp\/v2\/pages\/28"}],"wp:attachment":[{"href":"https:\/\/triennale-der-moderne.de\/2013\/wp-json\/wp\/v2\/media?parent=511"}],"curies":[{"name":"wp","href":"https:\/\/api.w.org\/{rel}","templated":true}]}}