{"id":488,"date":"2013-05-07T08:08:50","date_gmt":"2013-05-07T08:08:50","guid":{"rendered":"http:\/\/www.triennale-der-moderne.de\/2013\/\/berlin\/veranstaltungsorte\/deutsche-wohnen-ag\/"},"modified":"2016-01-15T18:44:51","modified_gmt":"2016-01-15T17:44:51","slug":"deutsche-wohnen-ag","status":"publish","type":"page","link":"\/2013\/berlin\/veranstaltungsorte\/deutsche-wohnen-ag\/","title":{"rendered":"Deutsche Wohnen AG + Welterbe-Siedlungen"},"content":{"rendered":"<p>Die Deutsche Wohnen ist eine der gr\u00f6\u00dften b\u00f6rsennotierten Wohnungsgesellschaften Deutschlands. Dem Unternehmen geh\u00f6ren \u00fcber 90.000 Wohneinheiten, die gr\u00f6\u00dftenteils in Berlin, dem Rhein-Main Gebiet, dem Rheinland und der Region Hannover\/Braunschweig\/Magdeburg liegen. Ca. 19.000 Einheiten, stehen unter Denkmalschutz. F\u00fcr die Deutsche Wohnen, deren wichtigste Tochtergesellschaft die Berliner GEHAG GmbH ist, sind Denkmalschutz und \u00f6konomischer Erfolg kein Widerspruch.<br \/>\nIn 2008 wurden sechs Berliner Siedlungen der Klassischen Moderne auf der UNESCO Welterbeliste aufgenommen: die Hufeisensiedlung, die Wei\u00dfe Stadt, die Siemensstadt, die Siedlung Carl Legien, die Schillersiedlung, und die Gartenstadt Falkenberg. Die Deutsche Wohnen AG ist Eigent\u00fcmerin der vier erstgenannten Siedlungen.<\/p>\n<p>Der UNESCO-Welterbestatus erf\u00fcllt das Unternehmen mit Stolz und ist Ansporn und Verpflichtung. Dieses einmalige architektonische und stadtplanerische Erbe soll erhalten und zugleich weiterentwickelt werden. Die vier Siedlungen sind auch heute noch sehr begehrte Wohnquartiere mit denen sich die Anwohner identifizieren. Auch in der Deutsche Wohnen Gruppe wird diese starke Identifikation mit der Klassischen Moderne gelebt und spiegelt sich u.a. in den Investitionsentscheidungen wider &#8211; es wird erheblich in die UNESCO-Siedlungen investiert. Seit 2009 und noch bis 2014 fest verplant und gro\u00dfteils bereits verbaut sind Gesamtinvestitionen in den UNESCO-Best\u00e4nde i. H. von insgesamt EUR 26 Mio., auch in den dann folgenden Jahren sind weitere Investitionen geplant.<\/p>\n<p>Dieses starke Engagement unterstreichen die Deutsche Wohnen durch das Betreiben von zwei kombinierten Laden-Cafe-Gewerbeeinheiten, den sogenannten Info-Stationen. Diese Info-Stationen in der Siemensstadt und der Hufeisensiedlung, werden gemeinsam mit dem <a title=\"Ticket B\" href=\"http:\/\/www.triennale-der-moderne.de\/2013\/\/berlin\/veranstaltungsorte\/ticket-b\/\">Architekturb\u00fcro Ticket B<\/a> und in der Hufeisensiedlung mit dem <a href=\"http:\/\/www.hufeisensiedlung.info\/foerderverein\" target=\"_blank\">F\u00f6rderverein der Siedlung<\/a> betrieben. Mieterinnen und Mieter, Touristen und Architekturinteressierte erhalten Ausk\u00fcnfte rund um die Geschichte der Siedlungen.<\/p>\n<p>Weitere Infos unter:<br \/>\n<a href=\"http:\/\/www.deutsche-wohnen.com\" target=\"_blank\">www.deutsche-wohnen.com<\/a><br \/>\n<a href=\"http:\/\/www.welterbesiedlungen-berlin.de\" target=\"_blank\">www.welterbesiedlungen-berlin.de<\/a><\/p>\n<p><a title=\"Ticket B\" href=\"http:\/\/www.triennale-der-moderne.de\/2013\/\/berlin\/veranstaltungsorte\/ticket-b\/\">Zur \u00dcbersicht der F\u00fchrungsangebote<\/a><\/p>\n","protected":false},"excerpt":{"rendered":"<p>Die Deutsche Wohnen ist eine der gr\u00f6\u00dften b\u00f6rsennotierten Wohnungsgesellschaften Deutschlands. Dem Unternehmen geh\u00f6ren \u00fcber 90.000 Wohneinheiten, die gr\u00f6\u00dftenteils in Berlin, dem Rhein-Main Gebiet, dem Rheinland und der Region Hannover\/Braunschweig\/Magdeburg liegen. Ca. 19.000 Einheiten, stehen unter Denkmalschutz. F\u00fcr die Deutsche Wohnen, deren wichtigste Tochtergesellschaft die Berliner GEHAG GmbH ist, sind Denkmalschutz und \u00f6konomischer Erfolg kein Widerspruch. [&hellip;]<\/p>\n","protected":false},"author":1,"featured_media":0,"parent":28,"menu_order":40,"comment_status":"open","ping_status":"open","template":"_template_60_40.php","meta":{"_acf_changed":false,"footnotes":""},"class_list":["post-488","page","type-page","status-publish","hentry"],"acf":[],"_links":{"self":[{"href":"https:\/\/triennale-der-moderne.de\/2013\/wp-json\/wp\/v2\/pages\/488"}],"collection":[{"href":"https:\/\/triennale-der-moderne.de\/2013\/wp-json\/wp\/v2\/pages"}],"about":[{"href":"https:\/\/triennale-der-moderne.de\/2013\/wp-json\/wp\/v2\/types\/page"}],"author":[{"embeddable":true,"href":"https:\/\/triennale-der-moderne.de\/2013\/wp-json\/wp\/v2\/users\/1"}],"replies":[{"embeddable":true,"href":"https:\/\/triennale-der-moderne.de\/2013\/wp-json\/wp\/v2\/comments?post=488"}],"version-history":[{"count":1,"href":"https:\/\/triennale-der-moderne.de\/2013\/wp-json\/wp\/v2\/pages\/488\/revisions"}],"predecessor-version":[{"id":2274,"href":"https:\/\/triennale-der-moderne.de\/2013\/wp-json\/wp\/v2\/pages\/488\/revisions\/2274"}],"up":[{"embeddable":true,"href":"https:\/\/triennale-der-moderne.de\/2013\/wp-json\/wp\/v2\/pages\/28"}],"wp:attachment":[{"href":"https:\/\/triennale-der-moderne.de\/2013\/wp-json\/wp\/v2\/media?parent=488"}],"curies":[{"name":"wp","href":"https:\/\/api.w.org\/{rel}","templated":true}]}}