{"id":480,"date":"2013-05-07T07:49:36","date_gmt":"2013-05-07T07:49:36","guid":{"rendered":"http:\/\/www.triennale-der-moderne.de\/2013\/\/berlin\/veranstaltungsorte\/siedlung-haselhorst\/"},"modified":"2013-05-07T07:49:36","modified_gmt":"2013-05-07T07:49:36","slug":"siedlung-haselhorst","status":"publish","type":"page","link":"\/2013\/berlin\/veranstaltungsorte\/siedlung-haselhorst\/","title":{"rendered":"Reichsforschungssiedlung Haselhorst"},"content":{"rendered":"<h4>28.9.2013 \u2013 13.00 Uhr<\/h4>\n<p>Am 28. September 2013 um 13 Uhr l\u00e4dt die GEWOBAG alle Interessierten zu einem gef\u00fchrten Stadtspaziergang durch die Siedlung im Bauhausstil ein. Die denkmalgesch\u00fctzte GEWOBAG-Wohnsiedlung in Haselhorst im Berliner Bezirk Spandau ist Teil der Triennale der Moderne in Berlin, Weimar und Dessau. Zum Programm geh\u00f6rt auch ein Stadtspaziergang durch die ehemalige \u201eReichsforschungssiedlung\u201c in Haselhorst als Wohnsiedlung im Bauhausstil. <\/p>\n<p><h4>Sanierung im Einklang mit dem Denkmalschutz<\/h4>\n<p>Zwischen 1930 und 1935 wurde das Quartier rund um den Haselhorster Damm als gr\u00f6\u00dftes Wohnungsbauprojekt der Weimarer Republik umgesetzt, allerdings in einer Abwandlung des urspr\u00fcnglichen Entwurfs mehrere beteiligte Architekten mussten Deutschland in der NS-Zeit wegen rassischer oder politischer Verfolgung verlassen, darunter Bauhausgr\u00fcnder Walter Gropius. Der Stadtspaziergang im Rahmen der Triennale gibt einen Einblick in die Planungsgeschichte, die sich in einer differenzierten Gestaltung der Wohnbl\u00f6cke und Au\u00dfenanlagen widerspiegelt.<br \/>\nZiel der ehemaligen \u201eReichsforschungssiedlung\u201c war die Schaffung preiswerten Wohnraums mit m\u00f6glichst hoher Lebensqualit\u00e4t. Die Ausschreibung gewann damals die gemeinn\u00fctzige Heimst\u00e4tten AG Gro\u00df-Berlin, die heutige GEWOBAG. Seit 2003 modernisiert das kommunale Wohnungsunternehmen die denkmalgesch\u00fctzte Wohnsiedlung. Dabei wurden immer wieder ganz individuelle L\u00f6sungen gefunden. Zum Jahresende wird die 120 Millionen teure Sanierung der rund 2.750 Wohneinheiten abgeschlossen sein.<\/p>\n<p>\nTreffpunkt:<br \/>\nU-Bahnhof Haselhorst, Ausgang Gorgasring. <br \/>\nDer Stadtspaziergang ist kostenlos und wird begleitet vom <br \/>\nStadtf\u00fchrer, Buchautor und Haselhorst-Experten Michael Bienert.<\/p>\n<p>\nAnmeldung unter: <br \/>\n<a href=\"mailto:a.zauritz@gewobag.de\">a.zauritz-at-gewobag.de<\/a><\/p>\n","protected":false},"excerpt":{"rendered":"<p>28.9.2013 \u2013 13.00 Uhr Am 28. September 2013 um 13 Uhr l\u00e4dt die GEWOBAG alle Interessierten zu einem gef\u00fchrten Stadtspaziergang durch die Siedlung im Bauhausstil ein. Die denkmalgesch\u00fctzte GEWOBAG-Wohnsiedlung in Haselhorst im Berliner Bezirk Spandau ist Teil der Triennale der Moderne in Berlin, Weimar und Dessau. Zum Programm geh\u00f6rt auch ein Stadtspaziergang durch die ehemalige [&hellip;]<\/p>\n","protected":false},"author":1,"featured_media":0,"parent":28,"menu_order":27,"comment_status":"open","ping_status":"open","template":"_template_60_40.php","meta":{"_acf_changed":false,"footnotes":""},"class_list":["post-480","page","type-page","status-publish","hentry"],"acf":[],"_links":{"self":[{"href":"https:\/\/triennale-der-moderne.de\/2013\/wp-json\/wp\/v2\/pages\/480"}],"collection":[{"href":"https:\/\/triennale-der-moderne.de\/2013\/wp-json\/wp\/v2\/pages"}],"about":[{"href":"https:\/\/triennale-der-moderne.de\/2013\/wp-json\/wp\/v2\/types\/page"}],"author":[{"embeddable":true,"href":"https:\/\/triennale-der-moderne.de\/2013\/wp-json\/wp\/v2\/users\/1"}],"replies":[{"embeddable":true,"href":"https:\/\/triennale-der-moderne.de\/2013\/wp-json\/wp\/v2\/comments?post=480"}],"version-history":[{"count":0,"href":"https:\/\/triennale-der-moderne.de\/2013\/wp-json\/wp\/v2\/pages\/480\/revisions"}],"up":[{"embeddable":true,"href":"https:\/\/triennale-der-moderne.de\/2013\/wp-json\/wp\/v2\/pages\/28"}],"wp:attachment":[{"href":"https:\/\/triennale-der-moderne.de\/2013\/wp-json\/wp\/v2\/media?parent=480"}],"curies":[{"name":"wp","href":"https:\/\/api.w.org\/{rel}","templated":true}]}}