{"id":465,"date":"2013-05-07T07:23:14","date_gmt":"2013-05-07T07:23:14","guid":{"rendered":"http:\/\/www.triennale-der-moderne.de\/2013\/\/berlin\/veranstaltungsorte\/revolutionsdenkmal\/"},"modified":"2013-05-07T07:23:14","modified_gmt":"2013-05-07T07:23:14","slug":"revolutionsdenkmal","status":"publish","type":"page","link":"\/2013\/berlin\/veranstaltungsorte\/revolutionsdenkmal\/","title":{"rendered":"Revolutionsdenkmal von Mies van der Rohe in Lichtenberg"},"content":{"rendered":"<p>\nDer 1938 in die USA \u00fcbergesiedelte letzte Bauhausdirektor Ludwig Mies van der Rohe hinterlie\u00df auf dem Zentralfriedhof Friedrichsfelde das 1926 von ihm im Auftrage der KPD errichtete Denkmal f\u00fcr Rosa Luxemburg, Karl Liebknecht und weiter Opfer der Revolutionsk\u00e4mpfe vom Januar 1919. Das Monument gilt als ein einzigartiges k\u00fcnstlerisches Bauwerk der moderner Architektur und Denkmalsplastik. Im Februar 1935 wurde es auf Beschluss des Lichtenberger Bezirksamtes zerst\u00f6rt und sp\u00e4ter nicht wieder errichtet. Alternativlos wich es der 1951 errichteten Gedenkst\u00e4tte der Sozialisten, auf die das politische Erinnern an die M\u00e4rtyrer der Revolution \u00fcbertragen wurde.<br \/>\nSeitdem bildet das ehemalige Gr\u00e4berfeld am Rande des Friedhofes eine Leerstelle, auf der mit einem \u201eDenkmal f\u00fcr das Denkmal\u201c hingewiesen wird. Die nur noch auf Abbildungen sichtbare Skulptur ist seit vielen Jahren Anlass f\u00fcr Diskussionen um ein Pro und Contra f\u00fcr eine m\u00f6gliche Wiedererrichtung. Was bedeutet diese Leestelle sowohl politisch als auch \u00e4sthetisch heute und wie gehen jene damit um, denen das historisch ausl\u00f6sende Ereignis der Revolution und die k\u00fcnstlerische Form ein Teil anzueignender Geschichte ist?<\/p>\n<p>\nSch\u00fclern der 12. Klasse der Evangelischen Schule Berlin-Zentrum sind mit der Projektleiterin Liane Matern und unter der Anleitung von ihrer Lehrerin Edyta Lysko im Grundkurs Kunst dieser Frage nachgegangen und stellen ihre Antworten auf die Frage: Denkmal und Erinnerungsort &#8211; was hat das mit uns heute zu tun? am 11. Oktober 2013 um 14 Uhr mit ihren Arbeitsergebnissen im Museum Lichtenberg vor.<\/p>\n<p>\nKontakt: Museum Lichtenberg <br \/>\nim Stadthaus T\u00fcrrschmidtstra\u00dfe 24, 10317 Berlin<br \/>\nTel: 0305779738812<br \/>\n<a href=\"mailto:museumlichtenberg@kultur-in-lichtenberg.de\">museumlichtenberg-at-kultur-in-lichtenberg.de<\/a><br \/>\n<a href=\"http:\/\/www.museum-lichtenberg.de\" target=\"_blank\">www.museum-lichtenberg.de<\/a><\/p>\n","protected":false},"excerpt":{"rendered":"<p>Der 1938 in die USA \u00fcbergesiedelte letzte Bauhausdirektor Ludwig Mies van der Rohe hinterlie\u00df auf dem Zentralfriedhof Friedrichsfelde das 1926 von ihm im Auftrage der KPD errichtete Denkmal f\u00fcr Rosa Luxemburg, Karl Liebknecht und weiter Opfer der Revolutionsk\u00e4mpfe vom Januar 1919. Das Monument gilt als ein einzigartiges k\u00fcnstlerisches Bauwerk der moderner Architektur und Denkmalsplastik. Im [&hellip;]<\/p>\n","protected":false},"author":1,"featured_media":0,"parent":28,"menu_order":44,"comment_status":"open","ping_status":"open","template":"_template_60_40.php","meta":{"_acf_changed":false,"footnotes":""},"class_list":["post-465","page","type-page","status-publish","hentry"],"acf":[],"_links":{"self":[{"href":"https:\/\/triennale-der-moderne.de\/2013\/wp-json\/wp\/v2\/pages\/465"}],"collection":[{"href":"https:\/\/triennale-der-moderne.de\/2013\/wp-json\/wp\/v2\/pages"}],"about":[{"href":"https:\/\/triennale-der-moderne.de\/2013\/wp-json\/wp\/v2\/types\/page"}],"author":[{"embeddable":true,"href":"https:\/\/triennale-der-moderne.de\/2013\/wp-json\/wp\/v2\/users\/1"}],"replies":[{"embeddable":true,"href":"https:\/\/triennale-der-moderne.de\/2013\/wp-json\/wp\/v2\/comments?post=465"}],"version-history":[{"count":0,"href":"https:\/\/triennale-der-moderne.de\/2013\/wp-json\/wp\/v2\/pages\/465\/revisions"}],"up":[{"embeddable":true,"href":"https:\/\/triennale-der-moderne.de\/2013\/wp-json\/wp\/v2\/pages\/28"}],"wp:attachment":[{"href":"https:\/\/triennale-der-moderne.de\/2013\/wp-json\/wp\/v2\/media?parent=465"}],"curies":[{"name":"wp","href":"https:\/\/api.w.org\/{rel}","templated":true}]}}