{"id":46,"date":"2013-05-04T10:09:02","date_gmt":"2013-05-04T10:09:02","guid":{"rendered":"http:\/\/www.triennale-der-moderne.de\/2013\/\/?page_id=46"},"modified":"2013-05-04T10:09:02","modified_gmt":"2013-05-04T10:09:02","slug":"komplettes-programm","status":"publish","type":"page","link":"\/2013\/weimar\/komplettes-programm\/","title":{"rendered":"Komplettes Programm"},"content":{"rendered":"<\/p>\n<p><\/p>\n<h1>2. Triennale-Wochenende<\/h1>\n<h2>Freitag, 4.10. &#8211; Sonntag, 6.10.2013<\/h2>\n<p>\n<strong>Fr 4.10. \u2013 So 6.10.2013<\/strong><\/p>\n<ul class=\"arrow\">\n<li>je 14 Uhr: Bauhaus-Spaziergang; Bauhaus.Atelier, Innenhof des Hauptgeb\u00e4udes Geschwister-Scholl-Stra\u00dfe 6a<\/li>\n<\/ul>\n<p>\n<strong>Sa 5.10. + So 6.10.2013<\/strong><\/p>\n<ul class=\"arrow\">\n<li>je 11 Uhr: Van-de-Velde-Spaziergang; Bauhaus.Atelier, Innenhof des Hauptgeb\u00e4udes Geschwister-Scholl-Stra\u00dfe 6a<\/li>\n<\/ul>\n<p>\n<strong>Sa 5.10.2013<\/strong><\/p>\n<ul class=\"arrow\">\n<li><a href=\"http:\/\/www.triennale-der-moderne.de\/2013\/\/weimar\/veranstaltungsorte\/nietzsche-archiv\/\" title=\"Nietzsche Archiv\">15 Uhr: F\u00fchrung durch die von Henry van de Velde gestalteten R\u00e4ume des Nietzsche Archivs<\/a><\/li>\n<\/ul>\n<p>\n<strong>So 6.10.2013<\/strong><\/p>\n<ul class=\"arrow\">\n<li><a href=\"http:\/\/www.triennale-der-moderne.de\/2013\/\/weimar\/veranstaltungsorte\/haus-hohe-pappeln\/\" title=\"Haus Hohe Pappeln\">14 Uhr: F\u00fchrung durch Henry van de Veldes Wohnhaus \u201cHaus Hohe Pappeln\u201d<\/a><\/li>\n<\/ul>\n<p><\/p>\n<h1>Sonderveranstaltungen<\/h1>\n<h2>vor und nach den Triennale-Wochen<\/h2>\n<\/p>\n<p><strong>24.3. \u2013 23.6.2013<\/strong><br \/>\nAusstellung \u201eLeidenschaft, Funktion und\u00a0Sch\u00f6nheit. Henry van de Velde und sein Beitrag\u00a0zur europ\u00e4ischen Moderne\u201c<br \/>\nVeranstalter: Klassik Stiftung Weimar; Ort: Neues Museum Weimar, Weimarplatz 5, 99423 Weimar<\/p>\n<ul class=\"arrow\">\n<li>jeden Fr 15 Uhr und jeden So 11 Uhr:\u00a0F\u00fchrung durch die Ausstellung<\/li>\n<li>jeden 1. und 3. Sonntag im Monat 11 Uhr:\u00a0F\u00fchrung mit Kuratoren und Experten<\/li>\n<li>21.4. und 26.5. je 14 Uhr Familienf\u00fchrung<\/li>\n<li><a href=\"http:\/\/www.triennale-der-moderne.de\/2013\/\/weimar\/veranstaltungsorte\/haus-hohe-pappeln\/\" title=\"Haus Hohe Pappeln\">Ab 24.3. je So 13 Uhr: F\u00fchrung durch das Weimarer\u00a0Wohnhaus Henry van de Veldes \u201eHaus Hohe Pappeln\u201c<\/a><\/li>\n<li><a href=\"http:\/\/www.triennale-der-moderne.de\/2013\/\/weimar\/veranstaltungsorte\/nietzsche-archiv\/\" title=\"Nietzsche Archiv\">Ab 30.3. je Sa 15 Uhr: F\u00fchrung durch das Nietzsche Archiv \u2013 Henry van de Velde als Innenarchitekt<\/a><\/li>\n<\/ul>\n<p><strong>28.3.\u201321.7.2013<\/strong><\/p>\n<ul class=\"arrow\">\n<li>Ausstellung \u201eSascha Schneider.\u00a0Ideenmaler &amp; K\u00f6rperbildner\u201c; <br \/>\nStadtmuseum Weimar,\u00a0Kunsthalle Harry Graf Kessler,  Goetheplatz 9b, 99423 Weimar<\/li>\n<\/ul>\n<p><strong>29.3. \u2013 12.5.2013<\/strong><\/p>\n<ul class=\"arrow\">\n<li>Ausstellung \u201eDer Architekt Henry van de Velde\u201c; <br \/>\nBauhaus-Universit\u00e4t Weimar, Oberlichtsaal, Geschwister-Scholl-Stra\u00dfe 8<\/li>\n<\/ul>\n<p><strong>4.4.\u2013 7.4.2013<\/strong><\/p>\n<ul class=\"arrow\">\n<li>Tagung 12. Internationales Bauhaus-Kolloquium\u00a0\u201eHenry van de Velde und die Idee des Gesamtkunstwerkes\u201c; <br \/>\nBauhaus-Universit\u00e4t Weimar, Geschwister-Scholl-Stra\u00dfe 8<\/li>\n<\/ul>\n<p><strong>April \u2013 November 2013<\/strong><\/p>\n<ul class=\"arrow\">\n<li>Sa\/So 11 Uhr: F\u00fchrung: Henry-van-de-Velde-Spaziergang; <br \/>\nTreffpunkt: Bauhausatelier, Geschwister-Scholl-Stra\u00dfe 6a<\/li>\n<\/ul>\n<p><strong>9.8.\u201311.8.2013<\/strong><\/p>\n<ul class=\"arrow\">\n<li>Fassadenprojektionsfestival \u201eGenius Loci\u201c; Bauhaus-Universit\u00e4t Weimar, Geschwister-Scholl-Stra\u00dfe 8<\/li>\n<\/ul>\n","protected":false},"excerpt":{"rendered":"<p>2. Triennale-Wochenende Freitag, 4.10. &#8211; Sonntag, 6.10.2013 Fr 4.10. \u2013 So 6.10.2013 je 14 Uhr: Bauhaus-Spaziergang; Bauhaus.Atelier, Innenhof des Hauptgeb\u00e4udes Geschwister-Scholl-Stra\u00dfe 6a Sa 5.10. + So 6.10.2013 je 11 Uhr: Van-de-Velde-Spaziergang; Bauhaus.Atelier, Innenhof des Hauptgeb\u00e4udes Geschwister-Scholl-Stra\u00dfe 6a Sa 5.10.2013 15 Uhr: F\u00fchrung durch die von Henry van de Velde gestalteten R\u00e4ume des Nietzsche Archivs So [&hellip;]<\/p>\n","protected":false},"author":1,"featured_media":0,"parent":8,"menu_order":10,"comment_status":"open","ping_status":"open","template":"","meta":{"_acf_changed":false,"footnotes":""},"class_list":["post-46","page","type-page","status-publish","hentry"],"acf":[],"_links":{"self":[{"href":"https:\/\/triennale-der-moderne.de\/2013\/wp-json\/wp\/v2\/pages\/46"}],"collection":[{"href":"https:\/\/triennale-der-moderne.de\/2013\/wp-json\/wp\/v2\/pages"}],"about":[{"href":"https:\/\/triennale-der-moderne.de\/2013\/wp-json\/wp\/v2\/types\/page"}],"author":[{"embeddable":true,"href":"https:\/\/triennale-der-moderne.de\/2013\/wp-json\/wp\/v2\/users\/1"}],"replies":[{"embeddable":true,"href":"https:\/\/triennale-der-moderne.de\/2013\/wp-json\/wp\/v2\/comments?post=46"}],"version-history":[{"count":0,"href":"https:\/\/triennale-der-moderne.de\/2013\/wp-json\/wp\/v2\/pages\/46\/revisions"}],"up":[{"embeddable":true,"href":"https:\/\/triennale-der-moderne.de\/2013\/wp-json\/wp\/v2\/pages\/8"}],"wp:attachment":[{"href":"https:\/\/triennale-der-moderne.de\/2013\/wp-json\/wp\/v2\/media?parent=46"}],"curies":[{"name":"wp","href":"https:\/\/api.w.org\/{rel}","templated":true}]}}